{"id":6418,"date":"2014-08-20T13:04:03","date_gmt":"2014-08-20T11:04:03","guid":{"rendered":"https:\/\/aspirateur-cyclovac.ch\/produit\/set-mit-3-deco-vac-saugdosen-inkl-rohr\/"},"modified":"2026-02-19T19:38:00","modified_gmt":"2026-02-19T18:38:00","slug":"set-mit-3-deco-vac-saugdosen-inkl-rohr","status":"publish","type":"product","link":"https:\/\/aspirateur-cyclovac.ch\/de\/Shop\/set-mit-3-deco-vac-saugdosen-inkl-rohr\/","title":{"rendered":"Set mit 3 D\u00e9co Vac Saugdosen, inkl. Rohr"},"content":{"rendered":"<p>Wir empfehlen dieses Installationsset, mit dem Sie Ihr Netzwerk mit Qualit\u00e4tsmaterial nach dem Standard f\u00fcr Zentralstaubsauger und f\u00fcr optimale Leistung aufbauen k\u00f6nnen.<br \/>\nGeeignet sowohl f\u00fcr Privatpersonen als auch f\u00fcr Profis.<\/p>\n<p>beinhaltet:<br \/>\n3 D\u00e9co Vac Saugdosen<br \/>\n3 Montageplatten<br \/>\n7 PVC-Rohre \u00e0 2 m<br \/>\n8 B\u00f6gen 90\u00b0 lang<br \/>\n2 T-St\u00fccke 90\u00b0<br \/>\n3 Universal-Anschlussb\u00f6gen 90\u00b0 kurz<br \/>\n6 B\u00f6gen 45\u00b0<br \/>\n10 Muffen<br \/>\n5 Rohrhalterungen<br \/>\n1 PVC-Kleber<br \/>\n15 m Niedervoltkabel<br \/>\n15 Kabelbinder<br \/>\n1 Installationshandbuch<br \/>\nDie D\u00e9co Vac Saugdosen sind in verschiedenen PVC-Ausf\u00fchrungen erh\u00e4ltlich: <a title=\"D\u00e9co Vac Saugdose Klassik\" href=\"https:\/\/aspirateur-cyclovac.ch\/de\/Shop\/deco-vac-steckdose-klassisch\/\">Wei\u00df, Schwarz, Mandel, Elfenbein, Grau und Rot<\/a> oder in Metall: <a title=\"D\u00e9co Vac Saugdose Metall\" href=\"https:\/\/aspirateur-cyclovac.ch\/de\/Shop\/deko-steckdose-vac-in-metalloptik\/\">Chrom, Edelstahl, Antik-Kupfer und Messing geb\u00fcrstet<\/a><br \/>\nEin Design-Look von unbestreitbarer Qualit\u00e4t zu einem vern\u00fcnftigen Preis.<\/p>\n","protected":false},"excerpt":{"rendered":"<h2>Installationsset mit 3 wei\u00dfen D\u00e9co Vac Saugdosen, inkl. PVC-Rohr<\/h2>\n","protected":false},"featured_media":6419,"comment_status":"open","ping_status":"closed","template":"","meta":{"iawp_total_views":0},"product_brand":[],"product_cat":[792],"product_tag":[794,831,808],"class_list":{"0":"post-6418","1":"product","2":"type-product","3":"status-publish","4":"has-post-thumbnail","6":"product_cat-installation-und-anschluss","7":"product_tag-deco-vac","8":"product_tag-set","9":"product_tag-steckdose","10":"product_shipping_class-ueber-1-m-30-kg","12":"first","13":"instock","14":"taxable","15":"shipping-taxable","16":"purchasable","17":"product-type-simple"},"yoast_head":"<!-- This site is optimized with the Yoast SEO plugin v27.0 - https:\/\/yoast.com\/product\/yoast-seo-wordpress\/ -->\n<title>Set mit 3 D\u00e9co Vac Saugdosen, inkl. Rohr - Aspirateur Central Cyclo Vac Suisse<\/title>\n<meta name=\"description\" content=\"Installationsset mit 3 wei\u00dfen D\u00e9co Vac Saugdosen, inkl. PVC-Rohr\" \/>\n<meta name=\"robots\" content=\"index, follow, max-snippet:-1, max-image-preview:large, max-video-preview:-1\" \/>\n<link rel=\"canonical\" href=\"https:\/\/aspirateur-cyclovac.ch\/de\/Shop\/set-mit-3-deco-vac-saugdosen-inkl-rohr\/\" \/>\n<meta property=\"og:locale\" content=\"de_DE\" \/>\n<meta property=\"og:type\" content=\"article\" \/>\n<meta property=\"og:title\" content=\"Set mit 3 D\u00e9co Vac Saugdosen, inkl. Rohr - Aspirateur Central Cyclo Vac Suisse\" \/>\n<meta property=\"og:description\" content=\"Installationsset mit 3 wei\u00dfen D\u00e9co Vac Saugdosen, inkl. PVC-Rohr\" \/>\n<meta property=\"og:url\" content=\"https:\/\/aspirateur-cyclovac.ch\/de\/Shop\/set-mit-3-deco-vac-saugdosen-inkl-rohr\/\" \/>\n<meta property=\"og:site_name\" content=\"Aspirateur Central Cyclo Vac Suisse\" \/>\n<meta property=\"article:publisher\" content=\"https:\/\/www.facebook.com\/cyclovacsuisse\/\" \/>\n<meta property=\"article:modified_time\" content=\"2026-02-19T18:38:00+00:00\" \/>\n<meta property=\"og:image\" content=\"https:\/\/aspirateur-cyclovac.ch\/wp-content\/uploads\/2014\/08\/tfk03p01e-kit-3-prises-deco-vac-aspirateur-cyclovac.jpg\" \/>\n\t<meta property=\"og:image:width\" content=\"500\" \/>\n\t<meta property=\"og:image:height\" content=\"500\" \/>\n\t<meta property=\"og:image:type\" content=\"image\/jpeg\" \/>\n<meta name=\"twitter:card\" content=\"summary_large_image\" \/>\n<meta name=\"twitter:site\" content=\"@CycloVac_Suisse\" \/>\n<meta name=\"twitter:label1\" content=\"Gesch\u00e4tzte Lesezeit\" \/>\n\t<meta name=\"twitter:data1\" content=\"1 Minute\" \/>\n<!-- \/ Yoast SEO plugin. -->","yoast_head_json":{"title":"Set mit 3 D\u00e9co Vac Saugdosen, inkl. Rohr - Aspirateur Central Cyclo Vac Suisse","description":"Installationsset mit 3 wei\u00dfen D\u00e9co Vac Saugdosen, inkl. PVC-Rohr","robots":{"index":"index","follow":"follow","max-snippet":"max-snippet:-1","max-image-preview":"max-image-preview:large","max-video-preview":"max-video-preview:-1"},"canonical":"https:\/\/aspirateur-cyclovac.ch\/de\/Shop\/set-mit-3-deco-vac-saugdosen-inkl-rohr\/","og_locale":"de_DE","og_type":"article","og_title":"Set mit 3 D\u00e9co Vac Saugdosen, inkl. Rohr - Aspirateur Central Cyclo Vac Suisse","og_description":"Installationsset mit 3 wei\u00dfen D\u00e9co Vac Saugdosen, inkl. PVC-Rohr","og_url":"https:\/\/aspirateur-cyclovac.ch\/de\/Shop\/set-mit-3-deco-vac-saugdosen-inkl-rohr\/","og_site_name":"Aspirateur Central Cyclo Vac Suisse","article_publisher":"https:\/\/www.facebook.com\/cyclovacsuisse\/","article_modified_time":"2026-02-19T18:38:00+00:00","og_image":[{"width":500,"height":500,"url":"https:\/\/aspirateur-cyclovac.ch\/wp-content\/uploads\/2014\/08\/tfk03p01e-kit-3-prises-deco-vac-aspirateur-cyclovac.jpg","type":"image\/jpeg"}],"twitter_card":"summary_large_image","twitter_site":"@CycloVac_Suisse","twitter_misc":{"Gesch\u00e4tzte Lesezeit":"1 Minute"},"schema":{"@context":"https:\/\/schema.org","@graph":[{"@type":"WebPage","@id":"https:\/\/aspirateur-cyclovac.ch\/de\/Shop\/set-mit-3-deco-vac-saugdosen-inkl-rohr\/","url":"https:\/\/aspirateur-cyclovac.ch\/de\/Shop\/set-mit-3-deco-vac-saugdosen-inkl-rohr\/","name":"Set mit 3 D\u00e9co Vac Saugdosen, inkl. Rohr - Aspirateur Central Cyclo Vac Suisse","isPartOf":{"@id":"https:\/\/aspirateur-cyclovac.ch\/de\/#website"},"primaryImageOfPage":{"@id":"https:\/\/aspirateur-cyclovac.ch\/de\/Shop\/set-mit-3-deco-vac-saugdosen-inkl-rohr\/#primaryimage"},"image":{"@id":"https:\/\/aspirateur-cyclovac.ch\/de\/Shop\/set-mit-3-deco-vac-saugdosen-inkl-rohr\/#primaryimage"},"thumbnailUrl":"https:\/\/aspirateur-cyclovac.ch\/wp-content\/uploads\/2014\/08\/tfk03p01e-kit-3-prises-deco-vac-aspirateur-cyclovac.jpg","datePublished":"2014-08-20T11:04:03+00:00","dateModified":"2026-02-19T18:38:00+00:00","description":"Installationsset mit 3 wei\u00dfen D\u00e9co Vac Saugdosen, inkl. PVC-Rohr","breadcrumb":{"@id":"https:\/\/aspirateur-cyclovac.ch\/de\/Shop\/set-mit-3-deco-vac-saugdosen-inkl-rohr\/#breadcrumb"},"inLanguage":"de","potentialAction":[{"@type":"ReadAction","target":["https:\/\/aspirateur-cyclovac.ch\/de\/Shop\/set-mit-3-deco-vac-saugdosen-inkl-rohr\/"]}]},{"@type":"ImageObject","inLanguage":"de","@id":"https:\/\/aspirateur-cyclovac.ch\/de\/Shop\/set-mit-3-deco-vac-saugdosen-inkl-rohr\/#primaryimage","url":"https:\/\/aspirateur-cyclovac.ch\/wp-content\/uploads\/2014\/08\/tfk03p01e-kit-3-prises-deco-vac-aspirateur-cyclovac.jpg","contentUrl":"https:\/\/aspirateur-cyclovac.ch\/wp-content\/uploads\/2014\/08\/tfk03p01e-kit-3-prises-deco-vac-aspirateur-cyclovac.jpg","width":500,"height":500,"caption":"Set mit 3 D\u00e9co Vac Saugdosen inkl. PVC"},{"@type":"BreadcrumbList","@id":"https:\/\/aspirateur-cyclovac.ch\/de\/Shop\/set-mit-3-deco-vac-saugdosen-inkl-rohr\/#breadcrumb","itemListElement":[{"@type":"ListItem","position":1,"name":"Startseite","item":"https:\/\/aspirateur-cyclovac.ch\/de\/"},{"@type":"ListItem","position":2,"name":"Shop","item":"https:\/\/aspirateur-cyclovac.ch\/de\/shop\/"},{"@type":"ListItem","position":3,"name":"Set mit 3 D\u00e9co Vac Saugdosen, inkl. Rohr"}]},{"@type":"WebSite","@id":"https:\/\/aspirateur-cyclovac.ch\/de\/#website","url":"https:\/\/aspirateur-cyclovac.ch\/de\/","name":"Aspirateur Central Cyclo Vac Suisse","description":"Aspiration centralis\u00e9e pour tous !","publisher":{"@id":"https:\/\/aspirateur-cyclovac.ch\/de\/#organization"},"potentialAction":[{"@type":"SearchAction","target":{"@type":"EntryPoint","urlTemplate":"https:\/\/aspirateur-cyclovac.ch\/de\/?s={search_term_string}"},"query-input":{"@type":"PropertyValueSpecification","valueRequired":true,"valueName":"search_term_string"}}],"inLanguage":"de"},{"@type":"Organization","@id":"https:\/\/aspirateur-cyclovac.ch\/de\/#organization","name":"SimplyVac S\u00e0rl","url":"https:\/\/aspirateur-cyclovac.ch\/de\/","logo":{"@type":"ImageObject","inLanguage":"de","@id":"https:\/\/aspirateur-cyclovac.ch\/de\/#\/schema\/logo\/image\/","url":"http:\/\/aspirateur-cyclovac.ch\/wp-content\/uploads\/2016\/11\/Logo-Bg_100.jpg","contentUrl":"http:\/\/aspirateur-cyclovac.ch\/wp-content\/uploads\/2016\/11\/Logo-Bg_100.jpg","width":100,"height":100,"caption":"SimplyVac S\u00e0rl"},"image":{"@id":"https:\/\/aspirateur-cyclovac.ch\/de\/#\/schema\/logo\/image\/"},"sameAs":["https:\/\/www.facebook.com\/cyclovacsuisse\/","https:\/\/x.com\/CycloVac_Suisse","https:\/\/www.instagram.com\/cyclo_vac_suisse\/","https:\/\/www.youtube.com\/channel\/UCXPmXj1HKX_o544r27GOL5w"]}]}},"_links":{"self":[{"href":"https:\/\/aspirateur-cyclovac.ch\/de\/wp-json\/wp\/v2\/product\/6418","targetHints":{"allow":["GET"]}}],"collection":[{"href":"https:\/\/aspirateur-cyclovac.ch\/de\/wp-json\/wp\/v2\/product"}],"about":[{"href":"https:\/\/aspirateur-cyclovac.ch\/de\/wp-json\/wp\/v2\/types\/product"}],"replies":[{"embeddable":true,"href":"https:\/\/aspirateur-cyclovac.ch\/de\/wp-json\/wp\/v2\/comments?post=6418"}],"wp:featuredmedia":[{"embeddable":true,"href":"https:\/\/aspirateur-cyclovac.ch\/de\/wp-json\/wp\/v2\/media\/6419"}],"wp:attachment":[{"href":"https:\/\/aspirateur-cyclovac.ch\/de\/wp-json\/wp\/v2\/media?parent=6418"}],"wp:term":[{"taxonomy":"product_brand","embeddable":true,"href":"https:\/\/aspirateur-cyclovac.ch\/de\/wp-json\/wp\/v2\/product_brand?post=6418"},{"taxonomy":"product_cat","embeddable":true,"href":"https:\/\/aspirateur-cyclovac.ch\/de\/wp-json\/wp\/v2\/product_cat?post=6418"},{"taxonomy":"product_tag","embeddable":true,"href":"https:\/\/aspirateur-cyclovac.ch\/de\/wp-json\/wp\/v2\/product_tag?post=6418"}],"curies":[{"name":"wp","href":"https:\/\/api.w.org\/{rel}","templated":true}]}}