{"id":6415,"date":"2014-08-20T13:39:34","date_gmt":"2014-08-20T11:39:34","guid":{"rendered":"https:\/\/aspirateur-cyclovac.ch\/produit\/24v-zubehoerset\/"},"modified":"2026-02-19T19:38:11","modified_gmt":"2026-02-19T18:38:11","slug":"24v-zubehoerset","status":"publish","type":"product","link":"https:\/\/aspirateur-cyclovac.ch\/de\/Shop\/24v-zubehoerset\/","title":{"rendered":"24V-Zubeh\u00f6rset"},"content":{"rendered":"<p>Wir empfehlen dieses 24V D\u00e9co Vac Zubeh\u00f6rset f\u00fcr Zentralstaubsauger aller Marken.<br \/>\nF\u00fcr alle, die ein hervorragendes Preis-Leistungs-Verh\u00e4ltnis, hohen Bedienkomfort mit Ein\/Aus-Schalter am Handgriff, einen um 360\u00b0 drehbaren Griff und das Grand Luxe B\u00fcrstenset suchen.<\/p>\n<p>Enth\u00e4lt:<br \/>\n1 <a href=\"https:\/\/aspirateur-cyclovac.ch\/boutique\/boyau-on-off-barrure\/\">24V-Schlauch mit Start\/Stopp-Funktion<\/a><br \/>\n1 Schlauchhalter<br \/>\n1 <a href=\"https:\/\/aspirateur-cyclovac.ch\/boutique\/manchon-acier-inox\/\">Teleskoprohr<\/a><br \/>\n1 Zubeh\u00f6rhalter<br \/>\n1 D\u00e9co Vac GRAND LUXE B\u00fcrstenset bestehend aus:<br \/>\n1 <a href=\"https:\/\/aspirateur-cyclovac.ch\/boutique\/brosse-plancher-super-luxe\/\">Bodenb\u00fcrste (30,5 cm)<\/a><br \/>\n1<a href=\"https:\/\/aspirateur-cyclovac.ch\/boutique\/brosse-ovale-super-luxe\/\"> ovalen Staubpinsel<\/a><br \/>\n1 Polsterd\u00fcse<br \/>\n1 Fugend\u00fcse.<\/p>\n<p>Erh\u00e4ltlich in Schlauchl\u00e4ngen von 10,70 m und 12,20 m<\/p>\n","protected":false},"excerpt":{"rendered":"<h2>24V-Zubeh\u00f6rset, Bodenb\u00fcrste 30,5 cm<\/h2>\n<p>Komplettes Zubeh\u00f6rset f\u00fcr Zentralstaubsauger aller Marken.<br \/>\nF\u00fcr alle, die ein hervorragendes Preis-Leistungs-Verh\u00e4ltnis suchen.<\/p>\n","protected":false},"featured_media":6417,"comment_status":"open","ping_status":"closed","template":"","meta":{"iawp_total_views":0},"product_brand":[],"product_cat":[789,797],"product_tag":[804],"class_list":{"0":"post-6415","1":"product","2":"type-product","3":"status-publish","4":"has-post-thumbnail","6":"product_cat-unkategorisiert","7":"product_cat-schlauch-flex","8":"product_tag-zubehoer","10":"first","11":"instock","12":"taxable","13":"shipping-taxable","14":"purchasable","15":"product-type-variable"},"yoast_head":"<!-- This site is optimized with the Yoast SEO plugin v27.0 - https:\/\/yoast.com\/product\/yoast-seo-wordpress\/ -->\n<title>24V-Zubeh\u00f6rset - Aspirateur Central Cyclo Vac Suisse<\/title>\n<meta name=\"description\" content=\"Wir empfehlen dieses D\u00e9co Vac Zubeh\u00f6rset f\u00fcr Zentralstaubsauger aller Marken. F\u00fcr alle, die ein hervorragendes Preis-Leistungs-Verh\u00e4ltnis suchen.\" \/>\n<meta name=\"robots\" content=\"index, follow, max-snippet:-1, max-image-preview:large, max-video-preview:-1\" \/>\n<link rel=\"canonical\" href=\"https:\/\/aspirateur-cyclovac.ch\/de\/Shop\/24v-zubehoerset\/\" \/>\n<meta property=\"og:locale\" content=\"de_DE\" \/>\n<meta property=\"og:type\" content=\"article\" \/>\n<meta property=\"og:title\" content=\"24V-Zubeh\u00f6rset - Aspirateur Central Cyclo Vac Suisse\" \/>\n<meta property=\"og:description\" content=\"Wir empfehlen dieses D\u00e9co Vac Zubeh\u00f6rset f\u00fcr Zentralstaubsauger aller Marken. F\u00fcr alle, die ein hervorragendes Preis-Leistungs-Verh\u00e4ltnis suchen.\" \/>\n<meta property=\"og:url\" content=\"https:\/\/aspirateur-cyclovac.ch\/de\/Shop\/24v-zubehoerset\/\" \/>\n<meta property=\"og:site_name\" content=\"Aspirateur Central Cyclo Vac Suisse\" \/>\n<meta property=\"article:publisher\" content=\"https:\/\/www.facebook.com\/cyclovacsuisse\/\" \/>\n<meta property=\"article:modified_time\" content=\"2026-02-19T18:38:11+00:00\" \/>\n<meta property=\"og:image\" content=\"https:\/\/aspirateur-cyclovac.ch\/wp-content\/uploads\/2014\/08\/itlof_-_gc-kit-daccessoire-deco-vac-24v-aspirateur-cyclovac.ch_.jpg\" \/>\n<meta name=\"twitter:card\" content=\"summary_large_image\" \/>\n<meta name=\"twitter:site\" content=\"@CycloVac_Suisse\" \/>\n<!-- \/ Yoast SEO plugin. -->","yoast_head_json":{"title":"24V-Zubeh\u00f6rset - Aspirateur Central Cyclo Vac Suisse","description":"Wir empfehlen dieses D\u00e9co Vac Zubeh\u00f6rset f\u00fcr Zentralstaubsauger aller Marken. F\u00fcr alle, die ein hervorragendes Preis-Leistungs-Verh\u00e4ltnis suchen.","robots":{"index":"index","follow":"follow","max-snippet":"max-snippet:-1","max-image-preview":"max-image-preview:large","max-video-preview":"max-video-preview:-1"},"canonical":"https:\/\/aspirateur-cyclovac.ch\/de\/Shop\/24v-zubehoerset\/","og_locale":"de_DE","og_type":"article","og_title":"24V-Zubeh\u00f6rset - Aspirateur Central Cyclo Vac Suisse","og_description":"Wir empfehlen dieses D\u00e9co Vac Zubeh\u00f6rset f\u00fcr Zentralstaubsauger aller Marken. F\u00fcr alle, die ein hervorragendes Preis-Leistungs-Verh\u00e4ltnis suchen.","og_url":"https:\/\/aspirateur-cyclovac.ch\/de\/Shop\/24v-zubehoerset\/","og_site_name":"Aspirateur Central Cyclo Vac Suisse","article_publisher":"https:\/\/www.facebook.com\/cyclovacsuisse\/","article_modified_time":"2026-02-19T18:38:11+00:00","og_image":[{"url":"https:\/\/aspirateur-cyclovac.ch\/wp-content\/uploads\/2014\/08\/itlof_-_gc-kit-daccessoire-deco-vac-24v-aspirateur-cyclovac.ch_.jpg","type":"","width":"","height":""}],"twitter_card":"summary_large_image","twitter_site":"@CycloVac_Suisse","schema":{"@context":"https:\/\/schema.org","@graph":[{"@type":"WebPage","@id":"https:\/\/aspirateur-cyclovac.ch\/de\/Shop\/24v-zubehoerset\/","url":"https:\/\/aspirateur-cyclovac.ch\/de\/Shop\/24v-zubehoerset\/","name":"24V-Zubeh\u00f6rset - Aspirateur Central Cyclo Vac Suisse","isPartOf":{"@id":"https:\/\/aspirateur-cyclovac.ch\/de\/#website"},"primaryImageOfPage":{"@id":"https:\/\/aspirateur-cyclovac.ch\/de\/Shop\/24v-zubehoerset\/#primaryimage"},"image":{"@id":"https:\/\/aspirateur-cyclovac.ch\/de\/Shop\/24v-zubehoerset\/#primaryimage"},"thumbnailUrl":"https:\/\/aspirateur-cyclovac.ch\/wp-content\/uploads\/2014\/08\/kit-daccessoires-24V-brosse-\u00e0-plancher-30.5-cm-1.jpg","datePublished":"2014-08-20T11:39:34+00:00","dateModified":"2026-02-19T18:38:11+00:00","description":"Wir empfehlen dieses D\u00e9co Vac Zubeh\u00f6rset f\u00fcr Zentralstaubsauger aller Marken. F\u00fcr alle, die ein hervorragendes Preis-Leistungs-Verh\u00e4ltnis suchen.","breadcrumb":{"@id":"https:\/\/aspirateur-cyclovac.ch\/de\/Shop\/24v-zubehoerset\/#breadcrumb"},"inLanguage":"de","potentialAction":[{"@type":"ReadAction","target":["https:\/\/aspirateur-cyclovac.ch\/de\/Shop\/24v-zubehoerset\/"]}]},{"@type":"ImageObject","inLanguage":"de","@id":"https:\/\/aspirateur-cyclovac.ch\/de\/Shop\/24v-zubehoerset\/#primaryimage","url":"https:\/\/aspirateur-cyclovac.ch\/wp-content\/uploads\/2014\/08\/kit-daccessoires-24V-brosse-\u00e0-plancher-30.5-cm-1.jpg","contentUrl":"https:\/\/aspirateur-cyclovac.ch\/wp-content\/uploads\/2014\/08\/kit-daccessoires-24V-brosse-\u00e0-plancher-30.5-cm-1.jpg","width":500,"height":496,"caption":"zubehoerset-24V-bodenbuerste 30,5 cm"},{"@type":"BreadcrumbList","@id":"https:\/\/aspirateur-cyclovac.ch\/de\/Shop\/24v-zubehoerset\/#breadcrumb","itemListElement":[{"@type":"ListItem","position":1,"name":"Startseite","item":"https:\/\/aspirateur-cyclovac.ch\/de\/"},{"@type":"ListItem","position":2,"name":"Shop","item":"https:\/\/aspirateur-cyclovac.ch\/de\/shop\/"},{"@type":"ListItem","position":3,"name":"24V-Zubeh\u00f6rset"}]},{"@type":"WebSite","@id":"https:\/\/aspirateur-cyclovac.ch\/de\/#website","url":"https:\/\/aspirateur-cyclovac.ch\/de\/","name":"Aspirateur Central Cyclo Vac Suisse","description":"Aspiration centralis\u00e9e pour tous !","publisher":{"@id":"https:\/\/aspirateur-cyclovac.ch\/de\/#organization"},"potentialAction":[{"@type":"SearchAction","target":{"@type":"EntryPoint","urlTemplate":"https:\/\/aspirateur-cyclovac.ch\/de\/?s={search_term_string}"},"query-input":{"@type":"PropertyValueSpecification","valueRequired":true,"valueName":"search_term_string"}}],"inLanguage":"de"},{"@type":"Organization","@id":"https:\/\/aspirateur-cyclovac.ch\/de\/#organization","name":"SimplyVac S\u00e0rl","url":"https:\/\/aspirateur-cyclovac.ch\/de\/","logo":{"@type":"ImageObject","inLanguage":"de","@id":"https:\/\/aspirateur-cyclovac.ch\/de\/#\/schema\/logo\/image\/","url":"http:\/\/aspirateur-cyclovac.ch\/wp-content\/uploads\/2016\/11\/Logo-Bg_100.jpg","contentUrl":"http:\/\/aspirateur-cyclovac.ch\/wp-content\/uploads\/2016\/11\/Logo-Bg_100.jpg","width":100,"height":100,"caption":"SimplyVac S\u00e0rl"},"image":{"@id":"https:\/\/aspirateur-cyclovac.ch\/de\/#\/schema\/logo\/image\/"},"sameAs":["https:\/\/www.facebook.com\/cyclovacsuisse\/","https:\/\/x.com\/CycloVac_Suisse","https:\/\/www.instagram.com\/cyclo_vac_suisse\/","https:\/\/www.youtube.com\/channel\/UCXPmXj1HKX_o544r27GOL5w"]}]}},"_links":{"self":[{"href":"https:\/\/aspirateur-cyclovac.ch\/de\/wp-json\/wp\/v2\/product\/6415","targetHints":{"allow":["GET"]}}],"collection":[{"href":"https:\/\/aspirateur-cyclovac.ch\/de\/wp-json\/wp\/v2\/product"}],"about":[{"href":"https:\/\/aspirateur-cyclovac.ch\/de\/wp-json\/wp\/v2\/types\/product"}],"replies":[{"embeddable":true,"href":"https:\/\/aspirateur-cyclovac.ch\/de\/wp-json\/wp\/v2\/comments?post=6415"}],"wp:featuredmedia":[{"embeddable":true,"href":"https:\/\/aspirateur-cyclovac.ch\/de\/wp-json\/wp\/v2\/media\/6417"}],"wp:attachment":[{"href":"https:\/\/aspirateur-cyclovac.ch\/de\/wp-json\/wp\/v2\/media?parent=6415"}],"wp:term":[{"taxonomy":"product_brand","embeddable":true,"href":"https:\/\/aspirateur-cyclovac.ch\/de\/wp-json\/wp\/v2\/product_brand?post=6415"},{"taxonomy":"product_cat","embeddable":true,"href":"https:\/\/aspirateur-cyclovac.ch\/de\/wp-json\/wp\/v2\/product_cat?post=6415"},{"taxonomy":"product_tag","embeddable":true,"href":"https:\/\/aspirateur-cyclovac.ch\/de\/wp-json\/wp\/v2\/product_tag?post=6415"}],"curies":[{"name":"wp","href":"https:\/\/api.w.org\/{rel}","templated":true}]}}