{"id":6389,"date":"2014-08-20T22:45:51","date_gmt":"2014-08-20T20:45:51","guid":{"rendered":"https:\/\/aspirateur-cyclovac.ch\/produit\/hd851-hd-motor-3-stufen\/"},"modified":"2026-02-19T19:38:14","modified_gmt":"2026-02-19T18:38:14","slug":"hd851-hd-motor-3-stufen","status":"publish","type":"product","link":"https:\/\/aspirateur-cyclovac.ch\/de\/Shop\/hd851-hd-motor-3-stufen\/","title":{"rendered":"HD851 HD-Motor, 3 Stufen"},"content":{"rendered":"<p>Die HD-Serie ist die brandneue Reihe zentraler<br \/>\nGewerbesauger von Cyclo Vac.<br \/>\nAlle HD-Motoren sind extrem robust und wurden mit einer Epoxidbeschichtung behandelt, um den Auswirkungen von Feuchtigkeit zu widerstehen.<br \/>\nAu\u00dferdem sind alle HD-Motork\u00f6pfe mit unserem einzigartigen Kohlenstaub-Filtersystem sowie einem Betriebsstundenz\u00e4hler ausgestattet.<br \/>\nDie M\u00f6glichkeiten sind mit diesen Ger\u00e4ten nahezu unbegrenzt!<br \/>\nDie Anschl\u00fcsse k\u00f6nnen sowohl in Reihe als auch parallel erfolgen, und die Motork\u00f6pfe k\u00f6nnen getrennt vom Auffangbeh\u00e4lter installiert werden \u2013 wie praktisch!<br \/>\nDie HD-Linie passt sich Ihren Anforderungen an und schafft ein ma\u00dfgeschneidertes System, das zu Ihrem Unternehmen passt.<\/p>\n<h4>Cyclo Vac HD Brosch\u00fcre <a href=\"http:\/\/aspirateur-cyclovac.ch\/pdf\/catalogue-cyclo-hd-web.pdf\" target=\"_blank\" rel=\"noopener\">hier<\/a><\/h4>\n<h4>HD-Bedienungsanleitung <a href=\"http:\/\/www.aspirateur-cyclovac.ch\/wp-content\/uploads\/2014\/08\/manuel-instruction-hd-web.pdf\" target=\"_blank\" rel=\"noopener\">hier<\/a><\/h4>\n<p>&nbsp;<\/p>\n<table width=\"296\">\n<tbody>\n<tr>\n<td width=\"216\"><a title=\"Technische Daten\" href=\"https:\/\/aspirateur-cyclovac.ch\/de\/technische-erklaerungen\/\" target=\"_blank\" rel=\"noopener\">Airwatts<\/a><\/td>\n<td width=\"80\">521<\/td>\n<\/tr>\n<tr>\n<td width=\"216\"><a title=\"Technische Daten\" href=\"https:\/\/aspirateur-cyclovac.ch\/de\/technische-erklaerungen\/\" target=\"_blank\" rel=\"noopener\">Luftdurchsatz<\/a><\/td>\n<td width=\"80\">175,4 MCH<\/td>\n<\/tr>\n<tr>\n<td width=\"216\"><a title=\"Technische Daten\" href=\"https:\/\/aspirateur-cyclovac.ch\/de\/technische-erklaerungen\/\" target=\"_blank\" rel=\"noopener\">Saugkraft H20<\/a><\/td>\n<td width=\"80\">3698<\/td>\n<\/tr>\n<tr>\n<td width=\"216\">Ampere MAX<\/td>\n<td width=\"80\">7,4A<\/td>\n<\/tr>\n<tr>\n<td width=\"216\">Anzahl der Motoren<\/td>\n<td width=\"80\">1<\/td>\n<\/tr>\n<tr>\n<td width=\"216\">Turbinen pro Motor<\/td>\n<td width=\"80\">3<\/td>\n<\/tr>\n<tr>\n<td width=\"216\">H\u00f6he<\/td>\n<td width=\"80\">43.2 cm<\/td>\n<\/tr>\n<tr>\n<td width=\"216\">Durchmesser<\/td>\n<td width=\"80\">35.8 cm<\/td>\n<\/tr>\n<tr>\n<td width=\"216\">Gewicht<\/td>\n<td width=\"80\">11.3 kg<\/td>\n<\/tr>\n<tr>\n<td width=\"216\">Garantie<\/td>\n<td>950 H<\/td>\n<\/tr>\n<\/tbody>\n<\/table>\n<h3><\/h3>\n<h4><\/h4>\n<p>&nbsp;<\/p>\n<div class=\"embed-container\"><iframe loading=\"lazy\" src=\"http:\/\/www.youtube.com\/embed\/YE8boYlOjUo\" width=\"560\" height=\"315\" frameborder=\"0\" allowfullscreen=\"allowfullscreen\"><\/iframe><\/div>\n","protected":false},"excerpt":{"rendered":"<h2>HD851 HD-Motor, 3 Stufen<\/h2>\n<p>&nbsp;<\/p>\n[button size=\"large\" text=\"OFFLINE-VERKAUF\" link=\"https:\/\/aspirateur-cyclovac.ch\/contact\/\" target=\"_blank\" color=\"#ffffff\" background_color=\"#b2362c\" border_color=\"\" font_style=\"\" font_weight=\"\" text_align=\"\"]\n","protected":false},"featured_media":6392,"comment_status":"open","ping_status":"closed","template":"","meta":{"iawp_total_views":0},"product_brand":[],"product_cat":[829],"product_tag":[830],"class_list":{"0":"post-6389","1":"product","2":"type-product","3":"status-publish","4":"has-post-thumbnail","6":"product_cat-hd-gewerbelinie","7":"product_tag-hd-motor","9":"first","10":"instock","11":"virtual","12":"taxable","13":"product-type-simple"},"yoast_head":"<!-- This site is optimized with the Yoast SEO plugin v27.0 - https:\/\/yoast.com\/product\/yoast-seo-wordpress\/ -->\n<title>HD851 HD-Motor, 3 Stufen - Aspirateur Central Cyclo Vac Suisse<\/title>\n<meta name=\"description\" content=\"HD851 HD-Motor, 3 Stufen &nbsp;\" \/>\n<meta name=\"robots\" content=\"index, follow, max-snippet:-1, max-image-preview:large, max-video-preview:-1\" \/>\n<link rel=\"canonical\" href=\"https:\/\/aspirateur-cyclovac.ch\/de\/Shop\/hd851-hd-motor-3-stufen\/\" \/>\n<meta property=\"og:locale\" content=\"de_DE\" \/>\n<meta property=\"og:type\" content=\"article\" \/>\n<meta property=\"og:title\" content=\"HD851 HD-Motor, 3 Stufen - Aspirateur Central Cyclo Vac Suisse\" \/>\n<meta property=\"og:description\" content=\"HD851 HD-Motor, 3 Stufen &nbsp;\" \/>\n<meta property=\"og:url\" content=\"https:\/\/aspirateur-cyclovac.ch\/de\/Shop\/hd851-hd-motor-3-stufen\/\" \/>\n<meta property=\"og:site_name\" content=\"Aspirateur Central Cyclo Vac Suisse\" \/>\n<meta property=\"article:publisher\" content=\"https:\/\/www.facebook.com\/cyclovacsuisse\/\" \/>\n<meta property=\"article:modified_time\" content=\"2026-02-19T18:38:14+00:00\" \/>\n<meta property=\"og:image\" content=\"https:\/\/aspirateur-cyclovac.ch\/wp-content\/uploads\/2014\/08\/Unit\u00e9s-motrices-HD.jpg\" \/>\n\t<meta property=\"og:image:width\" content=\"500\" \/>\n\t<meta property=\"og:image:height\" content=\"500\" \/>\n\t<meta property=\"og:image:type\" content=\"image\/jpeg\" \/>\n<meta name=\"twitter:card\" content=\"summary_large_image\" \/>\n<meta name=\"twitter:site\" content=\"@CycloVac_Suisse\" \/>\n<meta name=\"twitter:label1\" content=\"Gesch\u00e4tzte Lesezeit\" \/>\n\t<meta name=\"twitter:data1\" content=\"1 Minute\" \/>\n<!-- \/ Yoast SEO plugin. -->","yoast_head_json":{"title":"HD851 HD-Motor, 3 Stufen - Aspirateur Central Cyclo Vac Suisse","description":"HD851 HD-Motor, 3 Stufen &nbsp;","robots":{"index":"index","follow":"follow","max-snippet":"max-snippet:-1","max-image-preview":"max-image-preview:large","max-video-preview":"max-video-preview:-1"},"canonical":"https:\/\/aspirateur-cyclovac.ch\/de\/Shop\/hd851-hd-motor-3-stufen\/","og_locale":"de_DE","og_type":"article","og_title":"HD851 HD-Motor, 3 Stufen - Aspirateur Central Cyclo Vac Suisse","og_description":"HD851 HD-Motor, 3 Stufen &nbsp;","og_url":"https:\/\/aspirateur-cyclovac.ch\/de\/Shop\/hd851-hd-motor-3-stufen\/","og_site_name":"Aspirateur Central Cyclo Vac Suisse","article_publisher":"https:\/\/www.facebook.com\/cyclovacsuisse\/","article_modified_time":"2026-02-19T18:38:14+00:00","og_image":[{"width":500,"height":500,"url":"https:\/\/aspirateur-cyclovac.ch\/wp-content\/uploads\/2014\/08\/Unit\u00e9s-motrices-HD.jpg","type":"image\/jpeg"}],"twitter_card":"summary_large_image","twitter_site":"@CycloVac_Suisse","twitter_misc":{"Gesch\u00e4tzte Lesezeit":"1 Minute"},"schema":{"@context":"https:\/\/schema.org","@graph":[{"@type":"WebPage","@id":"https:\/\/aspirateur-cyclovac.ch\/de\/Shop\/hd851-hd-motor-3-stufen\/","url":"https:\/\/aspirateur-cyclovac.ch\/de\/Shop\/hd851-hd-motor-3-stufen\/","name":"HD851 HD-Motor, 3 Stufen - Aspirateur Central Cyclo Vac Suisse","isPartOf":{"@id":"https:\/\/aspirateur-cyclovac.ch\/de\/#website"},"primaryImageOfPage":{"@id":"https:\/\/aspirateur-cyclovac.ch\/de\/Shop\/hd851-hd-motor-3-stufen\/#primaryimage"},"image":{"@id":"https:\/\/aspirateur-cyclovac.ch\/de\/Shop\/hd851-hd-motor-3-stufen\/#primaryimage"},"thumbnailUrl":"https:\/\/aspirateur-cyclovac.ch\/wp-content\/uploads\/2014\/08\/Unit\u00e9s-motrices-HD.jpg","datePublished":"2014-08-20T20:45:51+00:00","dateModified":"2026-02-19T18:38:14+00:00","description":"HD851 HD-Motor, 3 Stufen &nbsp;","breadcrumb":{"@id":"https:\/\/aspirateur-cyclovac.ch\/de\/Shop\/hd851-hd-motor-3-stufen\/#breadcrumb"},"inLanguage":"de","potentialAction":[{"@type":"ReadAction","target":["https:\/\/aspirateur-cyclovac.ch\/de\/Shop\/hd851-hd-motor-3-stufen\/"]}]},{"@type":"ImageObject","inLanguage":"de","@id":"https:\/\/aspirateur-cyclovac.ch\/de\/Shop\/hd851-hd-motor-3-stufen\/#primaryimage","url":"https:\/\/aspirateur-cyclovac.ch\/wp-content\/uploads\/2014\/08\/Unit\u00e9s-motrices-HD.jpg","contentUrl":"https:\/\/aspirateur-cyclovac.ch\/wp-content\/uploads\/2014\/08\/Unit\u00e9s-motrices-HD.jpg","width":500,"height":500},{"@type":"BreadcrumbList","@id":"https:\/\/aspirateur-cyclovac.ch\/de\/Shop\/hd851-hd-motor-3-stufen\/#breadcrumb","itemListElement":[{"@type":"ListItem","position":1,"name":"Startseite","item":"https:\/\/aspirateur-cyclovac.ch\/de\/"},{"@type":"ListItem","position":2,"name":"Shop","item":"https:\/\/aspirateur-cyclovac.ch\/de\/shop\/"},{"@type":"ListItem","position":3,"name":"HD851 HD-Motor, 3 Stufen"}]},{"@type":"WebSite","@id":"https:\/\/aspirateur-cyclovac.ch\/de\/#website","url":"https:\/\/aspirateur-cyclovac.ch\/de\/","name":"Aspirateur Central Cyclo Vac Suisse","description":"Aspiration centralis\u00e9e pour tous !","publisher":{"@id":"https:\/\/aspirateur-cyclovac.ch\/de\/#organization"},"potentialAction":[{"@type":"SearchAction","target":{"@type":"EntryPoint","urlTemplate":"https:\/\/aspirateur-cyclovac.ch\/de\/?s={search_term_string}"},"query-input":{"@type":"PropertyValueSpecification","valueRequired":true,"valueName":"search_term_string"}}],"inLanguage":"de"},{"@type":"Organization","@id":"https:\/\/aspirateur-cyclovac.ch\/de\/#organization","name":"SimplyVac S\u00e0rl","url":"https:\/\/aspirateur-cyclovac.ch\/de\/","logo":{"@type":"ImageObject","inLanguage":"de","@id":"https:\/\/aspirateur-cyclovac.ch\/de\/#\/schema\/logo\/image\/","url":"http:\/\/aspirateur-cyclovac.ch\/wp-content\/uploads\/2016\/11\/Logo-Bg_100.jpg","contentUrl":"http:\/\/aspirateur-cyclovac.ch\/wp-content\/uploads\/2016\/11\/Logo-Bg_100.jpg","width":100,"height":100,"caption":"SimplyVac S\u00e0rl"},"image":{"@id":"https:\/\/aspirateur-cyclovac.ch\/de\/#\/schema\/logo\/image\/"},"sameAs":["https:\/\/www.facebook.com\/cyclovacsuisse\/","https:\/\/x.com\/CycloVac_Suisse","https:\/\/www.instagram.com\/cyclo_vac_suisse\/","https:\/\/www.youtube.com\/channel\/UCXPmXj1HKX_o544r27GOL5w"]}]}},"_links":{"self":[{"href":"https:\/\/aspirateur-cyclovac.ch\/de\/wp-json\/wp\/v2\/product\/6389","targetHints":{"allow":["GET"]}}],"collection":[{"href":"https:\/\/aspirateur-cyclovac.ch\/de\/wp-json\/wp\/v2\/product"}],"about":[{"href":"https:\/\/aspirateur-cyclovac.ch\/de\/wp-json\/wp\/v2\/types\/product"}],"replies":[{"embeddable":true,"href":"https:\/\/aspirateur-cyclovac.ch\/de\/wp-json\/wp\/v2\/comments?post=6389"}],"wp:featuredmedia":[{"embeddable":true,"href":"https:\/\/aspirateur-cyclovac.ch\/de\/wp-json\/wp\/v2\/media\/6392"}],"wp:attachment":[{"href":"https:\/\/aspirateur-cyclovac.ch\/de\/wp-json\/wp\/v2\/media?parent=6389"}],"wp:term":[{"taxonomy":"product_brand","embeddable":true,"href":"https:\/\/aspirateur-cyclovac.ch\/de\/wp-json\/wp\/v2\/product_brand?post=6389"},{"taxonomy":"product_cat","embeddable":true,"href":"https:\/\/aspirateur-cyclovac.ch\/de\/wp-json\/wp\/v2\/product_cat?post=6389"},{"taxonomy":"product_tag","embeddable":true,"href":"https:\/\/aspirateur-cyclovac.ch\/de\/wp-json\/wp\/v2\/product_tag?post=6389"}],"curies":[{"name":"wp","href":"https:\/\/api.w.org\/{rel}","templated":true}]}}