{"id":6387,"date":"2014-08-21T18:45:01","date_gmt":"2014-08-21T16:45:01","guid":{"rendered":"https:\/\/aspirateur-cyclovac.ch\/produit\/zoom-turbo-luftbuerste-2\/"},"modified":"2026-02-19T19:39:05","modified_gmt":"2026-02-19T18:39:05","slug":"zoom-turbo-luftbuerste-2","status":"publish","type":"product","link":"https:\/\/aspirateur-cyclovac.ch\/de\/Shop\/zoom-turbo-luftbuerste-2\/","title":{"rendered":"ZOOM Turbo-Luftb\u00fcrste"},"content":{"rendered":"<p>ZOOM Turbo-Luftb\u00fcrste f\u00fcr Zentralstaubsauger.<br \/>\nBreite 32 cm.<br \/>\nPasst auf jedes Standardrohr und der schwenkbare Kopf erm\u00f6glicht ein einfaches und schnelles Man\u00f6vrieren um M\u00f6bel und in Ecken.<\/p>\n<p>Diese B\u00fcrste wurde <strong>f\u00fcr H\u00f6chstleistung konzipiert<\/strong>, f\u00fcr leisen Betrieb und \u00fcberlegene Reinigungsleistung.<\/p>\n<p>Die B\u00fcrstenrolle wird durch den Luftstrom angetrieben und l\u00f6st Schmutz und Staub.<\/p>\n<p>Die Zoom-B\u00fcrste ist ein langlebiges und leistungsstarkes Werkzeug.<\/p>\n<p>5 Jahre Garantie<\/p>\n<p>&nbsp;<\/p>\n","protected":false},"excerpt":{"rendered":"<h2>ZOOM Turbo-Luftb\u00fcrste<\/h2>\n","protected":false},"featured_media":6109,"comment_status":"open","ping_status":"closed","template":"","meta":{"iawp_total_views":0},"product_brand":[],"product_cat":[789,790],"product_tag":[791,802],"class_list":{"0":"post-6387","1":"product","2":"type-product","3":"status-publish","4":"has-post-thumbnail","6":"product_cat-unkategorisiert","7":"product_cat-besen-und-buerste","8":"product_tag-buerste","9":"product_tag-luftbuerste","11":"first","12":"instock","13":"virtual","14":"taxable","15":"purchasable","16":"product-type-simple"},"yoast_head":"<!-- This site is optimized with the Yoast SEO plugin v27.0 - https:\/\/yoast.com\/product\/yoast-seo-wordpress\/ -->\n<title>ZOOM Turbo-Luftb\u00fcrste - Aspirateur Central Cyclo Vac Suisse<\/title>\n<meta name=\"description\" content=\"ZOOM Turbo-Luftb\u00fcrste\" \/>\n<meta name=\"robots\" content=\"index, follow, max-snippet:-1, max-image-preview:large, max-video-preview:-1\" \/>\n<link rel=\"canonical\" href=\"https:\/\/aspirateur-cyclovac.ch\/de\/Shop\/zoom-turbo-luftbuerste-2\/\" \/>\n<meta property=\"og:locale\" content=\"de_DE\" \/>\n<meta property=\"og:type\" content=\"article\" \/>\n<meta property=\"og:title\" content=\"ZOOM Turbo-Luftb\u00fcrste - Aspirateur Central Cyclo Vac Suisse\" \/>\n<meta property=\"og:description\" content=\"ZOOM Turbo-Luftb\u00fcrste\" \/>\n<meta property=\"og:url\" content=\"https:\/\/aspirateur-cyclovac.ch\/de\/Shop\/zoom-turbo-luftbuerste-2\/\" \/>\n<meta property=\"og:site_name\" content=\"Aspirateur Central Cyclo Vac Suisse\" \/>\n<meta property=\"article:publisher\" content=\"https:\/\/www.facebook.com\/cyclovacsuisse\/\" \/>\n<meta property=\"article:modified_time\" content=\"2026-02-19T18:39:05+00:00\" \/>\n<meta property=\"og:image\" content=\"https:\/\/aspirateur-cyclovac.ch\/wp-content\/uploads\/2014\/08\/tabatl4c-balai-a-air-turbo-zoom-central-aspirateur-cyclovac.jpg\" \/>\n\t<meta property=\"og:image:width\" content=\"500\" \/>\n\t<meta property=\"og:image:height\" content=\"500\" \/>\n\t<meta property=\"og:image:type\" content=\"image\/jpeg\" \/>\n<meta name=\"twitter:card\" content=\"summary_large_image\" \/>\n<meta name=\"twitter:site\" content=\"@CycloVac_Suisse\" \/>\n<!-- \/ Yoast SEO plugin. -->","yoast_head_json":{"title":"ZOOM Turbo-Luftb\u00fcrste - Aspirateur Central Cyclo Vac Suisse","description":"ZOOM Turbo-Luftb\u00fcrste","robots":{"index":"index","follow":"follow","max-snippet":"max-snippet:-1","max-image-preview":"max-image-preview:large","max-video-preview":"max-video-preview:-1"},"canonical":"https:\/\/aspirateur-cyclovac.ch\/de\/Shop\/zoom-turbo-luftbuerste-2\/","og_locale":"de_DE","og_type":"article","og_title":"ZOOM Turbo-Luftb\u00fcrste - Aspirateur Central Cyclo Vac Suisse","og_description":"ZOOM Turbo-Luftb\u00fcrste","og_url":"https:\/\/aspirateur-cyclovac.ch\/de\/Shop\/zoom-turbo-luftbuerste-2\/","og_site_name":"Aspirateur Central Cyclo Vac Suisse","article_publisher":"https:\/\/www.facebook.com\/cyclovacsuisse\/","article_modified_time":"2026-02-19T18:39:05+00:00","og_image":[{"width":500,"height":500,"url":"https:\/\/aspirateur-cyclovac.ch\/wp-content\/uploads\/2014\/08\/tabatl4c-balai-a-air-turbo-zoom-central-aspirateur-cyclovac.jpg","type":"image\/jpeg"}],"twitter_card":"summary_large_image","twitter_site":"@CycloVac_Suisse","schema":{"@context":"https:\/\/schema.org","@graph":[{"@type":"WebPage","@id":"https:\/\/aspirateur-cyclovac.ch\/de\/Shop\/zoom-turbo-luftbuerste-2\/","url":"https:\/\/aspirateur-cyclovac.ch\/de\/Shop\/zoom-turbo-luftbuerste-2\/","name":"ZOOM Turbo-Luftb\u00fcrste - Aspirateur Central Cyclo Vac Suisse","isPartOf":{"@id":"https:\/\/aspirateur-cyclovac.ch\/de\/#website"},"primaryImageOfPage":{"@id":"https:\/\/aspirateur-cyclovac.ch\/de\/Shop\/zoom-turbo-luftbuerste-2\/#primaryimage"},"image":{"@id":"https:\/\/aspirateur-cyclovac.ch\/de\/Shop\/zoom-turbo-luftbuerste-2\/#primaryimage"},"thumbnailUrl":"https:\/\/aspirateur-cyclovac.ch\/wp-content\/uploads\/2014\/08\/tabatl4c-balai-a-air-turbo-zoom-central-aspirateur-cyclovac.jpg","datePublished":"2014-08-21T16:45:01+00:00","dateModified":"2026-02-19T18:39:05+00:00","description":"ZOOM Turbo-Luftb\u00fcrste","breadcrumb":{"@id":"https:\/\/aspirateur-cyclovac.ch\/de\/Shop\/zoom-turbo-luftbuerste-2\/#breadcrumb"},"inLanguage":"de","potentialAction":[{"@type":"ReadAction","target":["https:\/\/aspirateur-cyclovac.ch\/de\/Shop\/zoom-turbo-luftbuerste-2\/"]}]},{"@type":"ImageObject","inLanguage":"de","@id":"https:\/\/aspirateur-cyclovac.ch\/de\/Shop\/zoom-turbo-luftbuerste-2\/#primaryimage","url":"https:\/\/aspirateur-cyclovac.ch\/wp-content\/uploads\/2014\/08\/tabatl4c-balai-a-air-turbo-zoom-central-aspirateur-cyclovac.jpg","contentUrl":"https:\/\/aspirateur-cyclovac.ch\/wp-content\/uploads\/2014\/08\/tabatl4c-balai-a-air-turbo-zoom-central-aspirateur-cyclovac.jpg","width":500,"height":500,"caption":"ZOOM Turbo-Luftb\u00fcrste"},{"@type":"BreadcrumbList","@id":"https:\/\/aspirateur-cyclovac.ch\/de\/Shop\/zoom-turbo-luftbuerste-2\/#breadcrumb","itemListElement":[{"@type":"ListItem","position":1,"name":"Startseite","item":"https:\/\/aspirateur-cyclovac.ch\/de\/"},{"@type":"ListItem","position":2,"name":"Shop","item":"https:\/\/aspirateur-cyclovac.ch\/de\/shop\/"},{"@type":"ListItem","position":3,"name":"ZOOM Turbo-Luftb\u00fcrste"}]},{"@type":"WebSite","@id":"https:\/\/aspirateur-cyclovac.ch\/de\/#website","url":"https:\/\/aspirateur-cyclovac.ch\/de\/","name":"Aspirateur Central Cyclo Vac Suisse","description":"Aspiration centralis\u00e9e pour tous !","publisher":{"@id":"https:\/\/aspirateur-cyclovac.ch\/de\/#organization"},"potentialAction":[{"@type":"SearchAction","target":{"@type":"EntryPoint","urlTemplate":"https:\/\/aspirateur-cyclovac.ch\/de\/?s={search_term_string}"},"query-input":{"@type":"PropertyValueSpecification","valueRequired":true,"valueName":"search_term_string"}}],"inLanguage":"de"},{"@type":"Organization","@id":"https:\/\/aspirateur-cyclovac.ch\/de\/#organization","name":"SimplyVac S\u00e0rl","url":"https:\/\/aspirateur-cyclovac.ch\/de\/","logo":{"@type":"ImageObject","inLanguage":"de","@id":"https:\/\/aspirateur-cyclovac.ch\/de\/#\/schema\/logo\/image\/","url":"http:\/\/aspirateur-cyclovac.ch\/wp-content\/uploads\/2016\/11\/Logo-Bg_100.jpg","contentUrl":"http:\/\/aspirateur-cyclovac.ch\/wp-content\/uploads\/2016\/11\/Logo-Bg_100.jpg","width":100,"height":100,"caption":"SimplyVac S\u00e0rl"},"image":{"@id":"https:\/\/aspirateur-cyclovac.ch\/de\/#\/schema\/logo\/image\/"},"sameAs":["https:\/\/www.facebook.com\/cyclovacsuisse\/","https:\/\/x.com\/CycloVac_Suisse","https:\/\/www.instagram.com\/cyclo_vac_suisse\/","https:\/\/www.youtube.com\/channel\/UCXPmXj1HKX_o544r27GOL5w"]}]}},"_links":{"self":[{"href":"https:\/\/aspirateur-cyclovac.ch\/de\/wp-json\/wp\/v2\/product\/6387","targetHints":{"allow":["GET"]}}],"collection":[{"href":"https:\/\/aspirateur-cyclovac.ch\/de\/wp-json\/wp\/v2\/product"}],"about":[{"href":"https:\/\/aspirateur-cyclovac.ch\/de\/wp-json\/wp\/v2\/types\/product"}],"replies":[{"embeddable":true,"href":"https:\/\/aspirateur-cyclovac.ch\/de\/wp-json\/wp\/v2\/comments?post=6387"}],"wp:featuredmedia":[{"embeddable":true,"href":"https:\/\/aspirateur-cyclovac.ch\/de\/wp-json\/wp\/v2\/media\/6109"}],"wp:attachment":[{"href":"https:\/\/aspirateur-cyclovac.ch\/de\/wp-json\/wp\/v2\/media?parent=6387"}],"wp:term":[{"taxonomy":"product_brand","embeddable":true,"href":"https:\/\/aspirateur-cyclovac.ch\/de\/wp-json\/wp\/v2\/product_brand?post=6387"},{"taxonomy":"product_cat","embeddable":true,"href":"https:\/\/aspirateur-cyclovac.ch\/de\/wp-json\/wp\/v2\/product_cat?post=6387"},{"taxonomy":"product_tag","embeddable":true,"href":"https:\/\/aspirateur-cyclovac.ch\/de\/wp-json\/wp\/v2\/product_tag?post=6387"}],"curies":[{"name":"wp","href":"https:\/\/api.w.org\/{rel}","templated":true}]}}