{"id":6371,"date":"2014-08-23T00:59:49","date_gmt":"2014-08-22T22:59:49","guid":{"rendered":"https:\/\/aspirateur-cyclovac.ch\/produit\/kehrichtschaufel\/"},"modified":"2026-02-19T19:38:07","modified_gmt":"2026-02-19T18:38:07","slug":"kehrichtschaufel","status":"publish","type":"product","link":"https:\/\/aspirateur-cyclovac.ch\/de\/Shop\/kehrichtschaufel\/","title":{"rendered":"Kehrichtschaufel"},"content":{"rendered":"<p>Automatischer Kr\u00fcmelsauger f\u00fcr Zentralstaubsaugeranlage<\/p>\n<h3><strong>Praktisch und einfach zu bedienen<\/strong><\/h3>\n<p>Unverzichtbares Zubeh\u00f6r f\u00fcr K\u00fcche und Bad<br \/>\nEinfach zu bedienen: Sie m\u00fcssen ihn nur mit dem Fu\u00df \u00f6ffnen, indem Sie auf den Kippschalter dr\u00fccken, um Ihren Zentralstaubsauger zu starten und Kr\u00fcmel sowie andere zuvor zusammengefegte R\u00fcckst\u00e4nde aufzusaugen.<\/p>\n<p>Kein B\u00fccken mehr n\u00f6tig!<\/p>\n<h3>Einfache Installation!<\/h3>\n<p>Der automatische Kr\u00fcmelsauger und sein integrierter Adapterbogen k\u00f6nnen durch dieselbe \u00d6ffnung gef\u00fchrt werden.<\/p>\n<p>Erh\u00e4ltlich in Wei\u00df, Schwarz, Mandel und Metallic-Nickel.<\/p>\n<p>ACHTUNG: F\u00fcr den Anschluss an Ihr Zentralstaubsaugersystem ist das <a href=\"http:\/\/aspirateur-cyclovac.ch\/boutique\/kit-installation-ramasse-miettes\/\" target=\"_blank\" rel=\"noopener\">Installationskit Kr\u00fcmelsauger<\/a> unerl\u00e4sslich.<\/p>\n<p><iframe loading=\"lazy\" src=\"https:\/\/www.youtube.com\/embed\/89vXkYBRpQU?list=PLVzXjjWD6tLxnqeLISfarXkQMMKBXoGWn\" width=\"320\" height=\"240\" frameborder=\"0\" allowfullscreen=\"allowfullscreen\"><\/iframe><br \/>\n<iframe loading=\"lazy\" src=\"http:\/\/www.youtube.com\/embed\/re9LcT_nTrk\" width=\"320\" height=\"240\" frameborder=\"0\" allowfullscreen=\"allowfullscreen\"><\/iframe><\/p>\n","protected":false},"excerpt":{"rendered":"<h2>Automatischer Vacpan<\/h2>\n","protected":false},"featured_media":6374,"comment_status":"open","ping_status":"closed","template":"","meta":{"iawp_total_views":0},"product_brand":[],"product_cat":[807],"product_tag":[806,808],"class_list":{"0":"post-6371","1":"product","2":"type-product","3":"status-publish","4":"has-post-thumbnail","6":"product_cat-steckdose","7":"product_tag-sockeleinkehrduese","8":"product_tag-steckdose","10":"first","11":"instock","12":"taxable","13":"shipping-taxable","14":"purchasable","15":"product-type-variable"},"yoast_head":"<!-- This site is optimized with the Yoast SEO plugin v27.0 - https:\/\/yoast.com\/product\/yoast-seo-wordpress\/ -->\n<title>Kehrichtschaufel - Aspirateur Central Cyclo Vac Suisse<\/title>\n<meta name=\"description\" content=\"Automatischer Kr\u00fcmelsauger f\u00fcr Zentralstaubsaugeranlage. Praktisch und einfach zu bedienen. Unverzichtbares Zubeh\u00f6r f\u00fcr K\u00fcche und Bad.\" \/>\n<meta name=\"robots\" content=\"index, follow, max-snippet:-1, max-image-preview:large, max-video-preview:-1\" \/>\n<link rel=\"canonical\" href=\"https:\/\/aspirateur-cyclovac.ch\/de\/Shop\/kehrichtschaufel\/\" \/>\n<meta property=\"og:locale\" content=\"de_DE\" \/>\n<meta property=\"og:type\" content=\"article\" \/>\n<meta property=\"og:title\" content=\"Kehrichtschaufel - Aspirateur Central Cyclo Vac Suisse\" \/>\n<meta property=\"og:description\" content=\"Automatischer Kr\u00fcmelsauger f\u00fcr Zentralstaubsaugeranlage. Praktisch und einfach zu bedienen. Unverzichtbares Zubeh\u00f6r f\u00fcr K\u00fcche und Bad.\" \/>\n<meta property=\"og:url\" content=\"https:\/\/aspirateur-cyclovac.ch\/de\/Shop\/kehrichtschaufel\/\" \/>\n<meta property=\"og:site_name\" content=\"Aspirateur Central Cyclo Vac Suisse\" \/>\n<meta property=\"article:publisher\" content=\"https:\/\/www.facebook.com\/cyclovacsuisse\/\" \/>\n<meta property=\"article:modified_time\" content=\"2026-02-19T18:38:07+00:00\" \/>\n<meta property=\"og:image\" content=\"https:\/\/aspirateur-cyclovac.ch\/wp-content\/uploads\/2014\/08\/TFVACPCxxA.jpg\" \/>\n\t<meta property=\"og:image:width\" content=\"500\" \/>\n\t<meta property=\"og:image:height\" content=\"500\" \/>\n\t<meta property=\"og:image:type\" content=\"image\/jpeg\" \/>\n<meta name=\"twitter:card\" content=\"summary_large_image\" \/>\n<meta name=\"twitter:site\" content=\"@CycloVac_Suisse\" \/>\n<meta name=\"twitter:label1\" content=\"Gesch\u00e4tzte Lesezeit\" \/>\n\t<meta name=\"twitter:data1\" content=\"1 Minute\" \/>\n<!-- \/ Yoast SEO plugin. -->","yoast_head_json":{"title":"Kehrichtschaufel - Aspirateur Central Cyclo Vac Suisse","description":"Automatischer Kr\u00fcmelsauger f\u00fcr Zentralstaubsaugeranlage. Praktisch und einfach zu bedienen. Unverzichtbares Zubeh\u00f6r f\u00fcr K\u00fcche und Bad.","robots":{"index":"index","follow":"follow","max-snippet":"max-snippet:-1","max-image-preview":"max-image-preview:large","max-video-preview":"max-video-preview:-1"},"canonical":"https:\/\/aspirateur-cyclovac.ch\/de\/Shop\/kehrichtschaufel\/","og_locale":"de_DE","og_type":"article","og_title":"Kehrichtschaufel - Aspirateur Central Cyclo Vac Suisse","og_description":"Automatischer Kr\u00fcmelsauger f\u00fcr Zentralstaubsaugeranlage. Praktisch und einfach zu bedienen. Unverzichtbares Zubeh\u00f6r f\u00fcr K\u00fcche und Bad.","og_url":"https:\/\/aspirateur-cyclovac.ch\/de\/Shop\/kehrichtschaufel\/","og_site_name":"Aspirateur Central Cyclo Vac Suisse","article_publisher":"https:\/\/www.facebook.com\/cyclovacsuisse\/","article_modified_time":"2026-02-19T18:38:07+00:00","og_image":[{"width":500,"height":500,"url":"https:\/\/aspirateur-cyclovac.ch\/wp-content\/uploads\/2014\/08\/TFVACPCxxA.jpg","type":"image\/jpeg"}],"twitter_card":"summary_large_image","twitter_site":"@CycloVac_Suisse","twitter_misc":{"Gesch\u00e4tzte Lesezeit":"1 Minute"},"schema":{"@context":"https:\/\/schema.org","@graph":[{"@type":"WebPage","@id":"https:\/\/aspirateur-cyclovac.ch\/de\/Shop\/kehrichtschaufel\/","url":"https:\/\/aspirateur-cyclovac.ch\/de\/Shop\/kehrichtschaufel\/","name":"Kehrichtschaufel - Aspirateur Central Cyclo Vac Suisse","isPartOf":{"@id":"https:\/\/aspirateur-cyclovac.ch\/de\/#website"},"primaryImageOfPage":{"@id":"https:\/\/aspirateur-cyclovac.ch\/de\/Shop\/kehrichtschaufel\/#primaryimage"},"image":{"@id":"https:\/\/aspirateur-cyclovac.ch\/de\/Shop\/kehrichtschaufel\/#primaryimage"},"thumbnailUrl":"https:\/\/aspirateur-cyclovac.ch\/wp-content\/uploads\/2014\/08\/TFVACPCxxA.jpg","datePublished":"2014-08-22T22:59:49+00:00","dateModified":"2026-02-19T18:38:07+00:00","description":"Automatischer Kr\u00fcmelsauger f\u00fcr Zentralstaubsaugeranlage. Praktisch und einfach zu bedienen. Unverzichtbares Zubeh\u00f6r f\u00fcr K\u00fcche und Bad.","breadcrumb":{"@id":"https:\/\/aspirateur-cyclovac.ch\/de\/Shop\/kehrichtschaufel\/#breadcrumb"},"inLanguage":"de","potentialAction":[{"@type":"ReadAction","target":["https:\/\/aspirateur-cyclovac.ch\/de\/Shop\/kehrichtschaufel\/"]}]},{"@type":"ImageObject","inLanguage":"de","@id":"https:\/\/aspirateur-cyclovac.ch\/de\/Shop\/kehrichtschaufel\/#primaryimage","url":"https:\/\/aspirateur-cyclovac.ch\/wp-content\/uploads\/2014\/08\/TFVACPCxxA.jpg","contentUrl":"https:\/\/aspirateur-cyclovac.ch\/wp-content\/uploads\/2014\/08\/TFVACPCxxA.jpg","width":500,"height":500,"caption":"Kr\u00fcmelsauger mit Adapter"},{"@type":"BreadcrumbList","@id":"https:\/\/aspirateur-cyclovac.ch\/de\/Shop\/kehrichtschaufel\/#breadcrumb","itemListElement":[{"@type":"ListItem","position":1,"name":"Startseite","item":"https:\/\/aspirateur-cyclovac.ch\/de\/"},{"@type":"ListItem","position":2,"name":"Shop","item":"https:\/\/aspirateur-cyclovac.ch\/de\/shop\/"},{"@type":"ListItem","position":3,"name":"Kehrichtschaufel"}]},{"@type":"WebSite","@id":"https:\/\/aspirateur-cyclovac.ch\/de\/#website","url":"https:\/\/aspirateur-cyclovac.ch\/de\/","name":"Aspirateur Central Cyclo Vac Suisse","description":"Aspiration centralis\u00e9e pour tous !","publisher":{"@id":"https:\/\/aspirateur-cyclovac.ch\/de\/#organization"},"potentialAction":[{"@type":"SearchAction","target":{"@type":"EntryPoint","urlTemplate":"https:\/\/aspirateur-cyclovac.ch\/de\/?s={search_term_string}"},"query-input":{"@type":"PropertyValueSpecification","valueRequired":true,"valueName":"search_term_string"}}],"inLanguage":"de"},{"@type":"Organization","@id":"https:\/\/aspirateur-cyclovac.ch\/de\/#organization","name":"SimplyVac S\u00e0rl","url":"https:\/\/aspirateur-cyclovac.ch\/de\/","logo":{"@type":"ImageObject","inLanguage":"de","@id":"https:\/\/aspirateur-cyclovac.ch\/de\/#\/schema\/logo\/image\/","url":"http:\/\/aspirateur-cyclovac.ch\/wp-content\/uploads\/2016\/11\/Logo-Bg_100.jpg","contentUrl":"http:\/\/aspirateur-cyclovac.ch\/wp-content\/uploads\/2016\/11\/Logo-Bg_100.jpg","width":100,"height":100,"caption":"SimplyVac S\u00e0rl"},"image":{"@id":"https:\/\/aspirateur-cyclovac.ch\/de\/#\/schema\/logo\/image\/"},"sameAs":["https:\/\/www.facebook.com\/cyclovacsuisse\/","https:\/\/x.com\/CycloVac_Suisse","https:\/\/www.instagram.com\/cyclo_vac_suisse\/","https:\/\/www.youtube.com\/channel\/UCXPmXj1HKX_o544r27GOL5w"]}]}},"_links":{"self":[{"href":"https:\/\/aspirateur-cyclovac.ch\/de\/wp-json\/wp\/v2\/product\/6371","targetHints":{"allow":["GET"]}}],"collection":[{"href":"https:\/\/aspirateur-cyclovac.ch\/de\/wp-json\/wp\/v2\/product"}],"about":[{"href":"https:\/\/aspirateur-cyclovac.ch\/de\/wp-json\/wp\/v2\/types\/product"}],"replies":[{"embeddable":true,"href":"https:\/\/aspirateur-cyclovac.ch\/de\/wp-json\/wp\/v2\/comments?post=6371"}],"wp:featuredmedia":[{"embeddable":true,"href":"https:\/\/aspirateur-cyclovac.ch\/de\/wp-json\/wp\/v2\/media\/6374"}],"wp:attachment":[{"href":"https:\/\/aspirateur-cyclovac.ch\/de\/wp-json\/wp\/v2\/media?parent=6371"}],"wp:term":[{"taxonomy":"product_brand","embeddable":true,"href":"https:\/\/aspirateur-cyclovac.ch\/de\/wp-json\/wp\/v2\/product_brand?post=6371"},{"taxonomy":"product_cat","embeddable":true,"href":"https:\/\/aspirateur-cyclovac.ch\/de\/wp-json\/wp\/v2\/product_cat?post=6371"},{"taxonomy":"product_tag","embeddable":true,"href":"https:\/\/aspirateur-cyclovac.ch\/de\/wp-json\/wp\/v2\/product_tag?post=6371"}],"curies":[{"name":"wp","href":"https:\/\/api.w.org\/{rel}","templated":true}]}}