{"id":6370,"date":"2014-08-23T15:14:30","date_gmt":"2014-08-23T13:14:30","guid":{"rendered":"https:\/\/aspirateur-cyclovac.ch\/produit\/kit-3-saugdosen-vollklappe-ohne-rohre\/"},"modified":"2026-02-19T19:38:01","modified_gmt":"2026-02-19T18:38:01","slug":"kit-3-saugdosen-vollklappe-ohne-rohre","status":"publish","type":"product","link":"https:\/\/aspirateur-cyclovac.ch\/de\/Shop\/kit-3-saugdosen-vollklappe-ohne-rohre\/","title":{"rendered":"Kit 3 Saugdosen Vollklappe, ohne Rohre"},"content":{"rendered":"<p>Wir empfehlen dieses Installationskit, mit dem Sie Ihr Netzwerk mit Qualit\u00e4tsmaterial nach Zentralstaubsauger-Standard f\u00fcr optimale Leistung aufbauen k\u00f6nnen.<br \/>\nGeeignet f\u00fcr Heimwerker und Profis.<\/p>\n<p>beinhaltet:<br \/>\n3 Saugdosen Vollklappe<br \/>\n3 Montageplatten<br \/>\n8 B\u00f6gen 90\u00b0, lang<br \/>\n2 T-St\u00fccke 90\u00b0<br \/>\n3 Saugdosen-Anschlusskr\u00fcmmer 90\u00b0, kurz<br \/>\n6 B\u00f6gen 45\u00b0<br \/>\n10 Muffen<br \/>\n5 Rohrhalterungen<br \/>\n1 PVC-Kleber<br \/>\n15 m Niederspannungskabel<br \/>\n15 Kabelbinder<br \/>\n1 Installationsanleitung<br \/>\nDie Saugdosen Vollklappe sind in verschiedenen PVC-Ausf\u00fchrungen erh\u00e4ltlich: <a title=\"Saugdose Vollklappe\" href=\"https:\/\/aspirateur-cyclovac.ch\/de\/Shop\/steckdosen-klappdeckel\/\"> Wei\u00df, Elfenbein, Mandel, Schwarz<\/a><br \/>\nModernes Design, erstklassige Qualit\u00e4t zum fairen Preis.<\/p>\n","protected":false},"excerpt":{"rendered":"<h2>Installationskit 3 Saugdosen Vollklappe, ohne PVC-Rohre<\/h2>\n","protected":false},"featured_media":6373,"comment_status":"open","ping_status":"closed","template":"","meta":{"iawp_total_views":0},"product_brand":[],"product_cat":[792],"product_tag":[831,808,842],"class_list":{"0":"post-6370","1":"product","2":"type-product","3":"status-publish","4":"has-post-thumbnail","6":"product_cat-installation-und-anschluss","7":"product_tag-set","8":"product_tag-steckdose","9":"product_tag-volltuer","11":"first","12":"instock","13":"taxable","14":"shipping-taxable","15":"purchasable","16":"product-type-simple"},"yoast_head":"<!-- This site is optimized with the Yoast SEO plugin v27.0 - https:\/\/yoast.com\/product\/yoast-seo-wordpress\/ -->\n<title>Kit 3 Saugdosen Vollklappe, ohne Rohre - Aspirateur Central Cyclo Vac Suisse<\/title>\n<meta name=\"description\" content=\"Installationskit 3 Saugdosen Vollklappe, ohne PVC-Rohre\" \/>\n<meta name=\"robots\" content=\"index, follow, max-snippet:-1, max-image-preview:large, max-video-preview:-1\" \/>\n<link rel=\"canonical\" href=\"https:\/\/aspirateur-cyclovac.ch\/de\/Shop\/kit-3-saugdosen-vollklappe-ohne-rohre\/\" \/>\n<meta property=\"og:locale\" content=\"de_DE\" \/>\n<meta property=\"og:type\" content=\"article\" \/>\n<meta property=\"og:title\" content=\"Kit 3 Saugdosen Vollklappe, ohne Rohre - Aspirateur Central Cyclo Vac Suisse\" \/>\n<meta property=\"og:description\" content=\"Installationskit 3 Saugdosen Vollklappe, ohne PVC-Rohre\" \/>\n<meta property=\"og:url\" content=\"https:\/\/aspirateur-cyclovac.ch\/de\/Shop\/kit-3-saugdosen-vollklappe-ohne-rohre\/\" \/>\n<meta property=\"og:site_name\" content=\"Aspirateur Central Cyclo Vac Suisse\" \/>\n<meta property=\"article:publisher\" content=\"https:\/\/www.facebook.com\/cyclovacsuisse\/\" \/>\n<meta property=\"article:modified_time\" content=\"2026-02-19T18:38:01+00:00\" \/>\n<meta property=\"og:image\" content=\"https:\/\/aspirateur-cyclovac.ch\/wp-content\/uploads\/2014\/08\/tfk3b1bx-kit-installation-3-prises-aspirateur-cyclovac-ch.jpg\" \/>\n\t<meta property=\"og:image:width\" content=\"500\" \/>\n\t<meta property=\"og:image:height\" content=\"500\" \/>\n\t<meta property=\"og:image:type\" content=\"image\/jpeg\" \/>\n<meta name=\"twitter:card\" content=\"summary_large_image\" \/>\n<meta name=\"twitter:site\" content=\"@CycloVac_Suisse\" \/>\n<!-- \/ Yoast SEO plugin. -->","yoast_head_json":{"title":"Kit 3 Saugdosen Vollklappe, ohne Rohre - Aspirateur Central Cyclo Vac Suisse","description":"Installationskit 3 Saugdosen Vollklappe, ohne PVC-Rohre","robots":{"index":"index","follow":"follow","max-snippet":"max-snippet:-1","max-image-preview":"max-image-preview:large","max-video-preview":"max-video-preview:-1"},"canonical":"https:\/\/aspirateur-cyclovac.ch\/de\/Shop\/kit-3-saugdosen-vollklappe-ohne-rohre\/","og_locale":"de_DE","og_type":"article","og_title":"Kit 3 Saugdosen Vollklappe, ohne Rohre - Aspirateur Central Cyclo Vac Suisse","og_description":"Installationskit 3 Saugdosen Vollklappe, ohne PVC-Rohre","og_url":"https:\/\/aspirateur-cyclovac.ch\/de\/Shop\/kit-3-saugdosen-vollklappe-ohne-rohre\/","og_site_name":"Aspirateur Central Cyclo Vac Suisse","article_publisher":"https:\/\/www.facebook.com\/cyclovacsuisse\/","article_modified_time":"2026-02-19T18:38:01+00:00","og_image":[{"width":500,"height":500,"url":"https:\/\/aspirateur-cyclovac.ch\/wp-content\/uploads\/2014\/08\/tfk3b1bx-kit-installation-3-prises-aspirateur-cyclovac-ch.jpg","type":"image\/jpeg"}],"twitter_card":"summary_large_image","twitter_site":"@CycloVac_Suisse","schema":{"@context":"https:\/\/schema.org","@graph":[{"@type":"WebPage","@id":"https:\/\/aspirateur-cyclovac.ch\/de\/Shop\/kit-3-saugdosen-vollklappe-ohne-rohre\/","url":"https:\/\/aspirateur-cyclovac.ch\/de\/Shop\/kit-3-saugdosen-vollklappe-ohne-rohre\/","name":"Kit 3 Saugdosen Vollklappe, ohne Rohre - Aspirateur Central Cyclo Vac Suisse","isPartOf":{"@id":"https:\/\/aspirateur-cyclovac.ch\/de\/#website"},"primaryImageOfPage":{"@id":"https:\/\/aspirateur-cyclovac.ch\/de\/Shop\/kit-3-saugdosen-vollklappe-ohne-rohre\/#primaryimage"},"image":{"@id":"https:\/\/aspirateur-cyclovac.ch\/de\/Shop\/kit-3-saugdosen-vollklappe-ohne-rohre\/#primaryimage"},"thumbnailUrl":"https:\/\/aspirateur-cyclovac.ch\/wp-content\/uploads\/2014\/08\/tfk3b1bx-kit-installation-3-prises-aspirateur-cyclovac-ch.jpg","datePublished":"2014-08-23T13:14:30+00:00","dateModified":"2026-02-19T18:38:01+00:00","description":"Installationskit 3 Saugdosen Vollklappe, ohne PVC-Rohre","breadcrumb":{"@id":"https:\/\/aspirateur-cyclovac.ch\/de\/Shop\/kit-3-saugdosen-vollklappe-ohne-rohre\/#breadcrumb"},"inLanguage":"de","potentialAction":[{"@type":"ReadAction","target":["https:\/\/aspirateur-cyclovac.ch\/de\/Shop\/kit-3-saugdosen-vollklappe-ohne-rohre\/"]}]},{"@type":"ImageObject","inLanguage":"de","@id":"https:\/\/aspirateur-cyclovac.ch\/de\/Shop\/kit-3-saugdosen-vollklappe-ohne-rohre\/#primaryimage","url":"https:\/\/aspirateur-cyclovac.ch\/wp-content\/uploads\/2014\/08\/tfk3b1bx-kit-installation-3-prises-aspirateur-cyclovac-ch.jpg","contentUrl":"https:\/\/aspirateur-cyclovac.ch\/wp-content\/uploads\/2014\/08\/tfk3b1bx-kit-installation-3-prises-aspirateur-cyclovac-ch.jpg","width":500,"height":500,"caption":"Installationskit 3 Saugdosen ohne PVC"},{"@type":"BreadcrumbList","@id":"https:\/\/aspirateur-cyclovac.ch\/de\/Shop\/kit-3-saugdosen-vollklappe-ohne-rohre\/#breadcrumb","itemListElement":[{"@type":"ListItem","position":1,"name":"Startseite","item":"https:\/\/aspirateur-cyclovac.ch\/de\/"},{"@type":"ListItem","position":2,"name":"Shop","item":"https:\/\/aspirateur-cyclovac.ch\/de\/shop\/"},{"@type":"ListItem","position":3,"name":"Kit 3 Saugdosen Vollklappe, ohne Rohre"}]},{"@type":"WebSite","@id":"https:\/\/aspirateur-cyclovac.ch\/de\/#website","url":"https:\/\/aspirateur-cyclovac.ch\/de\/","name":"Aspirateur Central Cyclo Vac Suisse","description":"Aspiration centralis\u00e9e pour tous !","publisher":{"@id":"https:\/\/aspirateur-cyclovac.ch\/de\/#organization"},"potentialAction":[{"@type":"SearchAction","target":{"@type":"EntryPoint","urlTemplate":"https:\/\/aspirateur-cyclovac.ch\/de\/?s={search_term_string}"},"query-input":{"@type":"PropertyValueSpecification","valueRequired":true,"valueName":"search_term_string"}}],"inLanguage":"de"},{"@type":"Organization","@id":"https:\/\/aspirateur-cyclovac.ch\/de\/#organization","name":"SimplyVac S\u00e0rl","url":"https:\/\/aspirateur-cyclovac.ch\/de\/","logo":{"@type":"ImageObject","inLanguage":"de","@id":"https:\/\/aspirateur-cyclovac.ch\/de\/#\/schema\/logo\/image\/","url":"http:\/\/aspirateur-cyclovac.ch\/wp-content\/uploads\/2016\/11\/Logo-Bg_100.jpg","contentUrl":"http:\/\/aspirateur-cyclovac.ch\/wp-content\/uploads\/2016\/11\/Logo-Bg_100.jpg","width":100,"height":100,"caption":"SimplyVac S\u00e0rl"},"image":{"@id":"https:\/\/aspirateur-cyclovac.ch\/de\/#\/schema\/logo\/image\/"},"sameAs":["https:\/\/www.facebook.com\/cyclovacsuisse\/","https:\/\/x.com\/CycloVac_Suisse","https:\/\/www.instagram.com\/cyclo_vac_suisse\/","https:\/\/www.youtube.com\/channel\/UCXPmXj1HKX_o544r27GOL5w"]}]}},"_links":{"self":[{"href":"https:\/\/aspirateur-cyclovac.ch\/de\/wp-json\/wp\/v2\/product\/6370","targetHints":{"allow":["GET"]}}],"collection":[{"href":"https:\/\/aspirateur-cyclovac.ch\/de\/wp-json\/wp\/v2\/product"}],"about":[{"href":"https:\/\/aspirateur-cyclovac.ch\/de\/wp-json\/wp\/v2\/types\/product"}],"replies":[{"embeddable":true,"href":"https:\/\/aspirateur-cyclovac.ch\/de\/wp-json\/wp\/v2\/comments?post=6370"}],"wp:featuredmedia":[{"embeddable":true,"href":"https:\/\/aspirateur-cyclovac.ch\/de\/wp-json\/wp\/v2\/media\/6373"}],"wp:attachment":[{"href":"https:\/\/aspirateur-cyclovac.ch\/de\/wp-json\/wp\/v2\/media?parent=6370"}],"wp:term":[{"taxonomy":"product_brand","embeddable":true,"href":"https:\/\/aspirateur-cyclovac.ch\/de\/wp-json\/wp\/v2\/product_brand?post=6370"},{"taxonomy":"product_cat","embeddable":true,"href":"https:\/\/aspirateur-cyclovac.ch\/de\/wp-json\/wp\/v2\/product_cat?post=6370"},{"taxonomy":"product_tag","embeddable":true,"href":"https:\/\/aspirateur-cyclovac.ch\/de\/wp-json\/wp\/v2\/product_tag?post=6370"}],"curies":[{"name":"wp","href":"https:\/\/api.w.org\/{rel}","templated":true}]}}