{"id":6364,"date":"2014-08-23T15:28:11","date_gmt":"2014-08-23T13:28:11","guid":{"rendered":"https:\/\/aspirateur-cyclovac.ch\/produit\/set-mit-3-volltuer-steckdosen-rohre\/"},"modified":"2026-02-19T19:38:02","modified_gmt":"2026-02-19T18:38:02","slug":"set-mit-3-volltuer-steckdosen-rohre","status":"publish","type":"product","link":"https:\/\/aspirateur-cyclovac.ch\/de\/Shop\/set-mit-3-volltuer-steckdosen-rohre\/","title":{"rendered":"Set mit 3 Vollt\u00fcr-Steckdosen + Rohre"},"content":{"rendered":"<p>Wir empfehlen Ihnen dieses Installationskit, mit dem Sie Ihr Netzwerk mit hochwertigem Material nach dem Standard der Zentralstaubsauger-Technik und f\u00fcr optimale Leistung aufbauen k\u00f6nnen.<br \/>\nGeeignet sowohl f\u00fcr Privat- als auch f\u00fcr Gewerbekunden.<\/p>\n<p>enth\u00e4lt:<br \/>\n3 Vollt\u00fcr-Steckdosen<br \/>\n3 Montageplaten<br \/>\n7 PVC-Rohre \u00e0 2 m<br \/>\n8 lange 90\u00b0-B\u00f6gen<br \/>\n2 T-St\u00fccke 90\u00b0<br \/>\n3 kurze universelle 90\u00b0-Abzweigb\u00f6gen<br \/>\n6 45\u00b0-B\u00f6gen<br \/>\n10 Muffen<br \/>\n5 Rohrhalter<br \/>\n1 PVC-Kleber<br \/>\n15 m Niederspannungskabel<br \/>\n15 Befestigungsclips<br \/>\n1 Installationshandbuch<br \/>\nDie Vollt\u00fcr-Steckdosen sind in einer Auswahl an PVC-Oberfl\u00e4chen erh\u00e4ltlich: <a title=\"Vollt\u00fcr-Steckdose\" href=\"https:\/\/aspirateur-cyclovac.ch\/de\/Shop\/steckdosen-klappdeckel\/\"> Wei\u00df, Elfenbein, Mandel, Schwarz<\/a><br \/>\nEin Design-Look, unbestreitbare Qualit\u00e4t, zum fairen Preis.<\/p>\n","protected":false},"excerpt":{"rendered":"<h2>Installationsset mit 3 Vollt\u00fcr-Steckdosen, mit PVC-Rohren<\/h2>\n","protected":false},"featured_media":6366,"comment_status":"open","ping_status":"closed","template":"","meta":{"iawp_total_views":0},"product_brand":[],"product_cat":[792],"product_tag":[831,808,842],"class_list":{"0":"post-6364","1":"product","2":"type-product","3":"status-publish","4":"has-post-thumbnail","6":"product_cat-installation-und-anschluss","7":"product_tag-set","8":"product_tag-steckdose","9":"product_tag-volltuer","10":"product_shipping_class-ueber-1-m-30-kg","12":"first","13":"instock","14":"taxable","15":"shipping-taxable","16":"purchasable","17":"product-type-simple"},"yoast_head":"<!-- This site is optimized with the Yoast SEO plugin v27.0 - https:\/\/yoast.com\/product\/yoast-seo-wordpress\/ -->\n<title>Set mit 3 Vollt\u00fcr-Steckdosen + Rohre - Aspirateur Central Cyclo Vac Suisse<\/title>\n<meta name=\"description\" content=\"Installationsset mit 3 Vollt\u00fcr-Steckdosen, mit PVC-Rohren\" \/>\n<meta name=\"robots\" content=\"index, follow, max-snippet:-1, max-image-preview:large, max-video-preview:-1\" \/>\n<link rel=\"canonical\" href=\"https:\/\/aspirateur-cyclovac.ch\/de\/Shop\/set-mit-3-volltuer-steckdosen-rohre\/\" \/>\n<meta property=\"og:locale\" content=\"de_DE\" \/>\n<meta property=\"og:type\" content=\"article\" \/>\n<meta property=\"og:title\" content=\"Set mit 3 Vollt\u00fcr-Steckdosen + Rohre - Aspirateur Central Cyclo Vac Suisse\" \/>\n<meta property=\"og:description\" content=\"Installationsset mit 3 Vollt\u00fcr-Steckdosen, mit PVC-Rohren\" \/>\n<meta property=\"og:url\" content=\"https:\/\/aspirateur-cyclovac.ch\/de\/Shop\/set-mit-3-volltuer-steckdosen-rohre\/\" \/>\n<meta property=\"og:site_name\" content=\"Aspirateur Central Cyclo Vac Suisse\" \/>\n<meta property=\"article:publisher\" content=\"https:\/\/www.facebook.com\/cyclovacsuisse\/\" \/>\n<meta property=\"article:modified_time\" content=\"2026-02-19T18:38:02+00:00\" \/>\n<meta property=\"og:image\" content=\"https:\/\/aspirateur-cyclovac.ch\/wp-content\/uploads\/2014\/08\/tfk3b1bb-kit-installation-3-prises-aspirateur-cyclovac-ch.jpg\" \/>\n\t<meta property=\"og:image:width\" content=\"500\" \/>\n\t<meta property=\"og:image:height\" content=\"500\" \/>\n\t<meta property=\"og:image:type\" content=\"image\/jpeg\" \/>\n<meta name=\"twitter:card\" content=\"summary_large_image\" \/>\n<meta name=\"twitter:site\" content=\"@CycloVac_Suisse\" \/>\n<!-- \/ Yoast SEO plugin. -->","yoast_head_json":{"title":"Set mit 3 Vollt\u00fcr-Steckdosen + Rohre - Aspirateur Central Cyclo Vac Suisse","description":"Installationsset mit 3 Vollt\u00fcr-Steckdosen, mit PVC-Rohren","robots":{"index":"index","follow":"follow","max-snippet":"max-snippet:-1","max-image-preview":"max-image-preview:large","max-video-preview":"max-video-preview:-1"},"canonical":"https:\/\/aspirateur-cyclovac.ch\/de\/Shop\/set-mit-3-volltuer-steckdosen-rohre\/","og_locale":"de_DE","og_type":"article","og_title":"Set mit 3 Vollt\u00fcr-Steckdosen + Rohre - Aspirateur Central Cyclo Vac Suisse","og_description":"Installationsset mit 3 Vollt\u00fcr-Steckdosen, mit PVC-Rohren","og_url":"https:\/\/aspirateur-cyclovac.ch\/de\/Shop\/set-mit-3-volltuer-steckdosen-rohre\/","og_site_name":"Aspirateur Central Cyclo Vac Suisse","article_publisher":"https:\/\/www.facebook.com\/cyclovacsuisse\/","article_modified_time":"2026-02-19T18:38:02+00:00","og_image":[{"width":500,"height":500,"url":"https:\/\/aspirateur-cyclovac.ch\/wp-content\/uploads\/2014\/08\/tfk3b1bb-kit-installation-3-prises-aspirateur-cyclovac-ch.jpg","type":"image\/jpeg"}],"twitter_card":"summary_large_image","twitter_site":"@CycloVac_Suisse","schema":{"@context":"https:\/\/schema.org","@graph":[{"@type":"WebPage","@id":"https:\/\/aspirateur-cyclovac.ch\/de\/Shop\/set-mit-3-volltuer-steckdosen-rohre\/","url":"https:\/\/aspirateur-cyclovac.ch\/de\/Shop\/set-mit-3-volltuer-steckdosen-rohre\/","name":"Set mit 3 Vollt\u00fcr-Steckdosen + Rohre - Aspirateur Central Cyclo Vac Suisse","isPartOf":{"@id":"https:\/\/aspirateur-cyclovac.ch\/de\/#website"},"primaryImageOfPage":{"@id":"https:\/\/aspirateur-cyclovac.ch\/de\/Shop\/set-mit-3-volltuer-steckdosen-rohre\/#primaryimage"},"image":{"@id":"https:\/\/aspirateur-cyclovac.ch\/de\/Shop\/set-mit-3-volltuer-steckdosen-rohre\/#primaryimage"},"thumbnailUrl":"https:\/\/aspirateur-cyclovac.ch\/wp-content\/uploads\/2014\/08\/tfk3b1bb-kit-installation-3-prises-aspirateur-cyclovac-ch.jpg","datePublished":"2014-08-23T13:28:11+00:00","dateModified":"2026-02-19T18:38:02+00:00","description":"Installationsset mit 3 Vollt\u00fcr-Steckdosen, mit PVC-Rohren","breadcrumb":{"@id":"https:\/\/aspirateur-cyclovac.ch\/de\/Shop\/set-mit-3-volltuer-steckdosen-rohre\/#breadcrumb"},"inLanguage":"de","potentialAction":[{"@type":"ReadAction","target":["https:\/\/aspirateur-cyclovac.ch\/de\/Shop\/set-mit-3-volltuer-steckdosen-rohre\/"]}]},{"@type":"ImageObject","inLanguage":"de","@id":"https:\/\/aspirateur-cyclovac.ch\/de\/Shop\/set-mit-3-volltuer-steckdosen-rohre\/#primaryimage","url":"https:\/\/aspirateur-cyclovac.ch\/wp-content\/uploads\/2014\/08\/tfk3b1bb-kit-installation-3-prises-aspirateur-cyclovac-ch.jpg","contentUrl":"https:\/\/aspirateur-cyclovac.ch\/wp-content\/uploads\/2014\/08\/tfk3b1bb-kit-installation-3-prises-aspirateur-cyclovac-ch.jpg","width":500,"height":500,"caption":"Installationsset 3 Steckdosen mit PVC"},{"@type":"BreadcrumbList","@id":"https:\/\/aspirateur-cyclovac.ch\/de\/Shop\/set-mit-3-volltuer-steckdosen-rohre\/#breadcrumb","itemListElement":[{"@type":"ListItem","position":1,"name":"Startseite","item":"https:\/\/aspirateur-cyclovac.ch\/de\/"},{"@type":"ListItem","position":2,"name":"Shop","item":"https:\/\/aspirateur-cyclovac.ch\/de\/shop\/"},{"@type":"ListItem","position":3,"name":"Set mit 3 Vollt\u00fcr-Steckdosen + Rohre"}]},{"@type":"WebSite","@id":"https:\/\/aspirateur-cyclovac.ch\/de\/#website","url":"https:\/\/aspirateur-cyclovac.ch\/de\/","name":"Aspirateur Central Cyclo Vac Suisse","description":"Aspiration centralis\u00e9e pour tous !","publisher":{"@id":"https:\/\/aspirateur-cyclovac.ch\/de\/#organization"},"potentialAction":[{"@type":"SearchAction","target":{"@type":"EntryPoint","urlTemplate":"https:\/\/aspirateur-cyclovac.ch\/de\/?s={search_term_string}"},"query-input":{"@type":"PropertyValueSpecification","valueRequired":true,"valueName":"search_term_string"}}],"inLanguage":"de"},{"@type":"Organization","@id":"https:\/\/aspirateur-cyclovac.ch\/de\/#organization","name":"SimplyVac S\u00e0rl","url":"https:\/\/aspirateur-cyclovac.ch\/de\/","logo":{"@type":"ImageObject","inLanguage":"de","@id":"https:\/\/aspirateur-cyclovac.ch\/de\/#\/schema\/logo\/image\/","url":"http:\/\/aspirateur-cyclovac.ch\/wp-content\/uploads\/2016\/11\/Logo-Bg_100.jpg","contentUrl":"http:\/\/aspirateur-cyclovac.ch\/wp-content\/uploads\/2016\/11\/Logo-Bg_100.jpg","width":100,"height":100,"caption":"SimplyVac S\u00e0rl"},"image":{"@id":"https:\/\/aspirateur-cyclovac.ch\/de\/#\/schema\/logo\/image\/"},"sameAs":["https:\/\/www.facebook.com\/cyclovacsuisse\/","https:\/\/x.com\/CycloVac_Suisse","https:\/\/www.instagram.com\/cyclo_vac_suisse\/","https:\/\/www.youtube.com\/channel\/UCXPmXj1HKX_o544r27GOL5w"]}]}},"_links":{"self":[{"href":"https:\/\/aspirateur-cyclovac.ch\/de\/wp-json\/wp\/v2\/product\/6364","targetHints":{"allow":["GET"]}}],"collection":[{"href":"https:\/\/aspirateur-cyclovac.ch\/de\/wp-json\/wp\/v2\/product"}],"about":[{"href":"https:\/\/aspirateur-cyclovac.ch\/de\/wp-json\/wp\/v2\/types\/product"}],"replies":[{"embeddable":true,"href":"https:\/\/aspirateur-cyclovac.ch\/de\/wp-json\/wp\/v2\/comments?post=6364"}],"wp:featuredmedia":[{"embeddable":true,"href":"https:\/\/aspirateur-cyclovac.ch\/de\/wp-json\/wp\/v2\/media\/6366"}],"wp:attachment":[{"href":"https:\/\/aspirateur-cyclovac.ch\/de\/wp-json\/wp\/v2\/media?parent=6364"}],"wp:term":[{"taxonomy":"product_brand","embeddable":true,"href":"https:\/\/aspirateur-cyclovac.ch\/de\/wp-json\/wp\/v2\/product_brand?post=6364"},{"taxonomy":"product_cat","embeddable":true,"href":"https:\/\/aspirateur-cyclovac.ch\/de\/wp-json\/wp\/v2\/product_cat?post=6364"},{"taxonomy":"product_tag","embeddable":true,"href":"https:\/\/aspirateur-cyclovac.ch\/de\/wp-json\/wp\/v2\/product_tag?post=6364"}],"curies":[{"name":"wp","href":"https:\/\/api.w.org\/{rel}","templated":true}]}}