{"id":6360,"date":"2014-08-22T14:45:31","date_gmt":"2014-08-22T12:45:31","guid":{"rendered":"https:\/\/aspirateur-cyclovac.ch\/produit\/steckdosenrahmen-in-metalloptik\/"},"modified":"2026-02-19T19:38:06","modified_gmt":"2026-02-19T18:38:06","slug":"steckdosenrahmen-in-metalloptik","status":"publish","type":"product","link":"https:\/\/aspirateur-cyclovac.ch\/de\/Shop\/steckdosenrahmen-in-metalloptik\/","title":{"rendered":"Steckdosenrahmen in Metalloptik"},"content":{"rendered":"<p>Abdeckrahmen in Metalloptik f\u00fcr D\u00e9co Vac Zentralstaubsauger-Steckdosen.<\/p>\n<p>Sorgt f\u00fcr einen \u00e4sthetischen Abschluss bei der Installation einer D\u00e9co Vac Steckdose in Metalloptik.<\/p>\n<p>Kann bei Bedarf auch Wandunebenheiten um die D\u00e9co Vac Steckdose herum kaschieren.<\/p>\n<p>Erh\u00e4ltlich in verschiedenen Oberfl\u00e4chen und Farben: Chrom, Edelstahl, Antik-Kupfer und poliertes Messing.<\/p>\n","protected":false},"excerpt":{"rendered":"<h2>D\u00e9co Vac Steckdosenrahmen in Metalloptik<\/h2>\n","protected":false},"featured_media":5493,"comment_status":"open","ping_status":"closed","template":"","meta":{"iawp_total_views":1},"product_brand":[],"product_cat":[807],"product_tag":[794,838,808],"class_list":{"0":"post-6360","1":"product","2":"type-product","3":"status-publish","4":"has-post-thumbnail","6":"product_cat-steckdose","7":"product_tag-deco-vac","8":"product_tag-rahmen","9":"product_tag-steckdose","11":"first","12":"instock","13":"taxable","14":"shipping-taxable","15":"purchasable","16":"product-type-variable","17":"has-default-attributes"},"yoast_head":"<!-- This site is optimized with the Yoast SEO plugin v27.0 - https:\/\/yoast.com\/product\/yoast-seo-wordpress\/ -->\n<title>Steckdosenrahmen in Metalloptik - Aspirateur Central Cyclo Vac Suisse<\/title>\n<meta name=\"description\" content=\"D\u00e9co Vac Steckdosenrahmen in Metalloptik\" \/>\n<meta name=\"robots\" content=\"index, follow, max-snippet:-1, max-image-preview:large, max-video-preview:-1\" \/>\n<link rel=\"canonical\" href=\"https:\/\/aspirateur-cyclovac.ch\/de\/Shop\/steckdosenrahmen-in-metalloptik\/\" \/>\n<meta property=\"og:locale\" content=\"de_DE\" \/>\n<meta property=\"og:type\" content=\"article\" \/>\n<meta property=\"og:title\" content=\"Steckdosenrahmen in Metalloptik - Aspirateur Central Cyclo Vac Suisse\" \/>\n<meta property=\"og:description\" content=\"D\u00e9co Vac Steckdosenrahmen in Metalloptik\" \/>\n<meta property=\"og:url\" content=\"https:\/\/aspirateur-cyclovac.ch\/de\/Shop\/steckdosenrahmen-in-metalloptik\/\" \/>\n<meta property=\"og:site_name\" content=\"Aspirateur Central Cyclo Vac Suisse\" \/>\n<meta property=\"article:publisher\" content=\"https:\/\/www.facebook.com\/cyclovacsuisse\/\" \/>\n<meta property=\"article:modified_time\" content=\"2026-02-19T18:38:06+00:00\" \/>\n<meta property=\"og:image\" content=\"https:\/\/aspirateur-cyclovac.ch\/wp-content\/uploads\/2014\/08\/tf030151-cadre-prise-deco-va-metal-aspirateur-cyclovac-ch.jpg\" \/>\n\t<meta property=\"og:image:width\" content=\"500\" \/>\n\t<meta property=\"og:image:height\" content=\"500\" \/>\n\t<meta property=\"og:image:type\" content=\"image\/jpeg\" \/>\n<meta name=\"twitter:card\" content=\"summary_large_image\" \/>\n<meta name=\"twitter:site\" content=\"@CycloVac_Suisse\" \/>\n<!-- \/ Yoast SEO plugin. -->","yoast_head_json":{"title":"Steckdosenrahmen in Metalloptik - Aspirateur Central Cyclo Vac Suisse","description":"D\u00e9co Vac Steckdosenrahmen in Metalloptik","robots":{"index":"index","follow":"follow","max-snippet":"max-snippet:-1","max-image-preview":"max-image-preview:large","max-video-preview":"max-video-preview:-1"},"canonical":"https:\/\/aspirateur-cyclovac.ch\/de\/Shop\/steckdosenrahmen-in-metalloptik\/","og_locale":"de_DE","og_type":"article","og_title":"Steckdosenrahmen in Metalloptik - Aspirateur Central Cyclo Vac Suisse","og_description":"D\u00e9co Vac Steckdosenrahmen in Metalloptik","og_url":"https:\/\/aspirateur-cyclovac.ch\/de\/Shop\/steckdosenrahmen-in-metalloptik\/","og_site_name":"Aspirateur Central Cyclo Vac Suisse","article_publisher":"https:\/\/www.facebook.com\/cyclovacsuisse\/","article_modified_time":"2026-02-19T18:38:06+00:00","og_image":[{"width":500,"height":500,"url":"https:\/\/aspirateur-cyclovac.ch\/wp-content\/uploads\/2014\/08\/tf030151-cadre-prise-deco-va-metal-aspirateur-cyclovac-ch.jpg","type":"image\/jpeg"}],"twitter_card":"summary_large_image","twitter_site":"@CycloVac_Suisse","schema":{"@context":"https:\/\/schema.org","@graph":[{"@type":"WebPage","@id":"https:\/\/aspirateur-cyclovac.ch\/de\/Shop\/steckdosenrahmen-in-metalloptik\/","url":"https:\/\/aspirateur-cyclovac.ch\/de\/Shop\/steckdosenrahmen-in-metalloptik\/","name":"Steckdosenrahmen in Metalloptik - Aspirateur Central Cyclo Vac Suisse","isPartOf":{"@id":"https:\/\/aspirateur-cyclovac.ch\/de\/#website"},"primaryImageOfPage":{"@id":"https:\/\/aspirateur-cyclovac.ch\/de\/Shop\/steckdosenrahmen-in-metalloptik\/#primaryimage"},"image":{"@id":"https:\/\/aspirateur-cyclovac.ch\/de\/Shop\/steckdosenrahmen-in-metalloptik\/#primaryimage"},"thumbnailUrl":"https:\/\/aspirateur-cyclovac.ch\/wp-content\/uploads\/2014\/08\/tf030151-cadre-prise-deco-va-metal-aspirateur-cyclovac-ch.jpg","datePublished":"2014-08-22T12:45:31+00:00","dateModified":"2026-02-19T18:38:06+00:00","description":"D\u00e9co Vac Steckdosenrahmen in Metalloptik","breadcrumb":{"@id":"https:\/\/aspirateur-cyclovac.ch\/de\/Shop\/steckdosenrahmen-in-metalloptik\/#breadcrumb"},"inLanguage":"de","potentialAction":[{"@type":"ReadAction","target":["https:\/\/aspirateur-cyclovac.ch\/de\/Shop\/steckdosenrahmen-in-metalloptik\/"]}]},{"@type":"ImageObject","inLanguage":"de","@id":"https:\/\/aspirateur-cyclovac.ch\/de\/Shop\/steckdosenrahmen-in-metalloptik\/#primaryimage","url":"https:\/\/aspirateur-cyclovac.ch\/wp-content\/uploads\/2014\/08\/tf030151-cadre-prise-deco-va-metal-aspirateur-cyclovac-ch.jpg","contentUrl":"https:\/\/aspirateur-cyclovac.ch\/wp-content\/uploads\/2014\/08\/tf030151-cadre-prise-deco-va-metal-aspirateur-cyclovac-ch.jpg","width":500,"height":500,"caption":"D\u00e9co Vac Steckdosenrahmen Metalloptik Chrom"},{"@type":"BreadcrumbList","@id":"https:\/\/aspirateur-cyclovac.ch\/de\/Shop\/steckdosenrahmen-in-metalloptik\/#breadcrumb","itemListElement":[{"@type":"ListItem","position":1,"name":"Startseite","item":"https:\/\/aspirateur-cyclovac.ch\/de\/"},{"@type":"ListItem","position":2,"name":"Shop","item":"https:\/\/aspirateur-cyclovac.ch\/de\/shop\/"},{"@type":"ListItem","position":3,"name":"Steckdosenrahmen in Metalloptik"}]},{"@type":"WebSite","@id":"https:\/\/aspirateur-cyclovac.ch\/de\/#website","url":"https:\/\/aspirateur-cyclovac.ch\/de\/","name":"Aspirateur Central Cyclo Vac Suisse","description":"Aspiration centralis\u00e9e pour tous !","publisher":{"@id":"https:\/\/aspirateur-cyclovac.ch\/de\/#organization"},"potentialAction":[{"@type":"SearchAction","target":{"@type":"EntryPoint","urlTemplate":"https:\/\/aspirateur-cyclovac.ch\/de\/?s={search_term_string}"},"query-input":{"@type":"PropertyValueSpecification","valueRequired":true,"valueName":"search_term_string"}}],"inLanguage":"de"},{"@type":"Organization","@id":"https:\/\/aspirateur-cyclovac.ch\/de\/#organization","name":"SimplyVac S\u00e0rl","url":"https:\/\/aspirateur-cyclovac.ch\/de\/","logo":{"@type":"ImageObject","inLanguage":"de","@id":"https:\/\/aspirateur-cyclovac.ch\/de\/#\/schema\/logo\/image\/","url":"http:\/\/aspirateur-cyclovac.ch\/wp-content\/uploads\/2016\/11\/Logo-Bg_100.jpg","contentUrl":"http:\/\/aspirateur-cyclovac.ch\/wp-content\/uploads\/2016\/11\/Logo-Bg_100.jpg","width":100,"height":100,"caption":"SimplyVac S\u00e0rl"},"image":{"@id":"https:\/\/aspirateur-cyclovac.ch\/de\/#\/schema\/logo\/image\/"},"sameAs":["https:\/\/www.facebook.com\/cyclovacsuisse\/","https:\/\/x.com\/CycloVac_Suisse","https:\/\/www.instagram.com\/cyclo_vac_suisse\/","https:\/\/www.youtube.com\/channel\/UCXPmXj1HKX_o544r27GOL5w"]}]}},"_links":{"self":[{"href":"https:\/\/aspirateur-cyclovac.ch\/de\/wp-json\/wp\/v2\/product\/6360","targetHints":{"allow":["GET"]}}],"collection":[{"href":"https:\/\/aspirateur-cyclovac.ch\/de\/wp-json\/wp\/v2\/product"}],"about":[{"href":"https:\/\/aspirateur-cyclovac.ch\/de\/wp-json\/wp\/v2\/types\/product"}],"replies":[{"embeddable":true,"href":"https:\/\/aspirateur-cyclovac.ch\/de\/wp-json\/wp\/v2\/comments?post=6360"}],"wp:featuredmedia":[{"embeddable":true,"href":"https:\/\/aspirateur-cyclovac.ch\/de\/wp-json\/wp\/v2\/media\/5493"}],"wp:attachment":[{"href":"https:\/\/aspirateur-cyclovac.ch\/de\/wp-json\/wp\/v2\/media?parent=6360"}],"wp:term":[{"taxonomy":"product_brand","embeddable":true,"href":"https:\/\/aspirateur-cyclovac.ch\/de\/wp-json\/wp\/v2\/product_brand?post=6360"},{"taxonomy":"product_cat","embeddable":true,"href":"https:\/\/aspirateur-cyclovac.ch\/de\/wp-json\/wp\/v2\/product_cat?post=6360"},{"taxonomy":"product_tag","embeddable":true,"href":"https:\/\/aspirateur-cyclovac.ch\/de\/wp-json\/wp\/v2\/product_tag?post=6360"}],"curies":[{"name":"wp","href":"https:\/\/api.w.org\/{rel}","templated":true}]}}