{"id":6325,"date":"2014-08-30T23:58:33","date_gmt":"2014-08-30T21:58:33","guid":{"rendered":"https:\/\/aspirateur-cyclovac.ch\/produit\/vroom-einzugsschlauch\/"},"modified":"2026-02-19T19:37:58","modified_gmt":"2026-02-19T18:37:58","slug":"vroom-einzugsschlauch","status":"publish","type":"product","link":"https:\/\/aspirateur-cyclovac.ch\/de\/Shop\/vroom-einzugsschlauch\/","title":{"rendered":"Vroom Einzugsschlauch"},"content":{"rendered":"<p><span style=\"display: block; text-align: left;\"><span class=\"verdana grisFonce douze\"><b>Vroom<\/b> ist ein Einzugsschlauch, der mit allen Zentralstaubsaugeranlagen kompatibel ist.<\/span><\/span><\/p>\n<p>Er kann in neue Sauganlagen, aber auch in bestehende Systeme integriert werden, insbesondere wenn bereits eine Sockeleinkehrd\u00fcse Modell <a href=\"https:\/\/aspirateur-cyclovac.ch\/boutique\/ramasse-miettes\/\">Kehrschaufel<\/a> vorhanden ist, was den Anschluss an das Netz erleichtert.<\/p>\n<p><span style=\"display: block; text-align: left;\"><span class=\"verdana grisFonce douze\">Mit seinem Schlauch, der sich bis auf 7,3 Meter ausziehen l\u00e4sst und sich automatisch in seine Halterung einzieht, ist <b>Vroom<\/b> ideal f\u00fcr die schnelle Reinigung kleiner Fl\u00e4chen und Staub an schwer zug\u00e4nglichen Stellen in Ihrem Haus wie K\u00fcchen, B\u00e4dern, Waschk\u00fcchen und Garagen. <\/span><\/span><br \/>\nEr ist f\u00fcr Ihre t\u00e4gliche Reinigung permanent verf\u00fcgbar. Nehmen Sie einfach den Schlauch in die Hand, <b>Vroom<\/b> wird automatisch aktiviert und Sie sind bereit f\u00fcr die Reinigung. Das System stoppt, wenn der Schlauch in seine Position zur\u00fcckkehrt.  <\/p>\n<p>Im Reinigungsbereich installiert, erspart er Ihnen das Hervorholen des langen Zentralstaubsaugerschlauchs bei kleinen Verschmutzungen.<\/p>\n<p>Weder Staubsauger noch Besen sind n\u00f6tig, der <strong>Vroom<\/strong> erledigt die Arbeit beider Zubeh\u00f6rteile. Dieses innovative Produkt wird Ihre Art zu reinigen revolutionieren. <\/p>\n<p>Der Schlauch ist dehnbar, damit er nicht am Boden schleift.<\/p>\n<div class=\"embed-container\"><iframe loading=\"lazy\" src=\"http:\/\/www.youtube.com\/embed\/3IwW9zT02AM\" width=\"320\" height=\"240\" frameborder=\"0\" allowfullscreen=\"allowfullscreen\"><\/iframe><\/div>\n<p>Vroom l\u00e4sst sich \u00fcberall einfach installieren; er ist immer da, wo Sie ihn brauchen, aber gut versteckt, wenn er nicht ben\u00f6tigt wird.<\/p>\n<p>Er ist das perfekte Werkzeug f\u00fcr den t\u00e4glichen Gebrauch, wenn es schnell gehen muss.<\/p>\n<p>Das verstellbare <a href=\"https:\/\/aspirateur-cyclovac.ch\/boutique\/manchon-telescopique-plastique\/\">Teleskop-Saugrohr<\/a>, das Teil jedes <b>VROOM <\/b>Systems ist, erm\u00f6glicht Ihnen eine m\u00fchelose Reinigung.<br \/>\n<b>VROOM<\/b> kann in einfache K\u00fcchenm\u00f6bel eingebaut werden und l\u00e4sst sich an alle Zentralstaubsaugersysteme anschlie\u00dfen.<\/p>\n<p><span style=\"display: block; text-align: left;\">Seine Abmessungen betragen: <span id=\"texte_description_fiche_produit\" style=\"display: block; text-align: left;\"><b>Tiefe:<\/b> 55,24 cm \/ <b>H\u00f6he:<\/b> 39,36 cm \/ <b>Breite:<\/b> 7,7 cm<\/span><\/span><\/p>\n<p>Anschlussstecker \u00d8 51 mm, Standardzubeh\u00f6r \u00d8 32 mm.<\/p>\n<h4>Montageanleitung und Bedienungsanleitung <a href=\"http:\/\/aspirateur-cyclovac.ch\/pdf\/vroom-montage-et-notice-utilisation.pdf\" target=\"_blank\" rel=\"noopener noreferrer\">hier<\/a><\/h4>\n<p>&nbsp;<\/p>\n<h3><strong>Vroom Zubeh\u00f6r inklusive<br \/>\n<\/strong><\/h3>\n<p>Der Vroom wird mit einem <a href=\"https:\/\/aspirateur-cyclovac.ch\/boutique\/manchon-telescopique-plastique\/\">Teleskop-Saugrohr<\/a>, einer <a href=\"https:\/\/aspirateur-cyclovac.ch\/boutique\/brosse-rectangulaire-deux-positions\/\">rechteckigen Kombid\u00fcse <\/a>und einem Schlauchhandgriff geliefert, der als Fugend\u00fcse verwendet werden kann. Dieses Zubeh\u00f6r erm\u00f6glicht das Reinigen im Handumdrehen. <\/p>\n<ul>\n<li><strong><a href=\"https:\/\/aspirateur-cyclovac.ch\/boutique\/manchon-telescopique-plastique\/\">Teleskopmuffe<\/a><br \/>\n<\/strong>Sie erm\u00f6glicht es, die Rohrl\u00e4nge f\u00fcr jede Reinigungsaufgabe anzupassen (von 48 cm bis 78 cm).<\/li>\n<li><strong>Fugend\u00fcse \/ Schlauchgriff<br \/>\n<\/strong>Nutzen Sie den Schlauchgriff als Fugend\u00fcse, um trockenen Staub auf allen Oberfl\u00e4chen in K\u00fcche, Bad, Waschk\u00fcche oder Garage zu entfernen.<\/li>\n<li><strong><a href=\"https:\/\/aspirateur-cyclovac.ch\/boutique\/brosse-rectangulaire-deux-positions\/\">Rechteckige Kombid\u00fcse<\/a><br \/>\n<\/strong>Reinigen Sie Fu\u00dfmatten, Teppiche, Fliesen oder B\u00f6den ganz einfach. Stecken Sie die B\u00fcrste einfach auf das Schlauchende \u2013 ein Kinderspiel.<br \/>\nNutzen Sie die Borsten-Einstellung f\u00fcr Hartb\u00f6den und die glatte Einstellung f\u00fcr kleine Teppiche, L\u00e4ufer oder Polster. <\/li>\n<\/ul>\n<p><em>1 Jahr Garantie<\/em><\/p>\n","protected":false},"excerpt":{"rendered":"<p>Vroom ist ein Einzugsschlauch, der mit allen Zentralstaubsaugeranlagen kompatibel ist. Er kann in neue Sauganlagen, aber auch in bestehende Systeme integriert werden, insbesondere wenn bereits eine Sockeleinkehrd\u00fcse Modell Kehrschaufel vorhanden ist, was den Anschluss an das Netz erleichtert. Mit seinem Schlauch, der sich bis auf&#8230;<\/p>\n","protected":false},"featured_media":6331,"comment_status":"open","ping_status":"closed","template":"","meta":{"iawp_total_views":2},"product_brand":[],"product_cat":[789,797],"product_tag":[833,832,836],"class_list":{"0":"post-6325","1":"product","2":"type-product","3":"status-publish","4":"has-post-thumbnail","6":"product_cat-unkategorisiert","7":"product_cat-schlauch-flex","8":"product_tag-ausziehbarer-flexschlauch","9":"product_tag-ausziehbarer-schlauch","10":"product_tag-vroom","12":"first","13":"instock","14":"taxable","15":"shipping-taxable","16":"purchasable","17":"product-type-simple"},"yoast_head":"<!-- This site is optimized with the Yoast SEO plugin v27.0 - https:\/\/yoast.com\/product\/yoast-seo-wordpress\/ -->\n<title>Vroom Einzugsschlauch - Aspirateur Central Cyclo Vac Suisse<\/title>\n<meta name=\"description\" content=\"Der Vroom ist ein Einzugsschlauch, der mit allen Zentralstaubsaugeranlagen kompatibel ist. Ein Besen wird \u00fcberfl\u00fcssig.\" \/>\n<meta name=\"robots\" content=\"index, follow, max-snippet:-1, max-image-preview:large, max-video-preview:-1\" \/>\n<link rel=\"canonical\" href=\"https:\/\/aspirateur-cyclovac.ch\/de\/Shop\/vroom-einzugsschlauch\/\" \/>\n<meta property=\"og:locale\" content=\"de_DE\" \/>\n<meta property=\"og:type\" content=\"article\" \/>\n<meta property=\"og:title\" content=\"Vroom Einzugsschlauch - Aspirateur Central Cyclo Vac Suisse\" \/>\n<meta property=\"og:description\" content=\"Der Vroom ist ein Einzugsschlauch, der mit allen Zentralstaubsaugeranlagen kompatibel ist. Ein Besen wird \u00fcberfl\u00fcssig.\" \/>\n<meta property=\"og:url\" content=\"https:\/\/aspirateur-cyclovac.ch\/de\/Shop\/vroom-einzugsschlauch\/\" \/>\n<meta property=\"og:site_name\" content=\"Aspirateur Central Cyclo Vac Suisse\" \/>\n<meta property=\"article:publisher\" content=\"https:\/\/www.facebook.com\/cyclovacsuisse\/\" \/>\n<meta property=\"article:modified_time\" content=\"2026-02-19T18:37:58+00:00\" \/>\n<meta property=\"og:image\" content=\"https:\/\/aspirateur-cyclovac.ch\/wp-content\/uploads\/2014\/08\/Vroom3.jpg\" \/>\n\t<meta property=\"og:image:width\" content=\"500\" \/>\n\t<meta property=\"og:image:height\" content=\"500\" \/>\n\t<meta property=\"og:image:type\" content=\"image\/jpeg\" \/>\n<meta name=\"twitter:card\" content=\"summary_large_image\" \/>\n<meta name=\"twitter:site\" content=\"@CycloVac_Suisse\" \/>\n<meta name=\"twitter:label1\" content=\"Gesch\u00e4tzte Lesezeit\" \/>\n\t<meta name=\"twitter:data1\" content=\"2 Minute\" \/>\n<!-- \/ Yoast SEO plugin. -->","yoast_head_json":{"title":"Vroom Einzugsschlauch - Aspirateur Central Cyclo Vac Suisse","description":"Der Vroom ist ein Einzugsschlauch, der mit allen Zentralstaubsaugeranlagen kompatibel ist. Ein Besen wird \u00fcberfl\u00fcssig.","robots":{"index":"index","follow":"follow","max-snippet":"max-snippet:-1","max-image-preview":"max-image-preview:large","max-video-preview":"max-video-preview:-1"},"canonical":"https:\/\/aspirateur-cyclovac.ch\/de\/Shop\/vroom-einzugsschlauch\/","og_locale":"de_DE","og_type":"article","og_title":"Vroom Einzugsschlauch - Aspirateur Central Cyclo Vac Suisse","og_description":"Der Vroom ist ein Einzugsschlauch, der mit allen Zentralstaubsaugeranlagen kompatibel ist. Ein Besen wird \u00fcberfl\u00fcssig.","og_url":"https:\/\/aspirateur-cyclovac.ch\/de\/Shop\/vroom-einzugsschlauch\/","og_site_name":"Aspirateur Central Cyclo Vac Suisse","article_publisher":"https:\/\/www.facebook.com\/cyclovacsuisse\/","article_modified_time":"2026-02-19T18:37:58+00:00","og_image":[{"width":500,"height":500,"url":"https:\/\/aspirateur-cyclovac.ch\/wp-content\/uploads\/2014\/08\/Vroom3.jpg","type":"image\/jpeg"}],"twitter_card":"summary_large_image","twitter_site":"@CycloVac_Suisse","twitter_misc":{"Gesch\u00e4tzte Lesezeit":"2 Minute"},"schema":{"@context":"https:\/\/schema.org","@graph":[{"@type":"WebPage","@id":"https:\/\/aspirateur-cyclovac.ch\/de\/Shop\/vroom-einzugsschlauch\/","url":"https:\/\/aspirateur-cyclovac.ch\/de\/Shop\/vroom-einzugsschlauch\/","name":"Vroom Einzugsschlauch - Aspirateur Central Cyclo Vac Suisse","isPartOf":{"@id":"https:\/\/aspirateur-cyclovac.ch\/de\/#website"},"primaryImageOfPage":{"@id":"https:\/\/aspirateur-cyclovac.ch\/de\/Shop\/vroom-einzugsschlauch\/#primaryimage"},"image":{"@id":"https:\/\/aspirateur-cyclovac.ch\/de\/Shop\/vroom-einzugsschlauch\/#primaryimage"},"thumbnailUrl":"https:\/\/aspirateur-cyclovac.ch\/wp-content\/uploads\/2014\/08\/Vroom3.jpg","datePublished":"2014-08-30T21:58:33+00:00","dateModified":"2026-02-19T18:37:58+00:00","description":"Der Vroom ist ein Einzugsschlauch, der mit allen Zentralstaubsaugeranlagen kompatibel ist. Ein Besen wird \u00fcberfl\u00fcssig.","breadcrumb":{"@id":"https:\/\/aspirateur-cyclovac.ch\/de\/Shop\/vroom-einzugsschlauch\/#breadcrumb"},"inLanguage":"de","potentialAction":[{"@type":"ReadAction","target":["https:\/\/aspirateur-cyclovac.ch\/de\/Shop\/vroom-einzugsschlauch\/"]}]},{"@type":"ImageObject","inLanguage":"de","@id":"https:\/\/aspirateur-cyclovac.ch\/de\/Shop\/vroom-einzugsschlauch\/#primaryimage","url":"https:\/\/aspirateur-cyclovac.ch\/wp-content\/uploads\/2014\/08\/Vroom3.jpg","contentUrl":"https:\/\/aspirateur-cyclovac.ch\/wp-content\/uploads\/2014\/08\/Vroom3.jpg","width":500,"height":500,"caption":"Vroom"},{"@type":"BreadcrumbList","@id":"https:\/\/aspirateur-cyclovac.ch\/de\/Shop\/vroom-einzugsschlauch\/#breadcrumb","itemListElement":[{"@type":"ListItem","position":1,"name":"Startseite","item":"https:\/\/aspirateur-cyclovac.ch\/de\/"},{"@type":"ListItem","position":2,"name":"Shop","item":"https:\/\/aspirateur-cyclovac.ch\/de\/shop\/"},{"@type":"ListItem","position":3,"name":"Vroom Einzugsschlauch"}]},{"@type":"WebSite","@id":"https:\/\/aspirateur-cyclovac.ch\/de\/#website","url":"https:\/\/aspirateur-cyclovac.ch\/de\/","name":"Aspirateur Central Cyclo Vac Suisse","description":"Aspiration centralis\u00e9e pour tous !","publisher":{"@id":"https:\/\/aspirateur-cyclovac.ch\/de\/#organization"},"potentialAction":[{"@type":"SearchAction","target":{"@type":"EntryPoint","urlTemplate":"https:\/\/aspirateur-cyclovac.ch\/de\/?s={search_term_string}"},"query-input":{"@type":"PropertyValueSpecification","valueRequired":true,"valueName":"search_term_string"}}],"inLanguage":"de"},{"@type":"Organization","@id":"https:\/\/aspirateur-cyclovac.ch\/de\/#organization","name":"SimplyVac S\u00e0rl","url":"https:\/\/aspirateur-cyclovac.ch\/de\/","logo":{"@type":"ImageObject","inLanguage":"de","@id":"https:\/\/aspirateur-cyclovac.ch\/de\/#\/schema\/logo\/image\/","url":"http:\/\/aspirateur-cyclovac.ch\/wp-content\/uploads\/2016\/11\/Logo-Bg_100.jpg","contentUrl":"http:\/\/aspirateur-cyclovac.ch\/wp-content\/uploads\/2016\/11\/Logo-Bg_100.jpg","width":100,"height":100,"caption":"SimplyVac S\u00e0rl"},"image":{"@id":"https:\/\/aspirateur-cyclovac.ch\/de\/#\/schema\/logo\/image\/"},"sameAs":["https:\/\/www.facebook.com\/cyclovacsuisse\/","https:\/\/x.com\/CycloVac_Suisse","https:\/\/www.instagram.com\/cyclo_vac_suisse\/","https:\/\/www.youtube.com\/channel\/UCXPmXj1HKX_o544r27GOL5w"]}]}},"_links":{"self":[{"href":"https:\/\/aspirateur-cyclovac.ch\/de\/wp-json\/wp\/v2\/product\/6325","targetHints":{"allow":["GET"]}}],"collection":[{"href":"https:\/\/aspirateur-cyclovac.ch\/de\/wp-json\/wp\/v2\/product"}],"about":[{"href":"https:\/\/aspirateur-cyclovac.ch\/de\/wp-json\/wp\/v2\/types\/product"}],"replies":[{"embeddable":true,"href":"https:\/\/aspirateur-cyclovac.ch\/de\/wp-json\/wp\/v2\/comments?post=6325"}],"wp:featuredmedia":[{"embeddable":true,"href":"https:\/\/aspirateur-cyclovac.ch\/de\/wp-json\/wp\/v2\/media\/6331"}],"wp:attachment":[{"href":"https:\/\/aspirateur-cyclovac.ch\/de\/wp-json\/wp\/v2\/media?parent=6325"}],"wp:term":[{"taxonomy":"product_brand","embeddable":true,"href":"https:\/\/aspirateur-cyclovac.ch\/de\/wp-json\/wp\/v2\/product_brand?post=6325"},{"taxonomy":"product_cat","embeddable":true,"href":"https:\/\/aspirateur-cyclovac.ch\/de\/wp-json\/wp\/v2\/product_cat?post=6325"},{"taxonomy":"product_tag","embeddable":true,"href":"https:\/\/aspirateur-cyclovac.ch\/de\/wp-json\/wp\/v2\/product_tag?post=6325"}],"curies":[{"name":"wp","href":"https:\/\/api.w.org\/{rel}","templated":true}]}}