{"id":6324,"date":"2014-08-23T18:03:27","date_gmt":"2014-08-23T16:03:27","guid":{"rendered":"https:\/\/aspirateur-cyclovac.ch\/produit\/90-kurzbogen-deco-vac\/"},"modified":"2026-02-19T19:38:03","modified_gmt":"2026-02-19T18:38:03","slug":"90-kurzbogen-deco-vac","status":"publish","type":"product","link":"https:\/\/aspirateur-cyclovac.ch\/de\/Shop\/90-kurzbogen-deco-vac\/","title":{"rendered":"90\u00b0-Kurzbogen D\u00e9co Vac"},"content":{"rendered":"<p><span style=\"color: #000000;\"><strong><span style=\"text-decoration: underline;\">Tipp:<\/span><\/strong><\/span><\/p>\n<p>Wenn m\u00f6glich, empfehle ich, diesen 90\u00b0-Kurzbogen hinter der<a title=\"D\u00e9co Vac Montageplatte aus Kunststoff, universell\" href=\"https:\/\/aspirateur-cyclovac.ch\/de\/Shop\/deco-vac-montageplatte\/\"> Montageplatte<\/a> der Steckdose zu platzieren.<br \/>\nEr verhindert, dass lange Gegenst\u00e4nde, die Sie ansaugen k\u00f6nnten, weiter in der Installation stecken bleiben.<br \/>\nJeder Gegenstand, der diesen Kurzbogen passieren kann, durchl\u00e4uft das gesamte System problemlos, da die Rohre einen gr\u00f6\u00dferen Durchmesser als der Einlass der Steckdose haben. Alle anderen B\u00f6gen im restlichen System haben einen gr\u00f6\u00dferen Kr\u00fcmmungsradius. <\/p>\n<p>ACHTUNG: Verwenden Sie diesen Bogen niemals im restlichen System, au\u00dfer am Anfang jeder Steckdose.<\/p>\n","protected":false},"excerpt":{"rendered":"<h2>90\u00b0-Kurzbogen D\u00e9co Vac<\/h2>\n","protected":false},"featured_media":6326,"comment_status":"open","ping_status":"closed","template":"","meta":{"iawp_total_views":0},"product_brand":[],"product_cat":[792],"product_tag":[803,794],"class_list":{"0":"post-6324","1":"product","2":"type-product","3":"status-publish","4":"has-post-thumbnail","6":"product_cat-installation-und-anschluss","7":"product_tag-bogen","8":"product_tag-deco-vac","10":"first","11":"instock","12":"taxable","13":"shipping-taxable","14":"purchasable","15":"product-type-simple"},"yoast_head":"<!-- This site is optimized with the Yoast SEO plugin v27.0 - https:\/\/yoast.com\/product\/yoast-seo-wordpress\/ -->\n<title>90\u00b0-Kurzbogen D\u00e9co Vac - Aspirateur Central Cyclo Vac Suisse<\/title>\n<meta name=\"description\" content=\"90\u00b0-Kurzbogen D\u00e9co Vac\" \/>\n<meta name=\"robots\" content=\"index, follow, max-snippet:-1, max-image-preview:large, max-video-preview:-1\" \/>\n<link rel=\"canonical\" href=\"https:\/\/aspirateur-cyclovac.ch\/de\/Shop\/90-kurzbogen-deco-vac\/\" \/>\n<meta property=\"og:locale\" content=\"de_DE\" \/>\n<meta property=\"og:type\" content=\"article\" \/>\n<meta property=\"og:title\" content=\"90\u00b0-Kurzbogen D\u00e9co Vac - Aspirateur Central Cyclo Vac Suisse\" \/>\n<meta property=\"og:description\" content=\"90\u00b0-Kurzbogen D\u00e9co Vac\" \/>\n<meta property=\"og:url\" content=\"https:\/\/aspirateur-cyclovac.ch\/de\/Shop\/90-kurzbogen-deco-vac\/\" \/>\n<meta property=\"og:site_name\" content=\"Aspirateur Central Cyclo Vac Suisse\" \/>\n<meta property=\"article:publisher\" content=\"https:\/\/www.facebook.com\/cyclovacsuisse\/\" \/>\n<meta property=\"article:modified_time\" content=\"2026-02-19T18:38:03+00:00\" \/>\n<meta property=\"og:image\" content=\"https:\/\/aspirateur-cyclovac.ch\/wp-content\/uploads\/2014\/08\/tf0006bv-central-aspirateur-cyclovac-ch.jpg\" \/>\n\t<meta property=\"og:image:width\" content=\"500\" \/>\n\t<meta property=\"og:image:height\" content=\"500\" \/>\n\t<meta property=\"og:image:type\" content=\"image\/jpeg\" \/>\n<meta name=\"twitter:card\" content=\"summary_large_image\" \/>\n<meta name=\"twitter:site\" content=\"@CycloVac_Suisse\" \/>\n<!-- \/ Yoast SEO plugin. -->","yoast_head_json":{"title":"90\u00b0-Kurzbogen D\u00e9co Vac - Aspirateur Central Cyclo Vac Suisse","description":"90\u00b0-Kurzbogen D\u00e9co Vac","robots":{"index":"index","follow":"follow","max-snippet":"max-snippet:-1","max-image-preview":"max-image-preview:large","max-video-preview":"max-video-preview:-1"},"canonical":"https:\/\/aspirateur-cyclovac.ch\/de\/Shop\/90-kurzbogen-deco-vac\/","og_locale":"de_DE","og_type":"article","og_title":"90\u00b0-Kurzbogen D\u00e9co Vac - Aspirateur Central Cyclo Vac Suisse","og_description":"90\u00b0-Kurzbogen D\u00e9co Vac","og_url":"https:\/\/aspirateur-cyclovac.ch\/de\/Shop\/90-kurzbogen-deco-vac\/","og_site_name":"Aspirateur Central Cyclo Vac Suisse","article_publisher":"https:\/\/www.facebook.com\/cyclovacsuisse\/","article_modified_time":"2026-02-19T18:38:03+00:00","og_image":[{"width":500,"height":500,"url":"https:\/\/aspirateur-cyclovac.ch\/wp-content\/uploads\/2014\/08\/tf0006bv-central-aspirateur-cyclovac-ch.jpg","type":"image\/jpeg"}],"twitter_card":"summary_large_image","twitter_site":"@CycloVac_Suisse","schema":{"@context":"https:\/\/schema.org","@graph":[{"@type":"WebPage","@id":"https:\/\/aspirateur-cyclovac.ch\/de\/Shop\/90-kurzbogen-deco-vac\/","url":"https:\/\/aspirateur-cyclovac.ch\/de\/Shop\/90-kurzbogen-deco-vac\/","name":"90\u00b0-Kurzbogen D\u00e9co Vac - Aspirateur Central Cyclo Vac Suisse","isPartOf":{"@id":"https:\/\/aspirateur-cyclovac.ch\/de\/#website"},"primaryImageOfPage":{"@id":"https:\/\/aspirateur-cyclovac.ch\/de\/Shop\/90-kurzbogen-deco-vac\/#primaryimage"},"image":{"@id":"https:\/\/aspirateur-cyclovac.ch\/de\/Shop\/90-kurzbogen-deco-vac\/#primaryimage"},"thumbnailUrl":"https:\/\/aspirateur-cyclovac.ch\/wp-content\/uploads\/2014\/08\/tf0006bv-central-aspirateur-cyclovac-ch.jpg","datePublished":"2014-08-23T16:03:27+00:00","dateModified":"2026-02-19T18:38:03+00:00","description":"90\u00b0-Kurzbogen D\u00e9co Vac","breadcrumb":{"@id":"https:\/\/aspirateur-cyclovac.ch\/de\/Shop\/90-kurzbogen-deco-vac\/#breadcrumb"},"inLanguage":"de","potentialAction":[{"@type":"ReadAction","target":["https:\/\/aspirateur-cyclovac.ch\/de\/Shop\/90-kurzbogen-deco-vac\/"]}]},{"@type":"ImageObject","inLanguage":"de","@id":"https:\/\/aspirateur-cyclovac.ch\/de\/Shop\/90-kurzbogen-deco-vac\/#primaryimage","url":"https:\/\/aspirateur-cyclovac.ch\/wp-content\/uploads\/2014\/08\/tf0006bv-central-aspirateur-cyclovac-ch.jpg","contentUrl":"https:\/\/aspirateur-cyclovac.ch\/wp-content\/uploads\/2014\/08\/tf0006bv-central-aspirateur-cyclovac-ch.jpg","width":500,"height":500,"caption":"90\u00b0-Kurzbogen D\u00e9co Vac"},{"@type":"BreadcrumbList","@id":"https:\/\/aspirateur-cyclovac.ch\/de\/Shop\/90-kurzbogen-deco-vac\/#breadcrumb","itemListElement":[{"@type":"ListItem","position":1,"name":"Startseite","item":"https:\/\/aspirateur-cyclovac.ch\/de\/"},{"@type":"ListItem","position":2,"name":"Shop","item":"https:\/\/aspirateur-cyclovac.ch\/de\/shop\/"},{"@type":"ListItem","position":3,"name":"90\u00b0-Kurzbogen D\u00e9co Vac"}]},{"@type":"WebSite","@id":"https:\/\/aspirateur-cyclovac.ch\/de\/#website","url":"https:\/\/aspirateur-cyclovac.ch\/de\/","name":"Aspirateur Central Cyclo Vac Suisse","description":"Aspiration centralis\u00e9e pour tous !","publisher":{"@id":"https:\/\/aspirateur-cyclovac.ch\/de\/#organization"},"potentialAction":[{"@type":"SearchAction","target":{"@type":"EntryPoint","urlTemplate":"https:\/\/aspirateur-cyclovac.ch\/de\/?s={search_term_string}"},"query-input":{"@type":"PropertyValueSpecification","valueRequired":true,"valueName":"search_term_string"}}],"inLanguage":"de"},{"@type":"Organization","@id":"https:\/\/aspirateur-cyclovac.ch\/de\/#organization","name":"SimplyVac S\u00e0rl","url":"https:\/\/aspirateur-cyclovac.ch\/de\/","logo":{"@type":"ImageObject","inLanguage":"de","@id":"https:\/\/aspirateur-cyclovac.ch\/de\/#\/schema\/logo\/image\/","url":"http:\/\/aspirateur-cyclovac.ch\/wp-content\/uploads\/2016\/11\/Logo-Bg_100.jpg","contentUrl":"http:\/\/aspirateur-cyclovac.ch\/wp-content\/uploads\/2016\/11\/Logo-Bg_100.jpg","width":100,"height":100,"caption":"SimplyVac S\u00e0rl"},"image":{"@id":"https:\/\/aspirateur-cyclovac.ch\/de\/#\/schema\/logo\/image\/"},"sameAs":["https:\/\/www.facebook.com\/cyclovacsuisse\/","https:\/\/x.com\/CycloVac_Suisse","https:\/\/www.instagram.com\/cyclo_vac_suisse\/","https:\/\/www.youtube.com\/channel\/UCXPmXj1HKX_o544r27GOL5w"]}]}},"_links":{"self":[{"href":"https:\/\/aspirateur-cyclovac.ch\/de\/wp-json\/wp\/v2\/product\/6324","targetHints":{"allow":["GET"]}}],"collection":[{"href":"https:\/\/aspirateur-cyclovac.ch\/de\/wp-json\/wp\/v2\/product"}],"about":[{"href":"https:\/\/aspirateur-cyclovac.ch\/de\/wp-json\/wp\/v2\/types\/product"}],"replies":[{"embeddable":true,"href":"https:\/\/aspirateur-cyclovac.ch\/de\/wp-json\/wp\/v2\/comments?post=6324"}],"wp:featuredmedia":[{"embeddable":true,"href":"https:\/\/aspirateur-cyclovac.ch\/de\/wp-json\/wp\/v2\/media\/6326"}],"wp:attachment":[{"href":"https:\/\/aspirateur-cyclovac.ch\/de\/wp-json\/wp\/v2\/media?parent=6324"}],"wp:term":[{"taxonomy":"product_brand","embeddable":true,"href":"https:\/\/aspirateur-cyclovac.ch\/de\/wp-json\/wp\/v2\/product_brand?post=6324"},{"taxonomy":"product_cat","embeddable":true,"href":"https:\/\/aspirateur-cyclovac.ch\/de\/wp-json\/wp\/v2\/product_cat?post=6324"},{"taxonomy":"product_tag","embeddable":true,"href":"https:\/\/aspirateur-cyclovac.ch\/de\/wp-json\/wp\/v2\/product_tag?post=6324"}],"curies":[{"name":"wp","href":"https:\/\/api.w.org\/{rel}","templated":true}]}}