{"id":6305,"date":"2014-09-04T20:43:50","date_gmt":"2014-09-04T18:43:50","guid":{"rendered":"https:\/\/aspirateur-cyclovac.ch\/produit\/wally-flex\/"},"modified":"2026-02-19T19:37:59","modified_gmt":"2026-02-19T18:37:59","slug":"wally-flex","status":"publish","type":"product","link":"https:\/\/aspirateur-cyclovac.ch\/de\/Shop\/wally-flex\/","title":{"rendered":"Wally Flex"},"content":{"rendered":"<p>Der Wally Flex ist ein ausziehbarer Schlauch von bis zu 4 m f\u00fcr alle Zentralstaubsaugersysteme.<\/p>\n<p>Ein Butler, der immer in einer Sekunde zur Stelle ist, sei es f\u00fcr die K\u00fcche, das Badezimmer, die Garage oder den Waschraum.<\/p>\n<p>Er ist praktisch, niedlich und so einfach zu installieren wie eine Standard-Saugdose.<\/p>\n<p>Auch erh\u00e4ltlich: ein<a title=\"Ausziehbarer Schlauch f\u00fcr WallyFlex \u2013 2 bis 8,50 m\" href=\"http:\/\/aspirateur-cyclovac.ch\/boutique\/boyau-extensible-pour-wally-flex\/\" target=\"_blank\" rel=\"noopener\"> ausziehbarer Schlauch von 2 bis 7 m<\/a><\/p>\n<div class=\"embed-container\"><iframe loading=\"lazy\" src=\"http:\/\/www.youtube.com\/embed\/-YS9r41FfUM\" width=\"320\" height=\"240\" frameborder=\"0\" allowfullscreen=\"allowfullscreen\"><\/iframe><\/div>\n<p>Er ist das perfekte Werkzeug f\u00fcr den t\u00e4glichen Gebrauch, wenn Sie ihn schnell ben\u00f6tigen.<\/p>\n<p><b>Wally Flex<\/b> kann in einfache K\u00fcchenm\u00f6bel eingebaut und an alle Zentralstaubsaugersysteme angeschlossen werden.<\/p>\n<p>Bedienungsanleitung <a href=\"http:\/\/aspirateur-cyclovac.ch\/pdf\/manuel-instructions-wallyflex.pdf\" target=\"_blank\" rel=\"noopener\">hier<\/a><\/p>\n","protected":false},"excerpt":{"rendered":"<h2>Wally Flex, der Butler zu Ihren Diensten<\/h2>\n","protected":false},"featured_media":6309,"comment_status":"open","ping_status":"closed","template":"","meta":{"iawp_total_views":0},"product_brand":[],"product_cat":[789,797],"product_tag":[833,832,834],"class_list":{"0":"post-6305","1":"product","2":"type-product","3":"status-publish","4":"has-post-thumbnail","6":"product_cat-unkategorisiert","7":"product_cat-schlauch-flex","8":"product_tag-ausziehbarer-flexschlauch","9":"product_tag-ausziehbarer-schlauch","10":"product_tag-wallyflex","12":"first","13":"instock","14":"taxable","15":"shipping-taxable","16":"purchasable","17":"product-type-variable"},"yoast_head":"<!-- This site is optimized with the Yoast SEO plugin v27.0 - https:\/\/yoast.com\/product\/yoast-seo-wordpress\/ -->\n<title>Wally Flex - Aspirateur Central Cyclo Vac Suisse<\/title>\n<meta name=\"description\" content=\"Der Wally Flex ist ein ausziehbarer Schlauch von bis zu 4 m f\u00fcr alle Zentralstaubsaugersysteme. Ein Butler, der immer in einer Sekunde zur Stelle ist.\" \/>\n<meta name=\"robots\" content=\"index, follow, max-snippet:-1, max-image-preview:large, max-video-preview:-1\" \/>\n<link rel=\"canonical\" href=\"https:\/\/aspirateur-cyclovac.ch\/de\/Shop\/wally-flex\/\" \/>\n<meta property=\"og:locale\" content=\"de_DE\" \/>\n<meta property=\"og:type\" content=\"article\" \/>\n<meta property=\"og:title\" content=\"Wally Flex - Aspirateur Central Cyclo Vac Suisse\" \/>\n<meta property=\"og:description\" content=\"Der Wally Flex ist ein ausziehbarer Schlauch von bis zu 4 m f\u00fcr alle Zentralstaubsaugersysteme. Ein Butler, der immer in einer Sekunde zur Stelle ist.\" \/>\n<meta property=\"og:url\" content=\"https:\/\/aspirateur-cyclovac.ch\/de\/Shop\/wally-flex\/\" \/>\n<meta property=\"og:site_name\" content=\"Aspirateur Central Cyclo Vac Suisse\" \/>\n<meta property=\"article:publisher\" content=\"https:\/\/www.facebook.com\/cyclovacsuisse\/\" \/>\n<meta property=\"article:modified_time\" content=\"2026-02-19T18:37:59+00:00\" \/>\n<meta property=\"og:image\" content=\"https:\/\/aspirateur-cyclovac.ch\/wp-content\/uploads\/2014\/09\/tfwallyb-decouvrez-wallyflex2-aspirateur-cyclovac.ch_.jpg\" \/>\n\t<meta property=\"og:image:width\" content=\"500\" \/>\n\t<meta property=\"og:image:height\" content=\"500\" \/>\n\t<meta property=\"og:image:type\" content=\"image\/jpeg\" \/>\n<meta name=\"twitter:card\" content=\"summary_large_image\" \/>\n<meta name=\"twitter:site\" content=\"@CycloVac_Suisse\" \/>\n<!-- \/ Yoast SEO plugin. -->","yoast_head_json":{"title":"Wally Flex - Aspirateur Central Cyclo Vac Suisse","description":"Der Wally Flex ist ein ausziehbarer Schlauch von bis zu 4 m f\u00fcr alle Zentralstaubsaugersysteme. Ein Butler, der immer in einer Sekunde zur Stelle ist.","robots":{"index":"index","follow":"follow","max-snippet":"max-snippet:-1","max-image-preview":"max-image-preview:large","max-video-preview":"max-video-preview:-1"},"canonical":"https:\/\/aspirateur-cyclovac.ch\/de\/Shop\/wally-flex\/","og_locale":"de_DE","og_type":"article","og_title":"Wally Flex - Aspirateur Central Cyclo Vac Suisse","og_description":"Der Wally Flex ist ein ausziehbarer Schlauch von bis zu 4 m f\u00fcr alle Zentralstaubsaugersysteme. Ein Butler, der immer in einer Sekunde zur Stelle ist.","og_url":"https:\/\/aspirateur-cyclovac.ch\/de\/Shop\/wally-flex\/","og_site_name":"Aspirateur Central Cyclo Vac Suisse","article_publisher":"https:\/\/www.facebook.com\/cyclovacsuisse\/","article_modified_time":"2026-02-19T18:37:59+00:00","og_image":[{"width":500,"height":500,"url":"https:\/\/aspirateur-cyclovac.ch\/wp-content\/uploads\/2014\/09\/tfwallyb-decouvrez-wallyflex2-aspirateur-cyclovac.ch_.jpg","type":"image\/jpeg"}],"twitter_card":"summary_large_image","twitter_site":"@CycloVac_Suisse","schema":{"@context":"https:\/\/schema.org","@graph":[{"@type":"WebPage","@id":"https:\/\/aspirateur-cyclovac.ch\/de\/Shop\/wally-flex\/","url":"https:\/\/aspirateur-cyclovac.ch\/de\/Shop\/wally-flex\/","name":"Wally Flex - Aspirateur Central Cyclo Vac Suisse","isPartOf":{"@id":"https:\/\/aspirateur-cyclovac.ch\/de\/#website"},"primaryImageOfPage":{"@id":"https:\/\/aspirateur-cyclovac.ch\/de\/Shop\/wally-flex\/#primaryimage"},"image":{"@id":"https:\/\/aspirateur-cyclovac.ch\/de\/Shop\/wally-flex\/#primaryimage"},"thumbnailUrl":"https:\/\/aspirateur-cyclovac.ch\/wp-content\/uploads\/2014\/09\/tfwallyb-decouvrez-wallyflex2-aspirateur-cyclovac.ch_.jpg","datePublished":"2014-09-04T18:43:50+00:00","dateModified":"2026-02-19T18:37:59+00:00","description":"Der Wally Flex ist ein ausziehbarer Schlauch von bis zu 4 m f\u00fcr alle Zentralstaubsaugersysteme. Ein Butler, der immer in einer Sekunde zur Stelle ist.","breadcrumb":{"@id":"https:\/\/aspirateur-cyclovac.ch\/de\/Shop\/wally-flex\/#breadcrumb"},"inLanguage":"de","potentialAction":[{"@type":"ReadAction","target":["https:\/\/aspirateur-cyclovac.ch\/de\/Shop\/wally-flex\/"]}]},{"@type":"ImageObject","inLanguage":"de","@id":"https:\/\/aspirateur-cyclovac.ch\/de\/Shop\/wally-flex\/#primaryimage","url":"https:\/\/aspirateur-cyclovac.ch\/wp-content\/uploads\/2014\/09\/tfwallyb-decouvrez-wallyflex2-aspirateur-cyclovac.ch_.jpg","contentUrl":"https:\/\/aspirateur-cyclovac.ch\/wp-content\/uploads\/2014\/09\/tfwallyb-decouvrez-wallyflex2-aspirateur-cyclovac.ch_.jpg","width":500,"height":500,"caption":"WallyFlex der Butler"},{"@type":"BreadcrumbList","@id":"https:\/\/aspirateur-cyclovac.ch\/de\/Shop\/wally-flex\/#breadcrumb","itemListElement":[{"@type":"ListItem","position":1,"name":"Startseite","item":"https:\/\/aspirateur-cyclovac.ch\/de\/"},{"@type":"ListItem","position":2,"name":"Shop","item":"https:\/\/aspirateur-cyclovac.ch\/de\/shop\/"},{"@type":"ListItem","position":3,"name":"Wally Flex"}]},{"@type":"WebSite","@id":"https:\/\/aspirateur-cyclovac.ch\/de\/#website","url":"https:\/\/aspirateur-cyclovac.ch\/de\/","name":"Aspirateur Central Cyclo Vac Suisse","description":"Aspiration centralis\u00e9e pour tous !","publisher":{"@id":"https:\/\/aspirateur-cyclovac.ch\/de\/#organization"},"potentialAction":[{"@type":"SearchAction","target":{"@type":"EntryPoint","urlTemplate":"https:\/\/aspirateur-cyclovac.ch\/de\/?s={search_term_string}"},"query-input":{"@type":"PropertyValueSpecification","valueRequired":true,"valueName":"search_term_string"}}],"inLanguage":"de"},{"@type":"Organization","@id":"https:\/\/aspirateur-cyclovac.ch\/de\/#organization","name":"SimplyVac S\u00e0rl","url":"https:\/\/aspirateur-cyclovac.ch\/de\/","logo":{"@type":"ImageObject","inLanguage":"de","@id":"https:\/\/aspirateur-cyclovac.ch\/de\/#\/schema\/logo\/image\/","url":"http:\/\/aspirateur-cyclovac.ch\/wp-content\/uploads\/2016\/11\/Logo-Bg_100.jpg","contentUrl":"http:\/\/aspirateur-cyclovac.ch\/wp-content\/uploads\/2016\/11\/Logo-Bg_100.jpg","width":100,"height":100,"caption":"SimplyVac S\u00e0rl"},"image":{"@id":"https:\/\/aspirateur-cyclovac.ch\/de\/#\/schema\/logo\/image\/"},"sameAs":["https:\/\/www.facebook.com\/cyclovacsuisse\/","https:\/\/x.com\/CycloVac_Suisse","https:\/\/www.instagram.com\/cyclo_vac_suisse\/","https:\/\/www.youtube.com\/channel\/UCXPmXj1HKX_o544r27GOL5w"]}]}},"_links":{"self":[{"href":"https:\/\/aspirateur-cyclovac.ch\/de\/wp-json\/wp\/v2\/product\/6305","targetHints":{"allow":["GET"]}}],"collection":[{"href":"https:\/\/aspirateur-cyclovac.ch\/de\/wp-json\/wp\/v2\/product"}],"about":[{"href":"https:\/\/aspirateur-cyclovac.ch\/de\/wp-json\/wp\/v2\/types\/product"}],"replies":[{"embeddable":true,"href":"https:\/\/aspirateur-cyclovac.ch\/de\/wp-json\/wp\/v2\/comments?post=6305"}],"wp:featuredmedia":[{"embeddable":true,"href":"https:\/\/aspirateur-cyclovac.ch\/de\/wp-json\/wp\/v2\/media\/6309"}],"wp:attachment":[{"href":"https:\/\/aspirateur-cyclovac.ch\/de\/wp-json\/wp\/v2\/media?parent=6305"}],"wp:term":[{"taxonomy":"product_brand","embeddable":true,"href":"https:\/\/aspirateur-cyclovac.ch\/de\/wp-json\/wp\/v2\/product_brand?post=6305"},{"taxonomy":"product_cat","embeddable":true,"href":"https:\/\/aspirateur-cyclovac.ch\/de\/wp-json\/wp\/v2\/product_cat?post=6305"},{"taxonomy":"product_tag","embeddable":true,"href":"https:\/\/aspirateur-cyclovac.ch\/de\/wp-json\/wp\/v2\/product_tag?post=6305"}],"curies":[{"name":"wp","href":"https:\/\/api.w.org\/{rel}","templated":true}]}}