{"id":6281,"date":"2014-09-17T22:34:34","date_gmt":"2014-09-17T20:34:34","guid":{"rendered":"https:\/\/aspirateur-cyclovac.ch\/produit\/flipbus\/"},"modified":"2026-02-19T19:37:57","modified_gmt":"2026-02-19T18:37:57","slug":"flipbus","status":"publish","type":"product","link":"https:\/\/aspirateur-cyclovac.ch\/de\/Shop\/flipbus\/","title":{"rendered":"FlipBUS"},"content":{"rendered":"<p>Der FlipBUS ist ein speziell entwickeltes Ger\u00e4t zur Beseitigung kleiner R\u00fcckst\u00e4nde im Rohrsystem zentraler Staubsaugersysteme.<\/p>\n<p>Er sorgt somit f\u00fcr ein glatteres und saubereres Rohrsystem, was die Leistung der zentralen Staubsauganlage verbessert und eine h\u00f6here Effizienz des Systems gew\u00e4hrleistet.<\/p>\n<h2>Wie funktioniert es?<\/h2>\n<div class=\"embed-container\"><iframe loading=\"lazy\" src=\"http:\/\/www.youtube.com\/embed\/uixzuFtJPUM\" width=\"320\" height=\"240\" frameborder=\"0\" allowfullscreen=\"allowfullscreen\"><\/iframe><\/div>\n<p>Der FlipBUS wird in eine Saugsteckdose eingef\u00fchrt, wodurch das System gestartet wird. Durch sanftes Drehen gibt der Spender kleine Reinigungsb\u00e4lle frei, die das Rohrsystem durchlaufen und deren stachelige Oberfl\u00e4che festsitzende R\u00fcckst\u00e4nde und Schmutz l\u00f6sen.<\/p>\n<p>Diese Reinigungsb\u00e4lle k\u00f6nnen anschlie\u00dfend im Beh\u00e4lter des Staubsaugers gesammelt, gereinigt und wieder in den Spender zur\u00fcckgelegt werden.<\/p>\n<p>Bedienungsanleitung unten und <a href=\"https:\/\/aspirateur-cyclovac.ch\/pdf\/notice-utilisation-flipbus\">hier<\/a> verf\u00fcgbar<\/p>\n<p><strong>Bevor Sie beginnen, denken Sie daran, Ihren Beutel zu entfernen oder Ihren Beh\u00e4lter zu leeren.<\/strong><\/p>\n<p>Befolgen Sie anschlie\u00dfend die folgenden Schritte:<\/p>\n<div id=\"attachment_1883\" style=\"width: 281px\" class=\"wp-caption alignleft\"><a href=\"http:\/\/aspirateur-cyclovac.ch\/wp-content\/uploads\/2014\/09\/flipbus-1-aspirateur-cyclovac.ch_.jpg\"><img loading=\"lazy\" decoding=\"async\" aria-describedby=\"caption-attachment-1883\" class=\"size-full wp-image-1883\" src=\"http:\/\/aspirateur-cyclovac.ch\/wp-content\/uploads\/2014\/09\/flipbus-1-aspirateur-cyclovac.ch_.jpg\" alt=\"FlipBUS 1\" width=\"271\" height=\"271\" srcset=\"https:\/\/aspirateur-cyclovac.ch\/wp-content\/uploads\/2014\/09\/flipbus-1-aspirateur-cyclovac.ch_.jpg 271w, https:\/\/aspirateur-cyclovac.ch\/wp-content\/uploads\/2014\/09\/flipbus-1-aspirateur-cyclovac.ch_-100x100.jpg 100w, https:\/\/aspirateur-cyclovac.ch\/wp-content\/uploads\/2014\/09\/flipbus-1-aspirateur-cyclovac.ch_-150x150.jpg 150w\" sizes=\"auto, (max-width: 271px) 100vw, 271px\" \/><\/a><p id=\"caption-attachment-1883\" class=\"wp-caption-text\">Entfernen Sie den Verschluss<\/p><\/div>\n<p>&nbsp;<\/p>\n<p>&nbsp;<\/p>\n<p>&nbsp;<\/p>\n<p>&nbsp;<\/p>\n<p>&nbsp;<\/p>\n<p>&nbsp;<\/p>\n<p>&nbsp;<\/p>\n<p>&nbsp;<\/p>\n<p>&nbsp;<\/p>\n<p>&nbsp;<\/p>\n<p>&nbsp;<\/p>\n<div id=\"attachment_1884\" style=\"width: 281px\" class=\"wp-caption alignleft\"><a href=\"http:\/\/aspirateur-cyclovac.ch\/wp-content\/uploads\/2014\/09\/flipbus-2-aspirateur-cyclovac.ch_.jpg\"><img loading=\"lazy\" decoding=\"async\" aria-describedby=\"caption-attachment-1884\" class=\"size-full wp-image-1884\" src=\"http:\/\/aspirateur-cyclovac.ch\/wp-content\/uploads\/2014\/09\/flipbus-2-aspirateur-cyclovac.ch_.jpg\" alt=\"FlipBUS 2\" width=\"271\" height=\"271\" srcset=\"https:\/\/aspirateur-cyclovac.ch\/wp-content\/uploads\/2014\/09\/flipbus-2-aspirateur-cyclovac.ch_.jpg 271w, https:\/\/aspirateur-cyclovac.ch\/wp-content\/uploads\/2014\/09\/flipbus-2-aspirateur-cyclovac.ch_-100x100.jpg 100w, https:\/\/aspirateur-cyclovac.ch\/wp-content\/uploads\/2014\/09\/flipbus-2-aspirateur-cyclovac.ch_-150x150.jpg 150w\" sizes=\"auto, (max-width: 271px) 100vw, 271px\" \/><\/a><p id=\"caption-attachment-1884\" class=\"wp-caption-text\">F\u00fchren Sie den FlipBUS in die am weitesten von der Zentrale entfernte Steckdose ein<\/p><\/div>\n<p>&nbsp;<\/p>\n<p>&nbsp;<\/p>\n<p>&nbsp;<\/p>\n<p>&nbsp;<\/p>\n<p>&nbsp;<\/p>\n<p>&nbsp;<\/p>\n<p>&nbsp;<\/p>\n<p>&nbsp;<\/p>\n<p>&nbsp;<\/p>\n<p>&nbsp;<\/p>\n<p>&nbsp;<\/p>\n<div id=\"attachment_1885\" style=\"width: 281px\" class=\"wp-caption alignleft\"><a href=\"http:\/\/aspirateur-cyclovac.ch\/wp-content\/uploads\/2014\/09\/flipbus-3-aspirateur-cyclovac.ch_.jpg\"><img loading=\"lazy\" decoding=\"async\" aria-describedby=\"caption-attachment-1885\" class=\"size-full wp-image-1885\" src=\"http:\/\/aspirateur-cyclovac.ch\/wp-content\/uploads\/2014\/09\/flipbus-3-aspirateur-cyclovac.ch_.jpg\" alt=\"FlipBUS 3\" width=\"271\" height=\"271\" srcset=\"https:\/\/aspirateur-cyclovac.ch\/wp-content\/uploads\/2014\/09\/flipbus-3-aspirateur-cyclovac.ch_.jpg 271w, https:\/\/aspirateur-cyclovac.ch\/wp-content\/uploads\/2014\/09\/flipbus-3-aspirateur-cyclovac.ch_-100x100.jpg 100w, https:\/\/aspirateur-cyclovac.ch\/wp-content\/uploads\/2014\/09\/flipbus-3-aspirateur-cyclovac.ch_-150x150.jpg 150w\" sizes=\"auto, (max-width: 271px) 100vw, 271px\" \/><\/a><p id=\"caption-attachment-1885\" class=\"wp-caption-text\">Geben Sie die ersten 4 B\u00e4lle frei, warten Sie 20 Sekunden, geben Sie die n\u00e4chsten 4 frei und so weiter bis zum letzten, indem Sie den Mechanismus sanft drehen<\/p><\/div>\n<p>&nbsp;<\/p>\n<p>&nbsp;<\/p>\n<p>&nbsp;<\/p>\n<p>&nbsp;<\/p>\n<p>&nbsp;<\/p>\n<p>&nbsp;<\/p>\n<p>&nbsp;<\/p>\n<p>&nbsp;<\/p>\n<p>&nbsp;<\/p>\n<p>&nbsp;<\/p>\n<p>&nbsp;<\/p>\n<p>&nbsp;<\/p>\n<div id=\"attachment_1886\" style=\"width: 281px\" class=\"wp-caption alignleft\"><a href=\"http:\/\/aspirateur-cyclovac.ch\/wp-content\/uploads\/2014\/09\/flipbus-4-aspirateur-cyclovac.ch_.jpg\"><img loading=\"lazy\" decoding=\"async\" aria-describedby=\"caption-attachment-1886\" class=\"size-full wp-image-1886\" src=\"http:\/\/aspirateur-cyclovac.ch\/wp-content\/uploads\/2014\/09\/flipbus-4-aspirateur-cyclovac.ch_.jpg\" alt=\"FlipBUS 4\" width=\"271\" height=\"271\" srcset=\"https:\/\/aspirateur-cyclovac.ch\/wp-content\/uploads\/2014\/09\/flipbus-4-aspirateur-cyclovac.ch_.jpg 271w, https:\/\/aspirateur-cyclovac.ch\/wp-content\/uploads\/2014\/09\/flipbus-4-aspirateur-cyclovac.ch_-100x100.jpg 100w, https:\/\/aspirateur-cyclovac.ch\/wp-content\/uploads\/2014\/09\/flipbus-4-aspirateur-cyclovac.ch_-150x150.jpg 150w\" sizes=\"auto, (max-width: 271px) 100vw, 271px\" \/><\/a><p id=\"caption-attachment-1886\" class=\"wp-caption-text\">Warten Sie 20 Sekunden. Sie k\u00f6nnen den FlipBUS aus der Steckdose entfernen.<\/p><\/div>\n<p>&nbsp;<\/p>\n<p>&nbsp;<\/p>\n<p>&nbsp;<\/p>\n<p>&nbsp;<\/p>\n<p>&nbsp;<\/p>\n<p>&nbsp;<\/p>\n<p>&nbsp;<\/p>\n<p>&nbsp;<\/p>\n<p>&nbsp;<\/p>\n<p>&nbsp;<\/p>\n<p>&nbsp;<\/p>\n<p>Sammeln Sie die B\u00e4lle in Ihrem Beh\u00e4lter und wiederholen Sie diesen Vorgang in allen Ihren Steckdosen, von der am weitesten entfernten bis zur n\u00e4chsten.<\/p>\n<p>Wenn Sie fertig sind, sp\u00fclen Sie die B\u00e4lle mit klarem Wasser ab, um sie zu reinigen.<\/p>\n<p>Wiederholen Sie den Vorgang j\u00e4hrlich.<\/p>\n<p>&nbsp;<\/p>\n<p>&nbsp;<\/p>\n<p>&nbsp;<\/p>\n","protected":false},"excerpt":{"rendered":"<h2>FlipBUS<\/h2>\n","protected":false},"featured_media":6286,"comment_status":"open","ping_status":"closed","template":"","meta":{"iawp_total_views":6},"product_brand":[],"product_cat":[789],"product_tag":[],"class_list":{"0":"post-6281","1":"product","2":"type-product","3":"status-publish","4":"has-post-thumbnail","6":"product_cat-unkategorisiert","8":"first","9":"instock","10":"taxable","11":"shipping-taxable","12":"purchasable","13":"product-type-simple"},"yoast_head":"<!-- This site is optimized with the Yoast SEO plugin v27.0 - https:\/\/yoast.com\/product\/yoast-seo-wordpress\/ -->\n<title>FlipBUS - Aspirateur Central Cyclo Vac Suisse<\/title>\n<meta name=\"description\" content=\"FlipBUS\" \/>\n<meta name=\"robots\" content=\"index, follow, max-snippet:-1, max-image-preview:large, max-video-preview:-1\" \/>\n<link rel=\"canonical\" href=\"https:\/\/aspirateur-cyclovac.ch\/de\/Shop\/flipbus\/\" \/>\n<meta property=\"og:locale\" content=\"de_DE\" \/>\n<meta property=\"og:type\" content=\"article\" \/>\n<meta property=\"og:title\" content=\"FlipBUS - Aspirateur Central Cyclo Vac Suisse\" \/>\n<meta property=\"og:description\" content=\"FlipBUS\" \/>\n<meta property=\"og:url\" content=\"https:\/\/aspirateur-cyclovac.ch\/de\/Shop\/flipbus\/\" \/>\n<meta property=\"og:site_name\" content=\"Aspirateur Central Cyclo Vac Suisse\" \/>\n<meta property=\"article:publisher\" content=\"https:\/\/www.facebook.com\/cyclovacsuisse\/\" \/>\n<meta property=\"article:modified_time\" content=\"2026-02-19T18:37:57+00:00\" \/>\n<meta property=\"og:image\" content=\"https:\/\/aspirateur-cyclovac.ch\/wp-content\/uploads\/2014\/09\/tfbnett01-flipbus.aspirateur-cyclovac.ch_.jpg\" \/>\n\t<meta property=\"og:image:width\" content=\"500\" \/>\n\t<meta property=\"og:image:height\" content=\"500\" \/>\n\t<meta property=\"og:image:type\" content=\"image\/jpeg\" \/>\n<meta name=\"twitter:card\" content=\"summary_large_image\" \/>\n<meta name=\"twitter:site\" content=\"@CycloVac_Suisse\" \/>\n<meta name=\"twitter:label1\" content=\"Gesch\u00e4tzte Lesezeit\" \/>\n\t<meta name=\"twitter:data1\" content=\"3 Minute\" \/>\n<!-- \/ Yoast SEO plugin. -->","yoast_head_json":{"title":"FlipBUS - Aspirateur Central Cyclo Vac Suisse","description":"FlipBUS","robots":{"index":"index","follow":"follow","max-snippet":"max-snippet:-1","max-image-preview":"max-image-preview:large","max-video-preview":"max-video-preview:-1"},"canonical":"https:\/\/aspirateur-cyclovac.ch\/de\/Shop\/flipbus\/","og_locale":"de_DE","og_type":"article","og_title":"FlipBUS - Aspirateur Central Cyclo Vac Suisse","og_description":"FlipBUS","og_url":"https:\/\/aspirateur-cyclovac.ch\/de\/Shop\/flipbus\/","og_site_name":"Aspirateur Central Cyclo Vac Suisse","article_publisher":"https:\/\/www.facebook.com\/cyclovacsuisse\/","article_modified_time":"2026-02-19T18:37:57+00:00","og_image":[{"width":500,"height":500,"url":"https:\/\/aspirateur-cyclovac.ch\/wp-content\/uploads\/2014\/09\/tfbnett01-flipbus.aspirateur-cyclovac.ch_.jpg","type":"image\/jpeg"}],"twitter_card":"summary_large_image","twitter_site":"@CycloVac_Suisse","twitter_misc":{"Gesch\u00e4tzte Lesezeit":"3 Minute"},"schema":{"@context":"https:\/\/schema.org","@graph":[{"@type":"WebPage","@id":"https:\/\/aspirateur-cyclovac.ch\/de\/Shop\/flipbus\/","url":"https:\/\/aspirateur-cyclovac.ch\/de\/Shop\/flipbus\/","name":"FlipBUS - Aspirateur Central Cyclo Vac Suisse","isPartOf":{"@id":"https:\/\/aspirateur-cyclovac.ch\/de\/#website"},"primaryImageOfPage":{"@id":"https:\/\/aspirateur-cyclovac.ch\/de\/Shop\/flipbus\/#primaryimage"},"image":{"@id":"https:\/\/aspirateur-cyclovac.ch\/de\/Shop\/flipbus\/#primaryimage"},"thumbnailUrl":"https:\/\/aspirateur-cyclovac.ch\/wp-content\/uploads\/2014\/09\/tfbnett01-flipbus.aspirateur-cyclovac.ch_.jpg","datePublished":"2014-09-17T20:34:34+00:00","dateModified":"2026-02-19T18:37:57+00:00","description":"FlipBUS","breadcrumb":{"@id":"https:\/\/aspirateur-cyclovac.ch\/de\/Shop\/flipbus\/#breadcrumb"},"inLanguage":"de","potentialAction":[{"@type":"ReadAction","target":["https:\/\/aspirateur-cyclovac.ch\/de\/Shop\/flipbus\/"]}]},{"@type":"ImageObject","inLanguage":"de","@id":"https:\/\/aspirateur-cyclovac.ch\/de\/Shop\/flipbus\/#primaryimage","url":"https:\/\/aspirateur-cyclovac.ch\/wp-content\/uploads\/2014\/09\/tfbnett01-flipbus.aspirateur-cyclovac.ch_.jpg","contentUrl":"https:\/\/aspirateur-cyclovac.ch\/wp-content\/uploads\/2014\/09\/tfbnett01-flipbus.aspirateur-cyclovac.ch_.jpg","width":500,"height":500,"caption":"FlipBUS"},{"@type":"BreadcrumbList","@id":"https:\/\/aspirateur-cyclovac.ch\/de\/Shop\/flipbus\/#breadcrumb","itemListElement":[{"@type":"ListItem","position":1,"name":"Startseite","item":"https:\/\/aspirateur-cyclovac.ch\/de\/"},{"@type":"ListItem","position":2,"name":"Shop","item":"https:\/\/aspirateur-cyclovac.ch\/de\/shop\/"},{"@type":"ListItem","position":3,"name":"FlipBUS"}]},{"@type":"WebSite","@id":"https:\/\/aspirateur-cyclovac.ch\/de\/#website","url":"https:\/\/aspirateur-cyclovac.ch\/de\/","name":"Aspirateur Central Cyclo Vac Suisse","description":"Aspiration centralis\u00e9e pour tous !","publisher":{"@id":"https:\/\/aspirateur-cyclovac.ch\/de\/#organization"},"potentialAction":[{"@type":"SearchAction","target":{"@type":"EntryPoint","urlTemplate":"https:\/\/aspirateur-cyclovac.ch\/de\/?s={search_term_string}"},"query-input":{"@type":"PropertyValueSpecification","valueRequired":true,"valueName":"search_term_string"}}],"inLanguage":"de"},{"@type":"Organization","@id":"https:\/\/aspirateur-cyclovac.ch\/de\/#organization","name":"SimplyVac S\u00e0rl","url":"https:\/\/aspirateur-cyclovac.ch\/de\/","logo":{"@type":"ImageObject","inLanguage":"de","@id":"https:\/\/aspirateur-cyclovac.ch\/de\/#\/schema\/logo\/image\/","url":"http:\/\/aspirateur-cyclovac.ch\/wp-content\/uploads\/2016\/11\/Logo-Bg_100.jpg","contentUrl":"http:\/\/aspirateur-cyclovac.ch\/wp-content\/uploads\/2016\/11\/Logo-Bg_100.jpg","width":100,"height":100,"caption":"SimplyVac S\u00e0rl"},"image":{"@id":"https:\/\/aspirateur-cyclovac.ch\/de\/#\/schema\/logo\/image\/"},"sameAs":["https:\/\/www.facebook.com\/cyclovacsuisse\/","https:\/\/x.com\/CycloVac_Suisse","https:\/\/www.instagram.com\/cyclo_vac_suisse\/","https:\/\/www.youtube.com\/channel\/UCXPmXj1HKX_o544r27GOL5w"]}]}},"_links":{"self":[{"href":"https:\/\/aspirateur-cyclovac.ch\/de\/wp-json\/wp\/v2\/product\/6281","targetHints":{"allow":["GET"]}}],"collection":[{"href":"https:\/\/aspirateur-cyclovac.ch\/de\/wp-json\/wp\/v2\/product"}],"about":[{"href":"https:\/\/aspirateur-cyclovac.ch\/de\/wp-json\/wp\/v2\/types\/product"}],"replies":[{"embeddable":true,"href":"https:\/\/aspirateur-cyclovac.ch\/de\/wp-json\/wp\/v2\/comments?post=6281"}],"wp:featuredmedia":[{"embeddable":true,"href":"https:\/\/aspirateur-cyclovac.ch\/de\/wp-json\/wp\/v2\/media\/6286"}],"wp:attachment":[{"href":"https:\/\/aspirateur-cyclovac.ch\/de\/wp-json\/wp\/v2\/media?parent=6281"}],"wp:term":[{"taxonomy":"product_brand","embeddable":true,"href":"https:\/\/aspirateur-cyclovac.ch\/de\/wp-json\/wp\/v2\/product_brand?post=6281"},{"taxonomy":"product_cat","embeddable":true,"href":"https:\/\/aspirateur-cyclovac.ch\/de\/wp-json\/wp\/v2\/product_cat?post=6281"},{"taxonomy":"product_tag","embeddable":true,"href":"https:\/\/aspirateur-cyclovac.ch\/de\/wp-json\/wp\/v2\/product_tag?post=6281"}],"curies":[{"name":"wp","href":"https:\/\/api.w.org\/{rel}","templated":true}]}}