{"id":6271,"date":"2014-09-14T20:57:51","date_gmt":"2014-09-14T18:57:51","guid":{"rendered":"https:\/\/aspirateur-cyclovac.ch\/produit\/deco-vac-standard-saugschlauch\/"},"modified":"2026-02-19T19:38:09","modified_gmt":"2026-02-19T18:38:09","slug":"deco-vac-standard-saugschlauch","status":"publish","type":"product","link":"https:\/\/aspirateur-cyclovac.ch\/de\/Shop\/deco-vac-standard-saugschlauch\/","title":{"rendered":"D\u00e9co Vac Standard-Saugschlauch"},"content":{"rendered":"<p>F\u00fcr Zentralstaubsauger aller Marken.<\/p>\n<p>Standard, aber hochwertiger D\u00e9co Vac mit Metall-Reibungsanschluss.<\/p>\n<p>Reibungs-Version mit 3,18 cm Au\u00dfendurchmesser in Schlauchl\u00e4ngen von 9,15 m, 10,70 m und 12,20 m<\/p>\n","protected":false},"excerpt":{"rendered":"<h2>Standard-Saugschlauch mit Reibungs-Luftregler, \u00d8 3,18 cm <\/h2>\n","protected":false},"featured_media":6272,"comment_status":"open","ping_status":"closed","template":"","meta":{"iawp_total_views":0},"product_brand":[],"product_cat":[789,797],"product_tag":[794,799,804],"class_list":{"0":"post-6271","1":"product","2":"type-product","3":"status-publish","4":"has-post-thumbnail","6":"product_cat-unkategorisiert","7":"product_cat-schlauch-flex","8":"product_tag-deco-vac","9":"product_tag-schlauch","10":"product_tag-zubehoer","12":"first","13":"instock","14":"taxable","15":"shipping-taxable","16":"purchasable","17":"product-type-variable","18":"has-default-attributes"},"yoast_head":"<!-- This site is optimized with the Yoast SEO plugin v27.0 - https:\/\/yoast.com\/product\/yoast-seo-wordpress\/ -->\n<title>D\u00e9co Vac Standard-Saugschlauch - Aspirateur Central Cyclo Vac Suisse<\/title>\n<meta name=\"description\" content=\"Der D\u00e9co Vac Standard-Saugschlauch ist hochwertig mit Metall-Reibungsanschluss. Reibungs-Version mit 3,18 cm Au\u00dfendurchmesser. F\u00fcr Zentralstaubsauger aller Marken.\" \/>\n<meta name=\"robots\" content=\"index, follow, max-snippet:-1, max-image-preview:large, max-video-preview:-1\" \/>\n<link rel=\"canonical\" href=\"https:\/\/aspirateur-cyclovac.ch\/de\/Shop\/deco-vac-standard-saugschlauch\/\" \/>\n<meta property=\"og:locale\" content=\"de_DE\" \/>\n<meta property=\"og:type\" content=\"article\" \/>\n<meta property=\"og:title\" content=\"D\u00e9co Vac Standard-Saugschlauch - Aspirateur Central Cyclo Vac Suisse\" \/>\n<meta property=\"og:description\" content=\"Der D\u00e9co Vac Standard-Saugschlauch ist hochwertig mit Metall-Reibungsanschluss. Reibungs-Version mit 3,18 cm Au\u00dfendurchmesser. F\u00fcr Zentralstaubsauger aller Marken.\" \/>\n<meta property=\"og:url\" content=\"https:\/\/aspirateur-cyclovac.ch\/de\/Shop\/deco-vac-standard-saugschlauch\/\" \/>\n<meta property=\"og:site_name\" content=\"Aspirateur Central Cyclo Vac Suisse\" \/>\n<meta property=\"article:publisher\" content=\"https:\/\/www.facebook.com\/cyclovacsuisse\/\" \/>\n<meta property=\"article:modified_time\" content=\"2026-02-19T18:38:09+00:00\" \/>\n<meta property=\"og:image\" content=\"https:\/\/aspirateur-cyclovac.ch\/wp-content\/uploads\/2014\/09\/TBO2_-_BEFF-aspirateur-cyclovac.ch_.jpg\" \/>\n\t<meta property=\"og:image:width\" content=\"500\" \/>\n\t<meta property=\"og:image:height\" content=\"500\" \/>\n\t<meta property=\"og:image:type\" content=\"image\/jpeg\" \/>\n<meta name=\"twitter:card\" content=\"summary_large_image\" \/>\n<meta name=\"twitter:site\" content=\"@CycloVac_Suisse\" \/>\n<!-- \/ Yoast SEO plugin. -->","yoast_head_json":{"title":"D\u00e9co Vac Standard-Saugschlauch - Aspirateur Central Cyclo Vac Suisse","description":"Der D\u00e9co Vac Standard-Saugschlauch ist hochwertig mit Metall-Reibungsanschluss. Reibungs-Version mit 3,18 cm Au\u00dfendurchmesser. F\u00fcr Zentralstaubsauger aller Marken.","robots":{"index":"index","follow":"follow","max-snippet":"max-snippet:-1","max-image-preview":"max-image-preview:large","max-video-preview":"max-video-preview:-1"},"canonical":"https:\/\/aspirateur-cyclovac.ch\/de\/Shop\/deco-vac-standard-saugschlauch\/","og_locale":"de_DE","og_type":"article","og_title":"D\u00e9co Vac Standard-Saugschlauch - Aspirateur Central Cyclo Vac Suisse","og_description":"Der D\u00e9co Vac Standard-Saugschlauch ist hochwertig mit Metall-Reibungsanschluss. Reibungs-Version mit 3,18 cm Au\u00dfendurchmesser. F\u00fcr Zentralstaubsauger aller Marken.","og_url":"https:\/\/aspirateur-cyclovac.ch\/de\/Shop\/deco-vac-standard-saugschlauch\/","og_site_name":"Aspirateur Central Cyclo Vac Suisse","article_publisher":"https:\/\/www.facebook.com\/cyclovacsuisse\/","article_modified_time":"2026-02-19T18:38:09+00:00","og_image":[{"width":500,"height":500,"url":"https:\/\/aspirateur-cyclovac.ch\/wp-content\/uploads\/2014\/09\/TBO2_-_BEFF-aspirateur-cyclovac.ch_.jpg","type":"image\/jpeg"}],"twitter_card":"summary_large_image","twitter_site":"@CycloVac_Suisse","schema":{"@context":"https:\/\/schema.org","@graph":[{"@type":"WebPage","@id":"https:\/\/aspirateur-cyclovac.ch\/de\/Shop\/deco-vac-standard-saugschlauch\/","url":"https:\/\/aspirateur-cyclovac.ch\/de\/Shop\/deco-vac-standard-saugschlauch\/","name":"D\u00e9co Vac Standard-Saugschlauch - Aspirateur Central Cyclo Vac Suisse","isPartOf":{"@id":"https:\/\/aspirateur-cyclovac.ch\/de\/#website"},"primaryImageOfPage":{"@id":"https:\/\/aspirateur-cyclovac.ch\/de\/Shop\/deco-vac-standard-saugschlauch\/#primaryimage"},"image":{"@id":"https:\/\/aspirateur-cyclovac.ch\/de\/Shop\/deco-vac-standard-saugschlauch\/#primaryimage"},"thumbnailUrl":"https:\/\/aspirateur-cyclovac.ch\/wp-content\/uploads\/2014\/09\/TBO2_-_BEFF-aspirateur-cyclovac.ch_.jpg","datePublished":"2014-09-14T18:57:51+00:00","dateModified":"2026-02-19T18:38:09+00:00","description":"Der D\u00e9co Vac Standard-Saugschlauch ist hochwertig mit Metall-Reibungsanschluss. Reibungs-Version mit 3,18 cm Au\u00dfendurchmesser. F\u00fcr Zentralstaubsauger aller Marken.","breadcrumb":{"@id":"https:\/\/aspirateur-cyclovac.ch\/de\/Shop\/deco-vac-standard-saugschlauch\/#breadcrumb"},"inLanguage":"de","potentialAction":[{"@type":"ReadAction","target":["https:\/\/aspirateur-cyclovac.ch\/de\/Shop\/deco-vac-standard-saugschlauch\/"]}]},{"@type":"ImageObject","inLanguage":"de","@id":"https:\/\/aspirateur-cyclovac.ch\/de\/Shop\/deco-vac-standard-saugschlauch\/#primaryimage","url":"https:\/\/aspirateur-cyclovac.ch\/wp-content\/uploads\/2014\/09\/TBO2_-_BEFF-aspirateur-cyclovac.ch_.jpg","contentUrl":"https:\/\/aspirateur-cyclovac.ch\/wp-content\/uploads\/2014\/09\/TBO2_-_BEFF-aspirateur-cyclovac.ch_.jpg","width":500,"height":500,"caption":"D\u00e9co Vac Standard-Saugschlauch mit Luftregler"},{"@type":"BreadcrumbList","@id":"https:\/\/aspirateur-cyclovac.ch\/de\/Shop\/deco-vac-standard-saugschlauch\/#breadcrumb","itemListElement":[{"@type":"ListItem","position":1,"name":"Startseite","item":"https:\/\/aspirateur-cyclovac.ch\/de\/"},{"@type":"ListItem","position":2,"name":"Shop","item":"https:\/\/aspirateur-cyclovac.ch\/de\/shop\/"},{"@type":"ListItem","position":3,"name":"D\u00e9co Vac Standard-Saugschlauch"}]},{"@type":"WebSite","@id":"https:\/\/aspirateur-cyclovac.ch\/de\/#website","url":"https:\/\/aspirateur-cyclovac.ch\/de\/","name":"Aspirateur Central Cyclo Vac Suisse","description":"Aspiration centralis\u00e9e pour tous !","publisher":{"@id":"https:\/\/aspirateur-cyclovac.ch\/de\/#organization"},"potentialAction":[{"@type":"SearchAction","target":{"@type":"EntryPoint","urlTemplate":"https:\/\/aspirateur-cyclovac.ch\/de\/?s={search_term_string}"},"query-input":{"@type":"PropertyValueSpecification","valueRequired":true,"valueName":"search_term_string"}}],"inLanguage":"de"},{"@type":"Organization","@id":"https:\/\/aspirateur-cyclovac.ch\/de\/#organization","name":"SimplyVac S\u00e0rl","url":"https:\/\/aspirateur-cyclovac.ch\/de\/","logo":{"@type":"ImageObject","inLanguage":"de","@id":"https:\/\/aspirateur-cyclovac.ch\/de\/#\/schema\/logo\/image\/","url":"http:\/\/aspirateur-cyclovac.ch\/wp-content\/uploads\/2016\/11\/Logo-Bg_100.jpg","contentUrl":"http:\/\/aspirateur-cyclovac.ch\/wp-content\/uploads\/2016\/11\/Logo-Bg_100.jpg","width":100,"height":100,"caption":"SimplyVac S\u00e0rl"},"image":{"@id":"https:\/\/aspirateur-cyclovac.ch\/de\/#\/schema\/logo\/image\/"},"sameAs":["https:\/\/www.facebook.com\/cyclovacsuisse\/","https:\/\/x.com\/CycloVac_Suisse","https:\/\/www.instagram.com\/cyclo_vac_suisse\/","https:\/\/www.youtube.com\/channel\/UCXPmXj1HKX_o544r27GOL5w"]}]}},"_links":{"self":[{"href":"https:\/\/aspirateur-cyclovac.ch\/de\/wp-json\/wp\/v2\/product\/6271","targetHints":{"allow":["GET"]}}],"collection":[{"href":"https:\/\/aspirateur-cyclovac.ch\/de\/wp-json\/wp\/v2\/product"}],"about":[{"href":"https:\/\/aspirateur-cyclovac.ch\/de\/wp-json\/wp\/v2\/types\/product"}],"replies":[{"embeddable":true,"href":"https:\/\/aspirateur-cyclovac.ch\/de\/wp-json\/wp\/v2\/comments?post=6271"}],"wp:featuredmedia":[{"embeddable":true,"href":"https:\/\/aspirateur-cyclovac.ch\/de\/wp-json\/wp\/v2\/media\/6272"}],"wp:attachment":[{"href":"https:\/\/aspirateur-cyclovac.ch\/de\/wp-json\/wp\/v2\/media?parent=6271"}],"wp:term":[{"taxonomy":"product_brand","embeddable":true,"href":"https:\/\/aspirateur-cyclovac.ch\/de\/wp-json\/wp\/v2\/product_brand?post=6271"},{"taxonomy":"product_cat","embeddable":true,"href":"https:\/\/aspirateur-cyclovac.ch\/de\/wp-json\/wp\/v2\/product_cat?post=6271"},{"taxonomy":"product_tag","embeddable":true,"href":"https:\/\/aspirateur-cyclovac.ch\/de\/wp-json\/wp\/v2\/product_tag?post=6271"}],"curies":[{"name":"wp","href":"https:\/\/api.w.org\/{rel}","templated":true}]}}