{"id":6209,"date":"2017-01-10T16:00:52","date_gmt":"2017-01-10T15:00:52","guid":{"rendered":"https:\/\/aspirateur-cyclovac.ch\/produit\/standard-schlauch\/"},"modified":"2026-02-19T19:38:56","modified_gmt":"2026-02-19T18:38:56","slug":"standard-schlauch","status":"publish","type":"product","link":"https:\/\/aspirateur-cyclovac.ch\/de\/Shop\/standard-schlauch\/","title":{"rendered":"Standard-Schlauch"},"content":{"rendered":"<h4>Schlauch mit Schutz\u00fcberzug ebenfalls erh\u00e4ltlich <a href=\"https:\/\/aspirateur-cyclovac.ch\/boutique\/flexible-avec-chaussette\/\" target=\"_blank\" rel=\"noopener\">hier<\/a><\/h4>\n<h4><\/h4>\n<p><span style=\"color: #ffffff;\">Standard-Schlauch<\/span><\/p>\n<h4>Standard-Schlauch<\/h4>\n<p>Der spezielle R\u00e9traflex Standard-Schlauch ist in 4 L\u00e4ngen erh\u00e4ltlich:<\/p>\n<ul>\n<li>9,10 m<\/li>\n<li>12,2 m<\/li>\n<li>15,2 m<\/li>\n<li>18,3 m<\/li>\n<\/ul>\n<p>Dieser Standard-Schlauch ist ultraleicht und zieht sich sehr schnell ein.<\/p>\n<h4>Installation:<\/h4>\n<p>Schlauch einfach in die R\u00e9traflex-Dose einf\u00fchren.<\/p>\n","protected":false},"excerpt":{"rendered":"<h4>Einziehbarer Standard-Schlauch<\/h4>\n<p>Dieser spezielle R\u00e9traflex-Schlauch ist in 4 L\u00e4ngen erh\u00e4ltlich<\/p>\n<p>Dieser Standard-Schlauch ist ultraleicht und zieht sich sehr schnell ein.<\/p>\n","protected":false},"featured_media":6211,"comment_status":"open","ping_status":"closed","template":"","meta":{"iawp_total_views":0},"product_brand":[],"product_cat":[813],"product_tag":[815,814],"class_list":{"0":"post-6209","1":"product","2":"type-product","3":"status-publish","4":"has-post-thumbnail","6":"product_cat-retraflex-system","7":"product_tag-retraflex","8":"product_tag-retraflex-system","10":"first","11":"instock","12":"taxable","13":"shipping-taxable","14":"purchasable","15":"product-type-variable","16":"has-default-attributes"},"yoast_head":"<!-- This site is optimized with the Yoast SEO plugin v27.0 - https:\/\/yoast.com\/product\/yoast-seo-wordpress\/ -->\n<title>Standard-Schlauch - Aspirateur Central Cyclo Vac Suisse<\/title>\n<meta name=\"description\" content=\"Einziehbarer Standard-Schlauch. Dieser spezielle R\u00e9traflex-Schlauch ist in 4 L\u00e4ngen erh\u00e4ltlich: 9,10 m | 12,2 m | 15,2 m | 18,3 m\" \/>\n<meta name=\"robots\" content=\"index, follow, max-snippet:-1, max-image-preview:large, max-video-preview:-1\" \/>\n<link rel=\"canonical\" href=\"https:\/\/aspirateur-cyclovac.ch\/de\/Shop\/standard-schlauch\/\" \/>\n<meta property=\"og:locale\" content=\"de_DE\" \/>\n<meta property=\"og:type\" content=\"article\" \/>\n<meta property=\"og:title\" content=\"Standard-Schlauch - Aspirateur Central Cyclo Vac Suisse\" \/>\n<meta property=\"og:description\" content=\"Einziehbarer Standard-Schlauch. Dieser spezielle R\u00e9traflex-Schlauch ist in 4 L\u00e4ngen erh\u00e4ltlich: 9,10 m | 12,2 m | 15,2 m | 18,3 m\" \/>\n<meta property=\"og:url\" content=\"https:\/\/aspirateur-cyclovac.ch\/de\/Shop\/standard-schlauch\/\" \/>\n<meta property=\"og:site_name\" content=\"Aspirateur Central Cyclo Vac Suisse\" \/>\n<meta property=\"article:publisher\" content=\"https:\/\/www.facebook.com\/cyclovacsuisse\/\" \/>\n<meta property=\"article:modified_time\" content=\"2026-02-19T18:38:56+00:00\" \/>\n<meta property=\"og:image\" content=\"http:\/\/aspirateur-cyclovac.ch\/wp-content\/uploads\/2017\/01\/Flexible-avec-recouvre-boyau-aspirateur-cyclovac.ch_.jpg\" \/>\n<meta name=\"twitter:card\" content=\"summary_large_image\" \/>\n<meta name=\"twitter:site\" content=\"@CycloVac_Suisse\" \/>\n<!-- \/ Yoast SEO plugin. -->","yoast_head_json":{"title":"Standard-Schlauch - Aspirateur Central Cyclo Vac Suisse","description":"Einziehbarer Standard-Schlauch. Dieser spezielle R\u00e9traflex-Schlauch ist in 4 L\u00e4ngen erh\u00e4ltlich: 9,10 m | 12,2 m | 15,2 m | 18,3 m","robots":{"index":"index","follow":"follow","max-snippet":"max-snippet:-1","max-image-preview":"max-image-preview:large","max-video-preview":"max-video-preview:-1"},"canonical":"https:\/\/aspirateur-cyclovac.ch\/de\/Shop\/standard-schlauch\/","og_locale":"de_DE","og_type":"article","og_title":"Standard-Schlauch - Aspirateur Central Cyclo Vac Suisse","og_description":"Einziehbarer Standard-Schlauch. Dieser spezielle R\u00e9traflex-Schlauch ist in 4 L\u00e4ngen erh\u00e4ltlich: 9,10 m | 12,2 m | 15,2 m | 18,3 m","og_url":"https:\/\/aspirateur-cyclovac.ch\/de\/Shop\/standard-schlauch\/","og_site_name":"Aspirateur Central Cyclo Vac Suisse","article_publisher":"https:\/\/www.facebook.com\/cyclovacsuisse\/","article_modified_time":"2026-02-19T18:38:56+00:00","og_image":[{"url":"http:\/\/aspirateur-cyclovac.ch\/wp-content\/uploads\/2017\/01\/Flexible-avec-recouvre-boyau-aspirateur-cyclovac.ch_.jpg","type":"","width":"","height":""}],"twitter_card":"summary_large_image","twitter_site":"@CycloVac_Suisse","schema":{"@context":"https:\/\/schema.org","@graph":[{"@type":"WebPage","@id":"https:\/\/aspirateur-cyclovac.ch\/de\/Shop\/standard-schlauch\/","url":"https:\/\/aspirateur-cyclovac.ch\/de\/Shop\/standard-schlauch\/","name":"Standard-Schlauch - Aspirateur Central Cyclo Vac Suisse","isPartOf":{"@id":"https:\/\/aspirateur-cyclovac.ch\/de\/#website"},"primaryImageOfPage":{"@id":"https:\/\/aspirateur-cyclovac.ch\/de\/Shop\/standard-schlauch\/#primaryimage"},"image":{"@id":"https:\/\/aspirateur-cyclovac.ch\/de\/Shop\/standard-schlauch\/#primaryimage"},"thumbnailUrl":"https:\/\/aspirateur-cyclovac.ch\/wp-content\/uploads\/2017\/01\/Flexible-standard-aspirateur-cyclovac.ch_.jpg","datePublished":"2017-01-10T15:00:52+00:00","dateModified":"2026-02-19T18:38:56+00:00","description":"Einziehbarer Standard-Schlauch. Dieser spezielle R\u00e9traflex-Schlauch ist in 4 L\u00e4ngen erh\u00e4ltlich: 9,10 m | 12,2 m | 15,2 m | 18,3 m","breadcrumb":{"@id":"https:\/\/aspirateur-cyclovac.ch\/de\/Shop\/standard-schlauch\/#breadcrumb"},"inLanguage":"de","potentialAction":[{"@type":"ReadAction","target":["https:\/\/aspirateur-cyclovac.ch\/de\/Shop\/standard-schlauch\/"]}]},{"@type":"ImageObject","inLanguage":"de","@id":"https:\/\/aspirateur-cyclovac.ch\/de\/Shop\/standard-schlauch\/#primaryimage","url":"https:\/\/aspirateur-cyclovac.ch\/wp-content\/uploads\/2017\/01\/Flexible-standard-aspirateur-cyclovac.ch_.jpg","contentUrl":"https:\/\/aspirateur-cyclovac.ch\/wp-content\/uploads\/2017\/01\/Flexible-standard-aspirateur-cyclovac.ch_.jpg","width":500,"height":500,"caption":"Standard-Schlauch"},{"@type":"BreadcrumbList","@id":"https:\/\/aspirateur-cyclovac.ch\/de\/Shop\/standard-schlauch\/#breadcrumb","itemListElement":[{"@type":"ListItem","position":1,"name":"Startseite","item":"https:\/\/aspirateur-cyclovac.ch\/de\/"},{"@type":"ListItem","position":2,"name":"Shop","item":"https:\/\/aspirateur-cyclovac.ch\/de\/shop\/"},{"@type":"ListItem","position":3,"name":"Standard-Schlauch"}]},{"@type":"WebSite","@id":"https:\/\/aspirateur-cyclovac.ch\/de\/#website","url":"https:\/\/aspirateur-cyclovac.ch\/de\/","name":"Aspirateur Central Cyclo Vac Suisse","description":"Aspiration centralis\u00e9e pour tous !","publisher":{"@id":"https:\/\/aspirateur-cyclovac.ch\/de\/#organization"},"potentialAction":[{"@type":"SearchAction","target":{"@type":"EntryPoint","urlTemplate":"https:\/\/aspirateur-cyclovac.ch\/de\/?s={search_term_string}"},"query-input":{"@type":"PropertyValueSpecification","valueRequired":true,"valueName":"search_term_string"}}],"inLanguage":"de"},{"@type":"Organization","@id":"https:\/\/aspirateur-cyclovac.ch\/de\/#organization","name":"SimplyVac S\u00e0rl","url":"https:\/\/aspirateur-cyclovac.ch\/de\/","logo":{"@type":"ImageObject","inLanguage":"de","@id":"https:\/\/aspirateur-cyclovac.ch\/de\/#\/schema\/logo\/image\/","url":"http:\/\/aspirateur-cyclovac.ch\/wp-content\/uploads\/2016\/11\/Logo-Bg_100.jpg","contentUrl":"http:\/\/aspirateur-cyclovac.ch\/wp-content\/uploads\/2016\/11\/Logo-Bg_100.jpg","width":100,"height":100,"caption":"SimplyVac S\u00e0rl"},"image":{"@id":"https:\/\/aspirateur-cyclovac.ch\/de\/#\/schema\/logo\/image\/"},"sameAs":["https:\/\/www.facebook.com\/cyclovacsuisse\/","https:\/\/x.com\/CycloVac_Suisse","https:\/\/www.instagram.com\/cyclo_vac_suisse\/","https:\/\/www.youtube.com\/channel\/UCXPmXj1HKX_o544r27GOL5w"]}]}},"_links":{"self":[{"href":"https:\/\/aspirateur-cyclovac.ch\/de\/wp-json\/wp\/v2\/product\/6209","targetHints":{"allow":["GET"]}}],"collection":[{"href":"https:\/\/aspirateur-cyclovac.ch\/de\/wp-json\/wp\/v2\/product"}],"about":[{"href":"https:\/\/aspirateur-cyclovac.ch\/de\/wp-json\/wp\/v2\/types\/product"}],"replies":[{"embeddable":true,"href":"https:\/\/aspirateur-cyclovac.ch\/de\/wp-json\/wp\/v2\/comments?post=6209"}],"wp:featuredmedia":[{"embeddable":true,"href":"https:\/\/aspirateur-cyclovac.ch\/de\/wp-json\/wp\/v2\/media\/6211"}],"wp:attachment":[{"href":"https:\/\/aspirateur-cyclovac.ch\/de\/wp-json\/wp\/v2\/media?parent=6209"}],"wp:term":[{"taxonomy":"product_brand","embeddable":true,"href":"https:\/\/aspirateur-cyclovac.ch\/de\/wp-json\/wp\/v2\/product_brand?post=6209"},{"taxonomy":"product_cat","embeddable":true,"href":"https:\/\/aspirateur-cyclovac.ch\/de\/wp-json\/wp\/v2\/product_cat?post=6209"},{"taxonomy":"product_tag","embeddable":true,"href":"https:\/\/aspirateur-cyclovac.ch\/de\/wp-json\/wp\/v2\/product_tag?post=6209"}],"curies":[{"name":"wp","href":"https:\/\/api.w.org\/{rel}","templated":true}]}}