{"id":6208,"date":"2019-02-07T15:34:32","date_gmt":"2019-02-07T14:34:32","guid":{"rendered":"https:\/\/aspirateur-cyclovac.ch\/produit\/kabelbinder-45x280-mm-x-100-stueck\/"},"modified":"2026-02-19T19:38:02","modified_gmt":"2026-02-19T18:38:02","slug":"kabelbinder-45x280-mm-x-100-stueck","status":"publish","type":"product","link":"https:\/\/aspirateur-cyclovac.ch\/de\/Shop\/kabelbinder-45x280-mm-x-100-stueck\/","title":{"rendered":"Kabelbinder 4,5&#215;280 mm x 100 St\u00fcck"},"content":{"rendered":"<h2>Kabelbinder 4,5&#215;280 mm x 100 St\u00fcck<\/h2>\n<p>Breite: 4,5 mm<\/p>\n<p>L\u00e4nge: 280 mm<\/p>\n<p>Max. B\u00fcndeldurchmesser: 76 mm<\/p>\n<p>Zugfestigkeit 28 kg, Lieferung in Beuteln zu 100 St\u00fcck<\/p>\n<p>&nbsp;<\/p>\n","protected":false},"excerpt":{"rendered":"<h2>Kabelbinder 4,5&#215;280 mm<\/h2>\n<p>Breite: 4,5 mm, L\u00e4nge: 280 mm, max. B\u00fcndeldurchmesser: 76 mm und Zugfestigkeit 28 kg. Lieferung in Beuteln zu 100 St\u00fcck <\/p>\n","protected":false},"featured_media":6210,"comment_status":"open","ping_status":"closed","template":"","meta":{"iawp_total_views":0},"product_brand":[],"product_cat":[792],"product_tag":[],"class_list":{"0":"post-6208","1":"product","2":"type-product","3":"status-publish","4":"has-post-thumbnail","6":"product_cat-installation-und-anschluss","8":"first","9":"instock","10":"taxable","11":"shipping-taxable","12":"purchasable","13":"product-type-simple"},"yoast_head":"<!-- This site is optimized with the Yoast SEO plugin v27.0 - https:\/\/yoast.com\/product\/yoast-seo-wordpress\/ -->\n<title>Kabelbinder 4,5x280 mm x 100 St\u00fcck - Aspirateur Central Cyclo Vac Suisse<\/title>\n<meta name=\"description\" content=\"Kabelbinder 4,5x280 mm x 100 St\u00fcck. Breite: 4,5 mm, L\u00e4nge: 280 mm, max. B\u00fcndeldurchmesser: 76 mm und Zugfestigkeit 28 kg. Lieferung in Beuteln zu 100 St\u00fcck\" \/>\n<meta name=\"robots\" content=\"index, follow, max-snippet:-1, max-image-preview:large, max-video-preview:-1\" \/>\n<link rel=\"canonical\" href=\"https:\/\/aspirateur-cyclovac.ch\/de\/Shop\/kabelbinder-45x280-mm-x-100-stueck\/\" \/>\n<meta property=\"og:locale\" content=\"de_DE\" \/>\n<meta property=\"og:type\" content=\"article\" \/>\n<meta property=\"og:title\" content=\"Kabelbinder 4,5x280 mm x 100 St\u00fcck - Aspirateur Central Cyclo Vac Suisse\" \/>\n<meta property=\"og:description\" content=\"Kabelbinder 4,5x280 mm x 100 St\u00fcck. Breite: 4,5 mm, L\u00e4nge: 280 mm, max. B\u00fcndeldurchmesser: 76 mm und Zugfestigkeit 28 kg. Lieferung in Beuteln zu 100 St\u00fcck\" \/>\n<meta property=\"og:url\" content=\"https:\/\/aspirateur-cyclovac.ch\/de\/Shop\/kabelbinder-45x280-mm-x-100-stueck\/\" \/>\n<meta property=\"og:site_name\" content=\"Aspirateur Central Cyclo Vac Suisse\" \/>\n<meta property=\"article:publisher\" content=\"https:\/\/www.facebook.com\/cyclovacsuisse\/\" \/>\n<meta property=\"article:modified_time\" content=\"2026-02-19T18:38:02+00:00\" \/>\n<meta property=\"og:image\" content=\"https:\/\/aspirateur-cyclovac.ch\/wp-content\/uploads\/2019\/02\/Collier-serre-cable.jpg\" \/>\n<meta name=\"twitter:card\" content=\"summary_large_image\" \/>\n<meta name=\"twitter:site\" content=\"@CycloVac_Suisse\" \/>\n<!-- \/ Yoast SEO plugin. -->","yoast_head_json":{"title":"Kabelbinder 4,5x280 mm x 100 St\u00fcck - Aspirateur Central Cyclo Vac Suisse","description":"Kabelbinder 4,5x280 mm x 100 St\u00fcck. Breite: 4,5 mm, L\u00e4nge: 280 mm, max. B\u00fcndeldurchmesser: 76 mm und Zugfestigkeit 28 kg. Lieferung in Beuteln zu 100 St\u00fcck","robots":{"index":"index","follow":"follow","max-snippet":"max-snippet:-1","max-image-preview":"max-image-preview:large","max-video-preview":"max-video-preview:-1"},"canonical":"https:\/\/aspirateur-cyclovac.ch\/de\/Shop\/kabelbinder-45x280-mm-x-100-stueck\/","og_locale":"de_DE","og_type":"article","og_title":"Kabelbinder 4,5x280 mm x 100 St\u00fcck - Aspirateur Central Cyclo Vac Suisse","og_description":"Kabelbinder 4,5x280 mm x 100 St\u00fcck. Breite: 4,5 mm, L\u00e4nge: 280 mm, max. B\u00fcndeldurchmesser: 76 mm und Zugfestigkeit 28 kg. Lieferung in Beuteln zu 100 St\u00fcck","og_url":"https:\/\/aspirateur-cyclovac.ch\/de\/Shop\/kabelbinder-45x280-mm-x-100-stueck\/","og_site_name":"Aspirateur Central Cyclo Vac Suisse","article_publisher":"https:\/\/www.facebook.com\/cyclovacsuisse\/","article_modified_time":"2026-02-19T18:38:02+00:00","og_image":[{"url":"https:\/\/aspirateur-cyclovac.ch\/wp-content\/uploads\/2019\/02\/Collier-serre-cable.jpg","type":"","width":"","height":""}],"twitter_card":"summary_large_image","twitter_site":"@CycloVac_Suisse","schema":{"@context":"https:\/\/schema.org","@graph":[{"@type":"WebPage","@id":"https:\/\/aspirateur-cyclovac.ch\/de\/Shop\/kabelbinder-45x280-mm-x-100-stueck\/","url":"https:\/\/aspirateur-cyclovac.ch\/de\/Shop\/kabelbinder-45x280-mm-x-100-stueck\/","name":"Kabelbinder 4,5x280 mm x 100 St\u00fcck - Aspirateur Central Cyclo Vac Suisse","isPartOf":{"@id":"https:\/\/aspirateur-cyclovac.ch\/de\/#website"},"primaryImageOfPage":{"@id":"https:\/\/aspirateur-cyclovac.ch\/de\/Shop\/kabelbinder-45x280-mm-x-100-stueck\/#primaryimage"},"image":{"@id":"https:\/\/aspirateur-cyclovac.ch\/de\/Shop\/kabelbinder-45x280-mm-x-100-stueck\/#primaryimage"},"thumbnailUrl":"https:\/\/aspirateur-cyclovac.ch\/wp-content\/uploads\/2019\/02\/Collier-serre-cable.jpg","datePublished":"2019-02-07T14:34:32+00:00","dateModified":"2026-02-19T18:38:02+00:00","description":"Kabelbinder 4,5x280 mm x 100 St\u00fcck. Breite: 4,5 mm, L\u00e4nge: 280 mm, max. B\u00fcndeldurchmesser: 76 mm und Zugfestigkeit 28 kg. Lieferung in Beuteln zu 100 St\u00fcck","breadcrumb":{"@id":"https:\/\/aspirateur-cyclovac.ch\/de\/Shop\/kabelbinder-45x280-mm-x-100-stueck\/#breadcrumb"},"inLanguage":"de","potentialAction":[{"@type":"ReadAction","target":["https:\/\/aspirateur-cyclovac.ch\/de\/Shop\/kabelbinder-45x280-mm-x-100-stueck\/"]}]},{"@type":"ImageObject","inLanguage":"de","@id":"https:\/\/aspirateur-cyclovac.ch\/de\/Shop\/kabelbinder-45x280-mm-x-100-stueck\/#primaryimage","url":"https:\/\/aspirateur-cyclovac.ch\/wp-content\/uploads\/2019\/02\/Collier-serre-cable.jpg","contentUrl":"https:\/\/aspirateur-cyclovac.ch\/wp-content\/uploads\/2019\/02\/Collier-serre-cable.jpg","width":500,"height":500,"caption":"Kabelbinder"},{"@type":"BreadcrumbList","@id":"https:\/\/aspirateur-cyclovac.ch\/de\/Shop\/kabelbinder-45x280-mm-x-100-stueck\/#breadcrumb","itemListElement":[{"@type":"ListItem","position":1,"name":"Startseite","item":"https:\/\/aspirateur-cyclovac.ch\/de\/"},{"@type":"ListItem","position":2,"name":"Shop","item":"https:\/\/aspirateur-cyclovac.ch\/de\/shop\/"},{"@type":"ListItem","position":3,"name":"Kabelbinder 4,5&#215;280 mm x 100 St\u00fcck"}]},{"@type":"WebSite","@id":"https:\/\/aspirateur-cyclovac.ch\/de\/#website","url":"https:\/\/aspirateur-cyclovac.ch\/de\/","name":"Aspirateur Central Cyclo Vac Suisse","description":"Aspiration centralis\u00e9e pour tous !","publisher":{"@id":"https:\/\/aspirateur-cyclovac.ch\/de\/#organization"},"potentialAction":[{"@type":"SearchAction","target":{"@type":"EntryPoint","urlTemplate":"https:\/\/aspirateur-cyclovac.ch\/de\/?s={search_term_string}"},"query-input":{"@type":"PropertyValueSpecification","valueRequired":true,"valueName":"search_term_string"}}],"inLanguage":"de"},{"@type":"Organization","@id":"https:\/\/aspirateur-cyclovac.ch\/de\/#organization","name":"SimplyVac S\u00e0rl","url":"https:\/\/aspirateur-cyclovac.ch\/de\/","logo":{"@type":"ImageObject","inLanguage":"de","@id":"https:\/\/aspirateur-cyclovac.ch\/de\/#\/schema\/logo\/image\/","url":"http:\/\/aspirateur-cyclovac.ch\/wp-content\/uploads\/2016\/11\/Logo-Bg_100.jpg","contentUrl":"http:\/\/aspirateur-cyclovac.ch\/wp-content\/uploads\/2016\/11\/Logo-Bg_100.jpg","width":100,"height":100,"caption":"SimplyVac S\u00e0rl"},"image":{"@id":"https:\/\/aspirateur-cyclovac.ch\/de\/#\/schema\/logo\/image\/"},"sameAs":["https:\/\/www.facebook.com\/cyclovacsuisse\/","https:\/\/x.com\/CycloVac_Suisse","https:\/\/www.instagram.com\/cyclo_vac_suisse\/","https:\/\/www.youtube.com\/channel\/UCXPmXj1HKX_o544r27GOL5w"]}]}},"_links":{"self":[{"href":"https:\/\/aspirateur-cyclovac.ch\/de\/wp-json\/wp\/v2\/product\/6208","targetHints":{"allow":["GET"]}}],"collection":[{"href":"https:\/\/aspirateur-cyclovac.ch\/de\/wp-json\/wp\/v2\/product"}],"about":[{"href":"https:\/\/aspirateur-cyclovac.ch\/de\/wp-json\/wp\/v2\/types\/product"}],"replies":[{"embeddable":true,"href":"https:\/\/aspirateur-cyclovac.ch\/de\/wp-json\/wp\/v2\/comments?post=6208"}],"wp:featuredmedia":[{"embeddable":true,"href":"https:\/\/aspirateur-cyclovac.ch\/de\/wp-json\/wp\/v2\/media\/6210"}],"wp:attachment":[{"href":"https:\/\/aspirateur-cyclovac.ch\/de\/wp-json\/wp\/v2\/media?parent=6208"}],"wp:term":[{"taxonomy":"product_brand","embeddable":true,"href":"https:\/\/aspirateur-cyclovac.ch\/de\/wp-json\/wp\/v2\/product_brand?post=6208"},{"taxonomy":"product_cat","embeddable":true,"href":"https:\/\/aspirateur-cyclovac.ch\/de\/wp-json\/wp\/v2\/product_cat?post=6208"},{"taxonomy":"product_tag","embeddable":true,"href":"https:\/\/aspirateur-cyclovac.ch\/de\/wp-json\/wp\/v2\/product_tag?post=6208"}],"curies":[{"name":"wp","href":"https:\/\/api.w.org\/{rel}","templated":true}]}}