{"id":6204,"date":"2017-01-10T18:03:41","date_gmt":"2017-01-10T17:03:41","guid":{"rendered":"https:\/\/aspirateur-cyclovac.ch\/produit\/gehaeuse-fuer-retraflex-ii-steckdose\/"},"modified":"2026-02-19T19:39:01","modified_gmt":"2026-02-19T18:39:01","slug":"gehaeuse-fuer-retraflex-ii-steckdose","status":"publish","type":"product","link":"https:\/\/aspirateur-cyclovac.ch\/de\/Shop\/gehaeuse-fuer-retraflex-ii-steckdose\/","title":{"rendered":"Geh\u00e4use f\u00fcr R\u00e9traflex II Steckdose"},"content":{"rendered":"<h2>Wir empfehlen dieses Geh\u00e4use f\u00fcr R\u00e9traflex II Saugdose f\u00fcr:<\/h2>\n<ul>\n<li>Befestigung in einem Schrank oder in einem Abstellraum.<span style=\"color: #ffffff;\"> Geh\u00e4use f\u00fcr R\u00e9traflex Saugdose<\/span><\/li>\n<li>Aufputzmontage.<\/li>\n<li>Alle Situationen, in denen die <a href=\"https:\/\/aspirateur-cyclovac.ch\/de\/Shop\/retraflex-ii-steckdose\/\" target=\"_blank\" rel=\"noopener noreferrer\">R\u00e9traflex Saugdose<\/a> au\u00dferhalb einer Wand oder an einer Wand befestigt werden muss.<\/li>\n<\/ul>\n","protected":false},"excerpt":{"rendered":"<h4>Das Geh\u00e4use f\u00fcr R\u00e9traflex II Saugdose ist sehr praktisch f\u00fcr alle Situationen, in denen die Saugdose au\u00dferhalb einer Wand oder an einer Wand befestigt werden muss.<\/h4>\n","protected":false},"featured_media":6206,"comment_status":"open","ping_status":"closed","template":"","meta":{"iawp_total_views":0},"product_brand":[],"product_cat":[807,813],"product_tag":[815,814,808],"class_list":{"0":"post-6204","1":"product","2":"type-product","3":"status-publish","4":"has-post-thumbnail","6":"product_cat-steckdose","7":"product_cat-retraflex-system","8":"product_tag-retraflex","9":"product_tag-retraflex-system","10":"product_tag-steckdose","12":"first","13":"instock","14":"taxable","15":"shipping-taxable","16":"purchasable","17":"product-type-simple"},"yoast_head":"<!-- This site is optimized with the Yoast SEO plugin v27.0 - https:\/\/yoast.com\/product\/yoast-seo-wordpress\/ -->\n<title>Geh\u00e4use f\u00fcr R\u00e9traflex II Steckdose - Aspirateur Central Cyclo Vac Suisse<\/title>\n<meta name=\"description\" content=\"Wir empfehlen dieses Geh\u00e4use f\u00fcr R\u00e9traflex Saugdose f\u00fcr alle Situationen, in denen die R\u00e9traflex Saugdose au\u00dferhalb einer Wand oder an einer Wand befestigt werden muss.\" \/>\n<meta name=\"robots\" content=\"index, follow, max-snippet:-1, max-image-preview:large, max-video-preview:-1\" \/>\n<link rel=\"canonical\" href=\"https:\/\/aspirateur-cyclovac.ch\/de\/Shop\/gehaeuse-fuer-retraflex-ii-steckdose\/\" \/>\n<meta property=\"og:locale\" content=\"de_DE\" \/>\n<meta property=\"og:type\" content=\"article\" \/>\n<meta property=\"og:title\" content=\"Geh\u00e4use f\u00fcr R\u00e9traflex II Steckdose - Aspirateur Central Cyclo Vac Suisse\" \/>\n<meta property=\"og:description\" content=\"Wir empfehlen dieses Geh\u00e4use f\u00fcr R\u00e9traflex Saugdose f\u00fcr alle Situationen, in denen die R\u00e9traflex Saugdose au\u00dferhalb einer Wand oder an einer Wand befestigt werden muss.\" \/>\n<meta property=\"og:url\" content=\"https:\/\/aspirateur-cyclovac.ch\/de\/Shop\/gehaeuse-fuer-retraflex-ii-steckdose\/\" \/>\n<meta property=\"og:site_name\" content=\"Aspirateur Central Cyclo Vac Suisse\" \/>\n<meta property=\"article:publisher\" content=\"https:\/\/www.facebook.com\/cyclovacsuisse\/\" \/>\n<meta property=\"article:modified_time\" content=\"2026-02-19T18:39:01+00:00\" \/>\n<meta property=\"og:image\" content=\"http:\/\/aspirateur-cyclovac.ch\/wp-content\/uploads\/2017\/01\/Boitier-Retraflex-ITRETTEM-aspirateur-cyclovac.ch_.jpg\" \/>\n<meta name=\"twitter:card\" content=\"summary_large_image\" \/>\n<meta name=\"twitter:site\" content=\"@CycloVac_Suisse\" \/>\n<!-- \/ Yoast SEO plugin. -->","yoast_head_json":{"title":"Geh\u00e4use f\u00fcr R\u00e9traflex II Steckdose - Aspirateur Central Cyclo Vac Suisse","description":"Wir empfehlen dieses Geh\u00e4use f\u00fcr R\u00e9traflex Saugdose f\u00fcr alle Situationen, in denen die R\u00e9traflex Saugdose au\u00dferhalb einer Wand oder an einer Wand befestigt werden muss.","robots":{"index":"index","follow":"follow","max-snippet":"max-snippet:-1","max-image-preview":"max-image-preview:large","max-video-preview":"max-video-preview:-1"},"canonical":"https:\/\/aspirateur-cyclovac.ch\/de\/Shop\/gehaeuse-fuer-retraflex-ii-steckdose\/","og_locale":"de_DE","og_type":"article","og_title":"Geh\u00e4use f\u00fcr R\u00e9traflex II Steckdose - Aspirateur Central Cyclo Vac Suisse","og_description":"Wir empfehlen dieses Geh\u00e4use f\u00fcr R\u00e9traflex Saugdose f\u00fcr alle Situationen, in denen die R\u00e9traflex Saugdose au\u00dferhalb einer Wand oder an einer Wand befestigt werden muss.","og_url":"https:\/\/aspirateur-cyclovac.ch\/de\/Shop\/gehaeuse-fuer-retraflex-ii-steckdose\/","og_site_name":"Aspirateur Central Cyclo Vac Suisse","article_publisher":"https:\/\/www.facebook.com\/cyclovacsuisse\/","article_modified_time":"2026-02-19T18:39:01+00:00","og_image":[{"url":"http:\/\/aspirateur-cyclovac.ch\/wp-content\/uploads\/2017\/01\/Boitier-Retraflex-ITRETTEM-aspirateur-cyclovac.ch_.jpg","type":"","width":"","height":""}],"twitter_card":"summary_large_image","twitter_site":"@CycloVac_Suisse","schema":{"@context":"https:\/\/schema.org","@graph":[{"@type":"WebPage","@id":"https:\/\/aspirateur-cyclovac.ch\/de\/Shop\/gehaeuse-fuer-retraflex-ii-steckdose\/","url":"https:\/\/aspirateur-cyclovac.ch\/de\/Shop\/gehaeuse-fuer-retraflex-ii-steckdose\/","name":"Geh\u00e4use f\u00fcr R\u00e9traflex II Steckdose - Aspirateur Central Cyclo Vac Suisse","isPartOf":{"@id":"https:\/\/aspirateur-cyclovac.ch\/de\/#website"},"primaryImageOfPage":{"@id":"https:\/\/aspirateur-cyclovac.ch\/de\/Shop\/gehaeuse-fuer-retraflex-ii-steckdose\/#primaryimage"},"image":{"@id":"https:\/\/aspirateur-cyclovac.ch\/de\/Shop\/gehaeuse-fuer-retraflex-ii-steckdose\/#primaryimage"},"thumbnailUrl":"https:\/\/aspirateur-cyclovac.ch\/wp-content\/uploads\/2017\/01\/ITRETCABW-bo\u00eetier-pour-prise-R\u00e9traflex-aspirateur-cyclovac.ch_.jpg","datePublished":"2017-01-10T17:03:41+00:00","dateModified":"2026-02-19T18:39:01+00:00","description":"Wir empfehlen dieses Geh\u00e4use f\u00fcr R\u00e9traflex Saugdose f\u00fcr alle Situationen, in denen die R\u00e9traflex Saugdose au\u00dferhalb einer Wand oder an einer Wand befestigt werden muss.","breadcrumb":{"@id":"https:\/\/aspirateur-cyclovac.ch\/de\/Shop\/gehaeuse-fuer-retraflex-ii-steckdose\/#breadcrumb"},"inLanguage":"de","potentialAction":[{"@type":"ReadAction","target":["https:\/\/aspirateur-cyclovac.ch\/de\/Shop\/gehaeuse-fuer-retraflex-ii-steckdose\/"]}]},{"@type":"ImageObject","inLanguage":"de","@id":"https:\/\/aspirateur-cyclovac.ch\/de\/Shop\/gehaeuse-fuer-retraflex-ii-steckdose\/#primaryimage","url":"https:\/\/aspirateur-cyclovac.ch\/wp-content\/uploads\/2017\/01\/ITRETCABW-bo\u00eetier-pour-prise-R\u00e9traflex-aspirateur-cyclovac.ch_.jpg","contentUrl":"https:\/\/aspirateur-cyclovac.ch\/wp-content\/uploads\/2017\/01\/ITRETCABW-bo\u00eetier-pour-prise-R\u00e9traflex-aspirateur-cyclovac.ch_.jpg","width":500,"height":500,"caption":"Geh\u00e4use f\u00fcr R\u00e9traflex Saugdose"},{"@type":"BreadcrumbList","@id":"https:\/\/aspirateur-cyclovac.ch\/de\/Shop\/gehaeuse-fuer-retraflex-ii-steckdose\/#breadcrumb","itemListElement":[{"@type":"ListItem","position":1,"name":"Startseite","item":"https:\/\/aspirateur-cyclovac.ch\/de\/"},{"@type":"ListItem","position":2,"name":"Shop","item":"https:\/\/aspirateur-cyclovac.ch\/de\/shop\/"},{"@type":"ListItem","position":3,"name":"Geh\u00e4use f\u00fcr R\u00e9traflex II Steckdose"}]},{"@type":"WebSite","@id":"https:\/\/aspirateur-cyclovac.ch\/de\/#website","url":"https:\/\/aspirateur-cyclovac.ch\/de\/","name":"Aspirateur Central Cyclo Vac Suisse","description":"Aspiration centralis\u00e9e pour tous !","publisher":{"@id":"https:\/\/aspirateur-cyclovac.ch\/de\/#organization"},"potentialAction":[{"@type":"SearchAction","target":{"@type":"EntryPoint","urlTemplate":"https:\/\/aspirateur-cyclovac.ch\/de\/?s={search_term_string}"},"query-input":{"@type":"PropertyValueSpecification","valueRequired":true,"valueName":"search_term_string"}}],"inLanguage":"de"},{"@type":"Organization","@id":"https:\/\/aspirateur-cyclovac.ch\/de\/#organization","name":"SimplyVac S\u00e0rl","url":"https:\/\/aspirateur-cyclovac.ch\/de\/","logo":{"@type":"ImageObject","inLanguage":"de","@id":"https:\/\/aspirateur-cyclovac.ch\/de\/#\/schema\/logo\/image\/","url":"http:\/\/aspirateur-cyclovac.ch\/wp-content\/uploads\/2016\/11\/Logo-Bg_100.jpg","contentUrl":"http:\/\/aspirateur-cyclovac.ch\/wp-content\/uploads\/2016\/11\/Logo-Bg_100.jpg","width":100,"height":100,"caption":"SimplyVac S\u00e0rl"},"image":{"@id":"https:\/\/aspirateur-cyclovac.ch\/de\/#\/schema\/logo\/image\/"},"sameAs":["https:\/\/www.facebook.com\/cyclovacsuisse\/","https:\/\/x.com\/CycloVac_Suisse","https:\/\/www.instagram.com\/cyclo_vac_suisse\/","https:\/\/www.youtube.com\/channel\/UCXPmXj1HKX_o544r27GOL5w"]}]}},"_links":{"self":[{"href":"https:\/\/aspirateur-cyclovac.ch\/de\/wp-json\/wp\/v2\/product\/6204","targetHints":{"allow":["GET"]}}],"collection":[{"href":"https:\/\/aspirateur-cyclovac.ch\/de\/wp-json\/wp\/v2\/product"}],"about":[{"href":"https:\/\/aspirateur-cyclovac.ch\/de\/wp-json\/wp\/v2\/types\/product"}],"replies":[{"embeddable":true,"href":"https:\/\/aspirateur-cyclovac.ch\/de\/wp-json\/wp\/v2\/comments?post=6204"}],"wp:featuredmedia":[{"embeddable":true,"href":"https:\/\/aspirateur-cyclovac.ch\/de\/wp-json\/wp\/v2\/media\/6206"}],"wp:attachment":[{"href":"https:\/\/aspirateur-cyclovac.ch\/de\/wp-json\/wp\/v2\/media?parent=6204"}],"wp:term":[{"taxonomy":"product_brand","embeddable":true,"href":"https:\/\/aspirateur-cyclovac.ch\/de\/wp-json\/wp\/v2\/product_brand?post=6204"},{"taxonomy":"product_cat","embeddable":true,"href":"https:\/\/aspirateur-cyclovac.ch\/de\/wp-json\/wp\/v2\/product_cat?post=6204"},{"taxonomy":"product_tag","embeddable":true,"href":"https:\/\/aspirateur-cyclovac.ch\/de\/wp-json\/wp\/v2\/product_tag?post=6204"}],"curies":[{"name":"wp","href":"https:\/\/api.w.org\/{rel}","templated":true}]}}