{"id":6193,"date":"2021-11-22T10:35:30","date_gmt":"2021-11-22T09:35:30","guid":{"rendered":"https:\/\/aspirateur-cyclovac.ch\/produit\/hd800c\/"},"modified":"2026-02-19T19:38:13","modified_gmt":"2026-02-19T18:38:13","slug":"hd800c","status":"publish","type":"product","link":"https:\/\/aspirateur-cyclovac.ch\/de\/Shop\/hd800c\/","title":{"rendered":"HD800C"},"content":{"rendered":"<p>Dieses Ger\u00e4t der HD-Serie ist mit einem \u00e4u\u00dferst robusten 2-Stufen-Motor f\u00fcr unvergleichliche Langlebigkeit konzipiert.<\/p>\n<p>Zudem ben\u00f6tigt dieser Staubsauger weder Beutel noch Filter!<\/p>\n<p>Sein Design erm\u00f6glicht eine zyklonische Luftbewegung, die den Staub automatisch trennt und am Boden des Beh\u00e4lters ablegt.<\/p>\n<p>Sie werden also keinerlei Probleme mit dem HD800C haben.<\/p>\n<p>Alle HD-Motoren sind extrem robust und wurden mit einer Epoxidharzbehandlung versehen, um Feuchtigkeitseinfl\u00fcssen standzuhalten.<\/p>\n<p>Dar\u00fcber hinaus sind alle HD-K\u00f6pfe mit unserem einzigartigen <a href=\"https:\/\/aspirateur-cyclovac.ch\/de\/Shop\/2-kohlefilter-tdfilhec2\/\"><strong>Kohlenstaubfiltersystem<\/strong><\/a> ausgestattet.<\/p>\n<h4>Cyclo Vac HD Brosch\u00fcre <a href=\"http:\/\/aspirateur-cyclovac.ch\/pdf\/catalogue-cyclo-hd-web.pdf\" target=\"_blank\" rel=\"noopener\">hier<\/a><\/h4>\n<h4><\/h4>\n<p>&nbsp;<\/p>\n<table width=\"296\">\n<tbody>\n<tr>\n<td width=\"216\"><a title=\"Technische Erkl\u00e4rungen\" href=\"https:\/\/aspirateur-cyclovac.ch\/de\/technische-erklaerungen\/\" target=\"_blank\" rel=\"noopener\">Airwatt<\/a><\/td>\n<td width=\"80\">500<\/td>\n<\/tr>\n<tr>\n<td width=\"216\"><a title=\"Technische Erkl\u00e4rungen\" href=\"https:\/\/aspirateur-cyclovac.ch\/de\/technische-erklaerungen\/\" target=\"_blank\" rel=\"noopener\">Luftstrom<\/a><\/td>\n<td width=\"80\">205 MCH<\/td>\n<\/tr>\n<tr>\n<td width=\"216\"><a title=\"Technische Erkl\u00e4rungen\" href=\"https:\/\/aspirateur-cyclovac.ch\/de\/technische-erklaerungen\/\" target=\"_blank\" rel=\"noopener\">Saugleistung H2O<\/a><\/td>\n<td width=\"80\">3175<\/td>\n<\/tr>\n<tr>\n<td width=\"216\">Max. Ampere<\/td>\n<td width=\"80\">7,5 A<\/td>\n<\/tr>\n<tr>\n<td width=\"216\">Anzahl Motoren<\/td>\n<td width=\"80\">1<\/td>\n<\/tr>\n<tr>\n<td width=\"216\">Turbinen pro Motor<\/td>\n<td width=\"80\">2<\/td>\n<\/tr>\n<tr>\n<td width=\"216\">H\u00f6he<\/td>\n<td width=\"80\">102 cm<\/td>\n<\/tr>\n<tr>\n<td width=\"216\">Durchmesser<\/td>\n<td width=\"80\">36 cm<\/td>\n<\/tr>\n<tr>\n<td width=\"216\">Gewicht<\/td>\n<td width=\"80\">19 kg<\/td>\n<\/tr>\n<tr>\n<td width=\"216\">Garantie<\/td>\n<td>10 Jahre oder 90 J<\/td>\n<\/tr>\n<\/tbody>\n<\/table>\n<h3><\/h3>\n<h3><\/h3>\n<p>&nbsp;<\/p>\n<div class=\"embed-container\"><iframe loading=\"lazy\" src=\"http:\/\/www.youtube.com\/embed\/YE8boYlOjUo\" width=\"560\" height=\"315\" frameborder=\"0\" allowfullscreen=\"allowfullscreen\"><\/iframe><\/div>\n","protected":false},"excerpt":{"rendered":"<h2>HD800C \u2013 2 Stufen<\/h2>\n","protected":false},"featured_media":6194,"comment_status":"open","ping_status":"closed","template":"","meta":{"iawp_total_views":0},"product_brand":[],"product_cat":[829],"product_tag":[830],"class_list":{"0":"post-6193","1":"product","2":"type-product","3":"status-publish","4":"has-post-thumbnail","6":"product_cat-hd-gewerbelinie","7":"product_tag-hd-motor","8":"product_shipping_class-ueber-1-m-30-kg","10":"first","11":"instock","12":"taxable","13":"shipping-taxable","14":"purchasable","15":"product-type-simple"},"yoast_head":"<!-- This site is optimized with the Yoast SEO plugin v27.0 - https:\/\/yoast.com\/product\/yoast-seo-wordpress\/ -->\n<title>HD800C - Aspirateur Central Cyclo Vac Suisse<\/title>\n<meta name=\"description\" content=\"Dieser Staubsauger ben\u00f6tigt weder Beutel noch Filter! Sein Design erm\u00f6glicht eine zyklonische Luftbewegung, die den Staub automatisch trennt.\" \/>\n<meta name=\"robots\" content=\"index, follow, max-snippet:-1, max-image-preview:large, max-video-preview:-1\" \/>\n<link rel=\"canonical\" href=\"https:\/\/aspirateur-cyclovac.ch\/de\/Shop\/hd800c\/\" \/>\n<meta property=\"og:locale\" content=\"de_DE\" \/>\n<meta property=\"og:type\" content=\"article\" \/>\n<meta property=\"og:title\" content=\"HD800C - Aspirateur Central Cyclo Vac Suisse\" \/>\n<meta property=\"og:description\" content=\"Dieser Staubsauger ben\u00f6tigt weder Beutel noch Filter! Sein Design erm\u00f6glicht eine zyklonische Luftbewegung, die den Staub automatisch trennt.\" \/>\n<meta property=\"og:url\" content=\"https:\/\/aspirateur-cyclovac.ch\/de\/Shop\/hd800c\/\" \/>\n<meta property=\"og:site_name\" content=\"Aspirateur Central Cyclo Vac Suisse\" \/>\n<meta property=\"article:publisher\" content=\"https:\/\/www.facebook.com\/cyclovacsuisse\/\" \/>\n<meta property=\"article:modified_time\" content=\"2026-02-19T18:38:13+00:00\" \/>\n<meta property=\"og:image\" content=\"https:\/\/aspirateur-cyclovac.ch\/wp-content\/uploads\/2021\/11\/HD800C.png\" \/>\n\t<meta property=\"og:image:width\" content=\"500\" \/>\n\t<meta property=\"og:image:height\" content=\"500\" \/>\n\t<meta property=\"og:image:type\" content=\"image\/png\" \/>\n<meta name=\"twitter:card\" content=\"summary_large_image\" \/>\n<meta name=\"twitter:site\" content=\"@CycloVac_Suisse\" \/>\n<meta name=\"twitter:label1\" content=\"Gesch\u00e4tzte Lesezeit\" \/>\n\t<meta name=\"twitter:data1\" content=\"1 Minute\" \/>\n<!-- \/ Yoast SEO plugin. -->","yoast_head_json":{"title":"HD800C - Aspirateur Central Cyclo Vac Suisse","description":"Dieser Staubsauger ben\u00f6tigt weder Beutel noch Filter! Sein Design erm\u00f6glicht eine zyklonische Luftbewegung, die den Staub automatisch trennt.","robots":{"index":"index","follow":"follow","max-snippet":"max-snippet:-1","max-image-preview":"max-image-preview:large","max-video-preview":"max-video-preview:-1"},"canonical":"https:\/\/aspirateur-cyclovac.ch\/de\/Shop\/hd800c\/","og_locale":"de_DE","og_type":"article","og_title":"HD800C - Aspirateur Central Cyclo Vac Suisse","og_description":"Dieser Staubsauger ben\u00f6tigt weder Beutel noch Filter! Sein Design erm\u00f6glicht eine zyklonische Luftbewegung, die den Staub automatisch trennt.","og_url":"https:\/\/aspirateur-cyclovac.ch\/de\/Shop\/hd800c\/","og_site_name":"Aspirateur Central Cyclo Vac Suisse","article_publisher":"https:\/\/www.facebook.com\/cyclovacsuisse\/","article_modified_time":"2026-02-19T18:38:13+00:00","og_image":[{"width":500,"height":500,"url":"https:\/\/aspirateur-cyclovac.ch\/wp-content\/uploads\/2021\/11\/HD800C.png","type":"image\/png"}],"twitter_card":"summary_large_image","twitter_site":"@CycloVac_Suisse","twitter_misc":{"Gesch\u00e4tzte Lesezeit":"1 Minute"},"schema":{"@context":"https:\/\/schema.org","@graph":[{"@type":"WebPage","@id":"https:\/\/aspirateur-cyclovac.ch\/de\/Shop\/hd800c\/","url":"https:\/\/aspirateur-cyclovac.ch\/de\/Shop\/hd800c\/","name":"HD800C - Aspirateur Central Cyclo Vac Suisse","isPartOf":{"@id":"https:\/\/aspirateur-cyclovac.ch\/de\/#website"},"primaryImageOfPage":{"@id":"https:\/\/aspirateur-cyclovac.ch\/de\/Shop\/hd800c\/#primaryimage"},"image":{"@id":"https:\/\/aspirateur-cyclovac.ch\/de\/Shop\/hd800c\/#primaryimage"},"thumbnailUrl":"https:\/\/aspirateur-cyclovac.ch\/wp-content\/uploads\/2021\/11\/HD800C.png","datePublished":"2021-11-22T09:35:30+00:00","dateModified":"2026-02-19T18:38:13+00:00","description":"Dieser Staubsauger ben\u00f6tigt weder Beutel noch Filter! Sein Design erm\u00f6glicht eine zyklonische Luftbewegung, die den Staub automatisch trennt.","breadcrumb":{"@id":"https:\/\/aspirateur-cyclovac.ch\/de\/Shop\/hd800c\/#breadcrumb"},"inLanguage":"de","potentialAction":[{"@type":"ReadAction","target":["https:\/\/aspirateur-cyclovac.ch\/de\/Shop\/hd800c\/"]}]},{"@type":"ImageObject","inLanguage":"de","@id":"https:\/\/aspirateur-cyclovac.ch\/de\/Shop\/hd800c\/#primaryimage","url":"https:\/\/aspirateur-cyclovac.ch\/wp-content\/uploads\/2021\/11\/HD800C.png","contentUrl":"https:\/\/aspirateur-cyclovac.ch\/wp-content\/uploads\/2021\/11\/HD800C.png","width":500,"height":500,"caption":"HD800C"},{"@type":"BreadcrumbList","@id":"https:\/\/aspirateur-cyclovac.ch\/de\/Shop\/hd800c\/#breadcrumb","itemListElement":[{"@type":"ListItem","position":1,"name":"Startseite","item":"https:\/\/aspirateur-cyclovac.ch\/de\/"},{"@type":"ListItem","position":2,"name":"Shop","item":"https:\/\/aspirateur-cyclovac.ch\/de\/shop\/"},{"@type":"ListItem","position":3,"name":"HD800C"}]},{"@type":"WebSite","@id":"https:\/\/aspirateur-cyclovac.ch\/de\/#website","url":"https:\/\/aspirateur-cyclovac.ch\/de\/","name":"Aspirateur Central Cyclo Vac Suisse","description":"Aspiration centralis\u00e9e pour tous !","publisher":{"@id":"https:\/\/aspirateur-cyclovac.ch\/de\/#organization"},"potentialAction":[{"@type":"SearchAction","target":{"@type":"EntryPoint","urlTemplate":"https:\/\/aspirateur-cyclovac.ch\/de\/?s={search_term_string}"},"query-input":{"@type":"PropertyValueSpecification","valueRequired":true,"valueName":"search_term_string"}}],"inLanguage":"de"},{"@type":"Organization","@id":"https:\/\/aspirateur-cyclovac.ch\/de\/#organization","name":"SimplyVac S\u00e0rl","url":"https:\/\/aspirateur-cyclovac.ch\/de\/","logo":{"@type":"ImageObject","inLanguage":"de","@id":"https:\/\/aspirateur-cyclovac.ch\/de\/#\/schema\/logo\/image\/","url":"http:\/\/aspirateur-cyclovac.ch\/wp-content\/uploads\/2016\/11\/Logo-Bg_100.jpg","contentUrl":"http:\/\/aspirateur-cyclovac.ch\/wp-content\/uploads\/2016\/11\/Logo-Bg_100.jpg","width":100,"height":100,"caption":"SimplyVac S\u00e0rl"},"image":{"@id":"https:\/\/aspirateur-cyclovac.ch\/de\/#\/schema\/logo\/image\/"},"sameAs":["https:\/\/www.facebook.com\/cyclovacsuisse\/","https:\/\/x.com\/CycloVac_Suisse","https:\/\/www.instagram.com\/cyclo_vac_suisse\/","https:\/\/www.youtube.com\/channel\/UCXPmXj1HKX_o544r27GOL5w"]}]}},"_links":{"self":[{"href":"https:\/\/aspirateur-cyclovac.ch\/de\/wp-json\/wp\/v2\/product\/6193","targetHints":{"allow":["GET"]}}],"collection":[{"href":"https:\/\/aspirateur-cyclovac.ch\/de\/wp-json\/wp\/v2\/product"}],"about":[{"href":"https:\/\/aspirateur-cyclovac.ch\/de\/wp-json\/wp\/v2\/types\/product"}],"replies":[{"embeddable":true,"href":"https:\/\/aspirateur-cyclovac.ch\/de\/wp-json\/wp\/v2\/comments?post=6193"}],"wp:featuredmedia":[{"embeddable":true,"href":"https:\/\/aspirateur-cyclovac.ch\/de\/wp-json\/wp\/v2\/media\/6194"}],"wp:attachment":[{"href":"https:\/\/aspirateur-cyclovac.ch\/de\/wp-json\/wp\/v2\/media?parent=6193"}],"wp:term":[{"taxonomy":"product_brand","embeddable":true,"href":"https:\/\/aspirateur-cyclovac.ch\/de\/wp-json\/wp\/v2\/product_brand?post=6193"},{"taxonomy":"product_cat","embeddable":true,"href":"https:\/\/aspirateur-cyclovac.ch\/de\/wp-json\/wp\/v2\/product_cat?post=6193"},{"taxonomy":"product_tag","embeddable":true,"href":"https:\/\/aspirateur-cyclovac.ch\/de\/wp-json\/wp\/v2\/product_tag?post=6193"}],"curies":[{"name":"wp","href":"https:\/\/api.w.org\/{rel}","templated":true}]}}