{"id":6187,"date":"2022-03-01T18:37:45","date_gmt":"2022-03-01T17:37:45","guid":{"rendered":"https:\/\/aspirateur-cyclovac.ch\/produit\/hd-staubbehaelter-mit-beutel\/"},"modified":"2026-02-19T19:38:14","modified_gmt":"2026-02-19T18:38:14","slug":"hd-staubbehaelter-mit-beutel","status":"publish","type":"product","link":"https:\/\/aspirateur-cyclovac.ch\/de\/Shop\/hd-staubbehaelter-mit-beutel\/","title":{"rendered":"HD-Staubbeh\u00e4lter mit Beutel"},"content":{"rendered":"<p>Der HD-Staubbeh\u00e4lter mit Beutel ist mit einem Beutel mit verst\u00e4rkten N\u00e4hten ausgestattet und verf\u00fcgt \u00fcber einen sehr gro\u00dfen Tank, um maximalen Staub aufzunehmen.<\/p>\n<p><strong>Muss an eine HD-Antriebseinheit <a href=\"https:\/\/aspirateur-cyclovac.ch\/de\/Shop\/hd850-hd-motor-2-stufen\/\">2-stufig<\/a> oder <a href=\"https:\/\/aspirateur-cyclovac.ch\/de\/Shop\/hd851-hd-motor-3-stufen\/\">3-stufig<\/a> angeschlossen werden<br \/>\n<\/strong><\/p>\n<p>&nbsp;<\/p>\n<div class=\"highlights\">\n<ul>\n<li>Hochleistungs-Staubbeh\u00e4lter<\/li>\n<li>Beutel mit verst\u00e4rkten N\u00e4hten<\/li>\n<li>Gro\u00dfvolumiger Beutel<\/li>\n<\/ul>\n<\/div>\n<p>&nbsp;<\/p>\n<table width=\"296\">\n<tbody>\n<tr>\n<td width=\"216\">Tankkapazit\u00e4t<\/td>\n<td width=\"80\">22 l<\/td>\n<\/tr>\n<tr>\n<td>H\u00f6he<\/td>\n<td>71,80 cm<\/td>\n<\/tr>\n<tr>\n<td>Durchmesser<\/td>\n<td>35,8 cm<\/td>\n<\/tr>\n<tr>\n<td>Gewicht<\/td>\n<td>7,8 kg<\/td>\n<\/tr>\n<\/tbody>\n<\/table>\n<h3><\/h3>\n<p>&nbsp;<\/p>\n<div class=\"embed-container\"><\/div>\n","protected":false},"excerpt":{"rendered":"<h2>HD-Staubbeh\u00e4lter mit Beutel<\/h2>\n<p>Der HD-Staubbeh\u00e4lter mit Beutel verf\u00fcgt \u00fcber einen sehr gro\u00dfen Tank<\/p>\n","protected":false},"featured_media":6189,"comment_status":"open","ping_status":"closed","template":"","meta":{"iawp_total_views":0},"product_brand":[],"product_cat":[829],"product_tag":[817],"class_list":{"0":"post-6187","1":"product","2":"type-product","3":"status-publish","4":"has-post-thumbnail","6":"product_cat-hd-gewerbelinie","7":"product_tag-abscheider","9":"first","10":"instock","11":"virtual","12":"taxable","13":"purchasable","14":"product-type-simple"},"yoast_head":"<!-- This site is optimized with the Yoast SEO plugin v27.0 - https:\/\/yoast.com\/product\/yoast-seo-wordpress\/ -->\n<title>HD-Staubbeh\u00e4lter mit Beutel - Aspirateur Central Cyclo Vac Suisse<\/title>\n<meta name=\"description\" content=\"Der HD-Staubbeh\u00e4lter mit Beutel verf\u00fcgt \u00fcber einen sehr gro\u00dfen Tank, um maximalen Staub aufzunehmen.\" \/>\n<meta name=\"robots\" content=\"index, follow, max-snippet:-1, max-image-preview:large, max-video-preview:-1\" \/>\n<link rel=\"canonical\" href=\"https:\/\/aspirateur-cyclovac.ch\/de\/Shop\/hd-staubbehaelter-mit-beutel\/\" \/>\n<meta property=\"og:locale\" content=\"de_DE\" \/>\n<meta property=\"og:type\" content=\"article\" \/>\n<meta property=\"og:title\" content=\"HD-Staubbeh\u00e4lter mit Beutel - Aspirateur Central Cyclo Vac Suisse\" \/>\n<meta property=\"og:description\" content=\"Der HD-Staubbeh\u00e4lter mit Beutel verf\u00fcgt \u00fcber einen sehr gro\u00dfen Tank, um maximalen Staub aufzunehmen.\" \/>\n<meta property=\"og:url\" content=\"https:\/\/aspirateur-cyclovac.ch\/de\/Shop\/hd-staubbehaelter-mit-beutel\/\" \/>\n<meta property=\"og:site_name\" content=\"Aspirateur Central Cyclo Vac Suisse\" \/>\n<meta property=\"article:publisher\" content=\"https:\/\/www.facebook.com\/cyclovacsuisse\/\" \/>\n<meta property=\"article:modified_time\" content=\"2026-02-19T18:38:14+00:00\" \/>\n<meta property=\"og:image\" content=\"https:\/\/aspirateur-cyclovac.ch\/wp-content\/uploads\/2022\/03\/TDRECP12-Recuperateur-HD-a-Sac.jpg\" \/>\n\t<meta property=\"og:image:width\" content=\"500\" \/>\n\t<meta property=\"og:image:height\" content=\"500\" \/>\n\t<meta property=\"og:image:type\" content=\"image\/jpeg\" \/>\n<meta name=\"twitter:card\" content=\"summary_large_image\" \/>\n<meta name=\"twitter:site\" content=\"@CycloVac_Suisse\" \/>\n<!-- \/ Yoast SEO plugin. -->","yoast_head_json":{"title":"HD-Staubbeh\u00e4lter mit Beutel - Aspirateur Central Cyclo Vac Suisse","description":"Der HD-Staubbeh\u00e4lter mit Beutel verf\u00fcgt \u00fcber einen sehr gro\u00dfen Tank, um maximalen Staub aufzunehmen.","robots":{"index":"index","follow":"follow","max-snippet":"max-snippet:-1","max-image-preview":"max-image-preview:large","max-video-preview":"max-video-preview:-1"},"canonical":"https:\/\/aspirateur-cyclovac.ch\/de\/Shop\/hd-staubbehaelter-mit-beutel\/","og_locale":"de_DE","og_type":"article","og_title":"HD-Staubbeh\u00e4lter mit Beutel - Aspirateur Central Cyclo Vac Suisse","og_description":"Der HD-Staubbeh\u00e4lter mit Beutel verf\u00fcgt \u00fcber einen sehr gro\u00dfen Tank, um maximalen Staub aufzunehmen.","og_url":"https:\/\/aspirateur-cyclovac.ch\/de\/Shop\/hd-staubbehaelter-mit-beutel\/","og_site_name":"Aspirateur Central Cyclo Vac Suisse","article_publisher":"https:\/\/www.facebook.com\/cyclovacsuisse\/","article_modified_time":"2026-02-19T18:38:14+00:00","og_image":[{"width":500,"height":500,"url":"https:\/\/aspirateur-cyclovac.ch\/wp-content\/uploads\/2022\/03\/TDRECP12-Recuperateur-HD-a-Sac.jpg","type":"image\/jpeg"}],"twitter_card":"summary_large_image","twitter_site":"@CycloVac_Suisse","schema":{"@context":"https:\/\/schema.org","@graph":[{"@type":"WebPage","@id":"https:\/\/aspirateur-cyclovac.ch\/de\/Shop\/hd-staubbehaelter-mit-beutel\/","url":"https:\/\/aspirateur-cyclovac.ch\/de\/Shop\/hd-staubbehaelter-mit-beutel\/","name":"HD-Staubbeh\u00e4lter mit Beutel - Aspirateur Central Cyclo Vac Suisse","isPartOf":{"@id":"https:\/\/aspirateur-cyclovac.ch\/de\/#website"},"primaryImageOfPage":{"@id":"https:\/\/aspirateur-cyclovac.ch\/de\/Shop\/hd-staubbehaelter-mit-beutel\/#primaryimage"},"image":{"@id":"https:\/\/aspirateur-cyclovac.ch\/de\/Shop\/hd-staubbehaelter-mit-beutel\/#primaryimage"},"thumbnailUrl":"https:\/\/aspirateur-cyclovac.ch\/wp-content\/uploads\/2022\/03\/TDRECP12-Recuperateur-HD-a-Sac.jpg","datePublished":"2022-03-01T17:37:45+00:00","dateModified":"2026-02-19T18:38:14+00:00","description":"Der HD-Staubbeh\u00e4lter mit Beutel verf\u00fcgt \u00fcber einen sehr gro\u00dfen Tank, um maximalen Staub aufzunehmen.","breadcrumb":{"@id":"https:\/\/aspirateur-cyclovac.ch\/de\/Shop\/hd-staubbehaelter-mit-beutel\/#breadcrumb"},"inLanguage":"de","potentialAction":[{"@type":"ReadAction","target":["https:\/\/aspirateur-cyclovac.ch\/de\/Shop\/hd-staubbehaelter-mit-beutel\/"]}]},{"@type":"ImageObject","inLanguage":"de","@id":"https:\/\/aspirateur-cyclovac.ch\/de\/Shop\/hd-staubbehaelter-mit-beutel\/#primaryimage","url":"https:\/\/aspirateur-cyclovac.ch\/wp-content\/uploads\/2022\/03\/TDRECP12-Recuperateur-HD-a-Sac.jpg","contentUrl":"https:\/\/aspirateur-cyclovac.ch\/wp-content\/uploads\/2022\/03\/TDRECP12-Recuperateur-HD-a-Sac.jpg","width":500,"height":500,"caption":"HD-Staubbeh\u00e4lter mit Beutel"},{"@type":"BreadcrumbList","@id":"https:\/\/aspirateur-cyclovac.ch\/de\/Shop\/hd-staubbehaelter-mit-beutel\/#breadcrumb","itemListElement":[{"@type":"ListItem","position":1,"name":"Startseite","item":"https:\/\/aspirateur-cyclovac.ch\/de\/"},{"@type":"ListItem","position":2,"name":"Shop","item":"https:\/\/aspirateur-cyclovac.ch\/de\/shop\/"},{"@type":"ListItem","position":3,"name":"HD-Staubbeh\u00e4lter mit Beutel"}]},{"@type":"WebSite","@id":"https:\/\/aspirateur-cyclovac.ch\/de\/#website","url":"https:\/\/aspirateur-cyclovac.ch\/de\/","name":"Aspirateur Central Cyclo Vac Suisse","description":"Aspiration centralis\u00e9e pour tous !","publisher":{"@id":"https:\/\/aspirateur-cyclovac.ch\/de\/#organization"},"potentialAction":[{"@type":"SearchAction","target":{"@type":"EntryPoint","urlTemplate":"https:\/\/aspirateur-cyclovac.ch\/de\/?s={search_term_string}"},"query-input":{"@type":"PropertyValueSpecification","valueRequired":true,"valueName":"search_term_string"}}],"inLanguage":"de"},{"@type":"Organization","@id":"https:\/\/aspirateur-cyclovac.ch\/de\/#organization","name":"SimplyVac S\u00e0rl","url":"https:\/\/aspirateur-cyclovac.ch\/de\/","logo":{"@type":"ImageObject","inLanguage":"de","@id":"https:\/\/aspirateur-cyclovac.ch\/de\/#\/schema\/logo\/image\/","url":"http:\/\/aspirateur-cyclovac.ch\/wp-content\/uploads\/2016\/11\/Logo-Bg_100.jpg","contentUrl":"http:\/\/aspirateur-cyclovac.ch\/wp-content\/uploads\/2016\/11\/Logo-Bg_100.jpg","width":100,"height":100,"caption":"SimplyVac S\u00e0rl"},"image":{"@id":"https:\/\/aspirateur-cyclovac.ch\/de\/#\/schema\/logo\/image\/"},"sameAs":["https:\/\/www.facebook.com\/cyclovacsuisse\/","https:\/\/x.com\/CycloVac_Suisse","https:\/\/www.instagram.com\/cyclo_vac_suisse\/","https:\/\/www.youtube.com\/channel\/UCXPmXj1HKX_o544r27GOL5w"]}]}},"_links":{"self":[{"href":"https:\/\/aspirateur-cyclovac.ch\/de\/wp-json\/wp\/v2\/product\/6187","targetHints":{"allow":["GET"]}}],"collection":[{"href":"https:\/\/aspirateur-cyclovac.ch\/de\/wp-json\/wp\/v2\/product"}],"about":[{"href":"https:\/\/aspirateur-cyclovac.ch\/de\/wp-json\/wp\/v2\/types\/product"}],"replies":[{"embeddable":true,"href":"https:\/\/aspirateur-cyclovac.ch\/de\/wp-json\/wp\/v2\/comments?post=6187"}],"wp:featuredmedia":[{"embeddable":true,"href":"https:\/\/aspirateur-cyclovac.ch\/de\/wp-json\/wp\/v2\/media\/6189"}],"wp:attachment":[{"href":"https:\/\/aspirateur-cyclovac.ch\/de\/wp-json\/wp\/v2\/media?parent=6187"}],"wp:term":[{"taxonomy":"product_brand","embeddable":true,"href":"https:\/\/aspirateur-cyclovac.ch\/de\/wp-json\/wp\/v2\/product_brand?post=6187"},{"taxonomy":"product_cat","embeddable":true,"href":"https:\/\/aspirateur-cyclovac.ch\/de\/wp-json\/wp\/v2\/product_cat?post=6187"},{"taxonomy":"product_tag","embeddable":true,"href":"https:\/\/aspirateur-cyclovac.ch\/de\/wp-json\/wp\/v2\/product_tag?post=6187"}],"curies":[{"name":"wp","href":"https:\/\/api.w.org\/{rel}","templated":true}]}}