{"id":6176,"date":"2026-01-14T14:59:12","date_gmt":"2026-01-14T13:59:12","guid":{"rendered":"https:\/\/aspirateur-cyclovac.ch\/produit\/rundschalldaempfer\/"},"modified":"2026-02-19T19:39:03","modified_gmt":"2026-02-19T18:39:03","slug":"rundschalldaempfer","status":"publish","type":"product","link":"https:\/\/aspirateur-cyclovac.ch\/de\/Shop\/rundschalldaempfer\/","title":{"rendered":"Rundschalld\u00e4mpfer"},"content":{"rendered":"<p>Installationsset f\u00fcr Schalld\u00e4mpfer mit ABS-Anschl\u00fcssen und Rohrschellen.<\/p>\n<p>Schwarzer Rundschalld\u00e4mpfer 25,4 cm, am effektivsten zur Reduzierung von L\u00e4rmbel\u00e4stigungen.<\/p>\n<p>PVC-Kleber ist f\u00fcr das Verkleben des Bogens mit dem Schalld\u00e4mpfer erforderlich. Sie k\u00f6nnen ihn hier bestellen: <a href=\"https:\/\/aspirateur-cyclovac.ch\/de\/Shop\/pvc-kleber\/\">https:\/\/aspirateur-cyclovac.ch\/produit\/colle-pvc\/<\/a> <\/p>\n<p><strong>Insbesondere kompatibel mit folgenden Modellen:<\/strong><\/p>\n<p>GS95, GS115, GS135, GS215, E215, H215, GS315, E315, H315, GS615, E615, H615, GX615, DL615, HX615, GS715, E715, H715, H725, GX715, DL715, HX715, GS2015, E2015, H2015, H2025, GX2015, DL2015, HX2015, HD2025<\/p>\n<p>&nbsp;<\/p>\n","protected":false},"excerpt":{"rendered":"<h2>Rundschalld\u00e4mpfer, komplett.<\/h2>\n","protected":false},"featured_media":6177,"comment_status":"open","ping_status":"closed","template":"","meta":{"iawp_total_views":0},"product_brand":[],"product_cat":[792],"product_tag":[],"class_list":{"0":"post-6176","1":"product","2":"type-product","3":"status-publish","4":"has-post-thumbnail","6":"product_cat-installation-und-anschluss","8":"first","9":"instock","10":"taxable","11":"shipping-taxable","12":"purchasable","13":"product-type-simple"},"yoast_head":"<!-- This site is optimized with the Yoast SEO plugin v27.0 - https:\/\/yoast.com\/product\/yoast-seo-wordpress\/ -->\n<title>Rundschalld\u00e4mpfer - Aspirateur Central Cyclo Vac Suisse<\/title>\n<meta name=\"description\" content=\"Installationsset f\u00fcr Schalld\u00e4mpfer mit ABS-Anschl\u00fcssen und Rohrschellen. Schwarzer Rundschalld\u00e4mpfer 25,4 cm zur Reduzierung von L\u00e4rmbel\u00e4stigungen.\" \/>\n<meta name=\"robots\" content=\"index, follow, max-snippet:-1, max-image-preview:large, max-video-preview:-1\" \/>\n<link rel=\"canonical\" href=\"https:\/\/aspirateur-cyclovac.ch\/de\/Shop\/rundschalldaempfer\/\" \/>\n<meta property=\"og:locale\" content=\"de_DE\" \/>\n<meta property=\"og:type\" content=\"article\" \/>\n<meta property=\"og:title\" content=\"Rundschalld\u00e4mpfer - Aspirateur Central Cyclo Vac Suisse\" \/>\n<meta property=\"og:description\" content=\"Verst\u00e4rkter flexibler Bogen 80 cm + 2 Schellen f\u00fcr die Installation Ihres Kr\u00fcmelsaugers mit integriertem Adapter. Zur Platzierung hinter der Fu\u00dfleiste.\" \/>\n<meta property=\"og:url\" content=\"https:\/\/aspirateur-cyclovac.ch\/de\/Shop\/rundschalldaempfer\/\" \/>\n<meta property=\"og:site_name\" content=\"Aspirateur Central Cyclo Vac Suisse\" \/>\n<meta property=\"article:publisher\" content=\"https:\/\/www.facebook.com\/cyclovacsuisse\/\" \/>\n<meta property=\"article:modified_time\" content=\"2026-02-19T18:39:03+00:00\" \/>\n<meta property=\"og:image\" content=\"https:\/\/aspirateur-cyclovac.ch\/wp-content\/uploads\/2014\/08\/Kit-installation-ramasse-miettes.png\" \/>\n<meta name=\"twitter:card\" content=\"summary_large_image\" \/>\n<meta name=\"twitter:site\" content=\"@CycloVac_Suisse\" \/>\n<!-- \/ Yoast SEO plugin. -->","yoast_head_json":{"title":"Rundschalld\u00e4mpfer - Aspirateur Central Cyclo Vac Suisse","description":"Installationsset f\u00fcr Schalld\u00e4mpfer mit ABS-Anschl\u00fcssen und Rohrschellen. Schwarzer Rundschalld\u00e4mpfer 25,4 cm zur Reduzierung von L\u00e4rmbel\u00e4stigungen.","robots":{"index":"index","follow":"follow","max-snippet":"max-snippet:-1","max-image-preview":"max-image-preview:large","max-video-preview":"max-video-preview:-1"},"canonical":"https:\/\/aspirateur-cyclovac.ch\/de\/Shop\/rundschalldaempfer\/","og_locale":"de_DE","og_type":"article","og_title":"Rundschalld\u00e4mpfer - Aspirateur Central Cyclo Vac Suisse","og_description":"Verst\u00e4rkter flexibler Bogen 80 cm + 2 Schellen f\u00fcr die Installation Ihres Kr\u00fcmelsaugers mit integriertem Adapter. Zur Platzierung hinter der Fu\u00dfleiste.","og_url":"https:\/\/aspirateur-cyclovac.ch\/de\/Shop\/rundschalldaempfer\/","og_site_name":"Aspirateur Central Cyclo Vac Suisse","article_publisher":"https:\/\/www.facebook.com\/cyclovacsuisse\/","article_modified_time":"2026-02-19T18:39:03+00:00","og_image":[{"url":"https:\/\/aspirateur-cyclovac.ch\/wp-content\/uploads\/2014\/08\/Kit-installation-ramasse-miettes.png","type":"","width":"","height":""}],"twitter_card":"summary_large_image","twitter_site":"@CycloVac_Suisse","schema":{"@context":"https:\/\/schema.org","@graph":[{"@type":"WebPage","@id":"https:\/\/aspirateur-cyclovac.ch\/de\/Shop\/rundschalldaempfer\/","url":"https:\/\/aspirateur-cyclovac.ch\/de\/Shop\/rundschalldaempfer\/","name":"Rundschalld\u00e4mpfer - Aspirateur Central Cyclo Vac Suisse","isPartOf":{"@id":"https:\/\/aspirateur-cyclovac.ch\/de\/#website"},"primaryImageOfPage":{"@id":"https:\/\/aspirateur-cyclovac.ch\/de\/Shop\/rundschalldaempfer\/#primaryimage"},"image":{"@id":"https:\/\/aspirateur-cyclovac.ch\/de\/Shop\/rundschalldaempfer\/#primaryimage"},"thumbnailUrl":"https:\/\/aspirateur-cyclovac.ch\/wp-content\/uploads\/2026\/01\/Silencieux_1.jpg","datePublished":"2026-01-14T13:59:12+00:00","dateModified":"2026-02-19T18:39:03+00:00","description":"Installationsset f\u00fcr Schalld\u00e4mpfer mit ABS-Anschl\u00fcssen und Rohrschellen. Schwarzer Rundschalld\u00e4mpfer 25,4 cm zur Reduzierung von L\u00e4rmbel\u00e4stigungen.","breadcrumb":{"@id":"https:\/\/aspirateur-cyclovac.ch\/de\/Shop\/rundschalldaempfer\/#breadcrumb"},"inLanguage":"de","potentialAction":[{"@type":"ReadAction","target":["https:\/\/aspirateur-cyclovac.ch\/de\/Shop\/rundschalldaempfer\/"]}]},{"@type":"ImageObject","inLanguage":"de","@id":"https:\/\/aspirateur-cyclovac.ch\/de\/Shop\/rundschalldaempfer\/#primaryimage","url":"https:\/\/aspirateur-cyclovac.ch\/wp-content\/uploads\/2026\/01\/Silencieux_1.jpg","contentUrl":"https:\/\/aspirateur-cyclovac.ch\/wp-content\/uploads\/2026\/01\/Silencieux_1.jpg","width":500,"height":500,"caption":"Schalld\u00e4mpfer TENSMUF7"},{"@type":"BreadcrumbList","@id":"https:\/\/aspirateur-cyclovac.ch\/de\/Shop\/rundschalldaempfer\/#breadcrumb","itemListElement":[{"@type":"ListItem","position":1,"name":"Startseite","item":"https:\/\/aspirateur-cyclovac.ch\/de\/"},{"@type":"ListItem","position":2,"name":"Shop","item":"https:\/\/aspirateur-cyclovac.ch\/de\/shop\/"},{"@type":"ListItem","position":3,"name":"Rundschalld\u00e4mpfer"}]},{"@type":"WebSite","@id":"https:\/\/aspirateur-cyclovac.ch\/de\/#website","url":"https:\/\/aspirateur-cyclovac.ch\/de\/","name":"Aspirateur Central Cyclo Vac Suisse","description":"Aspiration centralis\u00e9e pour tous !","publisher":{"@id":"https:\/\/aspirateur-cyclovac.ch\/de\/#organization"},"potentialAction":[{"@type":"SearchAction","target":{"@type":"EntryPoint","urlTemplate":"https:\/\/aspirateur-cyclovac.ch\/de\/?s={search_term_string}"},"query-input":{"@type":"PropertyValueSpecification","valueRequired":true,"valueName":"search_term_string"}}],"inLanguage":"de"},{"@type":"Organization","@id":"https:\/\/aspirateur-cyclovac.ch\/de\/#organization","name":"SimplyVac S\u00e0rl","url":"https:\/\/aspirateur-cyclovac.ch\/de\/","logo":{"@type":"ImageObject","inLanguage":"de","@id":"https:\/\/aspirateur-cyclovac.ch\/de\/#\/schema\/logo\/image\/","url":"http:\/\/aspirateur-cyclovac.ch\/wp-content\/uploads\/2016\/11\/Logo-Bg_100.jpg","contentUrl":"http:\/\/aspirateur-cyclovac.ch\/wp-content\/uploads\/2016\/11\/Logo-Bg_100.jpg","width":100,"height":100,"caption":"SimplyVac S\u00e0rl"},"image":{"@id":"https:\/\/aspirateur-cyclovac.ch\/de\/#\/schema\/logo\/image\/"},"sameAs":["https:\/\/www.facebook.com\/cyclovacsuisse\/","https:\/\/x.com\/CycloVac_Suisse","https:\/\/www.instagram.com\/cyclo_vac_suisse\/","https:\/\/www.youtube.com\/channel\/UCXPmXj1HKX_o544r27GOL5w"]}]}},"_links":{"self":[{"href":"https:\/\/aspirateur-cyclovac.ch\/de\/wp-json\/wp\/v2\/product\/6176","targetHints":{"allow":["GET"]}}],"collection":[{"href":"https:\/\/aspirateur-cyclovac.ch\/de\/wp-json\/wp\/v2\/product"}],"about":[{"href":"https:\/\/aspirateur-cyclovac.ch\/de\/wp-json\/wp\/v2\/types\/product"}],"replies":[{"embeddable":true,"href":"https:\/\/aspirateur-cyclovac.ch\/de\/wp-json\/wp\/v2\/comments?post=6176"}],"wp:featuredmedia":[{"embeddable":true,"href":"https:\/\/aspirateur-cyclovac.ch\/de\/wp-json\/wp\/v2\/media\/6177"}],"wp:attachment":[{"href":"https:\/\/aspirateur-cyclovac.ch\/de\/wp-json\/wp\/v2\/media?parent=6176"}],"wp:term":[{"taxonomy":"product_brand","embeddable":true,"href":"https:\/\/aspirateur-cyclovac.ch\/de\/wp-json\/wp\/v2\/product_brand?post=6176"},{"taxonomy":"product_cat","embeddable":true,"href":"https:\/\/aspirateur-cyclovac.ch\/de\/wp-json\/wp\/v2\/product_cat?post=6176"},{"taxonomy":"product_tag","embeddable":true,"href":"https:\/\/aspirateur-cyclovac.ch\/de\/wp-json\/wp\/v2\/product_tag?post=6176"}],"curies":[{"name":"wp","href":"https:\/\/api.w.org\/{rel}","templated":true}]}}