{"id":6078,"date":"2017-04-23T19:16:09","date_gmt":"2017-04-23T17:16:09","guid":{"rendered":"https:\/\/aspirateur-cyclovac.ch\/produit\/zentrale-cyclo-vac-hd7525\/"},"modified":"2026-02-19T19:38:13","modified_gmt":"2026-02-19T18:38:13","slug":"zentrale-cyclo-vac-hd7525","status":"publish","type":"product","link":"https:\/\/aspirateur-cyclovac.ch\/de\/Shop\/zentrale-cyclo-vac-hd7525\/","title":{"rendered":"Zentrale Cyclo Vac HD7525"},"content":{"rendered":"<h3>Ultimative Leistung und Vielseitigkeit<\/h3>\n<h3 id=\"versatile\" class=\"c_icon\">Vielseitig<\/h3>\n<p>Die Motoreinheit mit dem zweiten Motor kann \u00fcber zwei verschiedene Einl\u00e4sse an die Haupteinheit angeschlossen werden. Der obere erm\u00f6glicht eine serielle Installation, der untere eine parallele. Das ist, als h\u00e4tten Sie zwei Ger\u00e4te, die <strong>je nach Reinigungsbedarf das bestm\u00f6gliche Ergebnis liefern!<\/strong>  <\/p>\n<h3 id=\"powerful\" class=\"c_icon\">Leistungsstark<\/h3>\n<p>Dieses Ger\u00e4t ist ideal f\u00fcr den gewerblichen Einsatz und f\u00fcr sehr gro\u00dfe Villen. <strong>In Serie<\/strong> installiert, ist es ideal zum Aufsaugen schwererer R\u00fcckst\u00e4nde und erm\u00f6glicht die Installation von <strong>mehreren <a href=\"https:\/\/aspirateur-cyclovac.ch\/de\/neues-retraflex-ii-system\/\" target=\"_blank\" rel=\"noopener noreferrer\">R\u00e9traflex<\/a>-Saugdosen<\/strong>. <strong>Parallel<\/strong> installiert, ist es perfekt f\u00fcr gro\u00dfe Fl\u00e4chen und h\u00e4lt eine optimale Leistung trotz <strong>eines langen Rohrleitungsnetzes<\/strong>.  <\/p>\n<h3 id=\"healthy\" class=\"c_icon\">Eine gesunde Wahl<\/h3>\n<p>S<strong>ie profitieren garantiert von einer besseren Raumluftqualit\u00e4t<\/strong> und einer ges\u00fcnderen Umgebung.<\/p>\n<p>Denn <strong>Hybridmodelle sind mit einem HEPA-Filter ausgestattet, der 99,5 % der Partikel bei 3 \u00b5m erfasst<\/strong>, damit Sie besser atmen!<\/p>\n<h3 id=\"hygienic\" class=\"c_icon\">Hygienisch<\/h3>\n<p>Unser einzigartiges und exklusives <strong>Kohlenstaub-Filtrationssystem*<\/strong> <strong>h\u00e4lt den feinen schwarzen Staub zur\u00fcck, der vom Motor erzeugt wird<\/strong> und sich normalerweise auf den Oberfl\u00e4chen rund um das Ger\u00e4t sowie in der Raumluft absetzt.<br \/>\n*Patentiert.<\/p>\n<h3 id=\"warranty\" class=\"c_icon\">Garantien f\u00fcr Ihre Sicherheit<\/h3>\n<p>Dieses Modell wird mit einer <strong>Garantie von 15 Jahren oder 750 Betriebsstunden*<\/strong> geliefert, und die Geh\u00e4use aller unserer Modelle sind durch eine <strong>lebenslange Garantie<\/strong> abgedeckt \u2013 f\u00fcr Ihre Sicherheit \u00fcber viele Jahre.<br \/>\n*Nur f\u00fcr den privaten Gebrauch. Details im Benutzerhandbuch. <\/p>\n<p><img loading=\"lazy\" decoding=\"async\" class=\"alignleft wp-image-4557\" src=\"https:\/\/aspirateur-cyclovac.ch\/wp-content\/uploads\/2017\/04\/HD7525-Tech.png\" alt=\"HD7525-Tech\" width=\"532\" height=\"770\" srcset=\"https:\/\/aspirateur-cyclovac.ch\/wp-content\/uploads\/2017\/04\/HD7525-Tech.png 500w, https:\/\/aspirateur-cyclovac.ch\/wp-content\/uploads\/2017\/04\/HD7525-Tech-207x300.png 207w\" sizes=\"auto, (max-width: 532px) 100vw, 532px\" \/><\/p>\n<p><a href=\"http:\/\/aspirateur-cyclovac.ch\/wp-content\/uploads\/2014\/09\/garantie-cyclo-vac-aspirateur-cyclovac.ch_.pdf\" target=\"_blank\" rel=\"noopener noreferrer\">  * Bedingungen ansehen<\/a><\/p>\n<p><a href=\"https:\/\/aspirateur-cyclovac.ch\/de\/themencode-pdf-viewer-sc-nicht-loeschen\/?tnc_pvfw=ZmlsZT1odHRwczovL2FzcGlyYXRldXItY3ljbG92YWMuY2gvcGRmL2N5Y2xvLXZhYy1sZXMtdW5pdGVzLW1vdHJpY2VzLnBkZiZzZXR0aW5ncz0mbGFuZz1lbi1VUw==#page=&#038;zoom=auto&#038;pagemode=\" target=\"_blank\" rel=\"noopener noreferrer\">\u201eTechnische Daten aller Zentralger\u00e4te\u201c<\/a><\/p>\n<p><a href=\"http:\/\/aspirateur-cyclovac.ch\/wp-content\/uploads\/2014\/09\/guide-technique-cyclo-vac-aspirateur-cyclovac.ch_.pdf\" target=\"_blank\" rel=\"noopener noreferrer\">\u201eTechnischer Leitfaden\u201c<\/a><\/p>\n","protected":false},"excerpt":{"rendered":"<h2>Zentralstaubsauger Cyclo Vac HD7525<\/h2>\n","protected":false},"featured_media":6079,"comment_status":"open","ping_status":"closed","template":"","meta":{"iawp_total_views":1},"product_brand":[],"product_cat":[824],"product_tag":[826,815,825],"class_list":{"0":"post-6078","1":"product","2":"type-product","3":"status-publish","4":"has-post-thumbnail","6":"product_cat-zentralstaubsauger","7":"product_tag-cyclo-vac","8":"product_tag-retraflex","9":"product_tag-zentralstaubsauger","10":"product_shipping_class-ueber-1-m-30-kg","12":"first","13":"instock","14":"taxable","15":"shipping-taxable","16":"purchasable","17":"product-type-simple"},"yoast_head":"<!-- This site is optimized with the Yoast SEO plugin v27.0 - https:\/\/yoast.com\/product\/yoast-seo-wordpress\/ -->\n<title>Zentrale Cyclo Vac HD7525 - Aspirateur Central Cyclo Vac Suisse<\/title>\n<meta name=\"description\" content=\"Ultimative Leistung und Vielseitigkeit. Dieses Ger\u00e4t ist ideal f\u00fcr den gewerblichen Einsatz oder f\u00fcr sehr gro\u00dfe Rohrnetze.\" \/>\n<meta name=\"robots\" content=\"index, follow, max-snippet:-1, max-image-preview:large, max-video-preview:-1\" \/>\n<link rel=\"canonical\" href=\"https:\/\/aspirateur-cyclovac.ch\/de\/Shop\/zentrale-cyclo-vac-hd7525\/\" \/>\n<meta property=\"og:locale\" content=\"de_DE\" \/>\n<meta property=\"og:type\" content=\"article\" \/>\n<meta property=\"og:title\" content=\"Zentrale Cyclo Vac HD7525 - Aspirateur Central Cyclo Vac Suisse\" \/>\n<meta property=\"og:description\" content=\"Ultimative Leistung und Vielseitigkeit. Dieses Ger\u00e4t ist ideal f\u00fcr den gewerblichen Einsatz oder f\u00fcr sehr gro\u00dfe Rohrnetze.\" \/>\n<meta property=\"og:url\" content=\"https:\/\/aspirateur-cyclovac.ch\/de\/Shop\/zentrale-cyclo-vac-hd7525\/\" \/>\n<meta property=\"og:site_name\" content=\"Aspirateur Central Cyclo Vac Suisse\" \/>\n<meta property=\"article:publisher\" content=\"https:\/\/www.facebook.com\/cyclovacsuisse\/\" \/>\n<meta property=\"article:modified_time\" content=\"2026-02-19T18:38:13+00:00\" \/>\n<meta property=\"og:image\" content=\"https:\/\/aspirateur-cyclovac.ch\/wp-content\/uploads\/2017\/04\/HD7525.png\" \/>\n\t<meta property=\"og:image:width\" content=\"500\" \/>\n\t<meta property=\"og:image:height\" content=\"500\" \/>\n\t<meta property=\"og:image:type\" content=\"image\/png\" \/>\n<meta name=\"twitter:card\" content=\"summary_large_image\" \/>\n<meta name=\"twitter:site\" content=\"@CycloVac_Suisse\" \/>\n<meta name=\"twitter:label1\" content=\"Gesch\u00e4tzte Lesezeit\" \/>\n\t<meta name=\"twitter:data1\" content=\"1 Minute\" \/>\n<!-- \/ Yoast SEO plugin. -->","yoast_head_json":{"title":"Zentrale Cyclo Vac HD7525 - Aspirateur Central Cyclo Vac Suisse","description":"Ultimative Leistung und Vielseitigkeit. Dieses Ger\u00e4t ist ideal f\u00fcr den gewerblichen Einsatz oder f\u00fcr sehr gro\u00dfe Rohrnetze.","robots":{"index":"index","follow":"follow","max-snippet":"max-snippet:-1","max-image-preview":"max-image-preview:large","max-video-preview":"max-video-preview:-1"},"canonical":"https:\/\/aspirateur-cyclovac.ch\/de\/Shop\/zentrale-cyclo-vac-hd7525\/","og_locale":"de_DE","og_type":"article","og_title":"Zentrale Cyclo Vac HD7525 - Aspirateur Central Cyclo Vac Suisse","og_description":"Ultimative Leistung und Vielseitigkeit. Dieses Ger\u00e4t ist ideal f\u00fcr den gewerblichen Einsatz oder f\u00fcr sehr gro\u00dfe Rohrnetze.","og_url":"https:\/\/aspirateur-cyclovac.ch\/de\/Shop\/zentrale-cyclo-vac-hd7525\/","og_site_name":"Aspirateur Central Cyclo Vac Suisse","article_publisher":"https:\/\/www.facebook.com\/cyclovacsuisse\/","article_modified_time":"2026-02-19T18:38:13+00:00","og_image":[{"width":500,"height":500,"url":"https:\/\/aspirateur-cyclovac.ch\/wp-content\/uploads\/2017\/04\/HD7525.png","type":"image\/png"}],"twitter_card":"summary_large_image","twitter_site":"@CycloVac_Suisse","twitter_misc":{"Gesch\u00e4tzte Lesezeit":"1 Minute"},"schema":{"@context":"https:\/\/schema.org","@graph":[{"@type":"WebPage","@id":"https:\/\/aspirateur-cyclovac.ch\/de\/Shop\/zentrale-cyclo-vac-hd7525\/","url":"https:\/\/aspirateur-cyclovac.ch\/de\/Shop\/zentrale-cyclo-vac-hd7525\/","name":"Zentrale Cyclo Vac HD7525 - Aspirateur Central Cyclo Vac Suisse","isPartOf":{"@id":"https:\/\/aspirateur-cyclovac.ch\/de\/#website"},"primaryImageOfPage":{"@id":"https:\/\/aspirateur-cyclovac.ch\/de\/Shop\/zentrale-cyclo-vac-hd7525\/#primaryimage"},"image":{"@id":"https:\/\/aspirateur-cyclovac.ch\/de\/Shop\/zentrale-cyclo-vac-hd7525\/#primaryimage"},"thumbnailUrl":"https:\/\/aspirateur-cyclovac.ch\/wp-content\/uploads\/2017\/04\/HD7525.png","datePublished":"2017-04-23T17:16:09+00:00","dateModified":"2026-02-19T18:38:13+00:00","description":"Ultimative Leistung und Vielseitigkeit. Dieses Ger\u00e4t ist ideal f\u00fcr den gewerblichen Einsatz oder f\u00fcr sehr gro\u00dfe Rohrnetze.","breadcrumb":{"@id":"https:\/\/aspirateur-cyclovac.ch\/de\/Shop\/zentrale-cyclo-vac-hd7525\/#breadcrumb"},"inLanguage":"de","potentialAction":[{"@type":"ReadAction","target":["https:\/\/aspirateur-cyclovac.ch\/de\/Shop\/zentrale-cyclo-vac-hd7525\/"]}]},{"@type":"ImageObject","inLanguage":"de","@id":"https:\/\/aspirateur-cyclovac.ch\/de\/Shop\/zentrale-cyclo-vac-hd7525\/#primaryimage","url":"https:\/\/aspirateur-cyclovac.ch\/wp-content\/uploads\/2017\/04\/HD7525.png","contentUrl":"https:\/\/aspirateur-cyclovac.ch\/wp-content\/uploads\/2017\/04\/HD7525.png","width":500,"height":500,"caption":"HD7525"},{"@type":"BreadcrumbList","@id":"https:\/\/aspirateur-cyclovac.ch\/de\/Shop\/zentrale-cyclo-vac-hd7525\/#breadcrumb","itemListElement":[{"@type":"ListItem","position":1,"name":"Startseite","item":"https:\/\/aspirateur-cyclovac.ch\/de\/"},{"@type":"ListItem","position":2,"name":"Shop","item":"https:\/\/aspirateur-cyclovac.ch\/de\/shop\/"},{"@type":"ListItem","position":3,"name":"Zentrale Cyclo Vac HD7525"}]},{"@type":"WebSite","@id":"https:\/\/aspirateur-cyclovac.ch\/de\/#website","url":"https:\/\/aspirateur-cyclovac.ch\/de\/","name":"Aspirateur Central Cyclo Vac Suisse","description":"Aspiration centralis\u00e9e pour tous !","publisher":{"@id":"https:\/\/aspirateur-cyclovac.ch\/de\/#organization"},"potentialAction":[{"@type":"SearchAction","target":{"@type":"EntryPoint","urlTemplate":"https:\/\/aspirateur-cyclovac.ch\/de\/?s={search_term_string}"},"query-input":{"@type":"PropertyValueSpecification","valueRequired":true,"valueName":"search_term_string"}}],"inLanguage":"de"},{"@type":"Organization","@id":"https:\/\/aspirateur-cyclovac.ch\/de\/#organization","name":"SimplyVac S\u00e0rl","url":"https:\/\/aspirateur-cyclovac.ch\/de\/","logo":{"@type":"ImageObject","inLanguage":"de","@id":"https:\/\/aspirateur-cyclovac.ch\/de\/#\/schema\/logo\/image\/","url":"http:\/\/aspirateur-cyclovac.ch\/wp-content\/uploads\/2016\/11\/Logo-Bg_100.jpg","contentUrl":"http:\/\/aspirateur-cyclovac.ch\/wp-content\/uploads\/2016\/11\/Logo-Bg_100.jpg","width":100,"height":100,"caption":"SimplyVac S\u00e0rl"},"image":{"@id":"https:\/\/aspirateur-cyclovac.ch\/de\/#\/schema\/logo\/image\/"},"sameAs":["https:\/\/www.facebook.com\/cyclovacsuisse\/","https:\/\/x.com\/CycloVac_Suisse","https:\/\/www.instagram.com\/cyclo_vac_suisse\/","https:\/\/www.youtube.com\/channel\/UCXPmXj1HKX_o544r27GOL5w"]}]}},"_links":{"self":[{"href":"https:\/\/aspirateur-cyclovac.ch\/de\/wp-json\/wp\/v2\/product\/6078","targetHints":{"allow":["GET"]}}],"collection":[{"href":"https:\/\/aspirateur-cyclovac.ch\/de\/wp-json\/wp\/v2\/product"}],"about":[{"href":"https:\/\/aspirateur-cyclovac.ch\/de\/wp-json\/wp\/v2\/types\/product"}],"replies":[{"embeddable":true,"href":"https:\/\/aspirateur-cyclovac.ch\/de\/wp-json\/wp\/v2\/comments?post=6078"}],"wp:featuredmedia":[{"embeddable":true,"href":"https:\/\/aspirateur-cyclovac.ch\/de\/wp-json\/wp\/v2\/media\/6079"}],"wp:attachment":[{"href":"https:\/\/aspirateur-cyclovac.ch\/de\/wp-json\/wp\/v2\/media?parent=6078"}],"wp:term":[{"taxonomy":"product_brand","embeddable":true,"href":"https:\/\/aspirateur-cyclovac.ch\/de\/wp-json\/wp\/v2\/product_brand?post=6078"},{"taxonomy":"product_cat","embeddable":true,"href":"https:\/\/aspirateur-cyclovac.ch\/de\/wp-json\/wp\/v2\/product_cat?post=6078"},{"taxonomy":"product_tag","embeddable":true,"href":"https:\/\/aspirateur-cyclovac.ch\/de\/wp-json\/wp\/v2\/product_tag?post=6078"}],"curies":[{"name":"wp","href":"https:\/\/api.w.org\/{rel}","templated":true}]}}