{"id":6074,"date":"2017-04-23T17:36:21","date_gmt":"2017-04-23T15:36:21","guid":{"rendered":"https:\/\/aspirateur-cyclovac.ch\/produit\/cyclo-vac-zentrale-gs115\/"},"modified":"2026-02-19T19:38:11","modified_gmt":"2026-02-19T18:38:11","slug":"cyclo-vac-zentrale-gs115","status":"publish","type":"product","link":"https:\/\/aspirateur-cyclovac.ch\/de\/Shop\/cyclo-vac-zentrale-gs115\/","title":{"rendered":"Cyclo Vac Zentrale GS115"},"content":{"rendered":"<p>Wir empfehlen dieses Modell besonders f\u00fcr Wohnungen.<\/p>\n<h3 id=\"compact\" class=\"c_icon\">Kompaktes Modell f\u00fcr maximale Platzersparnis<\/h3>\n<p>Dank seines kompakten Formats l\u00e4sst sich dieses Modell \u00fcberall einfach installieren \u2013 perfekt f\u00fcr kleine Wohnfl\u00e4chen und Wohnungen. Sein elektrostatischer Beutel ist ebenfalls kompakt und hat ein Fassungsverm\u00f6gen von 16 Litern. <\/p>\n<h3 id=\"convenient\" class=\"c_icon\">Praktisch<\/h3>\n<p>Dieses Ger\u00e4t wird von oben ge\u00f6ffnet, damit Sie durch einfaches Abnehmen des Deckels leicht an den Beutel gelangen.<\/p>\n<h3 id=\"powerful\" class=\"c_icon\">Leistungsstark<\/h3>\n<p>Unendlich viel leistungsst\u00e4rker als ein typischer Handstaubsauger \u2013 dieses Modell eignet sich perfekt f\u00fcr Wohnungen und sogar f\u00fcr kleine H\u00e4user oder Chalets.<\/p>\n<h3 id=\"quiet\" class=\"c_icon\">Leise<\/h3>\n<p>Dieses Modell geh\u00f6rt zu den leisesten auf dem Markt, damit Sie jederzeit reinigen k\u00f6nnen, ohne jemanden zu st\u00f6ren.<\/p>\n<h3 id=\"healthy\" class=\"c_icon\">Eine gesunde Wahl<\/h3>\n<p>Dank seines au\u00dfergew\u00f6hnlichen Filtersystems profitieren Sie garantiert von einer ges\u00fcnderen Umgebung. Alle unsere Modelle sind mit einem Cyclofiltre<sup>MD <\/sup>ausgestattet, der antimikrobiell behandelt wurde und so die Vermehrung von Schimmel, Bakterien und Pilzen verhindert, die h\u00e4ufig mit Allergien in Verbindung gebracht werden. <\/p>\n<h3 id=\"warranty\" class=\"c_icon\">Garantien f\u00fcr Ihre Sicherheit<\/h3>\n<p>Dieses Modell wird mit 10 Jahren Garantie* geliefert, und die Geh\u00e4use aller unserer Modelle sind durch eine lebenslange Garantie abgedeckt \u2013 f\u00fcr viele Jahre Sorgenfreiheit.<br \/>\n*Nur f\u00fcr den privaten Gebrauch. Details im Benutzerhandbuch. <\/p>\n<p>&nbsp;<\/p>\n<h4>Technische Daten<\/h4>\n<p>&nbsp;<\/p>\n<div id=\"attachment_3027\" style=\"width: 708px\" class=\"wp-caption alignleft\"><a href=\"http:\/\/aspirateur-cyclovac.ch\/wp-content\/uploads\/2014\/08\/donnees-technique-615-aspirateur-cyclovac.ch_.jpg\"><img loading=\"lazy\" decoding=\"async\" aria-describedby=\"caption-attachment-3027\" class=\"wp-image-3027 size-full\" src=\"http:\/\/aspirateur-cyclovac.ch\/wp-content\/uploads\/2016\/12\/Donn%C3%A9es-techniques-GS115-aspirateur-cyclovac.png\" alt=\"Technische Daten GS115\" width=\"698\" height=\"547\"><\/a><p id=\"caption-attachment-3027\" class=\"wp-caption-text\">Technische Daten GS115<\/p><\/div>\n<p><a href=\"http:\/\/aspirateur-cyclovac.ch\/wp-content\/uploads\/2014\/09\/garantie-cyclo-vac-aspirateur-cyclovac.ch_.pdf\" target=\"_blank\" rel=\"noopener noreferrer\">* Siehe Bedingungen<\/a><\/p>\n<p><a href=\"https:\/\/aspirateur-cyclovac.ch\/de\/themencode-pdf-viewer-sc-nicht-loeschen\/?tnc_pvfw=ZmlsZT1odHRwczovL2FzcGlyYXRldXItY3ljbG92YWMuY2gvcGRmL2N5Y2xvLXZhYy1sZXMtdW5pdGVzLW1vdHJpY2VzLnBkZiZzZXR0aW5ncz0mbGFuZz1lbi1VUw==#page=&#038;zoom=auto&#038;pagemode=\" target=\"_blank\" rel=\"noopener noreferrer\">&#8222;Technische Daten der Zentralen&#8220;<\/a><\/p>\n<p><a href=\"https:\/\/aspirateur-cyclovac.ch\/de\/pdfviewer\/guide-technique-cyclo-vac\/?auto_viewer=true#page=&#038;zoom=auto&#038;pagemode=none\" target=\"_blank\" rel=\"noopener noreferrer\">&#8222;Technische Leitf\u00e4den&#8220;<\/a><\/p>\n","protected":false},"excerpt":{"rendered":"<h2>Cyclo Vac Zentralstaubsauger GS115<\/h2>\n<h4>Perfekt f\u00fcr Wohnungen.<\/h4>\n","protected":false},"featured_media":6075,"comment_status":"open","ping_status":"closed","template":"","meta":{"iawp_total_views":0},"product_brand":[],"product_cat":[824],"product_tag":[826,825],"class_list":{"0":"post-6074","1":"product","2":"type-product","3":"status-publish","4":"has-post-thumbnail","6":"product_cat-zentralstaubsauger","7":"product_tag-cyclo-vac","8":"product_tag-zentralstaubsauger","9":"product_shipping_class-ueber-1-m-30-kg","11":"first","12":"instock","13":"taxable","14":"shipping-taxable","15":"purchasable","16":"product-type-simple"},"yoast_head":"<!-- This site is optimized with the Yoast SEO plugin v27.0 - https:\/\/yoast.com\/product\/yoast-seo-wordpress\/ -->\n<title>Cyclo Vac Zentrale GS115 - Aspirateur Central Cyclo Vac Suisse<\/title>\n<meta name=\"description\" content=\"Wir empfehlen dieses Modell f\u00fcr Wohnungen. Dank seines kompakten Formats l\u00e4sst es sich \u00fcberall einfach installieren.\" \/>\n<meta name=\"robots\" content=\"index, follow, max-snippet:-1, max-image-preview:large, max-video-preview:-1\" \/>\n<link rel=\"canonical\" href=\"https:\/\/aspirateur-cyclovac.ch\/de\/Shop\/cyclo-vac-zentrale-gs115\/\" \/>\n<meta property=\"og:locale\" content=\"de_DE\" \/>\n<meta property=\"og:type\" content=\"article\" \/>\n<meta property=\"og:title\" content=\"Cyclo Vac Zentrale GS115 - Aspirateur Central Cyclo Vac Suisse\" \/>\n<meta property=\"og:description\" content=\"Wir empfehlen dieses Modell f\u00fcr Wohnungen. Dank seines kompakten Formats l\u00e4sst es sich \u00fcberall einfach installieren.\" \/>\n<meta property=\"og:url\" content=\"https:\/\/aspirateur-cyclovac.ch\/de\/Shop\/cyclo-vac-zentrale-gs115\/\" \/>\n<meta property=\"og:site_name\" content=\"Aspirateur Central Cyclo Vac Suisse\" \/>\n<meta property=\"article:publisher\" content=\"https:\/\/www.facebook.com\/cyclovacsuisse\/\" \/>\n<meta property=\"article:modified_time\" content=\"2026-02-19T18:38:11+00:00\" \/>\n<meta property=\"og:image\" content=\"http:\/\/aspirateur-cyclovac.ch\/wp-content\/uploads\/2016\/12\/GS115-aspirateur-cyclovac.ch_.png\" \/>\n<meta name=\"twitter:card\" content=\"summary_large_image\" \/>\n<meta name=\"twitter:site\" content=\"@CycloVac_Suisse\" \/>\n<meta name=\"twitter:label1\" content=\"Gesch\u00e4tzte Lesezeit\" \/>\n\t<meta name=\"twitter:data1\" content=\"1 Minute\" \/>\n<!-- \/ Yoast SEO plugin. -->","yoast_head_json":{"title":"Cyclo Vac Zentrale GS115 - Aspirateur Central Cyclo Vac Suisse","description":"Wir empfehlen dieses Modell f\u00fcr Wohnungen. Dank seines kompakten Formats l\u00e4sst es sich \u00fcberall einfach installieren.","robots":{"index":"index","follow":"follow","max-snippet":"max-snippet:-1","max-image-preview":"max-image-preview:large","max-video-preview":"max-video-preview:-1"},"canonical":"https:\/\/aspirateur-cyclovac.ch\/de\/Shop\/cyclo-vac-zentrale-gs115\/","og_locale":"de_DE","og_type":"article","og_title":"Cyclo Vac Zentrale GS115 - Aspirateur Central Cyclo Vac Suisse","og_description":"Wir empfehlen dieses Modell f\u00fcr Wohnungen. Dank seines kompakten Formats l\u00e4sst es sich \u00fcberall einfach installieren.","og_url":"https:\/\/aspirateur-cyclovac.ch\/de\/Shop\/cyclo-vac-zentrale-gs115\/","og_site_name":"Aspirateur Central Cyclo Vac Suisse","article_publisher":"https:\/\/www.facebook.com\/cyclovacsuisse\/","article_modified_time":"2026-02-19T18:38:11+00:00","og_image":[{"url":"http:\/\/aspirateur-cyclovac.ch\/wp-content\/uploads\/2016\/12\/GS115-aspirateur-cyclovac.ch_.png","type":"","width":"","height":""}],"twitter_card":"summary_large_image","twitter_site":"@CycloVac_Suisse","twitter_misc":{"Gesch\u00e4tzte Lesezeit":"1 Minute"},"schema":{"@context":"https:\/\/schema.org","@graph":[{"@type":"WebPage","@id":"https:\/\/aspirateur-cyclovac.ch\/de\/Shop\/cyclo-vac-zentrale-gs115\/","url":"https:\/\/aspirateur-cyclovac.ch\/de\/Shop\/cyclo-vac-zentrale-gs115\/","name":"Cyclo Vac Zentrale GS115 - Aspirateur Central Cyclo Vac Suisse","isPartOf":{"@id":"https:\/\/aspirateur-cyclovac.ch\/de\/#website"},"primaryImageOfPage":{"@id":"https:\/\/aspirateur-cyclovac.ch\/de\/Shop\/cyclo-vac-zentrale-gs115\/#primaryimage"},"image":{"@id":"https:\/\/aspirateur-cyclovac.ch\/de\/Shop\/cyclo-vac-zentrale-gs115\/#primaryimage"},"thumbnailUrl":"https:\/\/aspirateur-cyclovac.ch\/wp-content\/uploads\/2017\/04\/GS115.png","datePublished":"2017-04-23T15:36:21+00:00","dateModified":"2026-02-19T18:38:11+00:00","description":"Wir empfehlen dieses Modell f\u00fcr Wohnungen. Dank seines kompakten Formats l\u00e4sst es sich \u00fcberall einfach installieren.","breadcrumb":{"@id":"https:\/\/aspirateur-cyclovac.ch\/de\/Shop\/cyclo-vac-zentrale-gs115\/#breadcrumb"},"inLanguage":"de","potentialAction":[{"@type":"ReadAction","target":["https:\/\/aspirateur-cyclovac.ch\/de\/Shop\/cyclo-vac-zentrale-gs115\/"]}]},{"@type":"ImageObject","inLanguage":"de","@id":"https:\/\/aspirateur-cyclovac.ch\/de\/Shop\/cyclo-vac-zentrale-gs115\/#primaryimage","url":"https:\/\/aspirateur-cyclovac.ch\/wp-content\/uploads\/2017\/04\/GS115.png","contentUrl":"https:\/\/aspirateur-cyclovac.ch\/wp-content\/uploads\/2017\/04\/GS115.png","width":500,"height":500,"caption":"GS115"},{"@type":"BreadcrumbList","@id":"https:\/\/aspirateur-cyclovac.ch\/de\/Shop\/cyclo-vac-zentrale-gs115\/#breadcrumb","itemListElement":[{"@type":"ListItem","position":1,"name":"Startseite","item":"https:\/\/aspirateur-cyclovac.ch\/de\/"},{"@type":"ListItem","position":2,"name":"Shop","item":"https:\/\/aspirateur-cyclovac.ch\/de\/shop\/"},{"@type":"ListItem","position":3,"name":"Cyclo Vac Zentrale GS115"}]},{"@type":"WebSite","@id":"https:\/\/aspirateur-cyclovac.ch\/de\/#website","url":"https:\/\/aspirateur-cyclovac.ch\/de\/","name":"Aspirateur Central Cyclo Vac Suisse","description":"Aspiration centralis\u00e9e pour tous !","publisher":{"@id":"https:\/\/aspirateur-cyclovac.ch\/de\/#organization"},"potentialAction":[{"@type":"SearchAction","target":{"@type":"EntryPoint","urlTemplate":"https:\/\/aspirateur-cyclovac.ch\/de\/?s={search_term_string}"},"query-input":{"@type":"PropertyValueSpecification","valueRequired":true,"valueName":"search_term_string"}}],"inLanguage":"de"},{"@type":"Organization","@id":"https:\/\/aspirateur-cyclovac.ch\/de\/#organization","name":"SimplyVac S\u00e0rl","url":"https:\/\/aspirateur-cyclovac.ch\/de\/","logo":{"@type":"ImageObject","inLanguage":"de","@id":"https:\/\/aspirateur-cyclovac.ch\/de\/#\/schema\/logo\/image\/","url":"http:\/\/aspirateur-cyclovac.ch\/wp-content\/uploads\/2016\/11\/Logo-Bg_100.jpg","contentUrl":"http:\/\/aspirateur-cyclovac.ch\/wp-content\/uploads\/2016\/11\/Logo-Bg_100.jpg","width":100,"height":100,"caption":"SimplyVac S\u00e0rl"},"image":{"@id":"https:\/\/aspirateur-cyclovac.ch\/de\/#\/schema\/logo\/image\/"},"sameAs":["https:\/\/www.facebook.com\/cyclovacsuisse\/","https:\/\/x.com\/CycloVac_Suisse","https:\/\/www.instagram.com\/cyclo_vac_suisse\/","https:\/\/www.youtube.com\/channel\/UCXPmXj1HKX_o544r27GOL5w"]}]}},"_links":{"self":[{"href":"https:\/\/aspirateur-cyclovac.ch\/de\/wp-json\/wp\/v2\/product\/6074","targetHints":{"allow":["GET"]}}],"collection":[{"href":"https:\/\/aspirateur-cyclovac.ch\/de\/wp-json\/wp\/v2\/product"}],"about":[{"href":"https:\/\/aspirateur-cyclovac.ch\/de\/wp-json\/wp\/v2\/types\/product"}],"replies":[{"embeddable":true,"href":"https:\/\/aspirateur-cyclovac.ch\/de\/wp-json\/wp\/v2\/comments?post=6074"}],"wp:featuredmedia":[{"embeddable":true,"href":"https:\/\/aspirateur-cyclovac.ch\/de\/wp-json\/wp\/v2\/media\/6075"}],"wp:attachment":[{"href":"https:\/\/aspirateur-cyclovac.ch\/de\/wp-json\/wp\/v2\/media?parent=6074"}],"wp:term":[{"taxonomy":"product_brand","embeddable":true,"href":"https:\/\/aspirateur-cyclovac.ch\/de\/wp-json\/wp\/v2\/product_brand?post=6074"},{"taxonomy":"product_cat","embeddable":true,"href":"https:\/\/aspirateur-cyclovac.ch\/de\/wp-json\/wp\/v2\/product_cat?post=6074"},{"taxonomy":"product_tag","embeddable":true,"href":"https:\/\/aspirateur-cyclovac.ch\/de\/wp-json\/wp\/v2\/product_tag?post=6074"}],"curies":[{"name":"wp","href":"https:\/\/api.w.org\/{rel}","templated":true}]}}