{"id":6071,"date":"2017-04-23T19:06:53","date_gmt":"2017-04-23T17:06:53","guid":{"rendered":"https:\/\/aspirateur-cyclovac.ch\/produit\/zentralstaubsauger-cyclo-vac-h2025\/"},"modified":"2026-02-26T19:23:00","modified_gmt":"2026-02-26T18:23:00","slug":"zentralstaubsauger-cyclo-vac-h2025","status":"publish","type":"product","link":"https:\/\/aspirateur-cyclovac.ch\/de\/Shop\/zentralstaubsauger-cyclo-vac-h2025\/","title":{"rendered":"Zentralstaubsauger Cyclo Vac H2025"},"content":{"rendered":"<h4>Wir empfehlen das Modell H2025 f\u00fcr den versenkbaren Schlauch!<\/h4>\n<p>Dieses hochleistungsf\u00e4hige Ger\u00e4t mit zwei Motoren eignet sich f\u00fcr gro\u00dfe Wohnh\u00e4user und gewerbliche Einrichtungen.<\/p>\n<p>Seine starke Saugleistung (H<sub>2<\/sub>O) macht es zum idealen Ger\u00e4t f\u00fcr Installationen mit einer versenkbaren Schlauchanschlussdose. Ausgestattet mit unserem patentierten Kohlenstaubfiltersystem, h\u00e4lt dieses Modell den feinen schwarzen Staub zur\u00fcck, der vom Motor erzeugt wird, und eliminiert so Ablagerungen auf Oberfl\u00e4chen rund um die Saugeinheit. Dies gew\u00e4hrleistet eine \u00fcberlegene Raumluftqualit\u00e4t.  <\/p>\n<p><strong>Praktisch <\/strong>kann es jederzeit mit oder ohne Beutel verwendet werden!<\/p>\n<p><span style=\"text-decoration: underline;\">Verwenden Sie ihn mit Beutel:<\/span> Der elektrostatische Beutel schlie\u00dft den gesamten Staub ein;<\/p>\n<p><span style=\"text-decoration: underline;\">Verwenden Sie ihn ohne Beutel:<\/span> Der selbstreinigende Filter sch\u00fctzt den Motor, indem er Mikropartikel auff\u00e4ngt, und sorgt f\u00fcr maximale Filtration.<\/p>\n<p>So profitieren Sie mit oder ohne Beutel garantiert von einer gesunden Umgebung.<\/p>\n<p>&nbsp;<\/p>\n<p><a href=\"http:\/\/aspirateur-cyclovac.ch\/wp-content\/uploads\/2014\/10\/donn%C3%A9es-technique-2015-aspirateur-cyclovac.ch_.jpg\"><img loading=\"lazy\" decoding=\"async\" class=\"alignleft size-full wp-image-2167\" src=\"http:\/\/aspirateur-cyclovac.ch\/wp-content\/uploads\/2014\/10\/donn%C3%A9es-technique-2015-aspirateur-cyclovac.ch_.jpg\" alt=\"Technische Daten 2015\" width=\"640\" height=\"740\"><\/a><\/p>\n<p><a href=\"http:\/\/aspirateur-cyclovac.ch\/wp-content\/uploads\/2014\/09\/garantie-cyclo-vac-aspirateur-cyclovac.ch_.pdf\" target=\"_blank\" rel=\"noopener noreferrer\">* Siehe Bedingungen<\/a><\/p>\n<p><a href=\"https:\/\/aspirateur-cyclovac.ch\/de\/themencode-pdf-viewer-sc-nicht-loeschen\/?tnc_pvfw=ZmlsZT1odHRwczovL2FzcGlyYXRldXItY3ljbG92YWMuY2gvcGRmL2N5Y2xvLXZhYy1sZXMtdW5pdGVzLW1vdHJpY2VzLnBkZiZzZXR0aW5ncz0mbGFuZz1lbi1VUw==#page=&#038;zoom=auto&#038;pagemode=\" target=\"_blank\" rel=\"noopener noreferrer\">&#8222;Technische Daten aller Zentralger\u00e4te&#8220;<\/a><\/p>\n<p><a href=\"http:\/\/aspirateur-cyclovac.ch\/wp-content\/uploads\/2014\/09\/guide-technique-cyclo-vac-aspirateur-cyclovac.ch_.pdf\" target=\"_blank\" rel=\"noopener noreferrer\">&#8222;Technischer Leitfaden&#8220;<\/a><\/p>\n","protected":false},"excerpt":{"rendered":"<h2>Zentralstaubsauger Cyclo Vac H2025<\/h2>\n","protected":false},"featured_media":6072,"comment_status":"open","ping_status":"closed","template":"","meta":{"iawp_total_views":2},"product_brand":[],"product_cat":[824],"product_tag":[826,815,825],"class_list":{"0":"post-6071","1":"product","2":"type-product","3":"status-publish","4":"has-post-thumbnail","6":"product_cat-zentralstaubsauger","7":"product_tag-cyclo-vac","8":"product_tag-retraflex","9":"product_tag-zentralstaubsauger","10":"product_shipping_class-ueber-1-m-30-kg","12":"first","13":"instock","14":"taxable","15":"shipping-taxable","16":"purchasable","17":"product-type-simple"},"yoast_head":"<!-- This site is optimized with the Yoast SEO plugin v27.0 - https:\/\/yoast.com\/product\/yoast-seo-wordpress\/ -->\n<title>Zentralstaubsauger Cyclo Vac H2025 - Aspirateur Central Cyclo Vac Suisse<\/title>\n<meta name=\"description\" content=\"Dieses hochleistungsf\u00e4hige Ger\u00e4t mit zwei Motoren eignet sich f\u00fcr gro\u00dfe Wohnh\u00e4user und gewerbliche Einrichtungen.\" \/>\n<meta name=\"robots\" content=\"index, follow, max-snippet:-1, max-image-preview:large, max-video-preview:-1\" \/>\n<link rel=\"canonical\" href=\"https:\/\/aspirateur-cyclovac.ch\/de\/Shop\/zentralstaubsauger-cyclo-vac-h2025\/\" \/>\n<meta property=\"og:locale\" content=\"de_DE\" \/>\n<meta property=\"og:type\" content=\"article\" \/>\n<meta property=\"og:title\" content=\"Zentralstaubsauger Cyclo Vac H2025 - Aspirateur Central Cyclo Vac Suisse\" \/>\n<meta property=\"og:description\" content=\"Dieses hochleistungsf\u00e4hige Ger\u00e4t mit zwei Motoren eignet sich f\u00fcr gro\u00dfe Wohnh\u00e4user und gewerbliche Einrichtungen.\" \/>\n<meta property=\"og:url\" content=\"https:\/\/aspirateur-cyclovac.ch\/de\/Shop\/zentralstaubsauger-cyclo-vac-h2025\/\" \/>\n<meta property=\"og:site_name\" content=\"Aspirateur Central Cyclo Vac Suisse\" \/>\n<meta property=\"article:publisher\" content=\"https:\/\/www.facebook.com\/cyclovacsuisse\/\" \/>\n<meta property=\"article:modified_time\" content=\"2026-02-26T18:23:00+00:00\" \/>\n<meta property=\"og:image\" content=\"https:\/\/aspirateur-cyclovac.ch\/wp-content\/uploads\/2017\/04\/H2025.png\" \/>\n\t<meta property=\"og:image:width\" content=\"500\" \/>\n\t<meta property=\"og:image:height\" content=\"500\" \/>\n\t<meta property=\"og:image:type\" content=\"image\/png\" \/>\n<meta name=\"twitter:card\" content=\"summary_large_image\" \/>\n<meta name=\"twitter:site\" content=\"@CycloVac_Suisse\" \/>\n<meta name=\"twitter:label1\" content=\"Gesch\u00e4tzte Lesezeit\" \/>\n\t<meta name=\"twitter:data1\" content=\"1 Minute\" \/>\n<!-- \/ Yoast SEO plugin. -->","yoast_head_json":{"title":"Zentralstaubsauger Cyclo Vac H2025 - Aspirateur Central Cyclo Vac Suisse","description":"Dieses hochleistungsf\u00e4hige Ger\u00e4t mit zwei Motoren eignet sich f\u00fcr gro\u00dfe Wohnh\u00e4user und gewerbliche Einrichtungen.","robots":{"index":"index","follow":"follow","max-snippet":"max-snippet:-1","max-image-preview":"max-image-preview:large","max-video-preview":"max-video-preview:-1"},"canonical":"https:\/\/aspirateur-cyclovac.ch\/de\/Shop\/zentralstaubsauger-cyclo-vac-h2025\/","og_locale":"de_DE","og_type":"article","og_title":"Zentralstaubsauger Cyclo Vac H2025 - Aspirateur Central Cyclo Vac Suisse","og_description":"Dieses hochleistungsf\u00e4hige Ger\u00e4t mit zwei Motoren eignet sich f\u00fcr gro\u00dfe Wohnh\u00e4user und gewerbliche Einrichtungen.","og_url":"https:\/\/aspirateur-cyclovac.ch\/de\/Shop\/zentralstaubsauger-cyclo-vac-h2025\/","og_site_name":"Aspirateur Central Cyclo Vac Suisse","article_publisher":"https:\/\/www.facebook.com\/cyclovacsuisse\/","article_modified_time":"2026-02-26T18:23:00+00:00","og_image":[{"width":500,"height":500,"url":"https:\/\/aspirateur-cyclovac.ch\/wp-content\/uploads\/2017\/04\/H2025.png","type":"image\/png"}],"twitter_card":"summary_large_image","twitter_site":"@CycloVac_Suisse","twitter_misc":{"Gesch\u00e4tzte Lesezeit":"1 Minute"},"schema":{"@context":"https:\/\/schema.org","@graph":[{"@type":"WebPage","@id":"https:\/\/aspirateur-cyclovac.ch\/de\/Shop\/zentralstaubsauger-cyclo-vac-h2025\/","url":"https:\/\/aspirateur-cyclovac.ch\/de\/Shop\/zentralstaubsauger-cyclo-vac-h2025\/","name":"Zentralstaubsauger Cyclo Vac H2025 - Aspirateur Central Cyclo Vac Suisse","isPartOf":{"@id":"https:\/\/aspirateur-cyclovac.ch\/de\/#website"},"primaryImageOfPage":{"@id":"https:\/\/aspirateur-cyclovac.ch\/de\/Shop\/zentralstaubsauger-cyclo-vac-h2025\/#primaryimage"},"image":{"@id":"https:\/\/aspirateur-cyclovac.ch\/de\/Shop\/zentralstaubsauger-cyclo-vac-h2025\/#primaryimage"},"thumbnailUrl":"https:\/\/aspirateur-cyclovac.ch\/wp-content\/uploads\/2017\/04\/H2025.png","datePublished":"2017-04-23T17:06:53+00:00","dateModified":"2026-02-26T18:23:00+00:00","description":"Dieses hochleistungsf\u00e4hige Ger\u00e4t mit zwei Motoren eignet sich f\u00fcr gro\u00dfe Wohnh\u00e4user und gewerbliche Einrichtungen.","breadcrumb":{"@id":"https:\/\/aspirateur-cyclovac.ch\/de\/Shop\/zentralstaubsauger-cyclo-vac-h2025\/#breadcrumb"},"inLanguage":"de","potentialAction":[{"@type":"ReadAction","target":["https:\/\/aspirateur-cyclovac.ch\/de\/Shop\/zentralstaubsauger-cyclo-vac-h2025\/"]}]},{"@type":"ImageObject","inLanguage":"de","@id":"https:\/\/aspirateur-cyclovac.ch\/de\/Shop\/zentralstaubsauger-cyclo-vac-h2025\/#primaryimage","url":"https:\/\/aspirateur-cyclovac.ch\/wp-content\/uploads\/2017\/04\/H2025.png","contentUrl":"https:\/\/aspirateur-cyclovac.ch\/wp-content\/uploads\/2017\/04\/H2025.png","width":500,"height":500,"caption":"H2025"},{"@type":"BreadcrumbList","@id":"https:\/\/aspirateur-cyclovac.ch\/de\/Shop\/zentralstaubsauger-cyclo-vac-h2025\/#breadcrumb","itemListElement":[{"@type":"ListItem","position":1,"name":"Startseite","item":"https:\/\/aspirateur-cyclovac.ch\/de\/"},{"@type":"ListItem","position":2,"name":"Shop","item":"https:\/\/aspirateur-cyclovac.ch\/de\/shop\/"},{"@type":"ListItem","position":3,"name":"Zentralstaubsauger Cyclo Vac H2025"}]},{"@type":"WebSite","@id":"https:\/\/aspirateur-cyclovac.ch\/de\/#website","url":"https:\/\/aspirateur-cyclovac.ch\/de\/","name":"Aspirateur Central Cyclo Vac Suisse","description":"Aspiration centralis\u00e9e pour tous !","publisher":{"@id":"https:\/\/aspirateur-cyclovac.ch\/de\/#organization"},"potentialAction":[{"@type":"SearchAction","target":{"@type":"EntryPoint","urlTemplate":"https:\/\/aspirateur-cyclovac.ch\/de\/?s={search_term_string}"},"query-input":{"@type":"PropertyValueSpecification","valueRequired":true,"valueName":"search_term_string"}}],"inLanguage":"de"},{"@type":"Organization","@id":"https:\/\/aspirateur-cyclovac.ch\/de\/#organization","name":"SimplyVac S\u00e0rl","url":"https:\/\/aspirateur-cyclovac.ch\/de\/","logo":{"@type":"ImageObject","inLanguage":"de","@id":"https:\/\/aspirateur-cyclovac.ch\/de\/#\/schema\/logo\/image\/","url":"http:\/\/aspirateur-cyclovac.ch\/wp-content\/uploads\/2016\/11\/Logo-Bg_100.jpg","contentUrl":"http:\/\/aspirateur-cyclovac.ch\/wp-content\/uploads\/2016\/11\/Logo-Bg_100.jpg","width":100,"height":100,"caption":"SimplyVac S\u00e0rl"},"image":{"@id":"https:\/\/aspirateur-cyclovac.ch\/de\/#\/schema\/logo\/image\/"},"sameAs":["https:\/\/www.facebook.com\/cyclovacsuisse\/","https:\/\/x.com\/CycloVac_Suisse","https:\/\/www.instagram.com\/cyclo_vac_suisse\/","https:\/\/www.youtube.com\/channel\/UCXPmXj1HKX_o544r27GOL5w"]}]}},"_links":{"self":[{"href":"https:\/\/aspirateur-cyclovac.ch\/de\/wp-json\/wp\/v2\/product\/6071","targetHints":{"allow":["GET"]}}],"collection":[{"href":"https:\/\/aspirateur-cyclovac.ch\/de\/wp-json\/wp\/v2\/product"}],"about":[{"href":"https:\/\/aspirateur-cyclovac.ch\/de\/wp-json\/wp\/v2\/types\/product"}],"replies":[{"embeddable":true,"href":"https:\/\/aspirateur-cyclovac.ch\/de\/wp-json\/wp\/v2\/comments?post=6071"}],"wp:featuredmedia":[{"embeddable":true,"href":"https:\/\/aspirateur-cyclovac.ch\/de\/wp-json\/wp\/v2\/media\/6072"}],"wp:attachment":[{"href":"https:\/\/aspirateur-cyclovac.ch\/de\/wp-json\/wp\/v2\/media?parent=6071"}],"wp:term":[{"taxonomy":"product_brand","embeddable":true,"href":"https:\/\/aspirateur-cyclovac.ch\/de\/wp-json\/wp\/v2\/product_brand?post=6071"},{"taxonomy":"product_cat","embeddable":true,"href":"https:\/\/aspirateur-cyclovac.ch\/de\/wp-json\/wp\/v2\/product_cat?post=6071"},{"taxonomy":"product_tag","embeddable":true,"href":"https:\/\/aspirateur-cyclovac.ch\/de\/wp-json\/wp\/v2\/product_tag?post=6071"}],"curies":[{"name":"wp","href":"https:\/\/api.w.org\/{rel}","templated":true}]}}