{"id":6068,"date":"2017-05-09T13:16:19","date_gmt":"2017-05-09T11:16:19","guid":{"rendered":"https:\/\/aspirateur-cyclovac.ch\/produit\/rechteckige-super-luxe-buerste\/"},"modified":"2026-02-19T19:38:57","modified_gmt":"2026-02-19T18:38:57","slug":"rechteckige-super-luxe-buerste","status":"publish","type":"product","link":"https:\/\/aspirateur-cyclovac.ch\/de\/Shop\/rechteckige-super-luxe-buerste\/","title":{"rendered":"Rechteckige Super-Luxe-B\u00fcrste"},"content":{"rendered":"<p>Rechteckige Super-Luxe-B\u00fcrste mit 14 cm Breite f\u00fcr Zentralstaubsauger.<\/p>\n<p>Passt auf jede <a href=\"https:\/\/aspirateur-cyclovac.ch\/de\/etiquette-produit\/huelse\/\">Muffe<\/a> (Standard) und ist mit weichen, kurzen und dichten Borsten f\u00fcr ein perfektes Abstauben ausgestattet.<\/p>\n<p>Robustes Premium-Werkzeug zum gr\u00fcndlichen Abstauben von M\u00f6beln, Sesseln, Sofas und kleinen Teppichen.<\/p>\n<p>Der dichte Borstenstreifen b\u00fcrstet Stoffe, um Staub und Schmutz effektiv zu l\u00f6sen.<\/p>\n<p>&nbsp;<\/p>\n<ul>\n<li>Breite: 14 cm<\/li>\n<li>F\u00fcr jede Standard-Muffe<\/li>\n<li>Weiche, kurze und dichte Borsten<\/li>\n<li>Robustes Premium-Werkzeug<\/li>\n<li>5 Jahre Garantie<\/li>\n<\/ul>\n<p>&nbsp;<\/p>\n","protected":false},"excerpt":{"rendered":"<h2>Rechteckige Super-Luxe-B\u00fcrste<\/h2>\n<p>Passt auf jede Standard-Muffe und ist mit weichen, kurzen und dichten Borsten f\u00fcr ein perfektes Abstauben ausgestattet.<\/p>\n<p>&nbsp;<\/p>\n","protected":false},"featured_media":6070,"comment_status":"open","ping_status":"closed","template":"","meta":{"iawp_total_views":0},"product_brand":[],"product_cat":[789,790],"product_tag":[791],"class_list":{"0":"post-6068","1":"product","2":"type-product","3":"status-publish","4":"has-post-thumbnail","6":"product_cat-unkategorisiert","7":"product_cat-besen-und-buerste","8":"product_tag-buerste","10":"first","11":"instock","12":"taxable","13":"shipping-taxable","14":"purchasable","15":"product-type-simple"},"yoast_head":"<!-- This site is optimized with the Yoast SEO plugin v27.0 - https:\/\/yoast.com\/product\/yoast-seo-wordpress\/ -->\n<title>Rechteckige Super-Luxe-B\u00fcrste - Aspirateur Central Cyclo Vac Suisse<\/title>\n<meta name=\"description\" content=\"Die rechteckige B\u00fcrste ist mit weichen Borsten ausgestattet, die B\u00f6den nicht besch\u00e4digen und gr\u00fcndlich reinigen. Passt auf jede Standard-Muffe.\" \/>\n<meta name=\"robots\" content=\"index, follow, max-snippet:-1, max-image-preview:large, max-video-preview:-1\" \/>\n<link rel=\"canonical\" href=\"https:\/\/aspirateur-cyclovac.ch\/de\/Shop\/rechteckige-super-luxe-buerste\/\" \/>\n<meta property=\"og:locale\" content=\"de_DE\" \/>\n<meta property=\"og:type\" content=\"article\" \/>\n<meta property=\"og:title\" content=\"Rechteckige Super-Luxe-B\u00fcrste - Aspirateur Central Cyclo Vac Suisse\" \/>\n<meta property=\"og:description\" content=\"Ovale Super-Luxe-B\u00fcrste mit 9 cm Breite f\u00fcr Zentralstaubsaugersysteme. Passt auf jede Standard-Muffe und ist mit weichen, kurzen und dichten Borsten f\u00fcr ein perfektes Abstauben ausgestattet. Ihre l\u00e4ngliche Form macht sie kompakter und handlicher, was die Bedienung erleichtert. Robustes und pr\u00e4zises Werkzeug.\" \/>\n<meta property=\"og:url\" content=\"https:\/\/aspirateur-cyclovac.ch\/de\/Shop\/rechteckige-super-luxe-buerste\/\" \/>\n<meta property=\"og:site_name\" content=\"Aspirateur Central Cyclo Vac Suisse\" \/>\n<meta property=\"article:publisher\" content=\"https:\/\/www.facebook.com\/cyclovacsuisse\/\" \/>\n<meta property=\"article:modified_time\" content=\"2026-02-19T18:38:57+00:00\" \/>\n<meta property=\"og:image\" content=\"https:\/\/aspirateur-cyclovac.ch\/wp-content\/uploads\/2017\/02\/TABREP01-Brosse-ovale-aspirateur-cyclovac.ch_.jpg\" \/>\n<meta name=\"twitter:card\" content=\"summary_large_image\" \/>\n<meta name=\"twitter:site\" content=\"@CycloVac_Suisse\" \/>\n<!-- \/ Yoast SEO plugin. -->","yoast_head_json":{"title":"Rechteckige Super-Luxe-B\u00fcrste - Aspirateur Central Cyclo Vac Suisse","description":"Die rechteckige B\u00fcrste ist mit weichen Borsten ausgestattet, die B\u00f6den nicht besch\u00e4digen und gr\u00fcndlich reinigen. Passt auf jede Standard-Muffe.","robots":{"index":"index","follow":"follow","max-snippet":"max-snippet:-1","max-image-preview":"max-image-preview:large","max-video-preview":"max-video-preview:-1"},"canonical":"https:\/\/aspirateur-cyclovac.ch\/de\/Shop\/rechteckige-super-luxe-buerste\/","og_locale":"de_DE","og_type":"article","og_title":"Rechteckige Super-Luxe-B\u00fcrste - Aspirateur Central Cyclo Vac Suisse","og_description":"Ovale Super-Luxe-B\u00fcrste mit 9 cm Breite f\u00fcr Zentralstaubsaugersysteme. Passt auf jede Standard-Muffe und ist mit weichen, kurzen und dichten Borsten f\u00fcr ein perfektes Abstauben ausgestattet. Ihre l\u00e4ngliche Form macht sie kompakter und handlicher, was die Bedienung erleichtert. Robustes und pr\u00e4zises Werkzeug.","og_url":"https:\/\/aspirateur-cyclovac.ch\/de\/Shop\/rechteckige-super-luxe-buerste\/","og_site_name":"Aspirateur Central Cyclo Vac Suisse","article_publisher":"https:\/\/www.facebook.com\/cyclovacsuisse\/","article_modified_time":"2026-02-19T18:38:57+00:00","og_image":[{"url":"https:\/\/aspirateur-cyclovac.ch\/wp-content\/uploads\/2017\/02\/TABREP01-Brosse-ovale-aspirateur-cyclovac.ch_.jpg","type":"","width":"","height":""}],"twitter_card":"summary_large_image","twitter_site":"@CycloVac_Suisse","schema":{"@context":"https:\/\/schema.org","@graph":[{"@type":"WebPage","@id":"https:\/\/aspirateur-cyclovac.ch\/de\/Shop\/rechteckige-super-luxe-buerste\/","url":"https:\/\/aspirateur-cyclovac.ch\/de\/Shop\/rechteckige-super-luxe-buerste\/","name":"Rechteckige Super-Luxe-B\u00fcrste - Aspirateur Central Cyclo Vac Suisse","isPartOf":{"@id":"https:\/\/aspirateur-cyclovac.ch\/de\/#website"},"primaryImageOfPage":{"@id":"https:\/\/aspirateur-cyclovac.ch\/de\/Shop\/rechteckige-super-luxe-buerste\/#primaryimage"},"image":{"@id":"https:\/\/aspirateur-cyclovac.ch\/de\/Shop\/rechteckige-super-luxe-buerste\/#primaryimage"},"thumbnailUrl":"https:\/\/aspirateur-cyclovac.ch\/wp-content\/uploads\/2017\/05\/TABRRE01-Brosse-rectangulaire-Super-Luxe-1.jpg","datePublished":"2017-05-09T11:16:19+00:00","dateModified":"2026-02-19T18:38:57+00:00","description":"Die rechteckige B\u00fcrste ist mit weichen Borsten ausgestattet, die B\u00f6den nicht besch\u00e4digen und gr\u00fcndlich reinigen. Passt auf jede Standard-Muffe.","breadcrumb":{"@id":"https:\/\/aspirateur-cyclovac.ch\/de\/Shop\/rechteckige-super-luxe-buerste\/#breadcrumb"},"inLanguage":"de","potentialAction":[{"@type":"ReadAction","target":["https:\/\/aspirateur-cyclovac.ch\/de\/Shop\/rechteckige-super-luxe-buerste\/"]}]},{"@type":"ImageObject","inLanguage":"de","@id":"https:\/\/aspirateur-cyclovac.ch\/de\/Shop\/rechteckige-super-luxe-buerste\/#primaryimage","url":"https:\/\/aspirateur-cyclovac.ch\/wp-content\/uploads\/2017\/05\/TABRRE01-Brosse-rectangulaire-Super-Luxe-1.jpg","contentUrl":"https:\/\/aspirateur-cyclovac.ch\/wp-content\/uploads\/2017\/05\/TABRRE01-Brosse-rectangulaire-Super-Luxe-1.jpg","width":500,"height":500,"caption":"TABRRE01-Rechteckige-Super-Luxe-B\u00fcrste"},{"@type":"BreadcrumbList","@id":"https:\/\/aspirateur-cyclovac.ch\/de\/Shop\/rechteckige-super-luxe-buerste\/#breadcrumb","itemListElement":[{"@type":"ListItem","position":1,"name":"Startseite","item":"https:\/\/aspirateur-cyclovac.ch\/de\/"},{"@type":"ListItem","position":2,"name":"Shop","item":"https:\/\/aspirateur-cyclovac.ch\/de\/shop\/"},{"@type":"ListItem","position":3,"name":"Rechteckige Super-Luxe-B\u00fcrste"}]},{"@type":"WebSite","@id":"https:\/\/aspirateur-cyclovac.ch\/de\/#website","url":"https:\/\/aspirateur-cyclovac.ch\/de\/","name":"Aspirateur Central Cyclo Vac Suisse","description":"Aspiration centralis\u00e9e pour tous !","publisher":{"@id":"https:\/\/aspirateur-cyclovac.ch\/de\/#organization"},"potentialAction":[{"@type":"SearchAction","target":{"@type":"EntryPoint","urlTemplate":"https:\/\/aspirateur-cyclovac.ch\/de\/?s={search_term_string}"},"query-input":{"@type":"PropertyValueSpecification","valueRequired":true,"valueName":"search_term_string"}}],"inLanguage":"de"},{"@type":"Organization","@id":"https:\/\/aspirateur-cyclovac.ch\/de\/#organization","name":"SimplyVac S\u00e0rl","url":"https:\/\/aspirateur-cyclovac.ch\/de\/","logo":{"@type":"ImageObject","inLanguage":"de","@id":"https:\/\/aspirateur-cyclovac.ch\/de\/#\/schema\/logo\/image\/","url":"http:\/\/aspirateur-cyclovac.ch\/wp-content\/uploads\/2016\/11\/Logo-Bg_100.jpg","contentUrl":"http:\/\/aspirateur-cyclovac.ch\/wp-content\/uploads\/2016\/11\/Logo-Bg_100.jpg","width":100,"height":100,"caption":"SimplyVac S\u00e0rl"},"image":{"@id":"https:\/\/aspirateur-cyclovac.ch\/de\/#\/schema\/logo\/image\/"},"sameAs":["https:\/\/www.facebook.com\/cyclovacsuisse\/","https:\/\/x.com\/CycloVac_Suisse","https:\/\/www.instagram.com\/cyclo_vac_suisse\/","https:\/\/www.youtube.com\/channel\/UCXPmXj1HKX_o544r27GOL5w"]}]}},"_links":{"self":[{"href":"https:\/\/aspirateur-cyclovac.ch\/de\/wp-json\/wp\/v2\/product\/6068","targetHints":{"allow":["GET"]}}],"collection":[{"href":"https:\/\/aspirateur-cyclovac.ch\/de\/wp-json\/wp\/v2\/product"}],"about":[{"href":"https:\/\/aspirateur-cyclovac.ch\/de\/wp-json\/wp\/v2\/types\/product"}],"replies":[{"embeddable":true,"href":"https:\/\/aspirateur-cyclovac.ch\/de\/wp-json\/wp\/v2\/comments?post=6068"}],"wp:featuredmedia":[{"embeddable":true,"href":"https:\/\/aspirateur-cyclovac.ch\/de\/wp-json\/wp\/v2\/media\/6070"}],"wp:attachment":[{"href":"https:\/\/aspirateur-cyclovac.ch\/de\/wp-json\/wp\/v2\/media?parent=6068"}],"wp:term":[{"taxonomy":"product_brand","embeddable":true,"href":"https:\/\/aspirateur-cyclovac.ch\/de\/wp-json\/wp\/v2\/product_brand?post=6068"},{"taxonomy":"product_cat","embeddable":true,"href":"https:\/\/aspirateur-cyclovac.ch\/de\/wp-json\/wp\/v2\/product_cat?post=6068"},{"taxonomy":"product_tag","embeddable":true,"href":"https:\/\/aspirateur-cyclovac.ch\/de\/wp-json\/wp\/v2\/product_tag?post=6068"}],"curies":[{"name":"wp","href":"https:\/\/api.w.org\/{rel}","templated":true}]}}