{"id":6055,"date":"2017-02-11T16:44:20","date_gmt":"2017-02-11T15:44:20","guid":{"rendered":"https:\/\/aspirateur-cyclovac.ch\/produit\/ovale-buerste\/"},"modified":"2026-02-19T19:38:58","modified_gmt":"2026-02-19T18:38:58","slug":"ovale-buerste","status":"publish","type":"product","link":"https:\/\/aspirateur-cyclovac.ch\/de\/Shop\/ovale-buerste\/","title":{"rendered":"Ovale B\u00fcrste"},"content":{"rendered":"<p>Super-Luxe-Ovalb\u00fcrste mit 9 cm Breite f\u00fcr Zentralstaubsaugersysteme.<\/p>\n<p>Passt auf jeden Standard-<a href=\"https:\/\/aspirateur-cyclovac.ch\/de\/etiquette-produit\/huelse\/\">Stutzen<\/a> und ist mit weichen, kurzen und dichten Borsten f\u00fcr eine makellose Staubaufnahme ausgestattet.<\/p>\n<p>Ihre l\u00e4ngliche Form macht sie kompakter und handlicher, was die Bedienung erleichtert.<\/p>\n<p>Robustes und pr\u00e4zises Werkzeug.<\/p>\n<p>&nbsp;<\/p>\n<ul>\n<li>9 cm Breite<\/li>\n<li>F\u00fcr jeden Standardstutzen<\/li>\n<li>Weiche, kurze und dichte Borsten<\/li>\n<li>Kompakt und handlich<\/li>\n<li>5 Jahre Garantie<\/li>\n<\/ul>\n<p>&nbsp;<\/p>\n","protected":false},"excerpt":{"rendered":"<h2>Super-Luxe-Ovalb\u00fcrste<\/h2>\n<p>Passt auf jeden Standardstutzen und ist mit weichen, kurzen und dichten Borsten f\u00fcr eine makellose Staubaufnahme ausgestattet.<\/p>\n<p>&nbsp;<\/p>\n","protected":false},"featured_media":6056,"comment_status":"open","ping_status":"closed","template":"","meta":{"iawp_total_views":0},"product_brand":[],"product_cat":[789,790],"product_tag":[791],"class_list":{"0":"post-6055","1":"product","2":"type-product","3":"status-publish","4":"has-post-thumbnail","6":"product_cat-unkategorisiert","7":"product_cat-besen-und-buerste","8":"product_tag-buerste","10":"first","11":"instock","12":"taxable","13":"shipping-taxable","14":"purchasable","15":"product-type-simple"},"yoast_head":"<!-- This site is optimized with the Yoast SEO plugin v27.0 - https:\/\/yoast.com\/product\/yoast-seo-wordpress\/ -->\n<title>Ovale B\u00fcrste - Aspirateur Central Cyclo Vac Suisse<\/title>\n<meta name=\"description\" content=\"Die ovale B\u00fcrste ist mit weichen Borsten ausgestattet, die B\u00f6den nicht besch\u00e4digen und gr\u00fcndlich reinigen. Passt auf jeden Standardstutzen.\" \/>\n<meta name=\"robots\" content=\"index, follow, max-snippet:-1, max-image-preview:large, max-video-preview:-1\" \/>\n<link rel=\"canonical\" href=\"https:\/\/aspirateur-cyclovac.ch\/de\/Shop\/ovale-buerste\/\" \/>\n<meta property=\"og:locale\" content=\"de_DE\" \/>\n<meta property=\"og:type\" content=\"article\" \/>\n<meta property=\"og:title\" content=\"Ovale B\u00fcrste - Aspirateur Central Cyclo Vac Suisse\" \/>\n<meta property=\"og:description\" content=\"Super-Luxe-Ovalb\u00fcrste mit 9 cm Breite f\u00fcr Zentralstaubsaugersysteme. Passt auf jeden Standardstutzen und ist mit weichen, kurzen und dichten Borsten f\u00fcr eine makellose Staubaufnahme ausgestattet. Ihre l\u00e4ngliche Form macht sie kompakter und handlicher, was die Bedienung erleichtert. Robustes und pr\u00e4zises Werkzeug.\" \/>\n<meta property=\"og:url\" content=\"https:\/\/aspirateur-cyclovac.ch\/de\/Shop\/ovale-buerste\/\" \/>\n<meta property=\"og:site_name\" content=\"Aspirateur Central Cyclo Vac Suisse\" \/>\n<meta property=\"article:publisher\" content=\"https:\/\/www.facebook.com\/cyclovacsuisse\/\" \/>\n<meta property=\"article:modified_time\" content=\"2026-02-19T18:38:58+00:00\" \/>\n<meta property=\"og:image\" content=\"https:\/\/aspirateur-cyclovac.ch\/wp-content\/uploads\/2017\/02\/TABREP01-Brosse-ovale-aspirateur-cyclovac.ch_.jpg\" \/>\n<meta name=\"twitter:card\" content=\"summary_large_image\" \/>\n<meta name=\"twitter:site\" content=\"@CycloVac_Suisse\" \/>\n<!-- \/ Yoast SEO plugin. -->","yoast_head_json":{"title":"Ovale B\u00fcrste - Aspirateur Central Cyclo Vac Suisse","description":"Die ovale B\u00fcrste ist mit weichen Borsten ausgestattet, die B\u00f6den nicht besch\u00e4digen und gr\u00fcndlich reinigen. Passt auf jeden Standardstutzen.","robots":{"index":"index","follow":"follow","max-snippet":"max-snippet:-1","max-image-preview":"max-image-preview:large","max-video-preview":"max-video-preview:-1"},"canonical":"https:\/\/aspirateur-cyclovac.ch\/de\/Shop\/ovale-buerste\/","og_locale":"de_DE","og_type":"article","og_title":"Ovale B\u00fcrste - Aspirateur Central Cyclo Vac Suisse","og_description":"Super-Luxe-Ovalb\u00fcrste mit 9 cm Breite f\u00fcr Zentralstaubsaugersysteme. Passt auf jeden Standardstutzen und ist mit weichen, kurzen und dichten Borsten f\u00fcr eine makellose Staubaufnahme ausgestattet. Ihre l\u00e4ngliche Form macht sie kompakter und handlicher, was die Bedienung erleichtert. Robustes und pr\u00e4zises Werkzeug.","og_url":"https:\/\/aspirateur-cyclovac.ch\/de\/Shop\/ovale-buerste\/","og_site_name":"Aspirateur Central Cyclo Vac Suisse","article_publisher":"https:\/\/www.facebook.com\/cyclovacsuisse\/","article_modified_time":"2026-02-19T18:38:58+00:00","og_image":[{"url":"https:\/\/aspirateur-cyclovac.ch\/wp-content\/uploads\/2017\/02\/TABREP01-Brosse-ovale-aspirateur-cyclovac.ch_.jpg","type":"","width":"","height":""}],"twitter_card":"summary_large_image","twitter_site":"@CycloVac_Suisse","schema":{"@context":"https:\/\/schema.org","@graph":[{"@type":"WebPage","@id":"https:\/\/aspirateur-cyclovac.ch\/de\/Shop\/ovale-buerste\/","url":"https:\/\/aspirateur-cyclovac.ch\/de\/Shop\/ovale-buerste\/","name":"Ovale B\u00fcrste - Aspirateur Central Cyclo Vac Suisse","isPartOf":{"@id":"https:\/\/aspirateur-cyclovac.ch\/de\/#website"},"primaryImageOfPage":{"@id":"https:\/\/aspirateur-cyclovac.ch\/de\/Shop\/ovale-buerste\/#primaryimage"},"image":{"@id":"https:\/\/aspirateur-cyclovac.ch\/de\/Shop\/ovale-buerste\/#primaryimage"},"thumbnailUrl":"https:\/\/aspirateur-cyclovac.ch\/wp-content\/uploads\/2017\/02\/TABREP01-Brosse-ovale-aspirateur-cyclovac.ch_.jpg","datePublished":"2017-02-11T15:44:20+00:00","dateModified":"2026-02-19T18:38:58+00:00","description":"Die ovale B\u00fcrste ist mit weichen Borsten ausgestattet, die B\u00f6den nicht besch\u00e4digen und gr\u00fcndlich reinigen. Passt auf jeden Standardstutzen.","breadcrumb":{"@id":"https:\/\/aspirateur-cyclovac.ch\/de\/Shop\/ovale-buerste\/#breadcrumb"},"inLanguage":"de","potentialAction":[{"@type":"ReadAction","target":["https:\/\/aspirateur-cyclovac.ch\/de\/Shop\/ovale-buerste\/"]}]},{"@type":"ImageObject","inLanguage":"de","@id":"https:\/\/aspirateur-cyclovac.ch\/de\/Shop\/ovale-buerste\/#primaryimage","url":"https:\/\/aspirateur-cyclovac.ch\/wp-content\/uploads\/2017\/02\/TABREP01-Brosse-ovale-aspirateur-cyclovac.ch_.jpg","contentUrl":"https:\/\/aspirateur-cyclovac.ch\/wp-content\/uploads\/2017\/02\/TABREP01-Brosse-ovale-aspirateur-cyclovac.ch_.jpg","width":500,"height":500,"caption":"Ovale B\u00fcrste"},{"@type":"BreadcrumbList","@id":"https:\/\/aspirateur-cyclovac.ch\/de\/Shop\/ovale-buerste\/#breadcrumb","itemListElement":[{"@type":"ListItem","position":1,"name":"Startseite","item":"https:\/\/aspirateur-cyclovac.ch\/de\/"},{"@type":"ListItem","position":2,"name":"Shop","item":"https:\/\/aspirateur-cyclovac.ch\/de\/shop\/"},{"@type":"ListItem","position":3,"name":"Ovale B\u00fcrste"}]},{"@type":"WebSite","@id":"https:\/\/aspirateur-cyclovac.ch\/de\/#website","url":"https:\/\/aspirateur-cyclovac.ch\/de\/","name":"Aspirateur Central Cyclo Vac Suisse","description":"Aspiration centralis\u00e9e pour tous !","publisher":{"@id":"https:\/\/aspirateur-cyclovac.ch\/de\/#organization"},"potentialAction":[{"@type":"SearchAction","target":{"@type":"EntryPoint","urlTemplate":"https:\/\/aspirateur-cyclovac.ch\/de\/?s={search_term_string}"},"query-input":{"@type":"PropertyValueSpecification","valueRequired":true,"valueName":"search_term_string"}}],"inLanguage":"de"},{"@type":"Organization","@id":"https:\/\/aspirateur-cyclovac.ch\/de\/#organization","name":"SimplyVac S\u00e0rl","url":"https:\/\/aspirateur-cyclovac.ch\/de\/","logo":{"@type":"ImageObject","inLanguage":"de","@id":"https:\/\/aspirateur-cyclovac.ch\/de\/#\/schema\/logo\/image\/","url":"http:\/\/aspirateur-cyclovac.ch\/wp-content\/uploads\/2016\/11\/Logo-Bg_100.jpg","contentUrl":"http:\/\/aspirateur-cyclovac.ch\/wp-content\/uploads\/2016\/11\/Logo-Bg_100.jpg","width":100,"height":100,"caption":"SimplyVac S\u00e0rl"},"image":{"@id":"https:\/\/aspirateur-cyclovac.ch\/de\/#\/schema\/logo\/image\/"},"sameAs":["https:\/\/www.facebook.com\/cyclovacsuisse\/","https:\/\/x.com\/CycloVac_Suisse","https:\/\/www.instagram.com\/cyclo_vac_suisse\/","https:\/\/www.youtube.com\/channel\/UCXPmXj1HKX_o544r27GOL5w"]}]}},"_links":{"self":[{"href":"https:\/\/aspirateur-cyclovac.ch\/de\/wp-json\/wp\/v2\/product\/6055","targetHints":{"allow":["GET"]}}],"collection":[{"href":"https:\/\/aspirateur-cyclovac.ch\/de\/wp-json\/wp\/v2\/product"}],"about":[{"href":"https:\/\/aspirateur-cyclovac.ch\/de\/wp-json\/wp\/v2\/types\/product"}],"replies":[{"embeddable":true,"href":"https:\/\/aspirateur-cyclovac.ch\/de\/wp-json\/wp\/v2\/comments?post=6055"}],"wp:featuredmedia":[{"embeddable":true,"href":"https:\/\/aspirateur-cyclovac.ch\/de\/wp-json\/wp\/v2\/media\/6056"}],"wp:attachment":[{"href":"https:\/\/aspirateur-cyclovac.ch\/de\/wp-json\/wp\/v2\/media?parent=6055"}],"wp:term":[{"taxonomy":"product_brand","embeddable":true,"href":"https:\/\/aspirateur-cyclovac.ch\/de\/wp-json\/wp\/v2\/product_brand?post=6055"},{"taxonomy":"product_cat","embeddable":true,"href":"https:\/\/aspirateur-cyclovac.ch\/de\/wp-json\/wp\/v2\/product_cat?post=6055"},{"taxonomy":"product_tag","embeddable":true,"href":"https:\/\/aspirateur-cyclovac.ch\/de\/wp-json\/wp\/v2\/product_tag?post=6055"}],"curies":[{"name":"wp","href":"https:\/\/api.w.org\/{rel}","templated":true}]}}