{"id":5998,"date":"2017-04-27T15:01:56","date_gmt":"2017-04-27T13:01:56","guid":{"rendered":"https:\/\/aspirateur-cyclovac.ch\/produit\/cansweep-kehrleiste\/"},"modified":"2026-02-19T19:38:08","modified_gmt":"2026-02-19T18:38:08","slug":"cansweep-kehrleiste","status":"publish","type":"product","link":"https:\/\/aspirateur-cyclovac.ch\/de\/Shop\/cansweep-kehrleiste\/","title":{"rendered":"CanSweep Kehrleiste"},"content":{"rendered":"<p>Automatische CanSweep Kehrleiste f\u00fcr Zentralstaubsaugeranlagen<\/p>\n<h3><strong>Praktisch und einfach zu bedienen<\/strong><\/h3>\n<p>Unverzichtbares Zubeh\u00f6r f\u00fcr K\u00fcche, Bad, Friseursalons usw.<br \/>\nEinfache Bedienung: \u00d6ffnen Sie die Leiste einfach mit der Fu\u00dfspitze \u00fcber den Kippschalter, um Ihren Zentralstaubsauger zu starten und zusammengekehrte Kr\u00fcmel sowie Schmutz aufzusaugen.<\/p>\n<p>Kein B\u00fccken mehr erforderlich!<\/p>\n<p><span id=\"result_box\" class=\"\" lang=\"fr\"><span class=\"\">\u2022 Die Saugdose besticht durch ein neues Design mit strukturierter Oberfl\u00e4che.<\/span><\/span><br \/>\n<span id=\"result_box\" class=\"\" lang=\"fr\"><span class=\"\">\u2022<\/span><\/span> E<span id=\"result_box\" class=\"\" lang=\"fr\"><span class=\"\">in einfaches und leichtg\u00e4ngiges \u00d6ffnungs- und Schlie\u00dfsystem.<\/span><br \/>\n<span class=\"\">\u2022 Kein Saugkraftverlust.<\/span><br \/>\n<span class=\"\">\u2022 Gro\u00dfe \u00d6ffnung f\u00fcr maximalen Luftstrom<\/span> und eine effiziente Reinigung.<br \/>\n<span class=\"\">\u2022 Horizontales Auslassdesign f\u00fcr eine wesentlich einfachere Installation.<\/span><\/span><\/p>\n<p><iframe loading=\"lazy\" src=\"https:\/\/www.youtube.com\/embed\/y6UV7y-WZSM\" width=\"320\" height=\"240\" frameborder=\"0\" allowfullscreen=\"allowfullscreen\"><\/iframe><br \/>\n<iframe loading=\"lazy\" src=\"https:\/\/www.youtube.com\/embed\/O5xcW4nHEj4\" width=\"320\" height=\"240\" frameborder=\"0\" allowfullscreen=\"allowfullscreen\"><\/iframe><br \/>\n<iframe loading=\"lazy\" src=\"https:\/\/www.youtube.com\/embed\/89vXkYBRpQU?list=PLVzXjjWD6tLxnqeLISfarXkQMMKBXoGWn\" width=\"320\" height=\"240\" frameborder=\"0\" allowfullscreen=\"allowfullscreen\"><\/iframe><\/p>\n<p>Erh\u00e4ltlich in Wei\u00df, Schwarz und Mandel<\/p>\n<p>ACHTUNG: F\u00fcr den Anschluss an Ihr Zentralstaubsaugernetz ist das <a href=\"https:\/\/aspirateur-cyclovac.ch\/boutique\/kit-installation-ramasse-miettes\/\" target=\"_blank\" rel=\"noopener noreferrer\">Kehrleisten-Installationskit<\/a> erforderlich.<\/p>\n","protected":false},"excerpt":{"rendered":"<h2>Automatische CanSweep Kehrleiste<\/h2>\n","protected":false},"featured_media":5999,"comment_status":"open","ping_status":"closed","template":"","meta":{"iawp_total_views":0},"product_brand":[],"product_cat":[807],"product_tag":[806,808],"class_list":{"0":"post-5998","1":"product","2":"type-product","3":"status-publish","4":"has-post-thumbnail","6":"product_cat-steckdose","7":"product_tag-sockeleinkehrduese","8":"product_tag-steckdose","10":"first","11":"instock","12":"taxable","13":"shipping-taxable","14":"purchasable","15":"product-type-variable"},"yoast_head":"<!-- This site is optimized with the Yoast SEO plugin v27.0 - https:\/\/yoast.com\/product\/yoast-seo-wordpress\/ -->\n<title>CanSweep Kehrleiste - Aspirateur Central Cyclo Vac Suisse<\/title>\n<meta name=\"description\" content=\"CanSweep Kehrleiste f\u00fcr Zentralstaubsaugeranlagen. Praktisch und einfach zu bedienen. Unverzichtbares Zubeh\u00f6r f\u00fcr K\u00fcche und Bad.\" \/>\n<meta name=\"robots\" content=\"index, follow, max-snippet:-1, max-image-preview:large, max-video-preview:-1\" \/>\n<link rel=\"canonical\" href=\"https:\/\/aspirateur-cyclovac.ch\/de\/Shop\/cansweep-kehrleiste\/\" \/>\n<meta property=\"og:locale\" content=\"de_DE\" \/>\n<meta property=\"og:type\" content=\"article\" \/>\n<meta property=\"og:title\" content=\"CanSweep Kehrleiste - Aspirateur Central Cyclo Vac Suisse\" \/>\n<meta property=\"og:description\" content=\"CanSweep Kehrleiste f\u00fcr Zentralstaubsaugeranlagen. Praktisch und einfach zu bedienen. Unverzichtbares Zubeh\u00f6r f\u00fcr K\u00fcche und Bad.\" \/>\n<meta property=\"og:url\" content=\"https:\/\/aspirateur-cyclovac.ch\/de\/Shop\/cansweep-kehrleiste\/\" \/>\n<meta property=\"og:site_name\" content=\"Aspirateur Central Cyclo Vac Suisse\" \/>\n<meta property=\"article:publisher\" content=\"https:\/\/www.facebook.com\/cyclovacsuisse\/\" \/>\n<meta property=\"article:modified_time\" content=\"2026-02-19T18:38:08+00:00\" \/>\n<meta property=\"og:image\" content=\"https:\/\/aspirateur-cyclovac.ch\/wp-content\/uploads\/2017\/04\/TFVACCS01-Ramasse-miettes-automatique-CanSweep-blanc.jpg\" \/>\n<meta name=\"twitter:card\" content=\"summary_large_image\" \/>\n<meta name=\"twitter:site\" content=\"@CycloVac_Suisse\" \/>\n<meta name=\"twitter:label1\" content=\"Gesch\u00e4tzte Lesezeit\" \/>\n\t<meta name=\"twitter:data1\" content=\"1 Minute\" \/>\n<!-- \/ Yoast SEO plugin. -->","yoast_head_json":{"title":"CanSweep Kehrleiste - Aspirateur Central Cyclo Vac Suisse","description":"CanSweep Kehrleiste f\u00fcr Zentralstaubsaugeranlagen. Praktisch und einfach zu bedienen. Unverzichtbares Zubeh\u00f6r f\u00fcr K\u00fcche und Bad.","robots":{"index":"index","follow":"follow","max-snippet":"max-snippet:-1","max-image-preview":"max-image-preview:large","max-video-preview":"max-video-preview:-1"},"canonical":"https:\/\/aspirateur-cyclovac.ch\/de\/Shop\/cansweep-kehrleiste\/","og_locale":"de_DE","og_type":"article","og_title":"CanSweep Kehrleiste - Aspirateur Central Cyclo Vac Suisse","og_description":"CanSweep Kehrleiste f\u00fcr Zentralstaubsaugeranlagen. Praktisch und einfach zu bedienen. Unverzichtbares Zubeh\u00f6r f\u00fcr K\u00fcche und Bad.","og_url":"https:\/\/aspirateur-cyclovac.ch\/de\/Shop\/cansweep-kehrleiste\/","og_site_name":"Aspirateur Central Cyclo Vac Suisse","article_publisher":"https:\/\/www.facebook.com\/cyclovacsuisse\/","article_modified_time":"2026-02-19T18:38:08+00:00","og_image":[{"url":"https:\/\/aspirateur-cyclovac.ch\/wp-content\/uploads\/2017\/04\/TFVACCS01-Ramasse-miettes-automatique-CanSweep-blanc.jpg","type":"","width":"","height":""}],"twitter_card":"summary_large_image","twitter_site":"@CycloVac_Suisse","twitter_misc":{"Gesch\u00e4tzte Lesezeit":"1 Minute"},"schema":{"@context":"https:\/\/schema.org","@graph":[{"@type":"WebPage","@id":"https:\/\/aspirateur-cyclovac.ch\/de\/Shop\/cansweep-kehrleiste\/","url":"https:\/\/aspirateur-cyclovac.ch\/de\/Shop\/cansweep-kehrleiste\/","name":"CanSweep Kehrleiste - Aspirateur Central Cyclo Vac Suisse","isPartOf":{"@id":"https:\/\/aspirateur-cyclovac.ch\/de\/#website"},"primaryImageOfPage":{"@id":"https:\/\/aspirateur-cyclovac.ch\/de\/Shop\/cansweep-kehrleiste\/#primaryimage"},"image":{"@id":"https:\/\/aspirateur-cyclovac.ch\/de\/Shop\/cansweep-kehrleiste\/#primaryimage"},"thumbnailUrl":"https:\/\/aspirateur-cyclovac.ch\/wp-content\/uploads\/2017\/04\/TFVACCS01-Ramasse-miettes-automatique-CanSweep.jpg","datePublished":"2017-04-27T13:01:56+00:00","dateModified":"2026-02-19T18:38:08+00:00","description":"CanSweep Kehrleiste f\u00fcr Zentralstaubsaugeranlagen. Praktisch und einfach zu bedienen. Unverzichtbares Zubeh\u00f6r f\u00fcr K\u00fcche und Bad.","breadcrumb":{"@id":"https:\/\/aspirateur-cyclovac.ch\/de\/Shop\/cansweep-kehrleiste\/#breadcrumb"},"inLanguage":"de","potentialAction":[{"@type":"ReadAction","target":["https:\/\/aspirateur-cyclovac.ch\/de\/Shop\/cansweep-kehrleiste\/"]}]},{"@type":"ImageObject","inLanguage":"de","@id":"https:\/\/aspirateur-cyclovac.ch\/de\/Shop\/cansweep-kehrleiste\/#primaryimage","url":"https:\/\/aspirateur-cyclovac.ch\/wp-content\/uploads\/2017\/04\/TFVACCS01-Ramasse-miettes-automatique-CanSweep.jpg","contentUrl":"https:\/\/aspirateur-cyclovac.ch\/wp-content\/uploads\/2017\/04\/TFVACCS01-Ramasse-miettes-automatique-CanSweep.jpg","width":500,"height":500,"caption":"Automatische CanSweep Kehrleiste TFVACCS01"},{"@type":"BreadcrumbList","@id":"https:\/\/aspirateur-cyclovac.ch\/de\/Shop\/cansweep-kehrleiste\/#breadcrumb","itemListElement":[{"@type":"ListItem","position":1,"name":"Startseite","item":"https:\/\/aspirateur-cyclovac.ch\/de\/"},{"@type":"ListItem","position":2,"name":"Shop","item":"https:\/\/aspirateur-cyclovac.ch\/de\/shop\/"},{"@type":"ListItem","position":3,"name":"CanSweep Kehrleiste"}]},{"@type":"WebSite","@id":"https:\/\/aspirateur-cyclovac.ch\/de\/#website","url":"https:\/\/aspirateur-cyclovac.ch\/de\/","name":"Aspirateur Central Cyclo Vac Suisse","description":"Aspiration centralis\u00e9e pour tous !","publisher":{"@id":"https:\/\/aspirateur-cyclovac.ch\/de\/#organization"},"potentialAction":[{"@type":"SearchAction","target":{"@type":"EntryPoint","urlTemplate":"https:\/\/aspirateur-cyclovac.ch\/de\/?s={search_term_string}"},"query-input":{"@type":"PropertyValueSpecification","valueRequired":true,"valueName":"search_term_string"}}],"inLanguage":"de"},{"@type":"Organization","@id":"https:\/\/aspirateur-cyclovac.ch\/de\/#organization","name":"SimplyVac S\u00e0rl","url":"https:\/\/aspirateur-cyclovac.ch\/de\/","logo":{"@type":"ImageObject","inLanguage":"de","@id":"https:\/\/aspirateur-cyclovac.ch\/de\/#\/schema\/logo\/image\/","url":"http:\/\/aspirateur-cyclovac.ch\/wp-content\/uploads\/2016\/11\/Logo-Bg_100.jpg","contentUrl":"http:\/\/aspirateur-cyclovac.ch\/wp-content\/uploads\/2016\/11\/Logo-Bg_100.jpg","width":100,"height":100,"caption":"SimplyVac S\u00e0rl"},"image":{"@id":"https:\/\/aspirateur-cyclovac.ch\/de\/#\/schema\/logo\/image\/"},"sameAs":["https:\/\/www.facebook.com\/cyclovacsuisse\/","https:\/\/x.com\/CycloVac_Suisse","https:\/\/www.instagram.com\/cyclo_vac_suisse\/","https:\/\/www.youtube.com\/channel\/UCXPmXj1HKX_o544r27GOL5w"]}]}},"_links":{"self":[{"href":"https:\/\/aspirateur-cyclovac.ch\/de\/wp-json\/wp\/v2\/product\/5998","targetHints":{"allow":["GET"]}}],"collection":[{"href":"https:\/\/aspirateur-cyclovac.ch\/de\/wp-json\/wp\/v2\/product"}],"about":[{"href":"https:\/\/aspirateur-cyclovac.ch\/de\/wp-json\/wp\/v2\/types\/product"}],"replies":[{"embeddable":true,"href":"https:\/\/aspirateur-cyclovac.ch\/de\/wp-json\/wp\/v2\/comments?post=5998"}],"wp:featuredmedia":[{"embeddable":true,"href":"https:\/\/aspirateur-cyclovac.ch\/de\/wp-json\/wp\/v2\/media\/5999"}],"wp:attachment":[{"href":"https:\/\/aspirateur-cyclovac.ch\/de\/wp-json\/wp\/v2\/media?parent=5998"}],"wp:term":[{"taxonomy":"product_brand","embeddable":true,"href":"https:\/\/aspirateur-cyclovac.ch\/de\/wp-json\/wp\/v2\/product_brand?post=5998"},{"taxonomy":"product_cat","embeddable":true,"href":"https:\/\/aspirateur-cyclovac.ch\/de\/wp-json\/wp\/v2\/product_cat?post=5998"},{"taxonomy":"product_tag","embeddable":true,"href":"https:\/\/aspirateur-cyclovac.ch\/de\/wp-json\/wp\/v2\/product_tag?post=5998"}],"curies":[{"name":"wp","href":"https:\/\/api.w.org\/{rel}","templated":true}]}}