{"id":5985,"date":"2017-05-09T16:17:19","date_gmt":"2017-05-09T14:17:19","guid":{"rendered":"https:\/\/aspirateur-cyclovac.ch\/produit\/on-off-kit-europa\/"},"modified":"2026-02-19T19:38:13","modified_gmt":"2026-02-19T18:38:13","slug":"on-off-kit-europa","status":"publish","type":"product","link":"https:\/\/aspirateur-cyclovac.ch\/de\/Shop\/on-off-kit-europa\/","title":{"rendered":"On\/Off-Kit EUROPA"},"content":{"rendered":"<p>Wir empfehlen dieses On\/Off-Kit EUROPA f\u00fcr <span style=\"color: #75191b;\"><strong>Zentralstaubsauger aller Marken, <\/strong><\/span><span style=\"color: #333333;\">die \u00fcber eine <span style=\"color: #75191b;\"><a style=\"color: #75191b;\" href=\"\/?product_cat=prises\">Kabelsteckdose<\/a><\/span> verf\u00fcgen.<\/span><br \/>\nF\u00fcr alle, die den Bedienkomfort mit Start und Stopp der Zentrale am Handgriff sowie dem um 360\u00b0 drehbaren Handgriff sch\u00e4tzen.<\/p>\n<p>Umfasst:<\/p>\n<ul>\n<li><span style=\"color: #75191b;\"><a style=\"color: #75191b;\" href=\"https:\/\/aspirateur-cyclovac.ch\/boutique\/flexible-on-off-p\/\">Einen 24V Start\/Stopp-Schlauch<\/a><\/span><\/li>\n<li><span style=\"color: #75191b;\"><a style=\"color: #75191b;\" href=\"https:\/\/aspirateur-cyclovac.ch\/boutique\/support-boyau-luxe\/\">Eine Schlauchhalterung<\/a><\/span><\/li>\n<li><span style=\"color: #75191b;\"><a style=\"color: #75191b;\" href=\"https:\/\/aspirateur-cyclovac.ch\/boutique\/manchon-acier-inox\/\">Ein Teleskoprohr<\/a><\/span><\/li>\n<li><span style=\"color: #75191b;\"><a style=\"color: #75191b;\" href=\"https:\/\/aspirateur-cyclovac.ch\/boutique\/tablier-pour-accessoires\/\">Einen Zubeh\u00f6rhalter<\/a><\/span><\/li>\n<li><span style=\"color: #75191b;\"><a style=\"color: #75191b;\" href=\"https:\/\/aspirateur-cyclovac.ch\/boutique\/kit-de-brosses-cyclo-vac-europa-p\/\">Ein Cyclo Vac EUROPA B\u00fcrstenset<\/a><\/span> bestehend aus:\n<ul>\n<li><span style=\"color: #75191b;\"><a style=\"color: #75191b;\" href=\"https:\/\/aspirateur-cyclovac.ch\/boutique\/brosse-combinee\/\">Eine Kombib\u00fcrste <\/a><\/span><\/li>\n<li><span style=\"color: #75191b;\"><a style=\"color: #75191b;\" href=\"https:\/\/aspirateur-cyclovac.ch\/boutique\/brosse-combinee\/\">Eine <\/a><a style=\"color: #75191b;\" href=\"https:\/\/aspirateur-cyclovac.ch\/boutique\/brosse-ovale-super-luxe\/\">ovale Staubpinselb\u00fcrste <\/a> <\/span><\/li>\n<li><span style=\"color: #75191b;\"><a style=\"color: #75191b;\" href=\"https:\/\/aspirateur-cyclovac.ch\/boutique\/brosse-ovale-super-luxe\/\">Eine <\/a><a style=\"color: #75191b;\" href=\"https:\/\/aspirateur-cyclovac.ch\/boutique\/brosse-rectangulaire-super-luxe\/\">rechteckige B\u00fcrste <\/a> <\/span><\/li>\n<li><span style=\"color: #75191b;\"><a style=\"color: #75191b;\" href=\"https:\/\/aspirateur-cyclovac.ch\/boutique\/brosse-rectangulaire-super-luxe\/\">Ein <\/a><a style=\"color: #75191b;\" href=\"https:\/\/aspirateur-cyclovac.ch\/boutique\/outil-de-coin-super-luxe\/\">Fugend\u00fcse.<\/a><\/span><\/li>\n<\/ul>\n<\/li>\n<\/ul>\n<p>&nbsp;<\/p>\n<p>Erh\u00e4ltlich in Schlauchl\u00e4ngen von 9,15 m, 10,70 m und 12,20 m<\/p>\n<p>5 JAHRE GARANTIE<\/p>\n","protected":false},"excerpt":{"rendered":"<h2>Cyclo Vac On\/Off 24V EUROPA Zubeh\u00f6r-Kit<\/h2>\n","protected":false},"featured_media":5986,"comment_status":"open","ping_status":"closed","template":"","meta":{"iawp_total_views":0},"product_brand":[],"product_cat":[789,797],"product_tag":[826,804],"class_list":{"0":"post-5985","1":"product","2":"type-product","3":"status-publish","4":"has-post-thumbnail","6":"product_cat-unkategorisiert","7":"product_cat-schlauch-flex","8":"product_tag-cyclo-vac","9":"product_tag-zubehoer","11":"first","12":"instock","13":"taxable","14":"shipping-taxable","15":"purchasable","16":"product-type-variable"},"yoast_head":"<!-- This site is optimized with the Yoast SEO plugin v27.0 - https:\/\/yoast.com\/product\/yoast-seo-wordpress\/ -->\n<title>On\/Off-Kit EUROPA - Aspirateur Central Cyclo Vac Suisse<\/title>\n<meta name=\"description\" content=\"On\/Off-Kit EUROPA f\u00fcr Zentralstaubsauger aller Marken. F\u00fcr alle, die den Bedienkomfort mit dem ergonomischen Handgriff von Cyclo Vac sch\u00e4tzen.\" \/>\n<meta name=\"robots\" content=\"index, follow, max-snippet:-1, max-image-preview:large, max-video-preview:-1\" \/>\n<link rel=\"canonical\" href=\"https:\/\/aspirateur-cyclovac.ch\/de\/Shop\/on-off-kit-europa\/\" \/>\n<meta property=\"og:locale\" content=\"de_DE\" \/>\n<meta property=\"og:type\" content=\"article\" \/>\n<meta property=\"og:title\" content=\"On\/Off-Kit EUROPA - Aspirateur Central Cyclo Vac Suisse\" \/>\n<meta property=\"og:description\" content=\"On\/Off-Kit EUROPA f\u00fcr Zentralstaubsauger aller Marken. F\u00fcr alle, die den Bedienkomfort mit dem ergonomischen Handgriff von Cyclo Vac sch\u00e4tzen.\" \/>\n<meta property=\"og:url\" content=\"https:\/\/aspirateur-cyclovac.ch\/de\/Shop\/on-off-kit-europa\/\" \/>\n<meta property=\"og:site_name\" content=\"Aspirateur Central Cyclo Vac Suisse\" \/>\n<meta property=\"article:publisher\" content=\"https:\/\/www.facebook.com\/cyclovacsuisse\/\" \/>\n<meta property=\"article:modified_time\" content=\"2026-02-19T18:38:13+00:00\" \/>\n<meta property=\"og:image\" content=\"https:\/\/aspirateur-cyclovac.ch\/wp-content\/uploads\/2014\/11\/kit-CYOF_-_-EX_aspirateur-cyclovac.ch_.jpg\" \/>\n<meta name=\"twitter:card\" content=\"summary_large_image\" \/>\n<meta name=\"twitter:site\" content=\"@CycloVac_Suisse\" \/>\n<!-- \/ Yoast SEO plugin. -->","yoast_head_json":{"title":"On\/Off-Kit EUROPA - Aspirateur Central Cyclo Vac Suisse","description":"On\/Off-Kit EUROPA f\u00fcr Zentralstaubsauger aller Marken. F\u00fcr alle, die den Bedienkomfort mit dem ergonomischen Handgriff von Cyclo Vac sch\u00e4tzen.","robots":{"index":"index","follow":"follow","max-snippet":"max-snippet:-1","max-image-preview":"max-image-preview:large","max-video-preview":"max-video-preview:-1"},"canonical":"https:\/\/aspirateur-cyclovac.ch\/de\/Shop\/on-off-kit-europa\/","og_locale":"de_DE","og_type":"article","og_title":"On\/Off-Kit EUROPA - Aspirateur Central Cyclo Vac Suisse","og_description":"On\/Off-Kit EUROPA f\u00fcr Zentralstaubsauger aller Marken. F\u00fcr alle, die den Bedienkomfort mit dem ergonomischen Handgriff von Cyclo Vac sch\u00e4tzen.","og_url":"https:\/\/aspirateur-cyclovac.ch\/de\/Shop\/on-off-kit-europa\/","og_site_name":"Aspirateur Central Cyclo Vac Suisse","article_publisher":"https:\/\/www.facebook.com\/cyclovacsuisse\/","article_modified_time":"2026-02-19T18:38:13+00:00","og_image":[{"url":"https:\/\/aspirateur-cyclovac.ch\/wp-content\/uploads\/2014\/11\/kit-CYOF_-_-EX_aspirateur-cyclovac.ch_.jpg","type":"","width":"","height":""}],"twitter_card":"summary_large_image","twitter_site":"@CycloVac_Suisse","schema":{"@context":"https:\/\/schema.org","@graph":[{"@type":"WebPage","@id":"https:\/\/aspirateur-cyclovac.ch\/de\/Shop\/on-off-kit-europa\/","url":"https:\/\/aspirateur-cyclovac.ch\/de\/Shop\/on-off-kit-europa\/","name":"On\/Off-Kit EUROPA - Aspirateur Central Cyclo Vac Suisse","isPartOf":{"@id":"https:\/\/aspirateur-cyclovac.ch\/de\/#website"},"primaryImageOfPage":{"@id":"https:\/\/aspirateur-cyclovac.ch\/de\/Shop\/on-off-kit-europa\/#primaryimage"},"image":{"@id":"https:\/\/aspirateur-cyclovac.ch\/de\/Shop\/on-off-kit-europa\/#primaryimage"},"thumbnailUrl":"https:\/\/aspirateur-cyclovac.ch\/wp-content\/uploads\/2014\/11\/kit-CYOF_-_-EX_aspirateur-cyclovac.ch_.jpg","datePublished":"2017-05-09T14:17:19+00:00","dateModified":"2026-02-19T18:38:13+00:00","description":"On\/Off-Kit EUROPA f\u00fcr Zentralstaubsauger aller Marken. F\u00fcr alle, die den Bedienkomfort mit dem ergonomischen Handgriff von Cyclo Vac sch\u00e4tzen.","breadcrumb":{"@id":"https:\/\/aspirateur-cyclovac.ch\/de\/Shop\/on-off-kit-europa\/#breadcrumb"},"inLanguage":"de","potentialAction":[{"@type":"ReadAction","target":["https:\/\/aspirateur-cyclovac.ch\/de\/Shop\/on-off-kit-europa\/"]}]},{"@type":"ImageObject","inLanguage":"de","@id":"https:\/\/aspirateur-cyclovac.ch\/de\/Shop\/on-off-kit-europa\/#primaryimage","url":"https:\/\/aspirateur-cyclovac.ch\/wp-content\/uploads\/2014\/11\/kit-CYOF_-_-EX_aspirateur-cyclovac.ch_.jpg","contentUrl":"https:\/\/aspirateur-cyclovac.ch\/wp-content\/uploads\/2014\/11\/kit-CYOF_-_-EX_aspirateur-cyclovac.ch_.jpg","width":500,"height":500,"caption":"On\/Off-Kit EUROPA"},{"@type":"BreadcrumbList","@id":"https:\/\/aspirateur-cyclovac.ch\/de\/Shop\/on-off-kit-europa\/#breadcrumb","itemListElement":[{"@type":"ListItem","position":1,"name":"Startseite","item":"https:\/\/aspirateur-cyclovac.ch\/de\/"},{"@type":"ListItem","position":2,"name":"Shop","item":"https:\/\/aspirateur-cyclovac.ch\/de\/shop\/"},{"@type":"ListItem","position":3,"name":"On\/Off-Kit EUROPA"}]},{"@type":"WebSite","@id":"https:\/\/aspirateur-cyclovac.ch\/de\/#website","url":"https:\/\/aspirateur-cyclovac.ch\/de\/","name":"Aspirateur Central Cyclo Vac Suisse","description":"Aspiration centralis\u00e9e pour tous !","publisher":{"@id":"https:\/\/aspirateur-cyclovac.ch\/de\/#organization"},"potentialAction":[{"@type":"SearchAction","target":{"@type":"EntryPoint","urlTemplate":"https:\/\/aspirateur-cyclovac.ch\/de\/?s={search_term_string}"},"query-input":{"@type":"PropertyValueSpecification","valueRequired":true,"valueName":"search_term_string"}}],"inLanguage":"de"},{"@type":"Organization","@id":"https:\/\/aspirateur-cyclovac.ch\/de\/#organization","name":"SimplyVac S\u00e0rl","url":"https:\/\/aspirateur-cyclovac.ch\/de\/","logo":{"@type":"ImageObject","inLanguage":"de","@id":"https:\/\/aspirateur-cyclovac.ch\/de\/#\/schema\/logo\/image\/","url":"http:\/\/aspirateur-cyclovac.ch\/wp-content\/uploads\/2016\/11\/Logo-Bg_100.jpg","contentUrl":"http:\/\/aspirateur-cyclovac.ch\/wp-content\/uploads\/2016\/11\/Logo-Bg_100.jpg","width":100,"height":100,"caption":"SimplyVac S\u00e0rl"},"image":{"@id":"https:\/\/aspirateur-cyclovac.ch\/de\/#\/schema\/logo\/image\/"},"sameAs":["https:\/\/www.facebook.com\/cyclovacsuisse\/","https:\/\/x.com\/CycloVac_Suisse","https:\/\/www.instagram.com\/cyclo_vac_suisse\/","https:\/\/www.youtube.com\/channel\/UCXPmXj1HKX_o544r27GOL5w"]}]}},"_links":{"self":[{"href":"https:\/\/aspirateur-cyclovac.ch\/de\/wp-json\/wp\/v2\/product\/5985","targetHints":{"allow":["GET"]}}],"collection":[{"href":"https:\/\/aspirateur-cyclovac.ch\/de\/wp-json\/wp\/v2\/product"}],"about":[{"href":"https:\/\/aspirateur-cyclovac.ch\/de\/wp-json\/wp\/v2\/types\/product"}],"replies":[{"embeddable":true,"href":"https:\/\/aspirateur-cyclovac.ch\/de\/wp-json\/wp\/v2\/comments?post=5985"}],"wp:featuredmedia":[{"embeddable":true,"href":"https:\/\/aspirateur-cyclovac.ch\/de\/wp-json\/wp\/v2\/media\/5986"}],"wp:attachment":[{"href":"https:\/\/aspirateur-cyclovac.ch\/de\/wp-json\/wp\/v2\/media?parent=5985"}],"wp:term":[{"taxonomy":"product_brand","embeddable":true,"href":"https:\/\/aspirateur-cyclovac.ch\/de\/wp-json\/wp\/v2\/product_brand?post=5985"},{"taxonomy":"product_cat","embeddable":true,"href":"https:\/\/aspirateur-cyclovac.ch\/de\/wp-json\/wp\/v2\/product_cat?post=5985"},{"taxonomy":"product_tag","embeddable":true,"href":"https:\/\/aspirateur-cyclovac.ch\/de\/wp-json\/wp\/v2\/product_tag?post=5985"}],"curies":[{"name":"wp","href":"https:\/\/api.w.org\/{rel}","templated":true}]}}