{"id":5977,"date":"2017-05-09T13:53:44","date_gmt":"2017-05-09T11:53:44","guid":{"rendered":"https:\/\/aspirateur-cyclovac.ch\/produit\/zubehoer-organizer\/"},"modified":"2026-02-19T19:39:04","modified_gmt":"2026-02-19T18:39:04","slug":"zubehoer-organizer","status":"publish","type":"product","link":"https:\/\/aspirateur-cyclovac.ch\/de\/Shop\/zubehoer-organizer\/","title":{"rendered":"Zubeh\u00f6r-Organizer"},"content":{"rendered":"<div class=\"highlights\">\n<p>Zubeh\u00f6r-Organizer f\u00fcr Zentralstaubsauger, 38 cm breit.<\/p>\n<p>Kann an jeder Halterung aufgeh\u00e4ngt werden, um Ihr Zubeh\u00f6r wie B\u00fcrsten, Besen und Fugend\u00fcsen zu verstauen.<\/p>\n<p>Dieser Organizer ist robust, praktisch und bietet Platz f\u00fcr viel Zubeh\u00f6r.<\/p>\n<div class=\"highlights\">\n<ul>\n<li>Passend f\u00fcr jede <a href=\"https:\/\/aspirateur-cyclovac.ch\/de\/etiquette-produit\/halterung\/\">Metallschlauchhalterung<\/a><\/li>\n<li>5 Jahre Garantie<\/li>\n<\/ul>\n<\/div>\n<\/div>\n<p>&nbsp;<\/p>\n<p>&nbsp;<\/p>\n","protected":false},"excerpt":{"rendered":"<h1>Zubeh\u00f6r-Organizer<\/h1>\n<p>Zubeh\u00f6r-Organizer f\u00fcr Zentralstaubsauger<\/p>\n<p>Kann an jeder Halterung aufgeh\u00e4ngt werden, um Ihre B\u00fcrsten und Fugend\u00fcsen zu verstauen.<\/p>\n","protected":false},"featured_media":5978,"comment_status":"open","ping_status":"closed","template":"","meta":{"iawp_total_views":2},"product_brand":[],"product_cat":[789],"product_tag":[],"class_list":{"0":"post-5977","1":"product","2":"type-product","3":"status-publish","4":"has-post-thumbnail","6":"product_cat-unkategorisiert","8":"first","9":"instock","10":"taxable","11":"shipping-taxable","12":"purchasable","13":"product-type-simple"},"yoast_head":"<!-- This site is optimized with the Yoast SEO plugin v27.0 - https:\/\/yoast.com\/product\/yoast-seo-wordpress\/ -->\n<title>Zubeh\u00f6r-Organizer - Aspirateur Central Cyclo Vac Suisse<\/title>\n<meta name=\"description\" content=\"Zubeh\u00f6r-Organizer f\u00fcr Zentralstaubsauger, 38 cm breit. Kann an jeder Halterung aufgeh\u00e4ngt werden, um Ihre B\u00fcrsten und Fugend\u00fcsen zu verstauen.\" \/>\n<meta name=\"robots\" content=\"index, follow, max-snippet:-1, max-image-preview:large, max-video-preview:-1\" \/>\n<link rel=\"canonical\" href=\"https:\/\/aspirateur-cyclovac.ch\/de\/Shop\/zubehoer-organizer\/\" \/>\n<meta property=\"og:locale\" content=\"de_DE\" \/>\n<meta property=\"og:type\" content=\"article\" \/>\n<meta property=\"og:title\" content=\"Zubeh\u00f6r-Organizer - Aspirateur Central Cyclo Vac Suisse\" \/>\n<meta property=\"og:description\" content=\"Zubeh\u00f6r-Organizer f\u00fcr Zentralstaubsauger, 38 cm breit. Kann an jeder Halterung aufgeh\u00e4ngt werden, um Ihre B\u00fcrsten und Fugend\u00fcsen zu verstauen.\" \/>\n<meta property=\"og:url\" content=\"https:\/\/aspirateur-cyclovac.ch\/de\/Shop\/zubehoer-organizer\/\" \/>\n<meta property=\"og:site_name\" content=\"Aspirateur Central Cyclo Vac Suisse\" \/>\n<meta property=\"article:publisher\" content=\"https:\/\/www.facebook.com\/cyclovacsuisse\/\" \/>\n<meta property=\"article:modified_time\" content=\"2026-02-19T18:39:04+00:00\" \/>\n<meta property=\"og:image\" content=\"https:\/\/aspirateur-cyclovac.ch\/wp-content\/uploads\/2017\/05\/TASUPPDV-Tablier-a-accessoires-Deco-Vac.jpg\" \/>\n<meta name=\"twitter:card\" content=\"summary_large_image\" \/>\n<meta name=\"twitter:site\" content=\"@CycloVac_Suisse\" \/>\n<!-- \/ Yoast SEO plugin. -->","yoast_head_json":{"title":"Zubeh\u00f6r-Organizer - Aspirateur Central Cyclo Vac Suisse","description":"Zubeh\u00f6r-Organizer f\u00fcr Zentralstaubsauger, 38 cm breit. Kann an jeder Halterung aufgeh\u00e4ngt werden, um Ihre B\u00fcrsten und Fugend\u00fcsen zu verstauen.","robots":{"index":"index","follow":"follow","max-snippet":"max-snippet:-1","max-image-preview":"max-image-preview:large","max-video-preview":"max-video-preview:-1"},"canonical":"https:\/\/aspirateur-cyclovac.ch\/de\/Shop\/zubehoer-organizer\/","og_locale":"de_DE","og_type":"article","og_title":"Zubeh\u00f6r-Organizer - Aspirateur Central Cyclo Vac Suisse","og_description":"Zubeh\u00f6r-Organizer f\u00fcr Zentralstaubsauger, 38 cm breit. Kann an jeder Halterung aufgeh\u00e4ngt werden, um Ihre B\u00fcrsten und Fugend\u00fcsen zu verstauen.","og_url":"https:\/\/aspirateur-cyclovac.ch\/de\/Shop\/zubehoer-organizer\/","og_site_name":"Aspirateur Central Cyclo Vac Suisse","article_publisher":"https:\/\/www.facebook.com\/cyclovacsuisse\/","article_modified_time":"2026-02-19T18:39:04+00:00","og_image":[{"url":"https:\/\/aspirateur-cyclovac.ch\/wp-content\/uploads\/2017\/05\/TASUPPDV-Tablier-a-accessoires-Deco-Vac.jpg","type":"","width":"","height":""}],"twitter_card":"summary_large_image","twitter_site":"@CycloVac_Suisse","schema":{"@context":"https:\/\/schema.org","@graph":[{"@type":"WebPage","@id":"https:\/\/aspirateur-cyclovac.ch\/de\/Shop\/zubehoer-organizer\/","url":"https:\/\/aspirateur-cyclovac.ch\/de\/Shop\/zubehoer-organizer\/","name":"Zubeh\u00f6r-Organizer - Aspirateur Central Cyclo Vac Suisse","isPartOf":{"@id":"https:\/\/aspirateur-cyclovac.ch\/de\/#website"},"primaryImageOfPage":{"@id":"https:\/\/aspirateur-cyclovac.ch\/de\/Shop\/zubehoer-organizer\/#primaryimage"},"image":{"@id":"https:\/\/aspirateur-cyclovac.ch\/de\/Shop\/zubehoer-organizer\/#primaryimage"},"thumbnailUrl":"https:\/\/aspirateur-cyclovac.ch\/wp-content\/uploads\/2017\/05\/TASUPPDV-Tablier-a-accessoires-Deco-Vac.jpg","datePublished":"2017-05-09T11:53:44+00:00","dateModified":"2026-02-19T18:39:04+00:00","description":"Zubeh\u00f6r-Organizer f\u00fcr Zentralstaubsauger, 38 cm breit. Kann an jeder Halterung aufgeh\u00e4ngt werden, um Ihre B\u00fcrsten und Fugend\u00fcsen zu verstauen.","breadcrumb":{"@id":"https:\/\/aspirateur-cyclovac.ch\/de\/Shop\/zubehoer-organizer\/#breadcrumb"},"inLanguage":"de","potentialAction":[{"@type":"ReadAction","target":["https:\/\/aspirateur-cyclovac.ch\/de\/Shop\/zubehoer-organizer\/"]}]},{"@type":"ImageObject","inLanguage":"de","@id":"https:\/\/aspirateur-cyclovac.ch\/de\/Shop\/zubehoer-organizer\/#primaryimage","url":"https:\/\/aspirateur-cyclovac.ch\/wp-content\/uploads\/2017\/05\/TASUPPDV-Tablier-a-accessoires-Deco-Vac.jpg","contentUrl":"https:\/\/aspirateur-cyclovac.ch\/wp-content\/uploads\/2017\/05\/TASUPPDV-Tablier-a-accessoires-Deco-Vac.jpg","width":500,"height":500,"caption":"TASUPPDV Zubeh\u00f6r-Organizer"},{"@type":"BreadcrumbList","@id":"https:\/\/aspirateur-cyclovac.ch\/de\/Shop\/zubehoer-organizer\/#breadcrumb","itemListElement":[{"@type":"ListItem","position":1,"name":"Startseite","item":"https:\/\/aspirateur-cyclovac.ch\/de\/"},{"@type":"ListItem","position":2,"name":"Shop","item":"https:\/\/aspirateur-cyclovac.ch\/de\/shop\/"},{"@type":"ListItem","position":3,"name":"Zubeh\u00f6r-Organizer"}]},{"@type":"WebSite","@id":"https:\/\/aspirateur-cyclovac.ch\/de\/#website","url":"https:\/\/aspirateur-cyclovac.ch\/de\/","name":"Aspirateur Central Cyclo Vac Suisse","description":"Aspiration centralis\u00e9e pour tous !","publisher":{"@id":"https:\/\/aspirateur-cyclovac.ch\/de\/#organization"},"potentialAction":[{"@type":"SearchAction","target":{"@type":"EntryPoint","urlTemplate":"https:\/\/aspirateur-cyclovac.ch\/de\/?s={search_term_string}"},"query-input":{"@type":"PropertyValueSpecification","valueRequired":true,"valueName":"search_term_string"}}],"inLanguage":"de"},{"@type":"Organization","@id":"https:\/\/aspirateur-cyclovac.ch\/de\/#organization","name":"SimplyVac S\u00e0rl","url":"https:\/\/aspirateur-cyclovac.ch\/de\/","logo":{"@type":"ImageObject","inLanguage":"de","@id":"https:\/\/aspirateur-cyclovac.ch\/de\/#\/schema\/logo\/image\/","url":"http:\/\/aspirateur-cyclovac.ch\/wp-content\/uploads\/2016\/11\/Logo-Bg_100.jpg","contentUrl":"http:\/\/aspirateur-cyclovac.ch\/wp-content\/uploads\/2016\/11\/Logo-Bg_100.jpg","width":100,"height":100,"caption":"SimplyVac S\u00e0rl"},"image":{"@id":"https:\/\/aspirateur-cyclovac.ch\/de\/#\/schema\/logo\/image\/"},"sameAs":["https:\/\/www.facebook.com\/cyclovacsuisse\/","https:\/\/x.com\/CycloVac_Suisse","https:\/\/www.instagram.com\/cyclo_vac_suisse\/","https:\/\/www.youtube.com\/channel\/UCXPmXj1HKX_o544r27GOL5w"]}]}},"_links":{"self":[{"href":"https:\/\/aspirateur-cyclovac.ch\/de\/wp-json\/wp\/v2\/product\/5977","targetHints":{"allow":["GET"]}}],"collection":[{"href":"https:\/\/aspirateur-cyclovac.ch\/de\/wp-json\/wp\/v2\/product"}],"about":[{"href":"https:\/\/aspirateur-cyclovac.ch\/de\/wp-json\/wp\/v2\/types\/product"}],"replies":[{"embeddable":true,"href":"https:\/\/aspirateur-cyclovac.ch\/de\/wp-json\/wp\/v2\/comments?post=5977"}],"wp:featuredmedia":[{"embeddable":true,"href":"https:\/\/aspirateur-cyclovac.ch\/de\/wp-json\/wp\/v2\/media\/5978"}],"wp:attachment":[{"href":"https:\/\/aspirateur-cyclovac.ch\/de\/wp-json\/wp\/v2\/media?parent=5977"}],"wp:term":[{"taxonomy":"product_brand","embeddable":true,"href":"https:\/\/aspirateur-cyclovac.ch\/de\/wp-json\/wp\/v2\/product_brand?post=5977"},{"taxonomy":"product_cat","embeddable":true,"href":"https:\/\/aspirateur-cyclovac.ch\/de\/wp-json\/wp\/v2\/product_cat?post=5977"},{"taxonomy":"product_tag","embeddable":true,"href":"https:\/\/aspirateur-cyclovac.ch\/de\/wp-json\/wp\/v2\/product_tag?post=5977"}],"curies":[{"name":"wp","href":"https:\/\/api.w.org\/{rel}","templated":true}]}}