{"id":5970,"date":"2017-04-23T18:40:58","date_gmt":"2017-04-23T16:40:58","guid":{"rendered":"https:\/\/aspirateur-cyclovac.ch\/produit\/cyclo-vac-zentraleinheit-h215\/"},"modified":"2026-02-19T19:38:12","modified_gmt":"2026-02-19T18:38:12","slug":"cyclo-vac-zentraleinheit-h215","status":"publish","type":"product","link":"https:\/\/aspirateur-cyclovac.ch\/de\/Shop\/cyclo-vac-zentraleinheit-h215\/","title":{"rendered":"Cyclo Vac Zentraleinheit H215"},"content":{"rendered":"<p>Wir empfehlen das Modell 215, eines der beliebtesten f\u00fcr Einfamilienh\u00e4user!<\/p>\n<p>Dieser Zentralstaubsauger geh\u00f6rt ebenfalls zu den leisesten auf dem Markt und eignet sich dank seiner Vielseitigkeit und Leistung ebenso f\u00fcr eine Wohnung wie f\u00fcr ein Chalet oder sogar f\u00fcr ein mittelgro\u00dfes Haus.<\/p>\n<p>Er kann jederzeit mit oder ohne Beutel verwendet werden!<\/p>\n<p><span style=\"text-decoration: underline;\">Verwenden Sie ihn mit Beutel:<\/span> Der elektrostatische Beutel h\u00e4lt den gesamten Staub zur\u00fcck;<\/p>\n<p><span style=\"text-decoration: underline;\">Verwenden Sie ihn ohne Beutel:<\/span> Der selbstreinigende Filter sch\u00fctzt den Motor, indem er Mikropartikel auff\u00e4ngt, und sorgt f\u00fcr maximale Filtration.<\/p>\n<p>So profitieren Sie mit oder ohne Beutel garantiert von einer gesunden Umgebung.<\/p>\n<h4><\/h4>\n<p><a href=\"http:\/\/aspirateur-cyclovac.ch\/wp-content\/uploads\/2014\/11\/Centrale-215-aspirateur-cyclovac.ch_.jpg\"><img loading=\"lazy\" decoding=\"async\" class=\"alignleft size-full wp-image-2298\" src=\"http:\/\/aspirateur-cyclovac.ch\/wp-content\/uploads\/2014\/11\/Centrale-215-aspirateur-cyclovac.ch_.jpg\" alt=\"Technische Daten 215\" width=\"642\" height=\"713\" srcset=\"https:\/\/aspirateur-cyclovac.ch\/wp-content\/uploads\/2014\/11\/Centrale-215-aspirateur-cyclovac.ch_.jpg 642w, https:\/\/aspirateur-cyclovac.ch\/wp-content\/uploads\/2014\/11\/Centrale-215-aspirateur-cyclovac.ch_-500x555.jpg 500w, https:\/\/aspirateur-cyclovac.ch\/wp-content\/uploads\/2014\/11\/Centrale-215-aspirateur-cyclovac.ch_-270x300.jpg 270w, https:\/\/aspirateur-cyclovac.ch\/wp-content\/uploads\/2014\/11\/Centrale-215-aspirateur-cyclovac.ch_-600x666.jpg 600w\" sizes=\"auto, (max-width: 642px) 100vw, 642px\" \/><\/a><\/p>\n<p>&nbsp;<\/p>\n<p><a href=\"http:\/\/aspirateur-cyclovac.ch\/wp-content\/uploads\/2014\/09\/garantie-cyclo-vac-aspirateur-cyclovac.ch_.pdf\" target=\"_blank\" rel=\"noopener noreferrer\">* Bedingungen siehe<\/a><\/p>\n<p><a href=\"https:\/\/aspirateur-cyclovac.ch\/de\/themencode-pdf-viewer-sc-nicht-loeschen\/?tnc_pvfw=ZmlsZT1odHRwczovL2FzcGlyYXRldXItY3ljbG92YWMuY2gvcGRmL2N5Y2xvLXZhYy1sZXMtdW5pdGVzLW1vdHJpY2VzLnBkZiZzZXR0aW5ncz0mbGFuZz1lbi1VUw==#page=&#038;zoom=auto&#038;pagemode=\" target=\"_blank\" rel=\"noopener noreferrer\">\u201eTechnische Daten aller Zentralger\u00e4te\u201c<\/a><\/p>\n<p><a href=\"http:\/\/aspirateur-cyclovac.ch\/wp-content\/uploads\/2014\/09\/guide-technique-cyclo-vac-aspirateur-cyclovac.ch_.pdf\" target=\"_blank\" rel=\"noopener noreferrer\">\u201eTechnischer Leitfaden\u201c<\/a><\/p>\n","protected":false},"excerpt":{"rendered":"<h2>CycloVac Zentralstaubsauger H215<\/h2>\n","protected":false},"featured_media":5971,"comment_status":"open","ping_status":"closed","template":"","meta":{"iawp_total_views":2},"product_brand":[],"product_cat":[824],"product_tag":[826,825],"class_list":{"0":"post-5970","1":"product","2":"type-product","3":"status-publish","4":"has-post-thumbnail","6":"product_cat-zentralstaubsauger","7":"product_tag-cyclo-vac","8":"product_tag-zentralstaubsauger","9":"product_shipping_class-ueber-1-m-30-kg","11":"first","12":"instock","13":"taxable","14":"shipping-taxable","15":"purchasable","16":"product-type-simple"},"yoast_head":"<!-- This site is optimized with the Yoast SEO plugin v27.0 - https:\/\/yoast.com\/product\/yoast-seo-wordpress\/ -->\n<title>Cyclo Vac Zentraleinheit H215 - Aspirateur Central Cyclo Vac Suisse<\/title>\n<meta name=\"description\" content=\"Dieser Cyclo Vac Zentralstaubsauger H215 geh\u00f6rt zu den leisesten auf dem Markt. Wir empfehlen ihn f\u00fcr kleine Einfamilienh\u00e4user.\" \/>\n<meta name=\"robots\" content=\"index, follow, max-snippet:-1, max-image-preview:large, max-video-preview:-1\" \/>\n<link rel=\"canonical\" href=\"https:\/\/aspirateur-cyclovac.ch\/de\/Shop\/cyclo-vac-zentraleinheit-h215\/\" \/>\n<meta property=\"og:locale\" content=\"de_DE\" \/>\n<meta property=\"og:type\" content=\"article\" \/>\n<meta property=\"og:title\" content=\"Cyclo Vac Zentraleinheit H215 - Aspirateur Central Cyclo Vac Suisse\" \/>\n<meta property=\"og:description\" content=\"Dieser Cyclo Vac Zentralstaubsauger H215 geh\u00f6rt zu den leisesten auf dem Markt. Wir empfehlen ihn f\u00fcr kleine Einfamilienh\u00e4user.\" \/>\n<meta property=\"og:url\" content=\"https:\/\/aspirateur-cyclovac.ch\/de\/Shop\/cyclo-vac-zentraleinheit-h215\/\" \/>\n<meta property=\"og:site_name\" content=\"Aspirateur Central Cyclo Vac Suisse\" \/>\n<meta property=\"article:publisher\" content=\"https:\/\/www.facebook.com\/cyclovacsuisse\/\" \/>\n<meta property=\"article:modified_time\" content=\"2026-02-19T18:38:12+00:00\" \/>\n<meta property=\"og:image\" content=\"https:\/\/aspirateur-cyclovac.ch\/wp-content\/uploads\/2017\/04\/H215.png\" \/>\n\t<meta property=\"og:image:width\" content=\"500\" \/>\n\t<meta property=\"og:image:height\" content=\"500\" \/>\n\t<meta property=\"og:image:type\" content=\"image\/png\" \/>\n<meta name=\"twitter:card\" content=\"summary_large_image\" \/>\n<meta name=\"twitter:site\" content=\"@CycloVac_Suisse\" \/>\n<meta name=\"twitter:label1\" content=\"Gesch\u00e4tzte Lesezeit\" \/>\n\t<meta name=\"twitter:data1\" content=\"1 Minute\" \/>\n<!-- \/ Yoast SEO plugin. -->","yoast_head_json":{"title":"Cyclo Vac Zentraleinheit H215 - Aspirateur Central Cyclo Vac Suisse","description":"Dieser Cyclo Vac Zentralstaubsauger H215 geh\u00f6rt zu den leisesten auf dem Markt. Wir empfehlen ihn f\u00fcr kleine Einfamilienh\u00e4user.","robots":{"index":"index","follow":"follow","max-snippet":"max-snippet:-1","max-image-preview":"max-image-preview:large","max-video-preview":"max-video-preview:-1"},"canonical":"https:\/\/aspirateur-cyclovac.ch\/de\/Shop\/cyclo-vac-zentraleinheit-h215\/","og_locale":"de_DE","og_type":"article","og_title":"Cyclo Vac Zentraleinheit H215 - Aspirateur Central Cyclo Vac Suisse","og_description":"Dieser Cyclo Vac Zentralstaubsauger H215 geh\u00f6rt zu den leisesten auf dem Markt. Wir empfehlen ihn f\u00fcr kleine Einfamilienh\u00e4user.","og_url":"https:\/\/aspirateur-cyclovac.ch\/de\/Shop\/cyclo-vac-zentraleinheit-h215\/","og_site_name":"Aspirateur Central Cyclo Vac Suisse","article_publisher":"https:\/\/www.facebook.com\/cyclovacsuisse\/","article_modified_time":"2026-02-19T18:38:12+00:00","og_image":[{"width":500,"height":500,"url":"https:\/\/aspirateur-cyclovac.ch\/wp-content\/uploads\/2017\/04\/H215.png","type":"image\/png"}],"twitter_card":"summary_large_image","twitter_site":"@CycloVac_Suisse","twitter_misc":{"Gesch\u00e4tzte Lesezeit":"1 Minute"},"schema":{"@context":"https:\/\/schema.org","@graph":[{"@type":"WebPage","@id":"https:\/\/aspirateur-cyclovac.ch\/de\/Shop\/cyclo-vac-zentraleinheit-h215\/","url":"https:\/\/aspirateur-cyclovac.ch\/de\/Shop\/cyclo-vac-zentraleinheit-h215\/","name":"Cyclo Vac Zentraleinheit H215 - Aspirateur Central Cyclo Vac Suisse","isPartOf":{"@id":"https:\/\/aspirateur-cyclovac.ch\/de\/#website"},"primaryImageOfPage":{"@id":"https:\/\/aspirateur-cyclovac.ch\/de\/Shop\/cyclo-vac-zentraleinheit-h215\/#primaryimage"},"image":{"@id":"https:\/\/aspirateur-cyclovac.ch\/de\/Shop\/cyclo-vac-zentraleinheit-h215\/#primaryimage"},"thumbnailUrl":"https:\/\/aspirateur-cyclovac.ch\/wp-content\/uploads\/2017\/04\/H215.png","datePublished":"2017-04-23T16:40:58+00:00","dateModified":"2026-02-19T18:38:12+00:00","description":"Dieser Cyclo Vac Zentralstaubsauger H215 geh\u00f6rt zu den leisesten auf dem Markt. Wir empfehlen ihn f\u00fcr kleine Einfamilienh\u00e4user.","breadcrumb":{"@id":"https:\/\/aspirateur-cyclovac.ch\/de\/Shop\/cyclo-vac-zentraleinheit-h215\/#breadcrumb"},"inLanguage":"de","potentialAction":[{"@type":"ReadAction","target":["https:\/\/aspirateur-cyclovac.ch\/de\/Shop\/cyclo-vac-zentraleinheit-h215\/"]}]},{"@type":"ImageObject","inLanguage":"de","@id":"https:\/\/aspirateur-cyclovac.ch\/de\/Shop\/cyclo-vac-zentraleinheit-h215\/#primaryimage","url":"https:\/\/aspirateur-cyclovac.ch\/wp-content\/uploads\/2017\/04\/H215.png","contentUrl":"https:\/\/aspirateur-cyclovac.ch\/wp-content\/uploads\/2017\/04\/H215.png","width":500,"height":500,"caption":"H215"},{"@type":"BreadcrumbList","@id":"https:\/\/aspirateur-cyclovac.ch\/de\/Shop\/cyclo-vac-zentraleinheit-h215\/#breadcrumb","itemListElement":[{"@type":"ListItem","position":1,"name":"Startseite","item":"https:\/\/aspirateur-cyclovac.ch\/de\/"},{"@type":"ListItem","position":2,"name":"Shop","item":"https:\/\/aspirateur-cyclovac.ch\/de\/shop\/"},{"@type":"ListItem","position":3,"name":"Cyclo Vac Zentraleinheit H215"}]},{"@type":"WebSite","@id":"https:\/\/aspirateur-cyclovac.ch\/de\/#website","url":"https:\/\/aspirateur-cyclovac.ch\/de\/","name":"Aspirateur Central Cyclo Vac Suisse","description":"Aspiration centralis\u00e9e pour tous !","publisher":{"@id":"https:\/\/aspirateur-cyclovac.ch\/de\/#organization"},"potentialAction":[{"@type":"SearchAction","target":{"@type":"EntryPoint","urlTemplate":"https:\/\/aspirateur-cyclovac.ch\/de\/?s={search_term_string}"},"query-input":{"@type":"PropertyValueSpecification","valueRequired":true,"valueName":"search_term_string"}}],"inLanguage":"de"},{"@type":"Organization","@id":"https:\/\/aspirateur-cyclovac.ch\/de\/#organization","name":"SimplyVac S\u00e0rl","url":"https:\/\/aspirateur-cyclovac.ch\/de\/","logo":{"@type":"ImageObject","inLanguage":"de","@id":"https:\/\/aspirateur-cyclovac.ch\/de\/#\/schema\/logo\/image\/","url":"http:\/\/aspirateur-cyclovac.ch\/wp-content\/uploads\/2016\/11\/Logo-Bg_100.jpg","contentUrl":"http:\/\/aspirateur-cyclovac.ch\/wp-content\/uploads\/2016\/11\/Logo-Bg_100.jpg","width":100,"height":100,"caption":"SimplyVac S\u00e0rl"},"image":{"@id":"https:\/\/aspirateur-cyclovac.ch\/de\/#\/schema\/logo\/image\/"},"sameAs":["https:\/\/www.facebook.com\/cyclovacsuisse\/","https:\/\/x.com\/CycloVac_Suisse","https:\/\/www.instagram.com\/cyclo_vac_suisse\/","https:\/\/www.youtube.com\/channel\/UCXPmXj1HKX_o544r27GOL5w"]}]}},"_links":{"self":[{"href":"https:\/\/aspirateur-cyclovac.ch\/de\/wp-json\/wp\/v2\/product\/5970","targetHints":{"allow":["GET"]}}],"collection":[{"href":"https:\/\/aspirateur-cyclovac.ch\/de\/wp-json\/wp\/v2\/product"}],"about":[{"href":"https:\/\/aspirateur-cyclovac.ch\/de\/wp-json\/wp\/v2\/types\/product"}],"replies":[{"embeddable":true,"href":"https:\/\/aspirateur-cyclovac.ch\/de\/wp-json\/wp\/v2\/comments?post=5970"}],"wp:featuredmedia":[{"embeddable":true,"href":"https:\/\/aspirateur-cyclovac.ch\/de\/wp-json\/wp\/v2\/media\/5971"}],"wp:attachment":[{"href":"https:\/\/aspirateur-cyclovac.ch\/de\/wp-json\/wp\/v2\/media?parent=5970"}],"wp:term":[{"taxonomy":"product_brand","embeddable":true,"href":"https:\/\/aspirateur-cyclovac.ch\/de\/wp-json\/wp\/v2\/product_brand?post=5970"},{"taxonomy":"product_cat","embeddable":true,"href":"https:\/\/aspirateur-cyclovac.ch\/de\/wp-json\/wp\/v2\/product_cat?post=5970"},{"taxonomy":"product_tag","embeddable":true,"href":"https:\/\/aspirateur-cyclovac.ch\/de\/wp-json\/wp\/v2\/product_tag?post=5970"}],"curies":[{"name":"wp","href":"https:\/\/api.w.org\/{rel}","templated":true}]}}