{"id":5964,"date":"2017-04-17T08:08:11","date_gmt":"2017-04-17T06:08:11","guid":{"rendered":"https:\/\/aspirateur-cyclovac.ch\/produit\/rechteckige-buerste-mit-2-positionen\/"},"modified":"2026-02-19T19:38:58","modified_gmt":"2026-02-19T18:38:58","slug":"rechteckige-buerste-mit-2-positionen","status":"publish","type":"product","link":"https:\/\/aspirateur-cyclovac.ch\/de\/Shop\/rechteckige-buerste-mit-2-positionen\/","title":{"rendered":"Rechteckige B\u00fcrste mit 2 Positionen"},"content":{"rendered":"<p>Rechteckb\u00fcrste mit zwei Positionen: Nutzen Sie die Borstenposition f\u00fcr harte Oberfl\u00e4chen und die glatte Position f\u00fcr kleine Teppiche, Plaids oder Polsterstoffe.<\/p>\n<p>Reinigen Sie Fu\u00dfmatten, Teppiche, Fliesen oder B\u00f6den m\u00fchelos.<\/p>\n<p>Passt auf jeden Standard-<a href=\"https:\/\/aspirateur-cyclovac.ch\/de\/etiquette-produit\/huelse\/\">Stiel<\/a>.<\/p>\n","protected":false},"excerpt":{"rendered":"<h2>Rechteckige B\u00fcrste mit 2 Positionen<\/h2>\n<p>Passt auf jedes Standardrohr.<\/p>\n<p>&nbsp;<\/p>\n","protected":false},"featured_media":5965,"comment_status":"open","ping_status":"closed","template":"","meta":{"iawp_total_views":0},"product_brand":[],"product_cat":[789,790],"product_tag":[791],"class_list":{"0":"post-5964","1":"product","2":"type-product","3":"status-publish","4":"has-post-thumbnail","6":"product_cat-unkategorisiert","7":"product_cat-besen-und-buerste","8":"product_tag-buerste","10":"first","11":"instock","12":"taxable","13":"shipping-taxable","14":"purchasable","15":"product-type-simple"},"yoast_head":"<!-- This site is optimized with the Yoast SEO plugin v27.0 - https:\/\/yoast.com\/product\/yoast-seo-wordpress\/ -->\n<title>Rechteckige B\u00fcrste mit 2 Positionen - Aspirateur Central Cyclo Vac Suisse<\/title>\n<meta name=\"description\" content=\"Rechteckb\u00fcrste mit zwei Positionen: Nutzen Sie die Borstenposition f\u00fcr harte Oberfl\u00e4chen und die glatte Position f\u00fcr kleine Teppiche, Plaids oder Stoffe.\" \/>\n<meta name=\"robots\" content=\"index, follow, max-snippet:-1, max-image-preview:large, max-video-preview:-1\" \/>\n<link rel=\"canonical\" href=\"https:\/\/aspirateur-cyclovac.ch\/de\/Shop\/rechteckige-buerste-mit-2-positionen\/\" \/>\n<meta property=\"og:locale\" content=\"de_DE\" \/>\n<meta property=\"og:type\" content=\"article\" \/>\n<meta property=\"og:title\" content=\"Rechteckige B\u00fcrste mit 2 Positionen - Aspirateur Central Cyclo Vac Suisse\" \/>\n<meta property=\"og:description\" content=\"Rechteckb\u00fcrste mit zwei Positionen: Nutzen Sie die Borstenposition f\u00fcr harte Oberfl\u00e4chen und die glatte Position f\u00fcr kleine Teppiche, Plaids oder Polsterstoffe. Reinigen Sie Fu\u00dfmatten, Teppiche, Fliesen oder B\u00f6den m\u00fchelos. Passt auf jeden Standardstiel.\" \/>\n<meta property=\"og:url\" content=\"https:\/\/aspirateur-cyclovac.ch\/de\/Shop\/rechteckige-buerste-mit-2-positionen\/\" \/>\n<meta property=\"og:site_name\" content=\"Aspirateur Central Cyclo Vac Suisse\" \/>\n<meta property=\"article:publisher\" content=\"https:\/\/www.facebook.com\/cyclovacsuisse\/\" \/>\n<meta property=\"article:modified_time\" content=\"2026-02-19T18:38:58+00:00\" \/>\n<meta property=\"og:image\" content=\"https:\/\/aspirateur-cyclovac.ch\/wp-content\/uploads\/2014\/08\/TABRREDV-Brosse-rectangulaire-aspirateur-cyclovac.ch_.jpg\" \/>\n<meta name=\"twitter:card\" content=\"summary_large_image\" \/>\n<meta name=\"twitter:site\" content=\"@CycloVac_Suisse\" \/>\n<!-- \/ Yoast SEO plugin. -->","yoast_head_json":{"title":"Rechteckige B\u00fcrste mit 2 Positionen - Aspirateur Central Cyclo Vac Suisse","description":"Rechteckb\u00fcrste mit zwei Positionen: Nutzen Sie die Borstenposition f\u00fcr harte Oberfl\u00e4chen und die glatte Position f\u00fcr kleine Teppiche, Plaids oder Stoffe.","robots":{"index":"index","follow":"follow","max-snippet":"max-snippet:-1","max-image-preview":"max-image-preview:large","max-video-preview":"max-video-preview:-1"},"canonical":"https:\/\/aspirateur-cyclovac.ch\/de\/Shop\/rechteckige-buerste-mit-2-positionen\/","og_locale":"de_DE","og_type":"article","og_title":"Rechteckige B\u00fcrste mit 2 Positionen - Aspirateur Central Cyclo Vac Suisse","og_description":"Rechteckb\u00fcrste mit zwei Positionen: Nutzen Sie die Borstenposition f\u00fcr harte Oberfl\u00e4chen und die glatte Position f\u00fcr kleine Teppiche, Plaids oder Polsterstoffe. Reinigen Sie Fu\u00dfmatten, Teppiche, Fliesen oder B\u00f6den m\u00fchelos. Passt auf jeden Standardstiel.","og_url":"https:\/\/aspirateur-cyclovac.ch\/de\/Shop\/rechteckige-buerste-mit-2-positionen\/","og_site_name":"Aspirateur Central Cyclo Vac Suisse","article_publisher":"https:\/\/www.facebook.com\/cyclovacsuisse\/","article_modified_time":"2026-02-19T18:38:58+00:00","og_image":[{"url":"https:\/\/aspirateur-cyclovac.ch\/wp-content\/uploads\/2014\/08\/TABRREDV-Brosse-rectangulaire-aspirateur-cyclovac.ch_.jpg","type":"","width":"","height":""}],"twitter_card":"summary_large_image","twitter_site":"@CycloVac_Suisse","schema":{"@context":"https:\/\/schema.org","@graph":[{"@type":"WebPage","@id":"https:\/\/aspirateur-cyclovac.ch\/de\/Shop\/rechteckige-buerste-mit-2-positionen\/","url":"https:\/\/aspirateur-cyclovac.ch\/de\/Shop\/rechteckige-buerste-mit-2-positionen\/","name":"Rechteckige B\u00fcrste mit 2 Positionen - Aspirateur Central Cyclo Vac Suisse","isPartOf":{"@id":"https:\/\/aspirateur-cyclovac.ch\/de\/#website"},"primaryImageOfPage":{"@id":"https:\/\/aspirateur-cyclovac.ch\/de\/Shop\/rechteckige-buerste-mit-2-positionen\/#primaryimage"},"image":{"@id":"https:\/\/aspirateur-cyclovac.ch\/de\/Shop\/rechteckige-buerste-mit-2-positionen\/#primaryimage"},"thumbnailUrl":"https:\/\/aspirateur-cyclovac.ch\/wp-content\/uploads\/2014\/08\/TABRREDV-Brosse-rectangulaire-aspirateur-cyclovac.ch_.jpg","datePublished":"2017-04-17T06:08:11+00:00","dateModified":"2026-02-19T18:38:58+00:00","description":"Rechteckb\u00fcrste mit zwei Positionen: Nutzen Sie die Borstenposition f\u00fcr harte Oberfl\u00e4chen und die glatte Position f\u00fcr kleine Teppiche, Plaids oder Stoffe.","breadcrumb":{"@id":"https:\/\/aspirateur-cyclovac.ch\/de\/Shop\/rechteckige-buerste-mit-2-positionen\/#breadcrumb"},"inLanguage":"de","potentialAction":[{"@type":"ReadAction","target":["https:\/\/aspirateur-cyclovac.ch\/de\/Shop\/rechteckige-buerste-mit-2-positionen\/"]}]},{"@type":"ImageObject","inLanguage":"de","@id":"https:\/\/aspirateur-cyclovac.ch\/de\/Shop\/rechteckige-buerste-mit-2-positionen\/#primaryimage","url":"https:\/\/aspirateur-cyclovac.ch\/wp-content\/uploads\/2014\/08\/TABRREDV-Brosse-rectangulaire-aspirateur-cyclovac.ch_.jpg","contentUrl":"https:\/\/aspirateur-cyclovac.ch\/wp-content\/uploads\/2014\/08\/TABRREDV-Brosse-rectangulaire-aspirateur-cyclovac.ch_.jpg","width":500,"height":500,"caption":"Rechteckige B\u00fcrste mit zwei Positionen"},{"@type":"BreadcrumbList","@id":"https:\/\/aspirateur-cyclovac.ch\/de\/Shop\/rechteckige-buerste-mit-2-positionen\/#breadcrumb","itemListElement":[{"@type":"ListItem","position":1,"name":"Startseite","item":"https:\/\/aspirateur-cyclovac.ch\/de\/"},{"@type":"ListItem","position":2,"name":"Shop","item":"https:\/\/aspirateur-cyclovac.ch\/de\/shop\/"},{"@type":"ListItem","position":3,"name":"Rechteckige B\u00fcrste mit 2 Positionen"}]},{"@type":"WebSite","@id":"https:\/\/aspirateur-cyclovac.ch\/de\/#website","url":"https:\/\/aspirateur-cyclovac.ch\/de\/","name":"Aspirateur Central Cyclo Vac Suisse","description":"Aspiration centralis\u00e9e pour tous !","publisher":{"@id":"https:\/\/aspirateur-cyclovac.ch\/de\/#organization"},"potentialAction":[{"@type":"SearchAction","target":{"@type":"EntryPoint","urlTemplate":"https:\/\/aspirateur-cyclovac.ch\/de\/?s={search_term_string}"},"query-input":{"@type":"PropertyValueSpecification","valueRequired":true,"valueName":"search_term_string"}}],"inLanguage":"de"},{"@type":"Organization","@id":"https:\/\/aspirateur-cyclovac.ch\/de\/#organization","name":"SimplyVac S\u00e0rl","url":"https:\/\/aspirateur-cyclovac.ch\/de\/","logo":{"@type":"ImageObject","inLanguage":"de","@id":"https:\/\/aspirateur-cyclovac.ch\/de\/#\/schema\/logo\/image\/","url":"http:\/\/aspirateur-cyclovac.ch\/wp-content\/uploads\/2016\/11\/Logo-Bg_100.jpg","contentUrl":"http:\/\/aspirateur-cyclovac.ch\/wp-content\/uploads\/2016\/11\/Logo-Bg_100.jpg","width":100,"height":100,"caption":"SimplyVac S\u00e0rl"},"image":{"@id":"https:\/\/aspirateur-cyclovac.ch\/de\/#\/schema\/logo\/image\/"},"sameAs":["https:\/\/www.facebook.com\/cyclovacsuisse\/","https:\/\/x.com\/CycloVac_Suisse","https:\/\/www.instagram.com\/cyclo_vac_suisse\/","https:\/\/www.youtube.com\/channel\/UCXPmXj1HKX_o544r27GOL5w"]}]}},"_links":{"self":[{"href":"https:\/\/aspirateur-cyclovac.ch\/de\/wp-json\/wp\/v2\/product\/5964","targetHints":{"allow":["GET"]}}],"collection":[{"href":"https:\/\/aspirateur-cyclovac.ch\/de\/wp-json\/wp\/v2\/product"}],"about":[{"href":"https:\/\/aspirateur-cyclovac.ch\/de\/wp-json\/wp\/v2\/types\/product"}],"replies":[{"embeddable":true,"href":"https:\/\/aspirateur-cyclovac.ch\/de\/wp-json\/wp\/v2\/comments?post=5964"}],"wp:featuredmedia":[{"embeddable":true,"href":"https:\/\/aspirateur-cyclovac.ch\/de\/wp-json\/wp\/v2\/media\/5965"}],"wp:attachment":[{"href":"https:\/\/aspirateur-cyclovac.ch\/de\/wp-json\/wp\/v2\/media?parent=5964"}],"wp:term":[{"taxonomy":"product_brand","embeddable":true,"href":"https:\/\/aspirateur-cyclovac.ch\/de\/wp-json\/wp\/v2\/product_brand?post=5964"},{"taxonomy":"product_cat","embeddable":true,"href":"https:\/\/aspirateur-cyclovac.ch\/de\/wp-json\/wp\/v2\/product_cat?post=5964"},{"taxonomy":"product_tag","embeddable":true,"href":"https:\/\/aspirateur-cyclovac.ch\/de\/wp-json\/wp\/v2\/product_tag?post=5964"}],"curies":[{"name":"wp","href":"https:\/\/api.w.org\/{rel}","templated":true}]}}