{"id":5933,"date":"2017-02-12T15:01:08","date_gmt":"2017-02-12T14:01:08","guid":{"rendered":"https:\/\/aspirateur-cyclovac.ch\/produit\/2-kohlefilter-tdfilhec2\/"},"modified":"2026-02-19T19:38:49","modified_gmt":"2026-02-19T18:38:49","slug":"2-kohlefilter-tdfilhec2","status":"publish","type":"product","link":"https:\/\/aspirateur-cyclovac.ch\/de\/Shop\/2-kohlefilter-tdfilhec2\/","title":{"rendered":"2 Kohlefilter TDFILHEC2"},"content":{"rendered":"<h2>Kohlefilter TDFILHEC2<\/h2>\n<p>TDFILHEC2: Packung mit 2 Kohlenstaubfiltern f\u00fcr <a href=\"https:\/\/aspirateur-cyclovac.ch\/de\/Produktkategorie\/zentralstaubsauger\/\">Cyclo Vac Zentralstaubsauger<\/a>.<\/p>\n<p>Unser patentierter Kohlenstaubfilter h\u00e4lt den gesamten feinen schwarzen Staub zur\u00fcck, der vom Motor erzeugt wird und sich normalerweise auf den Oberfl\u00e4chen um die Saugeinheit absetzen w\u00fcrde.<\/p>\n<p>Entwickelt f\u00fcr unsere innovative Hocheffizienz-Reihe, ist unser Kohlenstaubfilter f\u00fcr die meisten unserer Zentralstaubsauger erh\u00e4ltlich.<\/p>\n<h4>Alle Modelle<\/h4>\n<h4><strong><span style=\"text-decoration: underline;\">au\u00dfer:<\/span><\/strong><br \/>\nGS71 \u2013 GS91 \u2013 GS95 \u2013 E100 \u2013 E101 \u2013 E105 \u2013 GS111 \u2013 GS111 Hair Jet \u2013 GS115 \u2013 DL140SV \u2013 DL150SV \u2013 E211 \u2013 GS211 \u2013 E215 \u2013 H215 \u2013 E615 \u2013 H615 \u2013 DL615 \u2013 HX615 \u2013 GX711 De Luxe \u2013 Axess \u2013 Constructor<\/h4>\n","protected":false},"excerpt":{"rendered":"<h2>Kohlenstaubfilter<\/h2>\n<p>Packung mit 2 Kohlenstaubfiltern f\u00fcr Cyclo Vac Zentralstaubsauger.<\/p>\n","protected":false},"featured_media":5934,"comment_status":"open","ping_status":"closed","template":"","meta":{"iawp_total_views":5},"product_brand":[],"product_cat":[812],"product_tag":[],"class_list":{"0":"post-5933","1":"product","2":"type-product","3":"status-publish","4":"has-post-thumbnail","6":"product_cat-beutel-und-filter","7":"product_shipping_class-beutel-und-filter","9":"first","10":"instock","11":"taxable","12":"shipping-taxable","13":"purchasable","14":"product-type-simple"},"yoast_head":"<!-- This site is optimized with the Yoast SEO plugin v27.0 - https:\/\/yoast.com\/product\/yoast-seo-wordpress\/ -->\n<title>2 Kohlefilter TDFILHEC2 - Aspirateur Central Cyclo Vac Suisse<\/title>\n<meta name=\"description\" content=\"Kohlenstaubfilter Packung mit 2 Kohlenstaubfiltern f\u00fcr Cyclo Vac Zentralstaubsauger.\" \/>\n<meta name=\"robots\" content=\"index, follow, max-snippet:-1, max-image-preview:large, max-video-preview:-1\" \/>\n<link rel=\"canonical\" href=\"https:\/\/aspirateur-cyclovac.ch\/de\/Shop\/2-kohlefilter-tdfilhec2\/\" \/>\n<meta property=\"og:locale\" content=\"de_DE\" \/>\n<meta property=\"og:type\" content=\"article\" \/>\n<meta property=\"og:title\" content=\"2 Kohlefilter TDFILHEC2 - Aspirateur Central Cyclo Vac Suisse\" \/>\n<meta property=\"og:description\" content=\"Kohlenstaubfilter Packung mit 2 Kohlenstaubfiltern f\u00fcr Cyclo Vac Zentralstaubsauger.\" \/>\n<meta property=\"og:url\" content=\"https:\/\/aspirateur-cyclovac.ch\/de\/Shop\/2-kohlefilter-tdfilhec2\/\" \/>\n<meta property=\"og:site_name\" content=\"Aspirateur Central Cyclo Vac Suisse\" \/>\n<meta property=\"article:publisher\" content=\"https:\/\/www.facebook.com\/cyclovacsuisse\/\" \/>\n<meta property=\"article:modified_time\" content=\"2026-02-19T18:38:49+00:00\" \/>\n<meta property=\"og:image\" content=\"https:\/\/aspirateur-cyclovac.ch\/wp-content\/uploads\/2014\/09\/TDFILHEC2-aspirateur-cyclovac.ch_.jpg\" \/>\n<meta name=\"twitter:card\" content=\"summary_large_image\" \/>\n<meta name=\"twitter:site\" content=\"@CycloVac_Suisse\" \/>\n<meta name=\"twitter:label1\" content=\"Gesch\u00e4tzte Lesezeit\" \/>\n\t<meta name=\"twitter:data1\" content=\"1 Minute\" \/>\n<!-- \/ Yoast SEO plugin. -->","yoast_head_json":{"title":"2 Kohlefilter TDFILHEC2 - Aspirateur Central Cyclo Vac Suisse","description":"Kohlenstaubfilter Packung mit 2 Kohlenstaubfiltern f\u00fcr Cyclo Vac Zentralstaubsauger.","robots":{"index":"index","follow":"follow","max-snippet":"max-snippet:-1","max-image-preview":"max-image-preview:large","max-video-preview":"max-video-preview:-1"},"canonical":"https:\/\/aspirateur-cyclovac.ch\/de\/Shop\/2-kohlefilter-tdfilhec2\/","og_locale":"de_DE","og_type":"article","og_title":"2 Kohlefilter TDFILHEC2 - Aspirateur Central Cyclo Vac Suisse","og_description":"Kohlenstaubfilter Packung mit 2 Kohlenstaubfiltern f\u00fcr Cyclo Vac Zentralstaubsauger.","og_url":"https:\/\/aspirateur-cyclovac.ch\/de\/Shop\/2-kohlefilter-tdfilhec2\/","og_site_name":"Aspirateur Central Cyclo Vac Suisse","article_publisher":"https:\/\/www.facebook.com\/cyclovacsuisse\/","article_modified_time":"2026-02-19T18:38:49+00:00","og_image":[{"url":"https:\/\/aspirateur-cyclovac.ch\/wp-content\/uploads\/2014\/09\/TDFILHEC2-aspirateur-cyclovac.ch_.jpg","type":"","width":"","height":""}],"twitter_card":"summary_large_image","twitter_site":"@CycloVac_Suisse","twitter_misc":{"Gesch\u00e4tzte Lesezeit":"1 Minute"},"schema":{"@context":"https:\/\/schema.org","@graph":[{"@type":"WebPage","@id":"https:\/\/aspirateur-cyclovac.ch\/de\/Shop\/2-kohlefilter-tdfilhec2\/","url":"https:\/\/aspirateur-cyclovac.ch\/de\/Shop\/2-kohlefilter-tdfilhec2\/","name":"2 Kohlefilter TDFILHEC2 - Aspirateur Central Cyclo Vac Suisse","isPartOf":{"@id":"https:\/\/aspirateur-cyclovac.ch\/de\/#website"},"primaryImageOfPage":{"@id":"https:\/\/aspirateur-cyclovac.ch\/de\/Shop\/2-kohlefilter-tdfilhec2\/#primaryimage"},"image":{"@id":"https:\/\/aspirateur-cyclovac.ch\/de\/Shop\/2-kohlefilter-tdfilhec2\/#primaryimage"},"thumbnailUrl":"https:\/\/aspirateur-cyclovac.ch\/wp-content\/uploads\/2014\/09\/TDFILHEC2-aspirateur-cyclovac.ch_.jpg","datePublished":"2017-02-12T14:01:08+00:00","dateModified":"2026-02-19T18:38:49+00:00","description":"Kohlenstaubfilter Packung mit 2 Kohlenstaubfiltern f\u00fcr Cyclo Vac Zentralstaubsauger.","breadcrumb":{"@id":"https:\/\/aspirateur-cyclovac.ch\/de\/Shop\/2-kohlefilter-tdfilhec2\/#breadcrumb"},"inLanguage":"de","potentialAction":[{"@type":"ReadAction","target":["https:\/\/aspirateur-cyclovac.ch\/de\/Shop\/2-kohlefilter-tdfilhec2\/"]}]},{"@type":"ImageObject","inLanguage":"de","@id":"https:\/\/aspirateur-cyclovac.ch\/de\/Shop\/2-kohlefilter-tdfilhec2\/#primaryimage","url":"https:\/\/aspirateur-cyclovac.ch\/wp-content\/uploads\/2014\/09\/TDFILHEC2-aspirateur-cyclovac.ch_.jpg","contentUrl":"https:\/\/aspirateur-cyclovac.ch\/wp-content\/uploads\/2014\/09\/TDFILHEC2-aspirateur-cyclovac.ch_.jpg","width":500,"height":500,"caption":"Kohlenstaubfilter"},{"@type":"BreadcrumbList","@id":"https:\/\/aspirateur-cyclovac.ch\/de\/Shop\/2-kohlefilter-tdfilhec2\/#breadcrumb","itemListElement":[{"@type":"ListItem","position":1,"name":"Startseite","item":"https:\/\/aspirateur-cyclovac.ch\/de\/"},{"@type":"ListItem","position":2,"name":"Shop","item":"https:\/\/aspirateur-cyclovac.ch\/de\/shop\/"},{"@type":"ListItem","position":3,"name":"2 Kohlefilter TDFILHEC2"}]},{"@type":"WebSite","@id":"https:\/\/aspirateur-cyclovac.ch\/de\/#website","url":"https:\/\/aspirateur-cyclovac.ch\/de\/","name":"Aspirateur Central Cyclo Vac Suisse","description":"Aspiration centralis\u00e9e pour tous !","publisher":{"@id":"https:\/\/aspirateur-cyclovac.ch\/de\/#organization"},"potentialAction":[{"@type":"SearchAction","target":{"@type":"EntryPoint","urlTemplate":"https:\/\/aspirateur-cyclovac.ch\/de\/?s={search_term_string}"},"query-input":{"@type":"PropertyValueSpecification","valueRequired":true,"valueName":"search_term_string"}}],"inLanguage":"de"},{"@type":"Organization","@id":"https:\/\/aspirateur-cyclovac.ch\/de\/#organization","name":"SimplyVac S\u00e0rl","url":"https:\/\/aspirateur-cyclovac.ch\/de\/","logo":{"@type":"ImageObject","inLanguage":"de","@id":"https:\/\/aspirateur-cyclovac.ch\/de\/#\/schema\/logo\/image\/","url":"http:\/\/aspirateur-cyclovac.ch\/wp-content\/uploads\/2016\/11\/Logo-Bg_100.jpg","contentUrl":"http:\/\/aspirateur-cyclovac.ch\/wp-content\/uploads\/2016\/11\/Logo-Bg_100.jpg","width":100,"height":100,"caption":"SimplyVac S\u00e0rl"},"image":{"@id":"https:\/\/aspirateur-cyclovac.ch\/de\/#\/schema\/logo\/image\/"},"sameAs":["https:\/\/www.facebook.com\/cyclovacsuisse\/","https:\/\/x.com\/CycloVac_Suisse","https:\/\/www.instagram.com\/cyclo_vac_suisse\/","https:\/\/www.youtube.com\/channel\/UCXPmXj1HKX_o544r27GOL5w"]}]}},"_links":{"self":[{"href":"https:\/\/aspirateur-cyclovac.ch\/de\/wp-json\/wp\/v2\/product\/5933","targetHints":{"allow":["GET"]}}],"collection":[{"href":"https:\/\/aspirateur-cyclovac.ch\/de\/wp-json\/wp\/v2\/product"}],"about":[{"href":"https:\/\/aspirateur-cyclovac.ch\/de\/wp-json\/wp\/v2\/types\/product"}],"replies":[{"embeddable":true,"href":"https:\/\/aspirateur-cyclovac.ch\/de\/wp-json\/wp\/v2\/comments?post=5933"}],"wp:featuredmedia":[{"embeddable":true,"href":"https:\/\/aspirateur-cyclovac.ch\/de\/wp-json\/wp\/v2\/media\/5934"}],"wp:attachment":[{"href":"https:\/\/aspirateur-cyclovac.ch\/de\/wp-json\/wp\/v2\/media?parent=5933"}],"wp:term":[{"taxonomy":"product_brand","embeddable":true,"href":"https:\/\/aspirateur-cyclovac.ch\/de\/wp-json\/wp\/v2\/product_brand?post=5933"},{"taxonomy":"product_cat","embeddable":true,"href":"https:\/\/aspirateur-cyclovac.ch\/de\/wp-json\/wp\/v2\/product_cat?post=5933"},{"taxonomy":"product_tag","embeddable":true,"href":"https:\/\/aspirateur-cyclovac.ch\/de\/wp-json\/wp\/v2\/product_tag?post=5933"}],"curies":[{"name":"wp","href":"https:\/\/api.w.org\/{rel}","templated":true}]}}