{"id":5888,"date":"2016-09-18T17:41:12","date_gmt":"2016-09-18T15:41:12","guid":{"rendered":"https:\/\/aspirateur-cyclovac.ch\/produit\/45-bogen-mit-grossem-radius-retraflex\/"},"modified":"2026-02-19T19:37:59","modified_gmt":"2026-02-19T18:37:59","slug":"45-bogen-mit-grossem-radius-retraflex","status":"publish","type":"product","link":"https:\/\/aspirateur-cyclovac.ch\/de\/Shop\/45-bogen-mit-grossem-radius-retraflex\/","title":{"rendered":"45\u00b0-Bogen mit gro\u00dfem Radius Retraflex"},"content":{"rendered":"<p class=\"product_title entry-title\" data-fontsize=\"52\" data-lineheight=\"62\">45\u00b0-Bogen mit gro\u00dfem Radius Retraflex<\/p>\n<p>Durch seine Gr\u00f6\u00dfe und Kr\u00fcmmung erm\u00f6glicht er ein hervorragendes Einziehen aller Retraflex-Schl\u00e4uche im Netzwerk.<\/p>\n<p><strong><span style=\"text-decoration: underline;\">ACHTUNG:<\/span><\/strong> Nur B\u00f6gen mit verl\u00e4ngertem Radius d\u00fcrfen f\u00fcr die Strecke verwendet werden, auf der sich der Schlauch einzieht.<\/p>\n<p>Installationsanleitung <a href=\"http:\/\/aspirateur-cyclovac.ch\/pdf\/guide-installation-retraflex.pdf\" target=\"_blank\" rel=\"noopener\">hier<\/a> ansehen<\/p>\n","protected":false},"excerpt":{"rendered":"<h2>45\u00b0-Bogen mit gro\u00dfem Radius speziell f\u00fcr Retraflex-Netzwerk.<\/h2>\n<p>Durch seine Gr\u00f6\u00dfe und Kr\u00fcmmung erm\u00f6glicht er ein hervorragendes Einziehen aller Retractable-Schl\u00e4uche im Netzwerk<\/p>\n","protected":false},"featured_media":5665,"comment_status":"open","ping_status":"closed","template":"","meta":{"iawp_total_views":0},"product_brand":[],"product_cat":[792,813],"product_tag":[803,815],"class_list":{"0":"post-5888","1":"product","2":"type-product","3":"status-publish","4":"has-post-thumbnail","6":"product_cat-installation-und-anschluss","7":"product_cat-retraflex-system","8":"product_tag-bogen","9":"product_tag-retraflex","11":"first","12":"instock","13":"taxable","14":"shipping-taxable","15":"purchasable","16":"product-type-simple"},"yoast_head":"<!-- This site is optimized with the Yoast SEO plugin v27.0 - https:\/\/yoast.com\/product\/yoast-seo-wordpress\/ -->\n<title>45\u00b0-Bogen mit gro\u00dfem Radius Retraflex - Aspirateur Central Cyclo Vac Suisse<\/title>\n<meta name=\"description\" content=\"45\u00b0-Bogen mit gro\u00dfem Radius speziell f\u00fcr Retraflex-Netzwerk. Durch seine Gr\u00f6\u00dfe und Kr\u00fcmmung erm\u00f6glicht er ein hervorragendes Einziehen aller Retractable-Schl\u00e4uche\" \/>\n<meta name=\"robots\" content=\"index, follow, max-snippet:-1, max-image-preview:large, max-video-preview:-1\" \/>\n<link rel=\"canonical\" href=\"https:\/\/aspirateur-cyclovac.ch\/de\/Shop\/45-bogen-mit-grossem-radius-retraflex\/\" \/>\n<meta property=\"og:locale\" content=\"de_DE\" \/>\n<meta property=\"og:type\" content=\"article\" \/>\n<meta property=\"og:title\" content=\"45\u00b0-Bogen mit gro\u00dfem Radius Retraflex - Aspirateur Central Cyclo Vac Suisse\" \/>\n<meta property=\"og:description\" content=\"45\u00b0-Bogen mit gro\u00dfem Radius speziell f\u00fcr Retraflex-Netzwerk. Durch seine Gr\u00f6\u00dfe und Kr\u00fcmmung erm\u00f6glicht er ein hervorragendes Einziehen aller Retractable-Schl\u00e4uche im Netzwerk\" \/>\n<meta property=\"og:url\" content=\"https:\/\/aspirateur-cyclovac.ch\/de\/Shop\/45-bogen-mit-grossem-radius-retraflex\/\" \/>\n<meta property=\"og:site_name\" content=\"Aspirateur Central Cyclo Vac Suisse\" \/>\n<meta property=\"article:publisher\" content=\"https:\/\/www.facebook.com\/cyclovacsuisse\/\" \/>\n<meta property=\"article:modified_time\" content=\"2026-02-19T18:37:59+00:00\" \/>\n<meta property=\"og:image\" content=\"https:\/\/aspirateur-cyclovac.ch\/wp-content\/uploads\/2016\/09\/IT202141-coude-45\u00b0-aspirateur-cyclovac.ch_.jpg\" \/>\n<meta name=\"twitter:card\" content=\"summary_large_image\" \/>\n<meta name=\"twitter:site\" content=\"@CycloVac_Suisse\" \/>\n<!-- \/ Yoast SEO plugin. -->","yoast_head_json":{"title":"45\u00b0-Bogen mit gro\u00dfem Radius Retraflex - Aspirateur Central Cyclo Vac Suisse","description":"45\u00b0-Bogen mit gro\u00dfem Radius speziell f\u00fcr Retraflex-Netzwerk. Durch seine Gr\u00f6\u00dfe und Kr\u00fcmmung erm\u00f6glicht er ein hervorragendes Einziehen aller Retractable-Schl\u00e4uche","robots":{"index":"index","follow":"follow","max-snippet":"max-snippet:-1","max-image-preview":"max-image-preview:large","max-video-preview":"max-video-preview:-1"},"canonical":"https:\/\/aspirateur-cyclovac.ch\/de\/Shop\/45-bogen-mit-grossem-radius-retraflex\/","og_locale":"de_DE","og_type":"article","og_title":"45\u00b0-Bogen mit gro\u00dfem Radius Retraflex - Aspirateur Central Cyclo Vac Suisse","og_description":"45\u00b0-Bogen mit gro\u00dfem Radius speziell f\u00fcr Retraflex-Netzwerk. Durch seine Gr\u00f6\u00dfe und Kr\u00fcmmung erm\u00f6glicht er ein hervorragendes Einziehen aller Retractable-Schl\u00e4uche im Netzwerk","og_url":"https:\/\/aspirateur-cyclovac.ch\/de\/Shop\/45-bogen-mit-grossem-radius-retraflex\/","og_site_name":"Aspirateur Central Cyclo Vac Suisse","article_publisher":"https:\/\/www.facebook.com\/cyclovacsuisse\/","article_modified_time":"2026-02-19T18:37:59+00:00","og_image":[{"url":"https:\/\/aspirateur-cyclovac.ch\/wp-content\/uploads\/2016\/09\/IT202141-coude-45\u00b0-aspirateur-cyclovac.ch_.jpg","type":"","width":"","height":""}],"twitter_card":"summary_large_image","twitter_site":"@CycloVac_Suisse","schema":{"@context":"https:\/\/schema.org","@graph":[{"@type":"WebPage","@id":"https:\/\/aspirateur-cyclovac.ch\/de\/Shop\/45-bogen-mit-grossem-radius-retraflex\/","url":"https:\/\/aspirateur-cyclovac.ch\/de\/Shop\/45-bogen-mit-grossem-radius-retraflex\/","name":"45\u00b0-Bogen mit gro\u00dfem Radius Retraflex - Aspirateur Central Cyclo Vac Suisse","isPartOf":{"@id":"https:\/\/aspirateur-cyclovac.ch\/de\/#website"},"primaryImageOfPage":{"@id":"https:\/\/aspirateur-cyclovac.ch\/de\/Shop\/45-bogen-mit-grossem-radius-retraflex\/#primaryimage"},"image":{"@id":"https:\/\/aspirateur-cyclovac.ch\/de\/Shop\/45-bogen-mit-grossem-radius-retraflex\/#primaryimage"},"thumbnailUrl":"https:\/\/aspirateur-cyclovac.ch\/wp-content\/uploads\/2016\/09\/IT202141-coude-45\u00b0-aspirateur-cyclovac.ch_.jpg","datePublished":"2016-09-18T15:41:12+00:00","dateModified":"2026-02-19T18:37:59+00:00","description":"45\u00b0-Bogen mit gro\u00dfem Radius speziell f\u00fcr Retraflex-Netzwerk. Durch seine Gr\u00f6\u00dfe und Kr\u00fcmmung erm\u00f6glicht er ein hervorragendes Einziehen aller Retractable-Schl\u00e4uche","breadcrumb":{"@id":"https:\/\/aspirateur-cyclovac.ch\/de\/Shop\/45-bogen-mit-grossem-radius-retraflex\/#breadcrumb"},"inLanguage":"de","potentialAction":[{"@type":"ReadAction","target":["https:\/\/aspirateur-cyclovac.ch\/de\/Shop\/45-bogen-mit-grossem-radius-retraflex\/"]}]},{"@type":"ImageObject","inLanguage":"de","@id":"https:\/\/aspirateur-cyclovac.ch\/de\/Shop\/45-bogen-mit-grossem-radius-retraflex\/#primaryimage","url":"https:\/\/aspirateur-cyclovac.ch\/wp-content\/uploads\/2016\/09\/IT202141-coude-45\u00b0-aspirateur-cyclovac.ch_.jpg","contentUrl":"https:\/\/aspirateur-cyclovac.ch\/wp-content\/uploads\/2016\/09\/IT202141-coude-45\u00b0-aspirateur-cyclovac.ch_.jpg","width":500,"height":500,"caption":"45\u00b0-Bogen"},{"@type":"BreadcrumbList","@id":"https:\/\/aspirateur-cyclovac.ch\/de\/Shop\/45-bogen-mit-grossem-radius-retraflex\/#breadcrumb","itemListElement":[{"@type":"ListItem","position":1,"name":"Startseite","item":"https:\/\/aspirateur-cyclovac.ch\/de\/"},{"@type":"ListItem","position":2,"name":"Shop","item":"https:\/\/aspirateur-cyclovac.ch\/de\/shop\/"},{"@type":"ListItem","position":3,"name":"45\u00b0-Bogen mit gro\u00dfem Radius Retraflex"}]},{"@type":"WebSite","@id":"https:\/\/aspirateur-cyclovac.ch\/de\/#website","url":"https:\/\/aspirateur-cyclovac.ch\/de\/","name":"Aspirateur Central Cyclo Vac Suisse","description":"Aspiration centralis\u00e9e pour tous !","publisher":{"@id":"https:\/\/aspirateur-cyclovac.ch\/de\/#organization"},"potentialAction":[{"@type":"SearchAction","target":{"@type":"EntryPoint","urlTemplate":"https:\/\/aspirateur-cyclovac.ch\/de\/?s={search_term_string}"},"query-input":{"@type":"PropertyValueSpecification","valueRequired":true,"valueName":"search_term_string"}}],"inLanguage":"de"},{"@type":"Organization","@id":"https:\/\/aspirateur-cyclovac.ch\/de\/#organization","name":"SimplyVac S\u00e0rl","url":"https:\/\/aspirateur-cyclovac.ch\/de\/","logo":{"@type":"ImageObject","inLanguage":"de","@id":"https:\/\/aspirateur-cyclovac.ch\/de\/#\/schema\/logo\/image\/","url":"http:\/\/aspirateur-cyclovac.ch\/wp-content\/uploads\/2016\/11\/Logo-Bg_100.jpg","contentUrl":"http:\/\/aspirateur-cyclovac.ch\/wp-content\/uploads\/2016\/11\/Logo-Bg_100.jpg","width":100,"height":100,"caption":"SimplyVac S\u00e0rl"},"image":{"@id":"https:\/\/aspirateur-cyclovac.ch\/de\/#\/schema\/logo\/image\/"},"sameAs":["https:\/\/www.facebook.com\/cyclovacsuisse\/","https:\/\/x.com\/CycloVac_Suisse","https:\/\/www.instagram.com\/cyclo_vac_suisse\/","https:\/\/www.youtube.com\/channel\/UCXPmXj1HKX_o544r27GOL5w"]}]}},"_links":{"self":[{"href":"https:\/\/aspirateur-cyclovac.ch\/de\/wp-json\/wp\/v2\/product\/5888","targetHints":{"allow":["GET"]}}],"collection":[{"href":"https:\/\/aspirateur-cyclovac.ch\/de\/wp-json\/wp\/v2\/product"}],"about":[{"href":"https:\/\/aspirateur-cyclovac.ch\/de\/wp-json\/wp\/v2\/types\/product"}],"replies":[{"embeddable":true,"href":"https:\/\/aspirateur-cyclovac.ch\/de\/wp-json\/wp\/v2\/comments?post=5888"}],"wp:featuredmedia":[{"embeddable":true,"href":"https:\/\/aspirateur-cyclovac.ch\/de\/wp-json\/wp\/v2\/media\/5665"}],"wp:attachment":[{"href":"https:\/\/aspirateur-cyclovac.ch\/de\/wp-json\/wp\/v2\/media?parent=5888"}],"wp:term":[{"taxonomy":"product_brand","embeddable":true,"href":"https:\/\/aspirateur-cyclovac.ch\/de\/wp-json\/wp\/v2\/product_brand?post=5888"},{"taxonomy":"product_cat","embeddable":true,"href":"https:\/\/aspirateur-cyclovac.ch\/de\/wp-json\/wp\/v2\/product_cat?post=5888"},{"taxonomy":"product_tag","embeddable":true,"href":"https:\/\/aspirateur-cyclovac.ch\/de\/wp-json\/wp\/v2\/product_tag?post=5888"}],"curies":[{"name":"wp","href":"https:\/\/api.w.org\/{rel}","templated":true}]}}