{"id":5661,"date":"2015-12-13T19:13:50","date_gmt":"2015-12-13T18:13:50","guid":{"rendered":"https:\/\/aspirateur-cyclovac.ch\/produit\/retraflex-installations-kit\/"},"modified":"2026-02-19T19:38:02","modified_gmt":"2026-02-19T18:38:02","slug":"retraflex-installations-kit","status":"publish","type":"product","link":"https:\/\/aspirateur-cyclovac.ch\/de\/Shop\/retraflex-installations-kit\/","title":{"rendered":"R\u00e9traflex Installations-Kit"},"content":{"rendered":"<p>Wir empfehlen Ihnen dieses Installations-Kit f\u00fcr das R\u00e9traflex Einziehschlauchsystem f\u00fcr:<\/p>\n<ul>\n<li>Modernisierung eines alten Zentralstaubsaugersystems<\/li>\n<li>Installation in einem bereits bestehenden Geb\u00e4ude<\/li>\n<li>F\u00fcr Ihren zuk\u00fcnftigen Neubau<\/li>\n<\/ul>\n<p>Sowohl f\u00fcr Privatpersonen als auch f\u00fcr Fachleute geeignet.<\/p>\n<p>Dieses Set beinhaltet:<\/p>\n<ul>\n<li><a href=\"https:\/\/aspirateur-cyclovac.ch\/de\/Shop\/retraflex-ii-steckdose\/\">1 R\u00e9traflex Geh\u00e4use der neuen Generation<\/a><\/li>\n<li><a href=\"https:\/\/aspirateur-cyclovac.ch\/de\/themencode-pdf-viewer-sc-nicht-loeschen\/?tnc_pvfw=ZmlsZT1odHRwczovL2FzcGlyYXRldXItY3ljbG92YWMuY2gvd3AtY29udGVudC91cGxvYWRzLzIwMTgvMTAvZ3VpZGUtaW5zdGFsbGF0aW9uLXJldHJhZmxleC0yLTEucGRmJnNldHRpbmdzPTExMTExMTExJmxhbmc9ZW4tVVM=#page=&#038;zoom=auto&#038;pagemode=\">1 Installationsanleitung<\/a><\/li>\n<li><a href=\"https:\/\/aspirateur-cyclovac.ch\/de\/Shop\/grosser-90-bogen-retraflex\/\">3 x 90\u00b0-B\u00f6gen<\/a><\/li>\n<li><a href=\"https:\/\/aspirateur-cyclovac.ch\/de\/Shop\/45-bogen-mit-grossem-radius-retraflex\/\">2 x 45\u00b0-B\u00f6gen<\/a><\/li>\n<li><a href=\"https:\/\/aspirateur-cyclovac.ch\/de\/Shop\/bogen-225-grosser-radius-retraflex\/\">2 x 22,5\u00b0-B\u00f6gen<\/a><\/li>\n<li><a href=\"https:\/\/aspirateur-cyclovac.ch\/de\/Shop\/sicherheitsreduzierstueck\/\">1 Sicherheitsstopper<\/a><\/li>\n<\/ul>\n<p>Das Geh\u00e4use ist speziell f\u00fcr eine einfache Installation konzipiert und wird sogar mit einer integrierten Abdeckplatte geliefert.<\/p>\n<p><strong>Was Sie zus\u00e4tzlich einplanen sollten:<\/strong><\/p>\n<p>Ein <a href=\"https:\/\/aspirateur-cyclovac.ch\/Produit\/kit-accessoires-retraflex-itl\/\" target=\"_blank\" rel=\"noopener\">R\u00e9traflex Zubeh\u00f6r-Kit<\/a>, die ben\u00f6tigten Mengen an <a href=\"https:\/\/aspirateur-cyclovac.ch\/de\/categorie-produit\/installation-und-anschluss\/\" target=\"_blank\" rel=\"noopener\">Rohren, PVC-Verbindungsst\u00fccken und Niedervoltkabeln<\/a>, um das System mit der Saugeinheit zu verbinden.<\/p>\n<h4>R\u00e9traflex Installationsanleitung <a href=\"https:\/\/aspirateur-cyclovac.ch\/de\/themencode-pdf-viewer-sc-nicht-loeschen\/?tnc_pvfw=ZmlsZT1odHRwczovL2FzcGlyYXRldXItY3ljbG92YWMuY2gvd3AtY29udGVudC91cGxvYWRzLzIwMTgvMTAvZ3VpZGUtaW5zdGFsbGF0aW9uLXJldHJhZmxleC0yLTEucGRmJnNldHRpbmdzPTExMTExMTExJmxhbmc9ZW4tVVM=#page=&#038;zoom=auto&#038;pagemode=\" target=\"_blank\" rel=\"noopener\">hier<\/a><\/h4>\n","protected":false},"excerpt":{"rendered":"<h2>R\u00e9traflex Installations-Kit<\/h2>\n","protected":false},"featured_media":5662,"comment_status":"open","ping_status":"closed","template":"","meta":{"iawp_total_views":0},"product_brand":[],"product_cat":[813],"product_tag":[815,814],"class_list":{"0":"post-5661","1":"product","2":"type-product","3":"status-publish","4":"has-post-thumbnail","6":"product_cat-retraflex-system","7":"product_tag-retraflex","8":"product_tag-retraflex-system","10":"first","11":"instock","12":"taxable","13":"shipping-taxable","14":"purchasable","15":"product-type-simple"},"yoast_head":"<!-- This site is optimized with the Yoast SEO plugin v27.0 - https:\/\/yoast.com\/product\/yoast-seo-wordpress\/ -->\n<title>R\u00e9traflex Installations-Kit - Aspirateur Central Cyclo Vac Suisse<\/title>\n<meta name=\"description\" content=\"Das R\u00e9traflex Geh\u00e4use ist speziell f\u00fcr eine einfache Installation konzipiert und wird sogar mit einer integrierten Abdeckplatte geliefert.\" \/>\n<meta name=\"robots\" content=\"index, follow, max-snippet:-1, max-image-preview:large, max-video-preview:-1\" \/>\n<link rel=\"canonical\" href=\"https:\/\/aspirateur-cyclovac.ch\/de\/Shop\/retraflex-installations-kit\/\" \/>\n<meta property=\"og:locale\" content=\"de_DE\" \/>\n<meta property=\"og:type\" content=\"article\" \/>\n<meta property=\"og:title\" content=\"R\u00e9traflex Installations-Kit - Aspirateur Central Cyclo Vac Suisse\" \/>\n<meta property=\"og:description\" content=\"Das R\u00e9traflex Geh\u00e4use ist speziell f\u00fcr eine einfache Installation konzipiert und wird sogar mit einer integrierten Abdeckplatte geliefert.\" \/>\n<meta property=\"og:url\" content=\"https:\/\/aspirateur-cyclovac.ch\/de\/Shop\/retraflex-installations-kit\/\" \/>\n<meta property=\"og:site_name\" content=\"Aspirateur Central Cyclo Vac Suisse\" \/>\n<meta property=\"article:publisher\" content=\"https:\/\/www.facebook.com\/cyclovacsuisse\/\" \/>\n<meta property=\"article:modified_time\" content=\"2026-02-19T18:38:02+00:00\" \/>\n<meta property=\"og:image\" content=\"https:\/\/aspirateur-cyclovac.ch\/wp-content\/uploads\/2015\/12\/Kit-dinstallation-R\u00e9traflex-ITL-aspirateur-cyclovac.ch_-1.jpg\" \/>\n\t<meta property=\"og:image:width\" content=\"500\" \/>\n\t<meta property=\"og:image:height\" content=\"500\" \/>\n\t<meta property=\"og:image:type\" content=\"image\/jpeg\" \/>\n<meta name=\"twitter:card\" content=\"summary_large_image\" \/>\n<meta name=\"twitter:site\" content=\"@CycloVac_Suisse\" \/>\n<meta name=\"twitter:label1\" content=\"Gesch\u00e4tzte Lesezeit\" \/>\n\t<meta name=\"twitter:data1\" content=\"1 Minute\" \/>\n<!-- \/ Yoast SEO plugin. -->","yoast_head_json":{"title":"R\u00e9traflex Installations-Kit - Aspirateur Central Cyclo Vac Suisse","description":"Das R\u00e9traflex Geh\u00e4use ist speziell f\u00fcr eine einfache Installation konzipiert und wird sogar mit einer integrierten Abdeckplatte geliefert.","robots":{"index":"index","follow":"follow","max-snippet":"max-snippet:-1","max-image-preview":"max-image-preview:large","max-video-preview":"max-video-preview:-1"},"canonical":"https:\/\/aspirateur-cyclovac.ch\/de\/Shop\/retraflex-installations-kit\/","og_locale":"de_DE","og_type":"article","og_title":"R\u00e9traflex Installations-Kit - Aspirateur Central Cyclo Vac Suisse","og_description":"Das R\u00e9traflex Geh\u00e4use ist speziell f\u00fcr eine einfache Installation konzipiert und wird sogar mit einer integrierten Abdeckplatte geliefert.","og_url":"https:\/\/aspirateur-cyclovac.ch\/de\/Shop\/retraflex-installations-kit\/","og_site_name":"Aspirateur Central Cyclo Vac Suisse","article_publisher":"https:\/\/www.facebook.com\/cyclovacsuisse\/","article_modified_time":"2026-02-19T18:38:02+00:00","og_image":[{"width":500,"height":500,"url":"https:\/\/aspirateur-cyclovac.ch\/wp-content\/uploads\/2015\/12\/Kit-dinstallation-R\u00e9traflex-ITL-aspirateur-cyclovac.ch_-1.jpg","type":"image\/jpeg"}],"twitter_card":"summary_large_image","twitter_site":"@CycloVac_Suisse","twitter_misc":{"Gesch\u00e4tzte Lesezeit":"1 Minute"},"schema":{"@context":"https:\/\/schema.org","@graph":[{"@type":"WebPage","@id":"https:\/\/aspirateur-cyclovac.ch\/de\/Shop\/retraflex-installations-kit\/","url":"https:\/\/aspirateur-cyclovac.ch\/de\/Shop\/retraflex-installations-kit\/","name":"R\u00e9traflex Installations-Kit - Aspirateur Central Cyclo Vac Suisse","isPartOf":{"@id":"https:\/\/aspirateur-cyclovac.ch\/de\/#website"},"primaryImageOfPage":{"@id":"https:\/\/aspirateur-cyclovac.ch\/de\/Shop\/retraflex-installations-kit\/#primaryimage"},"image":{"@id":"https:\/\/aspirateur-cyclovac.ch\/de\/Shop\/retraflex-installations-kit\/#primaryimage"},"thumbnailUrl":"https:\/\/aspirateur-cyclovac.ch\/wp-content\/uploads\/2015\/12\/Kit-dinstallation-R\u00e9traflex-ITL-aspirateur-cyclovac.ch_-1.jpg","datePublished":"2015-12-13T18:13:50+00:00","dateModified":"2026-02-19T18:38:02+00:00","description":"Das R\u00e9traflex Geh\u00e4use ist speziell f\u00fcr eine einfache Installation konzipiert und wird sogar mit einer integrierten Abdeckplatte geliefert.","breadcrumb":{"@id":"https:\/\/aspirateur-cyclovac.ch\/de\/Shop\/retraflex-installations-kit\/#breadcrumb"},"inLanguage":"de","potentialAction":[{"@type":"ReadAction","target":["https:\/\/aspirateur-cyclovac.ch\/de\/Shop\/retraflex-installations-kit\/"]}]},{"@type":"ImageObject","inLanguage":"de","@id":"https:\/\/aspirateur-cyclovac.ch\/de\/Shop\/retraflex-installations-kit\/#primaryimage","url":"https:\/\/aspirateur-cyclovac.ch\/wp-content\/uploads\/2015\/12\/Kit-dinstallation-R\u00e9traflex-ITL-aspirateur-cyclovac.ch_-1.jpg","contentUrl":"https:\/\/aspirateur-cyclovac.ch\/wp-content\/uploads\/2015\/12\/Kit-dinstallation-R\u00e9traflex-ITL-aspirateur-cyclovac.ch_-1.jpg","width":500,"height":500,"caption":"R\u00e9traflex Installations-Kit"},{"@type":"BreadcrumbList","@id":"https:\/\/aspirateur-cyclovac.ch\/de\/Shop\/retraflex-installations-kit\/#breadcrumb","itemListElement":[{"@type":"ListItem","position":1,"name":"Startseite","item":"https:\/\/aspirateur-cyclovac.ch\/de\/"},{"@type":"ListItem","position":2,"name":"Shop","item":"https:\/\/aspirateur-cyclovac.ch\/de\/shop\/"},{"@type":"ListItem","position":3,"name":"R\u00e9traflex Installations-Kit"}]},{"@type":"WebSite","@id":"https:\/\/aspirateur-cyclovac.ch\/de\/#website","url":"https:\/\/aspirateur-cyclovac.ch\/de\/","name":"Aspirateur Central Cyclo Vac Suisse","description":"Aspiration centralis\u00e9e pour tous !","publisher":{"@id":"https:\/\/aspirateur-cyclovac.ch\/de\/#organization"},"potentialAction":[{"@type":"SearchAction","target":{"@type":"EntryPoint","urlTemplate":"https:\/\/aspirateur-cyclovac.ch\/de\/?s={search_term_string}"},"query-input":{"@type":"PropertyValueSpecification","valueRequired":true,"valueName":"search_term_string"}}],"inLanguage":"de"},{"@type":"Organization","@id":"https:\/\/aspirateur-cyclovac.ch\/de\/#organization","name":"SimplyVac S\u00e0rl","url":"https:\/\/aspirateur-cyclovac.ch\/de\/","logo":{"@type":"ImageObject","inLanguage":"de","@id":"https:\/\/aspirateur-cyclovac.ch\/de\/#\/schema\/logo\/image\/","url":"http:\/\/aspirateur-cyclovac.ch\/wp-content\/uploads\/2016\/11\/Logo-Bg_100.jpg","contentUrl":"http:\/\/aspirateur-cyclovac.ch\/wp-content\/uploads\/2016\/11\/Logo-Bg_100.jpg","width":100,"height":100,"caption":"SimplyVac S\u00e0rl"},"image":{"@id":"https:\/\/aspirateur-cyclovac.ch\/de\/#\/schema\/logo\/image\/"},"sameAs":["https:\/\/www.facebook.com\/cyclovacsuisse\/","https:\/\/x.com\/CycloVac_Suisse","https:\/\/www.instagram.com\/cyclo_vac_suisse\/","https:\/\/www.youtube.com\/channel\/UCXPmXj1HKX_o544r27GOL5w"]}]}},"_links":{"self":[{"href":"https:\/\/aspirateur-cyclovac.ch\/de\/wp-json\/wp\/v2\/product\/5661","targetHints":{"allow":["GET"]}}],"collection":[{"href":"https:\/\/aspirateur-cyclovac.ch\/de\/wp-json\/wp\/v2\/product"}],"about":[{"href":"https:\/\/aspirateur-cyclovac.ch\/de\/wp-json\/wp\/v2\/types\/product"}],"replies":[{"embeddable":true,"href":"https:\/\/aspirateur-cyclovac.ch\/de\/wp-json\/wp\/v2\/comments?post=5661"}],"wp:featuredmedia":[{"embeddable":true,"href":"https:\/\/aspirateur-cyclovac.ch\/de\/wp-json\/wp\/v2\/media\/5662"}],"wp:attachment":[{"href":"https:\/\/aspirateur-cyclovac.ch\/de\/wp-json\/wp\/v2\/media?parent=5661"}],"wp:term":[{"taxonomy":"product_brand","embeddable":true,"href":"https:\/\/aspirateur-cyclovac.ch\/de\/wp-json\/wp\/v2\/product_brand?post=5661"},{"taxonomy":"product_cat","embeddable":true,"href":"https:\/\/aspirateur-cyclovac.ch\/de\/wp-json\/wp\/v2\/product_cat?post=5661"},{"taxonomy":"product_tag","embeddable":true,"href":"https:\/\/aspirateur-cyclovac.ch\/de\/wp-json\/wp\/v2\/product_tag?post=5661"}],"curies":[{"name":"wp","href":"https:\/\/api.w.org\/{rel}","templated":true}]}}