{"id":5650,"date":"2015-12-19T08:00:14","date_gmt":"2015-12-19T07:00:14","guid":{"rendered":"https:\/\/aspirateur-cyclovac.ch\/produit\/super-luxe-bodenbuerste\/"},"modified":"2026-02-19T19:38:10","modified_gmt":"2026-02-19T18:38:10","slug":"super-luxe-bodenbuerste","status":"publish","type":"product","link":"https:\/\/aspirateur-cyclovac.ch\/de\/Shop\/super-luxe-bodenbuerste\/","title":{"rendered":"Super Luxe Bodenb\u00fcrste"},"content":{"rendered":"<p>Die B\u00fcrste ist mit weichen Borsten ausgestattet, die B\u00f6den nicht besch\u00e4digen und gr\u00fcndlich reinigen.<\/p>\n<p>Kann an jedem <a href=\"https:\/\/aspirateur-cyclovac.ch\/boutique\/manchon-acier-inox\/\">Standardrohr<\/a> befestigt werden.<\/p>\n<p>6 Verbesserungen, die sie effizienter und praktischer machen:<\/p>\n<ol>\n<li>Ihre Seiten sind l\u00e4nger, was ihre<br \/>\nReinigungsfl\u00e4che um 16 % vergr\u00f6\u00dfert und sie an den Seiten effizienter macht.<\/li>\n<li>Ihre Borsten sind an bestimmten strategischen Stellen k\u00fcrzer, was es erm\u00f6glicht,<br \/>\nSchmutz, der gegen die W\u00e4nde gedr\u00fcckt wird, effizienter aufzusaugen.<\/li>\n<li>Sie ist niedriger, was die Geschwindigkeit und den Luftstrom erh\u00f6ht, um die Saugkraft zu verbessern und<br \/>\ndas Aufnehmen von Staub und Schmutz zu erleichtern.<\/li>\n<li>Ihre Ecken sind eckig, um entlang der W\u00e4nde effizienter zu reinigen.<\/li>\n<li>Sie ist mit einem verst\u00e4rkten Anschluss mit 3 Kontaktpunkten ausgestattet, um das Rohr besser zu greifen, ohne daran<br \/>\nkleben zu bleiben.<\/li>\n<li>Sie besteht aus \u201eSoft-ABS\u201c, um bei einem Aufprall Zierleisten und Holzverkleidungen zu sch\u00fctzen.<\/li>\n<\/ol>\n<p>&nbsp;<\/p>\n<ul>\n<li>Weiche Borsten; verhindert Kratzer<\/li>\n<li>L\u00e4ngere Borsten an den Enden<\/li>\n<li>Breite 30,5 cm<\/li>\n<li>5 Jahre Garantie<\/li>\n<\/ul>\n<p>&nbsp;<\/p>\n","protected":false},"excerpt":{"rendered":"<h2>Super Luxe Bodenb\u00fcrste mit weichen Borsten<\/h2>\n<p>Die B\u00fcrste ist mit weichen Borsten ausgestattet, die B\u00f6den nicht besch\u00e4digen und gr\u00fcndlich reinigen.<\/p>\n<p>Kann an jedem Standardrohr befestigt werden.<\/p>\n","protected":false},"featured_media":5652,"comment_status":"open","ping_status":"closed","template":"","meta":{"iawp_total_views":1},"product_brand":[],"product_cat":[789,790],"product_tag":[791],"class_list":{"0":"post-5650","1":"product","2":"type-product","3":"status-publish","4":"has-post-thumbnail","6":"product_cat-unkategorisiert","7":"product_cat-besen-und-buerste","8":"product_tag-buerste","10":"first","11":"instock","12":"taxable","13":"shipping-taxable","14":"purchasable","15":"product-type-simple"},"yoast_head":"<!-- This site is optimized with the Yoast SEO plugin v27.0 - https:\/\/yoast.com\/product\/yoast-seo-wordpress\/ -->\n<title>Super Luxe Bodenb\u00fcrste - Aspirateur Central Cyclo Vac Suisse<\/title>\n<meta name=\"description\" content=\"Die B\u00fcrste ist mit weichen Borsten ausgestattet, die B\u00f6den nicht besch\u00e4digen und gr\u00fcndlich reinigen. Kann an jedem Standardrohr befestigt werden.\" \/>\n<meta name=\"robots\" content=\"index, follow, max-snippet:-1, max-image-preview:large, max-video-preview:-1\" \/>\n<link rel=\"canonical\" href=\"https:\/\/aspirateur-cyclovac.ch\/de\/Shop\/super-luxe-bodenbuerste\/\" \/>\n<meta property=\"og:locale\" content=\"de_DE\" \/>\n<meta property=\"og:type\" content=\"article\" \/>\n<meta property=\"og:title\" content=\"Super Luxe Bodenb\u00fcrste - Aspirateur Central Cyclo Vac Suisse\" \/>\n<meta property=\"og:description\" content=\"Die B\u00fcrste ist mit weichen Borsten ausgestattet, die B\u00f6den nicht besch\u00e4digen und gr\u00fcndlich reinigen. Kann an jedem Standardrohr befestigt werden.\" \/>\n<meta property=\"og:url\" content=\"https:\/\/aspirateur-cyclovac.ch\/de\/Shop\/super-luxe-bodenbuerste\/\" \/>\n<meta property=\"og:site_name\" content=\"Aspirateur Central Cyclo Vac Suisse\" \/>\n<meta property=\"article:publisher\" content=\"https:\/\/www.facebook.com\/cyclovacsuisse\/\" \/>\n<meta property=\"article:modified_time\" content=\"2026-02-19T18:38:10+00:00\" \/>\n<meta property=\"og:image\" content=\"https:\/\/aspirateur-cyclovac.ch\/wp-content\/uploads\/2015\/12\/TABRPLN011.jpg\" \/>\n<meta name=\"twitter:card\" content=\"summary_large_image\" \/>\n<meta name=\"twitter:site\" content=\"@CycloVac_Suisse\" \/>\n<meta name=\"twitter:label1\" content=\"Gesch\u00e4tzte Lesezeit\" \/>\n\t<meta name=\"twitter:data1\" content=\"1 Minute\" \/>\n<!-- \/ Yoast SEO plugin. -->","yoast_head_json":{"title":"Super Luxe Bodenb\u00fcrste - Aspirateur Central Cyclo Vac Suisse","description":"Die B\u00fcrste ist mit weichen Borsten ausgestattet, die B\u00f6den nicht besch\u00e4digen und gr\u00fcndlich reinigen. Kann an jedem Standardrohr befestigt werden.","robots":{"index":"index","follow":"follow","max-snippet":"max-snippet:-1","max-image-preview":"max-image-preview:large","max-video-preview":"max-video-preview:-1"},"canonical":"https:\/\/aspirateur-cyclovac.ch\/de\/Shop\/super-luxe-bodenbuerste\/","og_locale":"de_DE","og_type":"article","og_title":"Super Luxe Bodenb\u00fcrste - Aspirateur Central Cyclo Vac Suisse","og_description":"Die B\u00fcrste ist mit weichen Borsten ausgestattet, die B\u00f6den nicht besch\u00e4digen und gr\u00fcndlich reinigen. Kann an jedem Standardrohr befestigt werden.","og_url":"https:\/\/aspirateur-cyclovac.ch\/de\/Shop\/super-luxe-bodenbuerste\/","og_site_name":"Aspirateur Central Cyclo Vac Suisse","article_publisher":"https:\/\/www.facebook.com\/cyclovacsuisse\/","article_modified_time":"2026-02-19T18:38:10+00:00","og_image":[{"url":"https:\/\/aspirateur-cyclovac.ch\/wp-content\/uploads\/2015\/12\/TABRPLN011.jpg","type":"","width":"","height":""}],"twitter_card":"summary_large_image","twitter_site":"@CycloVac_Suisse","twitter_misc":{"Gesch\u00e4tzte Lesezeit":"1 Minute"},"schema":{"@context":"https:\/\/schema.org","@graph":[{"@type":"WebPage","@id":"https:\/\/aspirateur-cyclovac.ch\/de\/Shop\/super-luxe-bodenbuerste\/","url":"https:\/\/aspirateur-cyclovac.ch\/de\/Shop\/super-luxe-bodenbuerste\/","name":"Super Luxe Bodenb\u00fcrste - Aspirateur Central Cyclo Vac Suisse","isPartOf":{"@id":"https:\/\/aspirateur-cyclovac.ch\/de\/#website"},"primaryImageOfPage":{"@id":"https:\/\/aspirateur-cyclovac.ch\/de\/Shop\/super-luxe-bodenbuerste\/#primaryimage"},"image":{"@id":"https:\/\/aspirateur-cyclovac.ch\/de\/Shop\/super-luxe-bodenbuerste\/#primaryimage"},"thumbnailUrl":"https:\/\/aspirateur-cyclovac.ch\/wp-content\/uploads\/2015\/12\/TABRPDN39C-dimension.jpg","datePublished":"2015-12-19T07:00:14+00:00","dateModified":"2026-02-19T18:38:10+00:00","description":"Die B\u00fcrste ist mit weichen Borsten ausgestattet, die B\u00f6den nicht besch\u00e4digen und gr\u00fcndlich reinigen. Kann an jedem Standardrohr befestigt werden.","breadcrumb":{"@id":"https:\/\/aspirateur-cyclovac.ch\/de\/Shop\/super-luxe-bodenbuerste\/#breadcrumb"},"inLanguage":"de","potentialAction":[{"@type":"ReadAction","target":["https:\/\/aspirateur-cyclovac.ch\/de\/Shop\/super-luxe-bodenbuerste\/"]}]},{"@type":"ImageObject","inLanguage":"de","@id":"https:\/\/aspirateur-cyclovac.ch\/de\/Shop\/super-luxe-bodenbuerste\/#primaryimage","url":"https:\/\/aspirateur-cyclovac.ch\/wp-content\/uploads\/2015\/12\/TABRPDN39C-dimension.jpg","contentUrl":"https:\/\/aspirateur-cyclovac.ch\/wp-content\/uploads\/2015\/12\/TABRPDN39C-dimension.jpg","width":500,"height":500},{"@type":"BreadcrumbList","@id":"https:\/\/aspirateur-cyclovac.ch\/de\/Shop\/super-luxe-bodenbuerste\/#breadcrumb","itemListElement":[{"@type":"ListItem","position":1,"name":"Startseite","item":"https:\/\/aspirateur-cyclovac.ch\/de\/"},{"@type":"ListItem","position":2,"name":"Shop","item":"https:\/\/aspirateur-cyclovac.ch\/de\/shop\/"},{"@type":"ListItem","position":3,"name":"Super Luxe Bodenb\u00fcrste"}]},{"@type":"WebSite","@id":"https:\/\/aspirateur-cyclovac.ch\/de\/#website","url":"https:\/\/aspirateur-cyclovac.ch\/de\/","name":"Aspirateur Central Cyclo Vac Suisse","description":"Aspiration centralis\u00e9e pour tous !","publisher":{"@id":"https:\/\/aspirateur-cyclovac.ch\/de\/#organization"},"potentialAction":[{"@type":"SearchAction","target":{"@type":"EntryPoint","urlTemplate":"https:\/\/aspirateur-cyclovac.ch\/de\/?s={search_term_string}"},"query-input":{"@type":"PropertyValueSpecification","valueRequired":true,"valueName":"search_term_string"}}],"inLanguage":"de"},{"@type":"Organization","@id":"https:\/\/aspirateur-cyclovac.ch\/de\/#organization","name":"SimplyVac S\u00e0rl","url":"https:\/\/aspirateur-cyclovac.ch\/de\/","logo":{"@type":"ImageObject","inLanguage":"de","@id":"https:\/\/aspirateur-cyclovac.ch\/de\/#\/schema\/logo\/image\/","url":"http:\/\/aspirateur-cyclovac.ch\/wp-content\/uploads\/2016\/11\/Logo-Bg_100.jpg","contentUrl":"http:\/\/aspirateur-cyclovac.ch\/wp-content\/uploads\/2016\/11\/Logo-Bg_100.jpg","width":100,"height":100,"caption":"SimplyVac S\u00e0rl"},"image":{"@id":"https:\/\/aspirateur-cyclovac.ch\/de\/#\/schema\/logo\/image\/"},"sameAs":["https:\/\/www.facebook.com\/cyclovacsuisse\/","https:\/\/x.com\/CycloVac_Suisse","https:\/\/www.instagram.com\/cyclo_vac_suisse\/","https:\/\/www.youtube.com\/channel\/UCXPmXj1HKX_o544r27GOL5w"]}]}},"_links":{"self":[{"href":"https:\/\/aspirateur-cyclovac.ch\/de\/wp-json\/wp\/v2\/product\/5650","targetHints":{"allow":["GET"]}}],"collection":[{"href":"https:\/\/aspirateur-cyclovac.ch\/de\/wp-json\/wp\/v2\/product"}],"about":[{"href":"https:\/\/aspirateur-cyclovac.ch\/de\/wp-json\/wp\/v2\/types\/product"}],"replies":[{"embeddable":true,"href":"https:\/\/aspirateur-cyclovac.ch\/de\/wp-json\/wp\/v2\/comments?post=5650"}],"wp:featuredmedia":[{"embeddable":true,"href":"https:\/\/aspirateur-cyclovac.ch\/de\/wp-json\/wp\/v2\/media\/5652"}],"wp:attachment":[{"href":"https:\/\/aspirateur-cyclovac.ch\/de\/wp-json\/wp\/v2\/media?parent=5650"}],"wp:term":[{"taxonomy":"product_brand","embeddable":true,"href":"https:\/\/aspirateur-cyclovac.ch\/de\/wp-json\/wp\/v2\/product_brand?post=5650"},{"taxonomy":"product_cat","embeddable":true,"href":"https:\/\/aspirateur-cyclovac.ch\/de\/wp-json\/wp\/v2\/product_cat?post=5650"},{"taxonomy":"product_tag","embeddable":true,"href":"https:\/\/aspirateur-cyclovac.ch\/de\/wp-json\/wp\/v2\/product_tag?post=5650"}],"curies":[{"name":"wp","href":"https:\/\/api.w.org\/{rel}","templated":true}]}}