{"id":5644,"date":"2016-09-17T17:43:34","date_gmt":"2016-09-17T15:43:34","guid":{"rendered":"https:\/\/aspirateur-cyclovac.ch\/produit\/installationsset-fuer-sockeleinkehrduese\/"},"modified":"2026-02-19T19:39:03","modified_gmt":"2026-02-19T18:39:03","slug":"installationsset-fuer-sockeleinkehrduese","status":"publish","type":"product","link":"https:\/\/aspirateur-cyclovac.ch\/de\/Shop\/installationsset-fuer-sockeleinkehrduese\/","title":{"rendered":"Installationsset f\u00fcr Sockeleinkehrd\u00fcse"},"content":{"rendered":"<p>Dieses Installationsset f\u00fcr Sockeleinkehrd\u00fcsen enth\u00e4lt 1 verst\u00e4rkten Flexschlauch (80 cm) + 2 Schellen f\u00fcr die Installation Ihrer <a href=\"https:\/\/aspirateur-cyclovac.ch\/boutique\/ramasse-miettes\/\">Sockeleinkehrd\u00fcse mit integriertem Adapter<\/a>.<\/p>\n<p>Zur Platzierung hinter der Sockelleiste.<\/p>\n<p>&nbsp;<\/p>\n<p><iframe loading=\"lazy\" src=\"https:\/\/www.youtube.com\/embed\/89vXkYBRpQU?list=PLVzXjjWD6tLxnqeLISfarXkQMMKBXoGWn\" width=\"320\" height=\"240\" frameborder=\"0\" allowfullscreen=\"allowfullscreen\"><\/iframe><\/p>\n","protected":false},"excerpt":{"rendered":"<h2>Installationsset<\/h2>\n","protected":false},"featured_media":5645,"comment_status":"open","ping_status":"closed","template":"","meta":{"iawp_total_views":0},"product_brand":[],"product_cat":[792],"product_tag":[806],"class_list":{"0":"post-5644","1":"product","2":"type-product","3":"status-publish","4":"has-post-thumbnail","6":"product_cat-installation-und-anschluss","7":"product_tag-sockeleinkehrduese","9":"first","10":"instock","11":"taxable","12":"shipping-taxable","13":"purchasable","14":"product-type-simple"},"yoast_head":"<!-- This site is optimized with the Yoast SEO plugin v27.0 - https:\/\/yoast.com\/product\/yoast-seo-wordpress\/ -->\n<title>Installationsset f\u00fcr Sockeleinkehrd\u00fcse - Aspirateur Central Cyclo Vac Suisse<\/title>\n<meta name=\"description\" content=\"Dieses Installationsset enth\u00e4lt 1 verst\u00e4rkten Flexschlauch (80 cm) + 2 Schellen f\u00fcr die Installation Ihrer Sockeleinkehrd\u00fcse mit integriertem Adapter.\" \/>\n<meta name=\"robots\" content=\"index, follow, max-snippet:-1, max-image-preview:large, max-video-preview:-1\" \/>\n<link rel=\"canonical\" href=\"https:\/\/aspirateur-cyclovac.ch\/de\/Shop\/installationsset-fuer-sockeleinkehrduese\/\" \/>\n<meta property=\"og:locale\" content=\"de_DE\" \/>\n<meta property=\"og:type\" content=\"article\" \/>\n<meta property=\"og:title\" content=\"Installationsset f\u00fcr Sockeleinkehrd\u00fcse - Aspirateur Central Cyclo Vac Suisse\" \/>\n<meta property=\"og:description\" content=\"Verst\u00e4rkter Flexschlauch (80 cm) + 2 Schellen f\u00fcr die Installation Ihrer Sockeleinkehrd\u00fcse mit integriertem Adapter. Zur Platzierung hinter der Sockelleiste.\" \/>\n<meta property=\"og:url\" content=\"https:\/\/aspirateur-cyclovac.ch\/de\/Shop\/installationsset-fuer-sockeleinkehrduese\/\" \/>\n<meta property=\"og:site_name\" content=\"Aspirateur Central Cyclo Vac Suisse\" \/>\n<meta property=\"article:publisher\" content=\"https:\/\/www.facebook.com\/cyclovacsuisse\/\" \/>\n<meta property=\"article:modified_time\" content=\"2026-02-19T18:39:03+00:00\" \/>\n<meta property=\"og:image\" content=\"https:\/\/aspirateur-cyclovac.ch\/wp-content\/uploads\/2014\/08\/Kit-installation-ramasse-miettes.png\" \/>\n<meta name=\"twitter:card\" content=\"summary_large_image\" \/>\n<meta name=\"twitter:site\" content=\"@CycloVac_Suisse\" \/>\n<!-- \/ Yoast SEO plugin. -->","yoast_head_json":{"title":"Installationsset f\u00fcr Sockeleinkehrd\u00fcse - Aspirateur Central Cyclo Vac Suisse","description":"Dieses Installationsset enth\u00e4lt 1 verst\u00e4rkten Flexschlauch (80 cm) + 2 Schellen f\u00fcr die Installation Ihrer Sockeleinkehrd\u00fcse mit integriertem Adapter.","robots":{"index":"index","follow":"follow","max-snippet":"max-snippet:-1","max-image-preview":"max-image-preview:large","max-video-preview":"max-video-preview:-1"},"canonical":"https:\/\/aspirateur-cyclovac.ch\/de\/Shop\/installationsset-fuer-sockeleinkehrduese\/","og_locale":"de_DE","og_type":"article","og_title":"Installationsset f\u00fcr Sockeleinkehrd\u00fcse - Aspirateur Central Cyclo Vac Suisse","og_description":"Verst\u00e4rkter Flexschlauch (80 cm) + 2 Schellen f\u00fcr die Installation Ihrer Sockeleinkehrd\u00fcse mit integriertem Adapter. Zur Platzierung hinter der Sockelleiste.","og_url":"https:\/\/aspirateur-cyclovac.ch\/de\/Shop\/installationsset-fuer-sockeleinkehrduese\/","og_site_name":"Aspirateur Central Cyclo Vac Suisse","article_publisher":"https:\/\/www.facebook.com\/cyclovacsuisse\/","article_modified_time":"2026-02-19T18:39:03+00:00","og_image":[{"url":"https:\/\/aspirateur-cyclovac.ch\/wp-content\/uploads\/2014\/08\/Kit-installation-ramasse-miettes.png","type":"","width":"","height":""}],"twitter_card":"summary_large_image","twitter_site":"@CycloVac_Suisse","schema":{"@context":"https:\/\/schema.org","@graph":[{"@type":"WebPage","@id":"https:\/\/aspirateur-cyclovac.ch\/de\/Shop\/installationsset-fuer-sockeleinkehrduese\/","url":"https:\/\/aspirateur-cyclovac.ch\/de\/Shop\/installationsset-fuer-sockeleinkehrduese\/","name":"Installationsset f\u00fcr Sockeleinkehrd\u00fcse - Aspirateur Central Cyclo Vac Suisse","isPartOf":{"@id":"https:\/\/aspirateur-cyclovac.ch\/de\/#website"},"primaryImageOfPage":{"@id":"https:\/\/aspirateur-cyclovac.ch\/de\/Shop\/installationsset-fuer-sockeleinkehrduese\/#primaryimage"},"image":{"@id":"https:\/\/aspirateur-cyclovac.ch\/de\/Shop\/installationsset-fuer-sockeleinkehrduese\/#primaryimage"},"thumbnailUrl":"https:\/\/aspirateur-cyclovac.ch\/wp-content\/uploads\/2014\/08\/Kit-installation-ramasse-miettes.png","datePublished":"2016-09-17T15:43:34+00:00","dateModified":"2026-02-19T18:39:03+00:00","description":"Dieses Installationsset enth\u00e4lt 1 verst\u00e4rkten Flexschlauch (80 cm) + 2 Schellen f\u00fcr die Installation Ihrer Sockeleinkehrd\u00fcse mit integriertem Adapter.","breadcrumb":{"@id":"https:\/\/aspirateur-cyclovac.ch\/de\/Shop\/installationsset-fuer-sockeleinkehrduese\/#breadcrumb"},"inLanguage":"de","potentialAction":[{"@type":"ReadAction","target":["https:\/\/aspirateur-cyclovac.ch\/de\/Shop\/installationsset-fuer-sockeleinkehrduese\/"]}]},{"@type":"ImageObject","inLanguage":"de","@id":"https:\/\/aspirateur-cyclovac.ch\/de\/Shop\/installationsset-fuer-sockeleinkehrduese\/#primaryimage","url":"https:\/\/aspirateur-cyclovac.ch\/wp-content\/uploads\/2014\/08\/Kit-installation-ramasse-miettes.png","contentUrl":"https:\/\/aspirateur-cyclovac.ch\/wp-content\/uploads\/2014\/08\/Kit-installation-ramasse-miettes.png","width":500,"height":500,"caption":"Installation Kr\u00fcmelsauger"},{"@type":"BreadcrumbList","@id":"https:\/\/aspirateur-cyclovac.ch\/de\/Shop\/installationsset-fuer-sockeleinkehrduese\/#breadcrumb","itemListElement":[{"@type":"ListItem","position":1,"name":"Startseite","item":"https:\/\/aspirateur-cyclovac.ch\/de\/"},{"@type":"ListItem","position":2,"name":"Shop","item":"https:\/\/aspirateur-cyclovac.ch\/de\/shop\/"},{"@type":"ListItem","position":3,"name":"Installationsset f\u00fcr Sockeleinkehrd\u00fcse"}]},{"@type":"WebSite","@id":"https:\/\/aspirateur-cyclovac.ch\/de\/#website","url":"https:\/\/aspirateur-cyclovac.ch\/de\/","name":"Aspirateur Central Cyclo Vac Suisse","description":"Aspiration centralis\u00e9e pour tous !","publisher":{"@id":"https:\/\/aspirateur-cyclovac.ch\/de\/#organization"},"potentialAction":[{"@type":"SearchAction","target":{"@type":"EntryPoint","urlTemplate":"https:\/\/aspirateur-cyclovac.ch\/de\/?s={search_term_string}"},"query-input":{"@type":"PropertyValueSpecification","valueRequired":true,"valueName":"search_term_string"}}],"inLanguage":"de"},{"@type":"Organization","@id":"https:\/\/aspirateur-cyclovac.ch\/de\/#organization","name":"SimplyVac S\u00e0rl","url":"https:\/\/aspirateur-cyclovac.ch\/de\/","logo":{"@type":"ImageObject","inLanguage":"de","@id":"https:\/\/aspirateur-cyclovac.ch\/de\/#\/schema\/logo\/image\/","url":"http:\/\/aspirateur-cyclovac.ch\/wp-content\/uploads\/2016\/11\/Logo-Bg_100.jpg","contentUrl":"http:\/\/aspirateur-cyclovac.ch\/wp-content\/uploads\/2016\/11\/Logo-Bg_100.jpg","width":100,"height":100,"caption":"SimplyVac S\u00e0rl"},"image":{"@id":"https:\/\/aspirateur-cyclovac.ch\/de\/#\/schema\/logo\/image\/"},"sameAs":["https:\/\/www.facebook.com\/cyclovacsuisse\/","https:\/\/x.com\/CycloVac_Suisse","https:\/\/www.instagram.com\/cyclo_vac_suisse\/","https:\/\/www.youtube.com\/channel\/UCXPmXj1HKX_o544r27GOL5w"]}]}},"_links":{"self":[{"href":"https:\/\/aspirateur-cyclovac.ch\/de\/wp-json\/wp\/v2\/product\/5644","targetHints":{"allow":["GET"]}}],"collection":[{"href":"https:\/\/aspirateur-cyclovac.ch\/de\/wp-json\/wp\/v2\/product"}],"about":[{"href":"https:\/\/aspirateur-cyclovac.ch\/de\/wp-json\/wp\/v2\/types\/product"}],"replies":[{"embeddable":true,"href":"https:\/\/aspirateur-cyclovac.ch\/de\/wp-json\/wp\/v2\/comments?post=5644"}],"wp:featuredmedia":[{"embeddable":true,"href":"https:\/\/aspirateur-cyclovac.ch\/de\/wp-json\/wp\/v2\/media\/5645"}],"wp:attachment":[{"href":"https:\/\/aspirateur-cyclovac.ch\/de\/wp-json\/wp\/v2\/media?parent=5644"}],"wp:term":[{"taxonomy":"product_brand","embeddable":true,"href":"https:\/\/aspirateur-cyclovac.ch\/de\/wp-json\/wp\/v2\/product_brand?post=5644"},{"taxonomy":"product_cat","embeddable":true,"href":"https:\/\/aspirateur-cyclovac.ch\/de\/wp-json\/wp\/v2\/product_cat?post=5644"},{"taxonomy":"product_tag","embeddable":true,"href":"https:\/\/aspirateur-cyclovac.ch\/de\/wp-json\/wp\/v2\/product_tag?post=5644"}],"curies":[{"name":"wp","href":"https:\/\/api.w.org\/{rel}","templated":true}]}}