{"id":5512,"date":"2014-09-19T19:45:04","date_gmt":"2014-09-19T17:45:04","guid":{"rendered":"https:\/\/aspirateur-cyclovac.ch\/produit\/super-luxe-fugenduese\/"},"modified":"2026-02-19T19:38:58","modified_gmt":"2026-02-19T18:38:58","slug":"super-luxe-fugenduese","status":"publish","type":"product","link":"https:\/\/aspirateur-cyclovac.ch\/de\/Shop\/super-luxe-fugenduese\/","title":{"rendered":"Super Luxe Fugend\u00fcse"},"content":{"rendered":"<ul>\n<li>Kleine \u00d6ffnung dieser Fugend\u00fcse erm\u00f6glicht eine bessere Luftzirkulation<\/li>\n<li>Fugend\u00fcse <i>Grand Confort<\/i> pr\u00e4zise mit einer L\u00e4nge von 29 cm f\u00fcr Zentralstaubsaugsystem<\/li>\n<li>Passt perfekt auf jedes Standard-<a href=\"https:\/\/aspirateur-cyclovac.ch\/etiquette-produit\/manchon\/\">Rohr<\/a><\/li>\n<li>Ideal f\u00fcr die Tiefenreinigung von Spalten und Rillen in M\u00f6beln, Ecken und Fu\u00dfleisten<\/li>\n<li>Die schmale \u00d6ffnung erm\u00f6glicht eine ultrapr\u00e4zise Reinigung und die L\u00e4nge erleichtert das Erreichen schwer zug\u00e4nglicher Stellen<\/li>\n<li>Der Schlitz auf der linken Seite des Werkzeugs sorgt f\u00fcr eine bessere Luftzirkulation und erh\u00f6ht so die Saugkraft<\/li>\n<\/ul>\n","protected":false},"excerpt":{"rendered":"<h2>Super Luxe Fugend\u00fcse<\/h2>\n<p>Der Schlitz auf der linken Seite des Werkzeugs sorgt f\u00fcr eine bessere Luftzirkulation und erh\u00f6ht so die Saugkraft<\/p>\n","protected":false},"featured_media":5516,"comment_status":"open","ping_status":"closed","template":"","meta":{"iawp_total_views":0},"product_brand":[],"product_cat":[789,790],"product_tag":[791],"class_list":{"0":"post-5512","1":"product","2":"type-product","3":"status-publish","4":"has-post-thumbnail","6":"product_cat-unkategorisiert","7":"product_cat-besen-und-buerste","8":"product_tag-buerste","10":"first","11":"instock","12":"taxable","13":"shipping-taxable","14":"purchasable","15":"product-type-simple"},"yoast_head":"<!-- This site is optimized with the Yoast SEO plugin v27.0 - https:\/\/yoast.com\/product\/yoast-seo-wordpress\/ -->\n<title>Super Luxe Fugend\u00fcse - Aspirateur Central Cyclo Vac Suisse<\/title>\n<meta name=\"description\" content=\"Super Luxe Fugend\u00fcse Ideal f\u00fcr die Tiefenreinigung von Spalten und Rillen in M\u00f6beln, Ecken und Fu\u00dfleisten\" \/>\n<meta name=\"robots\" content=\"index, follow, max-snippet:-1, max-image-preview:large, max-video-preview:-1\" \/>\n<link rel=\"canonical\" href=\"https:\/\/aspirateur-cyclovac.ch\/de\/Shop\/super-luxe-fugenduese\/\" \/>\n<meta property=\"og:locale\" content=\"de_DE\" \/>\n<meta property=\"og:type\" content=\"article\" \/>\n<meta property=\"og:title\" content=\"Super Luxe Fugend\u00fcse - Aspirateur Central Cyclo Vac Suisse\" \/>\n<meta property=\"og:description\" content=\"Super Luxe Fugend\u00fcse Ideal f\u00fcr die Tiefenreinigung von Spalten und Rillen in M\u00f6beln, Ecken und Fu\u00dfleisten\" \/>\n<meta property=\"og:url\" content=\"https:\/\/aspirateur-cyclovac.ch\/de\/Shop\/super-luxe-fugenduese\/\" \/>\n<meta property=\"og:site_name\" content=\"Aspirateur Central Cyclo Vac Suisse\" \/>\n<meta property=\"article:publisher\" content=\"https:\/\/www.facebook.com\/cyclovacsuisse\/\" \/>\n<meta property=\"article:modified_time\" content=\"2026-02-19T18:38:58+00:00\" \/>\n<meta property=\"og:image\" content=\"https:\/\/aspirateur-cyclovac.ch\/wp-content\/uploads\/2014\/09\/TABRCO01-Outil-de-coin-Super-Luxe-Gris-p\u00e2le-aspirateur-cyclovac.ch_.jpg\" \/>\n<meta name=\"twitter:card\" content=\"summary_large_image\" \/>\n<meta name=\"twitter:site\" content=\"@CycloVac_Suisse\" \/>\n<!-- \/ Yoast SEO plugin. -->","yoast_head_json":{"title":"Super Luxe Fugend\u00fcse - Aspirateur Central Cyclo Vac Suisse","description":"Super Luxe Fugend\u00fcse Ideal f\u00fcr die Tiefenreinigung von Spalten und Rillen in M\u00f6beln, Ecken und Fu\u00dfleisten","robots":{"index":"index","follow":"follow","max-snippet":"max-snippet:-1","max-image-preview":"max-image-preview:large","max-video-preview":"max-video-preview:-1"},"canonical":"https:\/\/aspirateur-cyclovac.ch\/de\/Shop\/super-luxe-fugenduese\/","og_locale":"de_DE","og_type":"article","og_title":"Super Luxe Fugend\u00fcse - Aspirateur Central Cyclo Vac Suisse","og_description":"Super Luxe Fugend\u00fcse Ideal f\u00fcr die Tiefenreinigung von Spalten und Rillen in M\u00f6beln, Ecken und Fu\u00dfleisten","og_url":"https:\/\/aspirateur-cyclovac.ch\/de\/Shop\/super-luxe-fugenduese\/","og_site_name":"Aspirateur Central Cyclo Vac Suisse","article_publisher":"https:\/\/www.facebook.com\/cyclovacsuisse\/","article_modified_time":"2026-02-19T18:38:58+00:00","og_image":[{"url":"https:\/\/aspirateur-cyclovac.ch\/wp-content\/uploads\/2014\/09\/TABRCO01-Outil-de-coin-Super-Luxe-Gris-p\u00e2le-aspirateur-cyclovac.ch_.jpg","type":"","width":"","height":""}],"twitter_card":"summary_large_image","twitter_site":"@CycloVac_Suisse","schema":{"@context":"https:\/\/schema.org","@graph":[{"@type":"WebPage","@id":"https:\/\/aspirateur-cyclovac.ch\/de\/Shop\/super-luxe-fugenduese\/","url":"https:\/\/aspirateur-cyclovac.ch\/de\/Shop\/super-luxe-fugenduese\/","name":"Super Luxe Fugend\u00fcse - Aspirateur Central Cyclo Vac Suisse","isPartOf":{"@id":"https:\/\/aspirateur-cyclovac.ch\/de\/#website"},"primaryImageOfPage":{"@id":"https:\/\/aspirateur-cyclovac.ch\/de\/Shop\/super-luxe-fugenduese\/#primaryimage"},"image":{"@id":"https:\/\/aspirateur-cyclovac.ch\/de\/Shop\/super-luxe-fugenduese\/#primaryimage"},"thumbnailUrl":"https:\/\/aspirateur-cyclovac.ch\/wp-content\/uploads\/2014\/09\/TABRCO01-Outil-de-coin-Super-Luxe-Gris-p\u00e2le-aspirateur-cyclovac.ch_.jpg","datePublished":"2014-09-19T17:45:04+00:00","dateModified":"2026-02-19T18:38:58+00:00","description":"Super Luxe Fugend\u00fcse Ideal f\u00fcr die Tiefenreinigung von Spalten und Rillen in M\u00f6beln, Ecken und Fu\u00dfleisten","breadcrumb":{"@id":"https:\/\/aspirateur-cyclovac.ch\/de\/Shop\/super-luxe-fugenduese\/#breadcrumb"},"inLanguage":"de","potentialAction":[{"@type":"ReadAction","target":["https:\/\/aspirateur-cyclovac.ch\/de\/Shop\/super-luxe-fugenduese\/"]}]},{"@type":"ImageObject","inLanguage":"de","@id":"https:\/\/aspirateur-cyclovac.ch\/de\/Shop\/super-luxe-fugenduese\/#primaryimage","url":"https:\/\/aspirateur-cyclovac.ch\/wp-content\/uploads\/2014\/09\/TABRCO01-Outil-de-coin-Super-Luxe-Gris-p\u00e2le-aspirateur-cyclovac.ch_.jpg","contentUrl":"https:\/\/aspirateur-cyclovac.ch\/wp-content\/uploads\/2014\/09\/TABRCO01-Outil-de-coin-Super-Luxe-Gris-p\u00e2le-aspirateur-cyclovac.ch_.jpg","width":500,"height":500,"caption":"Super Luxe Fugend\u00fcse Hellgrau"},{"@type":"BreadcrumbList","@id":"https:\/\/aspirateur-cyclovac.ch\/de\/Shop\/super-luxe-fugenduese\/#breadcrumb","itemListElement":[{"@type":"ListItem","position":1,"name":"Startseite","item":"https:\/\/aspirateur-cyclovac.ch\/de\/"},{"@type":"ListItem","position":2,"name":"Shop","item":"https:\/\/aspirateur-cyclovac.ch\/de\/shop\/"},{"@type":"ListItem","position":3,"name":"Super Luxe Fugend\u00fcse"}]},{"@type":"WebSite","@id":"https:\/\/aspirateur-cyclovac.ch\/de\/#website","url":"https:\/\/aspirateur-cyclovac.ch\/de\/","name":"Aspirateur Central Cyclo Vac Suisse","description":"Aspiration centralis\u00e9e pour tous !","publisher":{"@id":"https:\/\/aspirateur-cyclovac.ch\/de\/#organization"},"potentialAction":[{"@type":"SearchAction","target":{"@type":"EntryPoint","urlTemplate":"https:\/\/aspirateur-cyclovac.ch\/de\/?s={search_term_string}"},"query-input":{"@type":"PropertyValueSpecification","valueRequired":true,"valueName":"search_term_string"}}],"inLanguage":"de"},{"@type":"Organization","@id":"https:\/\/aspirateur-cyclovac.ch\/de\/#organization","name":"SimplyVac S\u00e0rl","url":"https:\/\/aspirateur-cyclovac.ch\/de\/","logo":{"@type":"ImageObject","inLanguage":"de","@id":"https:\/\/aspirateur-cyclovac.ch\/de\/#\/schema\/logo\/image\/","url":"http:\/\/aspirateur-cyclovac.ch\/wp-content\/uploads\/2016\/11\/Logo-Bg_100.jpg","contentUrl":"http:\/\/aspirateur-cyclovac.ch\/wp-content\/uploads\/2016\/11\/Logo-Bg_100.jpg","width":100,"height":100,"caption":"SimplyVac S\u00e0rl"},"image":{"@id":"https:\/\/aspirateur-cyclovac.ch\/de\/#\/schema\/logo\/image\/"},"sameAs":["https:\/\/www.facebook.com\/cyclovacsuisse\/","https:\/\/x.com\/CycloVac_Suisse","https:\/\/www.instagram.com\/cyclo_vac_suisse\/","https:\/\/www.youtube.com\/channel\/UCXPmXj1HKX_o544r27GOL5w"]}]}},"_links":{"self":[{"href":"https:\/\/aspirateur-cyclovac.ch\/de\/wp-json\/wp\/v2\/product\/5512","targetHints":{"allow":["GET"]}}],"collection":[{"href":"https:\/\/aspirateur-cyclovac.ch\/de\/wp-json\/wp\/v2\/product"}],"about":[{"href":"https:\/\/aspirateur-cyclovac.ch\/de\/wp-json\/wp\/v2\/types\/product"}],"replies":[{"embeddable":true,"href":"https:\/\/aspirateur-cyclovac.ch\/de\/wp-json\/wp\/v2\/comments?post=5512"}],"wp:featuredmedia":[{"embeddable":true,"href":"https:\/\/aspirateur-cyclovac.ch\/de\/wp-json\/wp\/v2\/media\/5516"}],"wp:attachment":[{"href":"https:\/\/aspirateur-cyclovac.ch\/de\/wp-json\/wp\/v2\/media?parent=5512"}],"wp:term":[{"taxonomy":"product_brand","embeddable":true,"href":"https:\/\/aspirateur-cyclovac.ch\/de\/wp-json\/wp\/v2\/product_brand?post=5512"},{"taxonomy":"product_cat","embeddable":true,"href":"https:\/\/aspirateur-cyclovac.ch\/de\/wp-json\/wp\/v2\/product_cat?post=5512"},{"taxonomy":"product_tag","embeddable":true,"href":"https:\/\/aspirateur-cyclovac.ch\/de\/wp-json\/wp\/v2\/product_tag?post=5512"}],"curies":[{"name":"wp","href":"https:\/\/api.w.org\/{rel}","templated":true}]}}