{"id":5470,"date":"2014-08-23T16:15:40","date_gmt":"2014-08-23T14:15:40","guid":{"rendered":"https:\/\/aspirateur-cyclovac.ch\/?post_type=product&#038;p=5470"},"modified":"2026-02-19T19:37:57","modified_gmt":"2026-02-19T18:37:57","slug":"tuyau-pvc","status":"publish","type":"product","link":"https:\/\/aspirateur-cyclovac.ch\/de\/Shop\/tuyau-pvc\/","title":{"rendered":"Tuyau PVC"},"content":{"rendered":"<p>Tuyau PVC sp\u00e9ciale aspiration centralis\u00e9e.<\/p>\n<ul>\n<li>Diam\u00e8tre 50.8 mm (2 pouces)<\/li>\n<li>Longueur des tubes, 2m\/l<\/li>\n<li>PVC r\u00e9sistant adapt\u00e9 pour l&#8217;installation en chape ou dalle b\u00e9ton<\/li>\n<\/ul>\n<p>Il vous faudra des <a href=\"https:\/\/aspirateur-cyclovac.ch\/boutique\/manchon\/\">manchons<\/a> pour les emboit\u00e9s les uns les autres.<\/p>\n<p>&nbsp;<\/p>\n","protected":false},"excerpt":{"rendered":"<h2 data-fontsize=\"40\" data-lineheight=\"48\">Tuyau PVC sp\u00e9ciale aspiration centralis\u00e9e (tube de 2m\/l)<\/h2>\n<p>Diam\u00e8tre 50.8 mm, longueur des tubes 2m\/l, PVC r\u00e9sistant adapt\u00e9 pour l&#8217;installation en chape ou dalle b\u00e9ton.<\/p>\n","protected":false},"featured_media":5451,"comment_status":"open","ping_status":"closed","template":"","meta":{"iawp_total_views":1},"product_brand":[],"product_cat":[792],"product_tag":[854,795],"class_list":{"0":"post-5470","1":"product","2":"type-product","3":"status-publish","4":"has-post-thumbnail","6":"product_cat-installation-und-anschluss","7":"product_tag-pvc","8":"product_tag-rohr","9":"product_shipping_class-ueber-2-m-30-kg","11":"first","12":"instock","13":"taxable","14":"shipping-taxable","15":"purchasable","16":"product-type-simple"},"yoast_head":"<!-- This site is optimized with the Yoast SEO plugin v27.0 - https:\/\/yoast.com\/product\/yoast-seo-wordpress\/ -->\n<title>Tuyau PVC - Aspirateur Central Cyclo Vac Suisse<\/title>\n<meta name=\"description\" content=\"Tuyau PVC sp\u00e9ciale aspiration centralis\u00e9e (tube de 2m\/l) Diam\u00e8tre 50.8 mm, longueur des tubes 2m\/l, PVC r\u00e9sistant adapt\u00e9 pour l&#039;installation en chape ou dalle b\u00e9ton.\" \/>\n<meta name=\"robots\" content=\"index, follow, max-snippet:-1, max-image-preview:large, max-video-preview:-1\" \/>\n<link rel=\"canonical\" href=\"https:\/\/aspirateur-cyclovac.ch\/de\/Shop\/tuyau-pvc\/\" \/>\n<meta property=\"og:locale\" content=\"de_DE\" \/>\n<meta property=\"og:type\" content=\"article\" \/>\n<meta property=\"og:title\" content=\"Tuyau PVC - Aspirateur Central Cyclo Vac Suisse\" \/>\n<meta property=\"og:description\" content=\"Tuyau PVC sp\u00e9ciale aspiration centralis\u00e9e (tube de 2m\/l) Diam\u00e8tre 50.8 mm, longueur des tubes 2m\/l, PVC r\u00e9sistant adapt\u00e9 pour l&#039;installation en chape ou dalle b\u00e9ton.\" \/>\n<meta property=\"og:url\" content=\"https:\/\/aspirateur-cyclovac.ch\/de\/Shop\/tuyau-pvc\/\" \/>\n<meta property=\"og:site_name\" content=\"Aspirateur Central Cyclo Vac Suisse\" \/>\n<meta property=\"article:publisher\" content=\"https:\/\/www.facebook.com\/cyclovacsuisse\/\" \/>\n<meta property=\"article:modified_time\" content=\"2026-02-19T18:37:57+00:00\" \/>\n<meta property=\"og:image\" content=\"https:\/\/aspirateur-cyclovac.ch\/wp-content\/uploads\/2014\/08\/tcpvc_-_bv-central-aspirateur-cyclovac-ch.jpg\" \/>\n\t<meta property=\"og:image:width\" content=\"500\" \/>\n\t<meta property=\"og:image:height\" content=\"500\" \/>\n\t<meta property=\"og:image:type\" content=\"image\/jpeg\" \/>\n<meta name=\"twitter:card\" content=\"summary_large_image\" \/>\n<meta name=\"twitter:site\" content=\"@CycloVac_Suisse\" \/>\n<meta name=\"twitter:label1\" content=\"Gesch\u00e4tzte Lesezeit\" \/>\n\t<meta name=\"twitter:data1\" content=\"1 Minute\" \/>\n<!-- \/ Yoast SEO plugin. -->","yoast_head_json":{"title":"Tuyau PVC - Aspirateur Central Cyclo Vac Suisse","description":"Tuyau PVC sp\u00e9ciale aspiration centralis\u00e9e (tube de 2m\/l) Diam\u00e8tre 50.8 mm, longueur des tubes 2m\/l, PVC r\u00e9sistant adapt\u00e9 pour l'installation en chape ou dalle b\u00e9ton.","robots":{"index":"index","follow":"follow","max-snippet":"max-snippet:-1","max-image-preview":"max-image-preview:large","max-video-preview":"max-video-preview:-1"},"canonical":"https:\/\/aspirateur-cyclovac.ch\/de\/Shop\/tuyau-pvc\/","og_locale":"de_DE","og_type":"article","og_title":"Tuyau PVC - Aspirateur Central Cyclo Vac Suisse","og_description":"Tuyau PVC sp\u00e9ciale aspiration centralis\u00e9e (tube de 2m\/l) Diam\u00e8tre 50.8 mm, longueur des tubes 2m\/l, PVC r\u00e9sistant adapt\u00e9 pour l'installation en chape ou dalle b\u00e9ton.","og_url":"https:\/\/aspirateur-cyclovac.ch\/de\/Shop\/tuyau-pvc\/","og_site_name":"Aspirateur Central Cyclo Vac Suisse","article_publisher":"https:\/\/www.facebook.com\/cyclovacsuisse\/","article_modified_time":"2026-02-19T18:37:57+00:00","og_image":[{"width":500,"height":500,"url":"https:\/\/aspirateur-cyclovac.ch\/wp-content\/uploads\/2014\/08\/tcpvc_-_bv-central-aspirateur-cyclovac-ch.jpg","type":"image\/jpeg"}],"twitter_card":"summary_large_image","twitter_site":"@CycloVac_Suisse","twitter_misc":{"Gesch\u00e4tzte Lesezeit":"1 Minute"},"schema":{"@context":"https:\/\/schema.org","@graph":[{"@type":"WebPage","@id":"https:\/\/aspirateur-cyclovac.ch\/de\/Shop\/tuyau-pvc\/","url":"https:\/\/aspirateur-cyclovac.ch\/de\/Shop\/tuyau-pvc\/","name":"Tuyau PVC - Aspirateur Central Cyclo Vac Suisse","isPartOf":{"@id":"https:\/\/aspirateur-cyclovac.ch\/de\/#website"},"primaryImageOfPage":{"@id":"https:\/\/aspirateur-cyclovac.ch\/de\/Shop\/tuyau-pvc\/#primaryimage"},"image":{"@id":"https:\/\/aspirateur-cyclovac.ch\/de\/Shop\/tuyau-pvc\/#primaryimage"},"thumbnailUrl":"https:\/\/aspirateur-cyclovac.ch\/wp-content\/uploads\/2014\/08\/tcpvc_-_bv-central-aspirateur-cyclovac-ch.jpg","datePublished":"2014-08-23T14:15:40+00:00","dateModified":"2026-02-19T18:37:57+00:00","description":"Tuyau PVC sp\u00e9ciale aspiration centralis\u00e9e (tube de 2m\/l) Diam\u00e8tre 50.8 mm, longueur des tubes 2m\/l, PVC r\u00e9sistant adapt\u00e9 pour l'installation en chape ou dalle b\u00e9ton.","breadcrumb":{"@id":"https:\/\/aspirateur-cyclovac.ch\/de\/Shop\/tuyau-pvc\/#breadcrumb"},"inLanguage":"de","potentialAction":[{"@type":"ReadAction","target":["https:\/\/aspirateur-cyclovac.ch\/de\/Shop\/tuyau-pvc\/"]}]},{"@type":"ImageObject","inLanguage":"de","@id":"https:\/\/aspirateur-cyclovac.ch\/de\/Shop\/tuyau-pvc\/#primaryimage","url":"https:\/\/aspirateur-cyclovac.ch\/wp-content\/uploads\/2014\/08\/tcpvc_-_bv-central-aspirateur-cyclovac-ch.jpg","contentUrl":"https:\/\/aspirateur-cyclovac.ch\/wp-content\/uploads\/2014\/08\/tcpvc_-_bv-central-aspirateur-cyclovac-ch.jpg","width":500,"height":500,"caption":"Tuyau"},{"@type":"BreadcrumbList","@id":"https:\/\/aspirateur-cyclovac.ch\/de\/Shop\/tuyau-pvc\/#breadcrumb","itemListElement":[{"@type":"ListItem","position":1,"name":"Startseite","item":"https:\/\/aspirateur-cyclovac.ch\/de\/"},{"@type":"ListItem","position":2,"name":"Shop","item":"https:\/\/aspirateur-cyclovac.ch\/de\/shop\/"},{"@type":"ListItem","position":3,"name":"Tuyau PVC"}]},{"@type":"WebSite","@id":"https:\/\/aspirateur-cyclovac.ch\/de\/#website","url":"https:\/\/aspirateur-cyclovac.ch\/de\/","name":"Aspirateur Central Cyclo Vac Suisse","description":"Aspiration centralis\u00e9e pour tous !","publisher":{"@id":"https:\/\/aspirateur-cyclovac.ch\/de\/#organization"},"potentialAction":[{"@type":"SearchAction","target":{"@type":"EntryPoint","urlTemplate":"https:\/\/aspirateur-cyclovac.ch\/de\/?s={search_term_string}"},"query-input":{"@type":"PropertyValueSpecification","valueRequired":true,"valueName":"search_term_string"}}],"inLanguage":"de"},{"@type":"Organization","@id":"https:\/\/aspirateur-cyclovac.ch\/de\/#organization","name":"SimplyVac S\u00e0rl","url":"https:\/\/aspirateur-cyclovac.ch\/de\/","logo":{"@type":"ImageObject","inLanguage":"de","@id":"https:\/\/aspirateur-cyclovac.ch\/de\/#\/schema\/logo\/image\/","url":"http:\/\/aspirateur-cyclovac.ch\/wp-content\/uploads\/2016\/11\/Logo-Bg_100.jpg","contentUrl":"http:\/\/aspirateur-cyclovac.ch\/wp-content\/uploads\/2016\/11\/Logo-Bg_100.jpg","width":100,"height":100,"caption":"SimplyVac S\u00e0rl"},"image":{"@id":"https:\/\/aspirateur-cyclovac.ch\/de\/#\/schema\/logo\/image\/"},"sameAs":["https:\/\/www.facebook.com\/cyclovacsuisse\/","https:\/\/x.com\/CycloVac_Suisse","https:\/\/www.instagram.com\/cyclo_vac_suisse\/","https:\/\/www.youtube.com\/channel\/UCXPmXj1HKX_o544r27GOL5w"]}]}},"_links":{"self":[{"href":"https:\/\/aspirateur-cyclovac.ch\/de\/wp-json\/wp\/v2\/product\/5470","targetHints":{"allow":["GET"]}}],"collection":[{"href":"https:\/\/aspirateur-cyclovac.ch\/de\/wp-json\/wp\/v2\/product"}],"about":[{"href":"https:\/\/aspirateur-cyclovac.ch\/de\/wp-json\/wp\/v2\/types\/product"}],"replies":[{"embeddable":true,"href":"https:\/\/aspirateur-cyclovac.ch\/de\/wp-json\/wp\/v2\/comments?post=5470"}],"wp:featuredmedia":[{"embeddable":true,"href":"https:\/\/aspirateur-cyclovac.ch\/de\/wp-json\/wp\/v2\/media\/5451"}],"wp:attachment":[{"href":"https:\/\/aspirateur-cyclovac.ch\/de\/wp-json\/wp\/v2\/media?parent=5470"}],"wp:term":[{"taxonomy":"product_brand","embeddable":true,"href":"https:\/\/aspirateur-cyclovac.ch\/de\/wp-json\/wp\/v2\/product_brand?post=5470"},{"taxonomy":"product_cat","embeddable":true,"href":"https:\/\/aspirateur-cyclovac.ch\/de\/wp-json\/wp\/v2\/product_cat?post=5470"},{"taxonomy":"product_tag","embeddable":true,"href":"https:\/\/aspirateur-cyclovac.ch\/de\/wp-json\/wp\/v2\/product_tag?post=5470"}],"curies":[{"name":"wp","href":"https:\/\/api.w.org\/{rel}","templated":true}]}}