{"id":5804,"date":"2014-08-15T12:13:02","date_gmt":"2014-08-15T10:13:02","guid":{"rendered":"https:\/\/aspirateur-cyclovac.ch\/installation-im-bestand\/"},"modified":"2026-02-17T14:26:04","modified_gmt":"2026-02-17T13:26:04","slug":"installation-im-bestand","status":"publish","type":"page","link":"https:\/\/aspirateur-cyclovac.ch\/de\/installation-im-bestand\/","title":{"rendered":"Installation im Bestand"},"content":{"rendered":"<div class=\"wpb-content-wrapper\">[vc_row row_type=&#8220;section&#8220; type=&#8220;full_width&#8220; text_align=&#8220;left&#8220; background_color=&#8220;#d6d6d6&#8243;][vc_column width=&#8220;1\/1&#8243;]<span class=\"custom_font_holder\" style=\"font-family: boton.light; font-size: 15px; line-height: 26px; font-style: normal; font-weight: 300; color: #4d4d4d; text-decoration: none; padding: 0; margin: 0; text-align: center;\">\n<h2>Einfach in allen Geb\u00e4uden zu installieren<\/h2>\n<\/span>[\/vc_column][\/vc_row][vc_row row_type=&#8220;section&#8220; type=&#8220;grid&#8220; text_align=&#8220;left&#8220;][vc_column width=&#8220;1\/3&#8243;]<span class=\"q_font_awsome_icon fa-3x pull-left q_icon_animation\" style=\"margin: 10px; transition-delay: 200ms; -webkit-transition-delay: 200ms; -moz-transition-delay: 200ms; -o-transition-delay: 200ms;\"><i class=\"fa fa-puzzle-piece\" style=\"\"><\/i><\/span>[vc_column_text]\n<h2 style=\"padding-top: 13px;\">Einfach zu installieren<\/h2>\n[\/vc_column_text][vc_column_text]\n<h3 style=\"font-size: 20px !important; padding-top: 15px; padding-bottom: 10px;\">Zentralstaubsaugeranlage im Bestand<\/h3>\n<p>Entgegen der landl\u00e4ufigen Meinung kann eine Zentralstaubsaugeranlage in allen Arten von bestehenden Geb\u00e4uden installiert werden, ohne Besch\u00e4digungen und ohne die \u00c4sthetik zu beeintr\u00e4chtigen. Ob f\u00fcr einen Neubau, eine Renovierung oder ein Installationsprojekt in Ihrem Haus, es gibt immer eine M\u00f6glichkeit, ein Saugsystem anzupassen. <\/p>\n<p>&nbsp;<\/p>\n<h3>Die Installation<\/h3>\n<p>&nbsp;<\/p>\n<h3>Der Staubsauger:<\/h3>\n<p>&nbsp;<\/p>\n<p>Der Zentralstaubsauger wird an einem Ort au\u00dferhalb der Wohnr\u00e4ume installiert. Entweder in der Garage, der Werkstatt, im Keller, unter einer Treppe, auf einem Dachboden, in einem Waschraum oder sogar in einem Schrank. Angesichts der hohen Filtrationsleistung des Cyclo Vac Zentralstaubsaugers ist keine externe Luftabsaugung f\u00fcr den Staubsauger erforderlich. Er ist an ein spezielles PVC-Rohrnetz f\u00fcr Zentralstaubsaugeranlagen angeschlossen.[\/vc_column_text][\/vc_column][vc_column width=&#8220;2\/3&#8243;][vc_row_inner][vc_column_inner width=&#8220;1\/4&#8243;][\/vc_column_inner][vc_column_inner width=&#8220;3\/4&#8243;]<span class=\"q_font_awsome_icon fa-3x pull-left q_icon_animation\" style=\"margin: 10px; transition-delay: 200ms; -webkit-transition-delay: 200ms; -moz-transition-delay: 200ms; -o-transition-delay: 200ms;\"><i class=\"fa fa-search\" style=\"\"><\/i><\/span>[vc_column_text]\n<h2 style=\"padding-top: 13px;\">L\u00f6sungen<\/h2>\n[\/vc_column_text][vc_column_text]\n<h3 style=\"font-size: 20px !important; padding-top: 15px; padding-bottom: 10px;\">  Das PVC-Rohrnetz:<\/h3>\n<p>Der Gro\u00dfteil des Rohrnetzes kann diskret an der Decke der Garage, der Werkstatt, des Kellers, des Dachbodens, des Waschraums, eines Technikschachts oder an jedem anderen Ort befestigt werden, der das Rohr verdeckt. F\u00fcr die letzten Meter vor den Saugdosen ist es notwendig, strategische und \u00e4sthetische Orte zu w\u00e4hlen, wie Schr\u00e4nke, Ankleidezimmer, Toiletten, unter Treppen, unter K\u00fcchenelementen usw., um die Verrohrung zu verbergen, entweder auf nat\u00fcrliche Weise, wie es bei einem Schrank der Fall ist, oder durch eine \u00e4sthetische Abschlussleiste.<\/p>\n<p>&nbsp;<\/p>\n<h3>Die Saugdosen:<\/h3>\n<p>&nbsp;<\/p>\n<p>Die Saugdosen werden beispielsweise an den Schrankw\u00e4nden oder direkt am Boden befestigt.<\/p>\n<p>&nbsp;<\/p>\n<h3>Fazit<\/h3>\n<p>&nbsp;<\/p>\n<p>Es gibt immer eine L\u00f6sung, auch in \u00e4lteren Geb\u00e4uden. Da das System sehr einfach ist, kann ein geschickter Heimwerker es mit Hilfe des Installationskits, der Erkl\u00e4rvideos und unserer Beratung selbst installieren. F\u00fcr die Erstellung eines Angebots begleiten wir jeden Kunden mit unserer Beratung bei der Machbarkeitsstudie der Installation.[\/vc_column_text][vc_separator type=&#8220;transparent&#8220; position=&#8220;center&#8220;][vc_separator type=&#8220;transparent&#8220; position=&#8220;center&#8220;]<div class='q_call_to_action normal' style='background-color: #d6d6d6;'><div class='two_columns_75_25 clearfix'><div class='column1'><div class='column_inner'>\n<h2 style=\"font-size: 20px;\"><i class=\"fa fa-envelope-o\"><\/i> contactez-nous <i class=\"fa fa-angle-right\"><\/i><\/h2>\n<\/div><\/div><div class='column2'><div class='column_inner'><a class='qbutton tiny' href='mailto:info@aspirateur-cyclovac.ch' target='' style=''>e-mail<\/a><\/div><\/div><\/div><\/div>[\/vc_column_inner][\/vc_row_inner][\/vc_column][\/vc_row][vc_row][vc_column width=&#8220;1\/1&#8243;][vc_video title=&#8220;Zentralstaubsauger im Bestand installieren&#8220; link=&#8220;https:\/\/www.youtube.com\/watch?v=TJsglfTQgK8&#8243;][\/vc_column][\/vc_row]\n<\/div>","protected":false},"excerpt":{"rendered":"<p>[vc_row row_type=&#8220;section&#8220; type=&#8220;full_width&#8220; text_align=&#8220;left&#8220; background_color=&#8220;#d6d6d6&#8243;][vc_column width=&#8220;1\/1&#8243;][\/vc_column][\/vc_row][vc_row row_type=&#8220;section&#8220; type=&#8220;grid&#8220; text_align=&#8220;left&#8220;][vc_column width=&#8220;1\/3&#8243;][vc_column_text] Einfach zu installieren [\/vc_column_text][vc_column_text] Zentralstaubsaugeranlage im Bestand Entgegen der landl\u00e4ufigen Meinung kann eine Zentralstaubsaugeranlage in allen Arten von bestehenden Geb\u00e4uden installiert werden, ohne Besch\u00e4digungen und ohne die \u00c4sthetik zu beeintr\u00e4chtigen. Ob f\u00fcr einen Neubau, eine&#8230;<\/p>\n","protected":false},"author":2,"featured_media":0,"parent":0,"menu_order":34,"comment_status":"closed","ping_status":"closed","template":"full_width.php","meta":{"iawp_total_views":4,"footnotes":""},"class_list":["post-5804","page","type-page","status-publish","hentry"],"yoast_head":"<!-- This site is optimized with the Yoast SEO plugin v27.0 - https:\/\/yoast.com\/product\/yoast-seo-wordpress\/ -->\n<title>Zentralstaubsaugeranlage installieren | Cyclo Vac Zentralstaubsauger im Bestand!<\/title>\n<meta name=\"description\" content=\"Profitieren Sie von der einfachen Installation eines Cyclo Vac Zentralstaubsaugers, sei es im Neubau, bei Renovierungen oder in bereits bestehenden Geb\u00e4uden.\" \/>\n<meta name=\"robots\" content=\"index, follow, max-snippet:-1, max-image-preview:large, max-video-preview:-1\" \/>\n<link rel=\"canonical\" href=\"https:\/\/aspirateur-cyclovac.ch\/de\/installation-im-bestand\/\" \/>\n<meta property=\"og:locale\" content=\"de_DE\" \/>\n<meta property=\"og:type\" content=\"article\" \/>\n<meta property=\"og:title\" content=\"Zentralstaubsaugeranlage installieren | Cyclo Vac Zentralstaubsauger im Bestand!\" \/>\n<meta property=\"og:description\" content=\"Profitieren Sie von der einfachen Installation eines Cyclo Vac Zentralstaubsaugers, sei es im Neubau, bei Renovierungen oder in bereits bestehenden Geb\u00e4uden.\" \/>\n<meta property=\"og:url\" content=\"https:\/\/aspirateur-cyclovac.ch\/de\/installation-im-bestand\/\" \/>\n<meta property=\"og:site_name\" content=\"Aspirateur Central Cyclo Vac Suisse\" \/>\n<meta property=\"article:publisher\" content=\"https:\/\/www.facebook.com\/cyclovacsuisse\/\" \/>\n<meta property=\"article:modified_time\" content=\"2026-02-17T13:26:04+00:00\" \/>\n<meta property=\"og:image\" content=\"https:\/\/aspirateur-cyclovac.ch\/wp-content\/uploads\/2016\/12\/opengraph-facebook-cyclovac.jpg\" \/>\n\t<meta property=\"og:image:width\" content=\"1200\" \/>\n\t<meta property=\"og:image:height\" content=\"630\" \/>\n\t<meta property=\"og:image:type\" content=\"image\/jpeg\" \/>\n<meta name=\"twitter:card\" content=\"summary_large_image\" \/>\n<meta name=\"twitter:site\" content=\"@CycloVac_Suisse\" \/>\n<meta name=\"twitter:label1\" content=\"Gesch\u00e4tzte Lesezeit\" \/>\n\t<meta name=\"twitter:data1\" content=\"3 Minute\" \/>\n<!-- \/ Yoast SEO plugin. -->","yoast_head_json":{"title":"Zentralstaubsaugeranlage installieren | Cyclo Vac Zentralstaubsauger im Bestand!","description":"Profitieren Sie von der einfachen Installation eines Cyclo Vac Zentralstaubsaugers, sei es im Neubau, bei Renovierungen oder in bereits bestehenden Geb\u00e4uden.","robots":{"index":"index","follow":"follow","max-snippet":"max-snippet:-1","max-image-preview":"max-image-preview:large","max-video-preview":"max-video-preview:-1"},"canonical":"https:\/\/aspirateur-cyclovac.ch\/de\/installation-im-bestand\/","og_locale":"de_DE","og_type":"article","og_title":"Zentralstaubsaugeranlage installieren | Cyclo Vac Zentralstaubsauger im Bestand!","og_description":"Profitieren Sie von der einfachen Installation eines Cyclo Vac Zentralstaubsaugers, sei es im Neubau, bei Renovierungen oder in bereits bestehenden Geb\u00e4uden.","og_url":"https:\/\/aspirateur-cyclovac.ch\/de\/installation-im-bestand\/","og_site_name":"Aspirateur Central Cyclo Vac Suisse","article_publisher":"https:\/\/www.facebook.com\/cyclovacsuisse\/","article_modified_time":"2026-02-17T13:26:04+00:00","og_image":[{"width":1200,"height":630,"url":"https:\/\/aspirateur-cyclovac.ch\/wp-content\/uploads\/2016\/12\/opengraph-facebook-cyclovac.jpg","type":"image\/jpeg"}],"twitter_card":"summary_large_image","twitter_site":"@CycloVac_Suisse","twitter_misc":{"Gesch\u00e4tzte Lesezeit":"3 Minute"},"schema":{"@context":"https:\/\/schema.org","@graph":[{"@type":"WebPage","@id":"https:\/\/aspirateur-cyclovac.ch\/de\/installation-im-bestand\/","url":"https:\/\/aspirateur-cyclovac.ch\/de\/installation-im-bestand\/","name":"Zentralstaubsaugeranlage installieren | Cyclo Vac Zentralstaubsauger im Bestand!","isPartOf":{"@id":"https:\/\/aspirateur-cyclovac.ch\/de\/#website"},"datePublished":"2014-08-15T10:13:02+00:00","dateModified":"2026-02-17T13:26:04+00:00","description":"Profitieren Sie von der einfachen Installation eines Cyclo Vac Zentralstaubsaugers, sei es im Neubau, bei Renovierungen oder in bereits bestehenden Geb\u00e4uden.","breadcrumb":{"@id":"https:\/\/aspirateur-cyclovac.ch\/de\/installation-im-bestand\/#breadcrumb"},"inLanguage":"de","potentialAction":[{"@type":"ReadAction","target":["https:\/\/aspirateur-cyclovac.ch\/de\/installation-im-bestand\/"]}]},{"@type":"BreadcrumbList","@id":"https:\/\/aspirateur-cyclovac.ch\/de\/installation-im-bestand\/#breadcrumb","itemListElement":[{"@type":"ListItem","position":1,"name":"Startseite","item":"https:\/\/aspirateur-cyclovac.ch\/de\/"},{"@type":"ListItem","position":2,"name":"Installation im Bestand"}]},{"@type":"WebSite","@id":"https:\/\/aspirateur-cyclovac.ch\/de\/#website","url":"https:\/\/aspirateur-cyclovac.ch\/de\/","name":"Aspirateur Central Cyclo Vac Suisse","description":"Aspiration centralis\u00e9e pour tous !","publisher":{"@id":"https:\/\/aspirateur-cyclovac.ch\/de\/#organization"},"potentialAction":[{"@type":"SearchAction","target":{"@type":"EntryPoint","urlTemplate":"https:\/\/aspirateur-cyclovac.ch\/de\/?s={search_term_string}"},"query-input":{"@type":"PropertyValueSpecification","valueRequired":true,"valueName":"search_term_string"}}],"inLanguage":"de"},{"@type":"Organization","@id":"https:\/\/aspirateur-cyclovac.ch\/de\/#organization","name":"SimplyVac S\u00e0rl","url":"https:\/\/aspirateur-cyclovac.ch\/de\/","logo":{"@type":"ImageObject","inLanguage":"de","@id":"https:\/\/aspirateur-cyclovac.ch\/de\/#\/schema\/logo\/image\/","url":"http:\/\/aspirateur-cyclovac.ch\/wp-content\/uploads\/2016\/11\/Logo-Bg_100.jpg","contentUrl":"http:\/\/aspirateur-cyclovac.ch\/wp-content\/uploads\/2016\/11\/Logo-Bg_100.jpg","width":100,"height":100,"caption":"SimplyVac S\u00e0rl"},"image":{"@id":"https:\/\/aspirateur-cyclovac.ch\/de\/#\/schema\/logo\/image\/"},"sameAs":["https:\/\/www.facebook.com\/cyclovacsuisse\/","https:\/\/x.com\/CycloVac_Suisse","https:\/\/www.instagram.com\/cyclo_vac_suisse\/","https:\/\/www.youtube.com\/channel\/UCXPmXj1HKX_o544r27GOL5w"]}]}},"_links":{"self":[{"href":"https:\/\/aspirateur-cyclovac.ch\/de\/wp-json\/wp\/v2\/pages\/5804","targetHints":{"allow":["GET"]}}],"collection":[{"href":"https:\/\/aspirateur-cyclovac.ch\/de\/wp-json\/wp\/v2\/pages"}],"about":[{"href":"https:\/\/aspirateur-cyclovac.ch\/de\/wp-json\/wp\/v2\/types\/page"}],"author":[{"embeddable":true,"href":"https:\/\/aspirateur-cyclovac.ch\/de\/wp-json\/wp\/v2\/users\/2"}],"replies":[{"embeddable":true,"href":"https:\/\/aspirateur-cyclovac.ch\/de\/wp-json\/wp\/v2\/comments?post=5804"}],"version-history":[{"count":2,"href":"https:\/\/aspirateur-cyclovac.ch\/de\/wp-json\/wp\/v2\/pages\/5804\/revisions"}],"predecessor-version":[{"id":5806,"href":"https:\/\/aspirateur-cyclovac.ch\/de\/wp-json\/wp\/v2\/pages\/5804\/revisions\/5806"}],"wp:attachment":[{"href":"https:\/\/aspirateur-cyclovac.ch\/de\/wp-json\/wp\/v2\/media?parent=5804"}],"curies":[{"name":"wp","href":"https:\/\/api.w.org\/{rel}","templated":true}]}}