{"id":5587,"date":"2014-07-01T12:00:38","date_gmt":"2014-07-01T10:00:38","guid":{"rendered":"https:\/\/aspirateur-cyclovac.ch\/neues-retraflex-ii-system\/"},"modified":"2026-02-19T11:18:08","modified_gmt":"2026-02-19T10:18:08","slug":"retraflex","status":"publish","type":"page","link":"https:\/\/aspirateur-cyclovac.ch\/de\/retraflex\/","title":{"rendered":"Retraflex"},"content":{"rendered":"<div class=\"wpb-content-wrapper\">[vc_row row_type=&#8220;section&#8220; type=&#8220;full_width&#8220; text_align=&#8220;left&#8220; video=&#8220;&#8220; background_color=&#8220;#d6d6d6&#8243;][vc_column]<span class=\"custom_font_holder\" style=\"font-family: boston-bold; font-size: 15px; line-height: 26px; font-style: normal; font-weight: 900; color: #4d4d4d; text-decoration: none; text-align: center;\">\n<h2>Eine Innovation, die Ihnen das Leben vereinfacht <a href=\"https:\/\/retraflex.ch\" target=\"_blank\" rel=\"noopener noreferrer\"><img loading=\"lazy\" decoding=\"async\" class=\"alignright wp-image-2337 size-full\" src=\"https:\/\/aspirateur-cyclovac.ch\/wp-content\/uploads\/2014\/07\/nouveau-retraflex-aspirateur-cyclovac.ch_.png\" alt=\"Neues R\u00e9traFlex\" width=\"300\" height=\"96\" \/><\/a><\/h2>\n<\/span>[\/vc_column][\/vc_row][vc_row row_type=&#8220;section&#8220; type=&#8220;grid&#8220; text_align=&#8220;left&#8220; video=&#8220;&#8220;][vc_column width=&#8220;1\/3&#8243;][vc_column_text css=&#8220;.vc_custom_1541517838728{padding-bottom: 15px !important;}&#8220;]\n<h2>Was das neue R\u00e9traflex II System bietet<\/h2>\n<p>&nbsp;<\/p>\n<h2><a href=\"https:\/\/retraflex.ch\" target=\"_blank\" rel=\"noopener noreferrer\"><img loading=\"lazy\" decoding=\"async\" class=\"alignleft wp-image-2337 size-full\" src=\"http:\/\/aspirateur-cyclovac.ch\/wp-content\/uploads\/2014\/07\/nouveau-retraflex-aspirateur-cyclovac.ch_.png\" alt=\"R\u00e9traFlex Logo\" width=\"300\" height=\"96\" \/><\/a><\/h2>\n<p>&nbsp;<\/p>\n<p>&nbsp;<\/p>\n<p>&nbsp;<\/p>\n<p>&nbsp;<\/p>\n<p>F\u00fcr weitere Details laden Sie die Brosch\u00fcren herunter:<\/p>\n<p>&nbsp;<\/p>\n<p><a href=\"https:\/\/aspirateur-cyclovac.ch\/de\/themencode-pdf-viewer-sc-nicht-loeschen\/?tnc_pvfw=ZmlsZT1odHRwczovL2FzcGlyYXRldXItY3ljbG92YWMuY2gvd3AtY29udGVudC91cGxvYWRzLzIwMTgvMTEvYnJvY2h1cmUtcmV0cmFmbGV4LUlJLXd3dy5yZXRyYWZsZXguY2hfLlYxcGRmLnBkZiZzZXR0aW5ncz0xMTExMTExMSZsYW5nPWVuLVVT#page=&amp;zoom=auto&amp;pagemode=\" target=\"_blank\" rel=\"noopener noreferrer\">Pr\u00e4sentationsbrosch\u00fcre <\/a><\/p>\n<p>&nbsp;<\/p>\n<p><a href=\"https:\/\/aspirateur-cyclovac.ch\/de\/themencode-pdf-viewer-sc-nicht-loeschen\/?tnc_pvfw=ZmlsZT1odHRwczovL2FzcGlyYXRldXItY3ljbG92YWMuY2gvd3AtY29udGVudC91cGxvYWRzLzIwMTgvMTAvZ3VpZGUtaW5zdGFsbGF0aW9uLXJldHJhZmxleC0yLTEucGRmJnNldHRpbmdzPTExMTExMTExJmxhbmc9ZW4tVVM=#page=&amp;zoom=auto&amp;pagemode=\" target=\"_blank\" rel=\"noopener noreferrer\">R\u00e9traflex Installationsanleitung<\/a><\/p>\n<p>&nbsp;<\/p>\n<h4 data-fontsize=\"28\" data-lineheight=\"36\">Neue Generation der R\u00e9traflex Steckdose<\/h4>\n<ul>\n<li>Steckdose 20 % kleiner als das erste Modell<\/li>\n<li>Neue Ein-\/Aus-Funktion hinzugef\u00fcgt<\/li>\n<li>Einfacher bei Renovierungen zu installieren<\/li>\n<li>Ergonomischer<\/li>\n<\/ul>\n<p>&nbsp;<\/p>\n<h3><\/h3>\n<h3>Neuheit!<\/h3>\n[\/vc_column_text]<a href=\"https:\/\/aspirateur-cyclovac.ch\/devis\/\" target=\"_self\" class=\"qbutton  large\" style=\"\">Devis Gratuit<i class=\"fa fa-envelope-o fa-3x\" style=\"\"><\/i><\/a>[\/vc_column][vc_column width=&#8220;2\/3&#8243;][vc_single_image image=&#8220;5590&#8243; img_size=&#8220;813&#215;570&#8243; alignment=&#8220;center&#8220; onclick=&#8220;custom_link&#8220; img_link_target=&#8220;_blank&#8220; link=&#8220;https:\/\/retraflex.ch\/&#8220;][vc_single_image image=&#8220;5588&#8243; img_size=&#8220;719X242&#8243; alignment=&#8220;center&#8220; onclick=&#8220;custom_link&#8220; img_link_target=&#8220;_blank&#8220; link=&#8220;https:\/\/retraflex.ch&#8220;][\/vc_column][\/vc_row][vc_row row_type=&#8220;section&#8220; type=&#8220;grid&#8220; text_align=&#8220;left&#8220; video=&#8220;&#8220;][vc_column width=&#8220;1\/3&#8243;]<span class=\"q_font_awsome_icon fa-3x  q_icon_animation\" style=\"margin: 15px; transition-delay: 200ms; -webkit-transition-delay: 200ms; -moz-transition-delay: 200ms; -o-transition-delay: 200ms;\"><i class=\"fa fa-flag\" style=\"\"><\/i><\/span>[vc_column_text]\n<h2>Anerkannte Vorteile<\/h2>\n<p>&nbsp;<\/p>\n<p>Die Zentralstaubsauganlage vereint mehrere Vorteile:<\/p>\n<ul>\n<li>Moderne Ausstattung f\u00fcr kraftvolles Saugen<\/li>\n<li>Vereinfachung des Haushalts, die saubere und ges\u00fcndere Luft im ganzen Haus bietet<\/li>\n<li>Eine \u00f6kologische und \u00f6konomische Dimension<\/li>\n<li>Alles in einem perfekt unsichtbaren System.<\/li>\n<\/ul>\n[\/vc_column_text][vc_column_text css=&#8220;.vc_custom_1483777570424{padding-top: 15px !important;}&#8220;]\n<h3 style=\"padding-bottom: 10px;\">Das Sahneh\u00e4ubchen<\/h3>\n<p>Nachdem Cyclo Vac und sein neues R\u00e9traflex System Ihren Staubsauger verschwinden lassen haben, lassen sie auch den Schlauch auf einfachste Weise verschwinden \u2013 ein Bedienkomfort, auf den Sie nach dem Testen nicht mehr verzichten m\u00f6chten&#8230;[\/vc_column_text][\/vc_column][vc_column width=&#8220;1\/3&#8243;]<span class=\"q_font_awsome_icon fa-3x  q_icon_animation\" style=\"margin: 15px; transition-delay: 200ms; -webkit-transition-delay: 200ms; -moz-transition-delay: 200ms; -o-transition-delay: 200ms;\"><i class=\"fa fa-thumbs-o-up\" style=\"\"><\/i><\/span>[vc_column_text]\n<h2>Weniger Schr\u00e4nke, kein Schlauch mehr!<\/h2>\n<p>&nbsp;<\/p>\n<p>Rollen Sie einfach Ihren Schlauch auf die gew\u00fcnschte L\u00e4nge aus, und schon kann es losgehen. F\u00fcr Ihren Bereich stehen Schl\u00e4uche von 9 bis 18 m zur Verf\u00fcgung.[\/vc_column_text][vc_column_text css=&#8220;.vc_custom_1483777920247{padding-top: 15px !important;}&#8220;]\n<h3 style=\"padding-bottom: 10px;\">Der Standort<\/h3>\n<p>Das neue R\u00e9traflex System nutzt das Rohrsystem der Zentralstaubsauganlage, sodass Sie keinen Platz mehr f\u00fcr die Aufbewahrung des Schlauchs ben\u00f6tigen.[\/vc_column_text][\/vc_column][vc_column width=&#8220;1\/3&#8243;]<span class=\"q_font_awsome_icon fa-3x  q_icon_animation\" style=\"margin: 15px; transition-delay: 200ms; -webkit-transition-delay: 200ms; -moz-transition-delay: 200ms; -o-transition-delay: 200ms;\"><i class=\"fa fa-plus-square\" style=\"\"><\/i><\/span>[vc_column_text]\n<h2>Wirtschaftlich<\/h2>\n<p>&nbsp;<\/p>\n<p>Es erspart Ihnen auch die Installation mehrerer Steckdosen, da es oft m\u00f6glich ist, ein ganzes Haus mit nur einem Schlauch zu reinigen. Mit R\u00e9traflex k\u00f6nnen 180 bis 250 m\u00b2 mit einem 9 bis 18 m langen Schlauch abgedeckt werden.[\/vc_column_text][vc_column_text css=&#8220;.vc_custom_1483778047105{padding-top: 15px !important;}&#8220;]\n<h3 style=\"padding-bottom: 10px;\">Einfache Bedienung<\/h3>\n<p>Cyclo Vac und das neue R\u00e9traflex System verleihen der Reinigung eine Dimension, auf die Sie nicht mehr verzichten m\u00f6chten.<br \/>\nWir vergleichen diesen Fortschritt oft mit elektrischen Fensterhebern in einem Auto, wo Kurbeln zum Herunterlassen der Fenster nicht mehr existieren.[\/vc_column_text][\/vc_column][\/vc_row][vc_row row_type=&#8220;row&#8220; text_align=&#8220;left&#8220; css_animation=&#8220;&#8220;][vc_column css=&#8220;.vc_custom_1411020003087{padding-top: 5px !important;}&#8220;][vc_video link=&#8220;https:\/\/youtu.be\/5lt4uBDo93s&#8220; title=&#8220;Neues R\u00e9traflex System im TV gesehen&#8220;][vc_single_image image=&#8220;5453&#8243; img_size=&#8220;872X1832&#8243; alignment=&#8220;center&#8220; onclick=&#8220;custom_link&#8220; img_link_target=&#8220;_blank&#8220; link=&#8220;https:\/\/retraflex.ch\/&#8220;][\/vc_column][\/vc_row][vc_row row_type=&#8220;section&#8220; type=&#8220;grid&#8220; text_align=&#8220;left&#8220; video=&#8220;&#8220;][vc_column]<div class='q_call_to_action normal' style='background-color: #b4352e;'><div class='two_columns_75_25 clearfix'><div class='column1'><div class='column_inner'>\n<h2><span style=\"color: #ffffff;\">D\u00e9couvrez le nouveau R\u00e9traFlex par Cyclo Vac<\/span><\/h2>\n<\/div><\/div><div class='column2'><div class='column_inner'><a class='qbutton tiny' href='https:\/\/retraflex.ch' target='_blank' style=' background-color: #872827;'>PAR ICI !<\/a><\/div><\/div><\/div><\/div>[vc_single_image image=&#8220;5589&#8243; img_size=&#8220;1156X1500&#8243; alignment=&#8220;center&#8220; onclick=&#8220;custom_link&#8220; img_link_target=&#8220;_blank&#8220; link=&#8220;https:\/\/retraflex.ch\/&#8220;][\/vc_column][\/vc_row][vc_row row_type=&#8220;row&#8220; text_align=&#8220;left&#8220; css_animation=&#8220;&#8220;][vc_column][\/vc_column][\/vc_row]\n<\/div>","protected":false},"excerpt":{"rendered":"<p>[vc_row row_type=&#8220;section&#8220; type=&#8220;full_width&#8220; text_align=&#8220;left&#8220; video=&#8220;&#8220; background_color=&#8220;#d6d6d6&#8243;][vc_column][\/vc_column][\/vc_row][vc_row row_type=&#8220;section&#8220; type=&#8220;grid&#8220; text_align=&#8220;left&#8220; video=&#8220;&#8220;][vc_column width=&#8220;1\/3&#8243;][vc_column_text css=&#8220;.vc_custom_1541517838728{padding-bottom: 15px !important;}&#8220;] Was das neue R\u00e9traflex II System bietet &nbsp; &nbsp; &nbsp; &nbsp; &nbsp; F\u00fcr weitere Details laden Sie die Brosch\u00fcren herunter: &nbsp; Pr\u00e4sentationsbrosch\u00fcre &nbsp; R\u00e9traflex Installationsanleitung &nbsp; Neue Generation der R\u00e9traflex Steckdose&#8230;<\/p>\n","protected":false},"author":2,"featured_media":0,"parent":0,"menu_order":39,"comment_status":"closed","ping_status":"closed","template":"full_width.php","meta":{"iawp_total_views":2,"footnotes":""},"class_list":["post-5587","page","type-page","status-publish","hentry"],"yoast_head":"<!-- This site is optimized with the Yoast SEO plugin v27.0 - https:\/\/yoast.com\/product\/yoast-seo-wordpress\/ -->\n<title>R\u00e9traflex Zentralstaubsauger (einziehbarer Schlauch) Cyclo Vac | Zentralstaubsauganlage<\/title>\n<meta name=\"description\" content=\"Neues Retraflex | Einziehbares Schlauchsystem f\u00fcr Zentralstaubsauger, neues Steckdosendesign, Farbauswahl, einfache Installation | Preissenkung!\" \/>\n<meta name=\"robots\" content=\"index, follow, max-snippet:-1, max-image-preview:large, max-video-preview:-1\" \/>\n<link rel=\"canonical\" href=\"https:\/\/aspirateur-cyclovac.ch\/de\/retraflex\/\" \/>\n<meta property=\"og:locale\" content=\"de_DE\" \/>\n<meta property=\"og:type\" content=\"article\" \/>\n<meta property=\"og:title\" content=\"R\u00e9traflex Zentralstaubsauger (einziehbarer Schlauch) Cyclo Vac | Zentralstaubsauganlage\" \/>\n<meta property=\"og:description\" content=\"Neues Retraflex | Einziehbares Schlauchsystem f\u00fcr Zentralstaubsauger, neues Steckdosendesign, Farbauswahl, einfache Installation | Preissenkung!\" \/>\n<meta property=\"og:url\" content=\"https:\/\/aspirateur-cyclovac.ch\/de\/retraflex\/\" \/>\n<meta property=\"og:site_name\" content=\"Aspirateur Central Cyclo Vac Suisse\" \/>\n<meta property=\"article:publisher\" content=\"https:\/\/www.facebook.com\/cyclovacsuisse\/\" \/>\n<meta property=\"article:modified_time\" content=\"2026-02-19T10:18:08+00:00\" \/>\n<meta property=\"og:image\" content=\"https:\/\/aspirateur-cyclovac.ch\/wp-content\/uploads\/2014\/07\/nouveau-retraflex-aspirateur-cyclovac.ch_.png\" \/>\n<meta name=\"twitter:card\" content=\"summary_large_image\" \/>\n<meta name=\"twitter:site\" content=\"@CycloVac_Suisse\" \/>\n<meta name=\"twitter:label1\" content=\"Gesch\u00e4tzte Lesezeit\" \/>\n\t<meta name=\"twitter:data1\" content=\"4 Minute\" \/>\n<!-- \/ Yoast SEO plugin. -->","yoast_head_json":{"title":"R\u00e9traflex Zentralstaubsauger (einziehbarer Schlauch) Cyclo Vac | Zentralstaubsauganlage","description":"Neues Retraflex | Einziehbares Schlauchsystem f\u00fcr Zentralstaubsauger, neues Steckdosendesign, Farbauswahl, einfache Installation | Preissenkung!","robots":{"index":"index","follow":"follow","max-snippet":"max-snippet:-1","max-image-preview":"max-image-preview:large","max-video-preview":"max-video-preview:-1"},"canonical":"https:\/\/aspirateur-cyclovac.ch\/de\/retraflex\/","og_locale":"de_DE","og_type":"article","og_title":"R\u00e9traflex Zentralstaubsauger (einziehbarer Schlauch) Cyclo Vac | Zentralstaubsauganlage","og_description":"Neues Retraflex | Einziehbares Schlauchsystem f\u00fcr Zentralstaubsauger, neues Steckdosendesign, Farbauswahl, einfache Installation | Preissenkung!","og_url":"https:\/\/aspirateur-cyclovac.ch\/de\/retraflex\/","og_site_name":"Aspirateur Central Cyclo Vac Suisse","article_publisher":"https:\/\/www.facebook.com\/cyclovacsuisse\/","article_modified_time":"2026-02-19T10:18:08+00:00","og_image":[{"url":"https:\/\/aspirateur-cyclovac.ch\/wp-content\/uploads\/2014\/07\/nouveau-retraflex-aspirateur-cyclovac.ch_.png","type":"","width":"","height":""}],"twitter_card":"summary_large_image","twitter_site":"@CycloVac_Suisse","twitter_misc":{"Gesch\u00e4tzte Lesezeit":"4 Minute"},"schema":{"@context":"https:\/\/schema.org","@graph":[{"@type":"WebPage","@id":"https:\/\/aspirateur-cyclovac.ch\/de\/retraflex\/","url":"https:\/\/aspirateur-cyclovac.ch\/de\/retraflex\/","name":"R\u00e9traflex Zentralstaubsauger (einziehbarer Schlauch) Cyclo Vac | Zentralstaubsauganlage","isPartOf":{"@id":"https:\/\/aspirateur-cyclovac.ch\/de\/#website"},"primaryImageOfPage":{"@id":"https:\/\/aspirateur-cyclovac.ch\/de\/retraflex\/#primaryimage"},"image":{"@id":"https:\/\/aspirateur-cyclovac.ch\/de\/retraflex\/#primaryimage"},"thumbnailUrl":"https:\/\/aspirateur-cyclovac.ch\/wp-content\/uploads\/2014\/07\/nouveau-retraflex-aspirateur-cyclovac.ch_.png","datePublished":"2014-07-01T10:00:38+00:00","dateModified":"2026-02-19T10:18:08+00:00","description":"Neues Retraflex | Einziehbares Schlauchsystem f\u00fcr Zentralstaubsauger, neues Steckdosendesign, Farbauswahl, einfache Installation | Preissenkung!","breadcrumb":{"@id":"https:\/\/aspirateur-cyclovac.ch\/de\/retraflex\/#breadcrumb"},"inLanguage":"de","potentialAction":[{"@type":"ReadAction","target":["https:\/\/aspirateur-cyclovac.ch\/de\/retraflex\/"]}]},{"@type":"ImageObject","inLanguage":"de","@id":"https:\/\/aspirateur-cyclovac.ch\/de\/retraflex\/#primaryimage","url":"https:\/\/aspirateur-cyclovac.ch\/wp-content\/uploads\/2014\/07\/nouveau-retraflex-aspirateur-cyclovac.ch_.png","contentUrl":"https:\/\/aspirateur-cyclovac.ch\/wp-content\/uploads\/2014\/07\/nouveau-retraflex-aspirateur-cyclovac.ch_.png"},{"@type":"BreadcrumbList","@id":"https:\/\/aspirateur-cyclovac.ch\/de\/retraflex\/#breadcrumb","itemListElement":[{"@type":"ListItem","position":1,"name":"Startseite","item":"https:\/\/aspirateur-cyclovac.ch\/de\/"},{"@type":"ListItem","position":2,"name":"Retraflex"}]},{"@type":"WebSite","@id":"https:\/\/aspirateur-cyclovac.ch\/de\/#website","url":"https:\/\/aspirateur-cyclovac.ch\/de\/","name":"Aspirateur Central Cyclo Vac Suisse","description":"Aspiration centralis\u00e9e pour tous !","publisher":{"@id":"https:\/\/aspirateur-cyclovac.ch\/de\/#organization"},"potentialAction":[{"@type":"SearchAction","target":{"@type":"EntryPoint","urlTemplate":"https:\/\/aspirateur-cyclovac.ch\/de\/?s={search_term_string}"},"query-input":{"@type":"PropertyValueSpecification","valueRequired":true,"valueName":"search_term_string"}}],"inLanguage":"de"},{"@type":"Organization","@id":"https:\/\/aspirateur-cyclovac.ch\/de\/#organization","name":"SimplyVac S\u00e0rl","url":"https:\/\/aspirateur-cyclovac.ch\/de\/","logo":{"@type":"ImageObject","inLanguage":"de","@id":"https:\/\/aspirateur-cyclovac.ch\/de\/#\/schema\/logo\/image\/","url":"http:\/\/aspirateur-cyclovac.ch\/wp-content\/uploads\/2016\/11\/Logo-Bg_100.jpg","contentUrl":"http:\/\/aspirateur-cyclovac.ch\/wp-content\/uploads\/2016\/11\/Logo-Bg_100.jpg","width":100,"height":100,"caption":"SimplyVac S\u00e0rl"},"image":{"@id":"https:\/\/aspirateur-cyclovac.ch\/de\/#\/schema\/logo\/image\/"},"sameAs":["https:\/\/www.facebook.com\/cyclovacsuisse\/","https:\/\/x.com\/CycloVac_Suisse","https:\/\/www.instagram.com\/cyclo_vac_suisse\/","https:\/\/www.youtube.com\/channel\/UCXPmXj1HKX_o544r27GOL5w"]}]}},"_links":{"self":[{"href":"https:\/\/aspirateur-cyclovac.ch\/de\/wp-json\/wp\/v2\/pages\/5587","targetHints":{"allow":["GET"]}}],"collection":[{"href":"https:\/\/aspirateur-cyclovac.ch\/de\/wp-json\/wp\/v2\/pages"}],"about":[{"href":"https:\/\/aspirateur-cyclovac.ch\/de\/wp-json\/wp\/v2\/types\/page"}],"author":[{"embeddable":true,"href":"https:\/\/aspirateur-cyclovac.ch\/de\/wp-json\/wp\/v2\/users\/2"}],"replies":[{"embeddable":true,"href":"https:\/\/aspirateur-cyclovac.ch\/de\/wp-json\/wp\/v2\/comments?post=5587"}],"version-history":[{"count":3,"href":"https:\/\/aspirateur-cyclovac.ch\/de\/wp-json\/wp\/v2\/pages\/5587\/revisions"}],"predecessor-version":[{"id":6663,"href":"https:\/\/aspirateur-cyclovac.ch\/de\/wp-json\/wp\/v2\/pages\/5587\/revisions\/6663"}],"wp:attachment":[{"href":"https:\/\/aspirateur-cyclovac.ch\/de\/wp-json\/wp\/v2\/media?parent=5587"}],"curies":[{"name":"wp","href":"https:\/\/api.w.org\/{rel}","templated":true}]}}