{"id":5576,"date":"2014-07-10T12:00:52","date_gmt":"2014-07-10T10:00:52","guid":{"rendered":"https:\/\/aspirateur-cyclovac.ch\/die-7-vorteile\/"},"modified":"2026-02-19T11:22:32","modified_gmt":"2026-02-19T10:22:32","slug":"die-7-vorteile","status":"publish","type":"page","link":"https:\/\/aspirateur-cyclovac.ch\/de\/die-7-vorteile\/","title":{"rendered":"Die 7 Vorteile"},"content":{"rendered":"<div class=\"wpb-content-wrapper\">[vc_row row_type=&#8220;section&#8220; type=&#8220;full_width&#8220; text_align=&#8220;left&#8220; video=&#8220;&#8220; background_color=&#8220;#d6d6d6&#8243;][vc_column]<span class=\"custom_font_holder\" style=\"font-family: boton-light; font-size: 15px; line-height: 15px; font-style: normal; font-weight: 300; color: #4d4d4d; text-decoration: none; text-align: center;\">\n<h2>Die 7 Vorteile eines Zentralstaubsaugers<\/h2>\n<\/span>[\/vc_column][\/vc_row][vc_row row_type=&#8220;section&#8220; type=&#8220;grid&#8220; text_align=&#8220;left&#8220; video=&#8220;&#8220;][vc_column width=&#8220;1\/3&#8243;][vc_gallery interval=&#8220;3&#8243; images=&#8220;5577,5578,5579&#8243; img_size=&#8220;409\u00d7797&#8243; onclick=&#8220;link_no&#8220;][\/vc_column][vc_column width=&#8220;2\/3&#8243;][vc_separator type=&#8220;transparent&#8220;][vc_column_text css=&#8220;&#8220;]\n<h3><span style=\"color: #b4352e;\">1. Einfache Bedienung<\/span><\/h3>\n<p>Eine in alle R\u00e4ume des Hauses integrierte Absaugung erspart das Herumschleppen eines Staubsaugers, mit der M\u00f6glichkeit eines in die Saugdose integrierten Schlaucheinzugs.<\/p>\n<p>&nbsp;<\/p>\n<h3><span style=\"color: #b4352e;\">2. Leistung und Zeitersparnis<\/span><\/h3>\n<p>3- bis 5-mal leistungsst\u00e4rker als ein herk\u00f6mmlicher Schlittenstaubsauger, mit einer erheblichen Zeitersparnis von etwa 30 %!<\/p>\n<p>&nbsp;<\/p>\n<h3><span style=\"color: #b4352e;\">3. Effizienz<\/span><\/h3>\n<p>Der gesamte Staub wird aufgesaugt, im Gegensatz zu herk\u00f6mmlichen Staubsaugern, die einen Teil davon wieder aufwirbeln, da der Motor im Raum l\u00e4uft.<\/p>\n<p>&nbsp;<\/p>\n<h3><span style=\"color: #b4352e;\">4. Keine Motorger\u00e4usche mehr<\/span><\/h3>\n<p>Es bleibt nur das Ger\u00e4usch der Luftansaugung ohne den Motorenl\u00e4rm. Ein sp\u00fcrbarer Wohnkomfort bei jeder Nutzung. <\/p>\n<p>&nbsp;<\/p>\n<h3><span style=\"color: #b4352e;\">5. Gesundheit<\/span><\/h3>\n<p>Cyclo Vac profitiert von der Zulassung der <a href=\"https:\/\/www.afpral.fr\/articles\/87901-cyclovac-systeme-d-aspiration-centralisee\" target=\"_blank\" rel=\"noopener noreferrer\">AFPRAL<\/a>, welche die Hochleistungsserie aufgrund der Vorteile f\u00fcr Hausstauballergiker empfiehlt. Empfindliche Personen versp\u00fcren eine deutliche Erleichterung. <\/p>\n<p>&nbsp;<\/p>\n<h3><span style=\"color: #b4352e;\">6. Garantie<\/span><\/h3>\n<p>Das PVC-Rohrsystem ist nach der Installation dauerhaft garantiert, und das Geh\u00e4use des Cyclo Vac Staubsaugers aus pulverbeschichtetem Stahl hat eine lebenslange Garantie. Motoren und Teile haben je nach Modell und Optionen eine Garantie von 10 bis 25 Jahren. <\/p>\n<p>&nbsp;<\/p>\n<h3><span style=\"color: #b4352e;\">7. Preis<\/span><\/h3>\n<p>Eine kosteng\u00fcnstige Investition, die langfristig wirtschaftlicher ist als der Einsatz herk\u00f6mmlicher Staubsauger.[\/vc_column_text][vc_separator type=&#8220;transparent&#8220;][\/vc_column][\/vc_row][vc_row row_type=&#8220;section&#8220; type=&#8220;grid&#8220; text_align=&#8220;left&#8220; video=&#8220;&#8220; padding_top=&#8220;0&#8243; padding_bottom=&#8220;20&#8243;][vc_column width=&#8220;1\/2&#8243;][vc_row_inner row_type=&#8220;row&#8220; text_align=&#8220;left&#8220; css_animation=&#8220;&#8220;][vc_column_inner]<span class=\"q_font_awsome_icon fa-3x pull-left q_icon_animation\" style=\"margin: 5px; transition-delay: 200ms; -webkit-transition-delay: 200ms; -moz-transition-delay: 200ms; -o-transition-delay: 200ms;\"><a href=\"http:\/\/aspirateur-cyclovac.ch\/?p=98\" target=\"_self\"><i class=\"fa fa-quote-left\" style=\"\"><\/i><\/a><\/span>[\/vc_column_inner][\/vc_row_inner][vc_column_text]\n<h3><a title=\"Zentralstaubsauger in Aktion\" href=\"https:\/\/aspirateur-cyclovac.ch\/de\/angebote\/\">In Aktion&#8230;<\/a><\/h3>\n<h4>Entdecken Sie unsere <a title=\"Zentralstaubsauger in Aktion\" href=\"https:\/\/aspirateur-cyclovac.ch\/de\/angebote\/\">Produkte in Aktion<\/a><\/h4>\n<p style=\"padding-top: 10px;\">F\u00fcr jede \u201eRetraFlex\u201c-Bestellung in diesem Jahr erhalten Sie einen zus\u00e4tzlichen Rabatt von 10 % auf alle Cyclo Vac Produkte&#8230;<\/p>\n[\/vc_column_text][\/vc_column][vc_column width=&#8220;1\/2&#8243;][vc_row_inner row_type=&#8220;row&#8220; text_align=&#8220;left&#8220; css_animation=&#8220;&#8220;][vc_column_inner]<span class=\"q_font_awsome_icon fa-3x pull-left q_icon_animation\" style=\"margin: 5px; transition-delay: 200ms; -webkit-transition-delay: 200ms; -moz-transition-delay: 200ms; -o-transition-delay: 200ms;\"><a href=\"http:\/\/aspirateur-cyclovac.ch\/?p=686\" target=\"_self\"><i class=\"fa fa-calendar\" style=\"\"><\/i><\/a><\/span>[\/vc_column_inner][\/vc_row_inner][vc_column_text]\n<h3><a title=\"Kontakt Planen Sie Ihre Installation\" href=\"https:\/\/aspirateur-cyclovac.ch\/de\/offerte\/\">Planen Sie Ihre Installation&#8230;<\/a><\/h3>\n<h4>Nutzen Sie das <a title=\"Kontakt Planen Sie Ihre Installation\" href=\"https:\/\/aspirateur-cyclovac.ch\/de\/offerte\/\">Kontaktformular<\/a><\/h4>\n<p style=\"padding-top: 10px;\">Senden Sie uns Ihre Grundrisse, damit wir die Pr\u00e4sentation der f\u00fcr Sie passenden Cyclo Vac Produkte optimal vorbereiten k\u00f6nnen&#8230;<\/p>\n[\/vc_column_text][\/vc_column][\/vc_row]\n<\/div>","protected":false},"excerpt":{"rendered":"<p>[vc_row row_type=&#8220;section&#8220; type=&#8220;full_width&#8220; text_align=&#8220;left&#8220; video=&#8220;&#8220; background_color=&#8220;#d6d6d6&#8243;][vc_column][\/vc_column][\/vc_row][vc_row row_type=&#8220;section&#8220; type=&#8220;grid&#8220; text_align=&#8220;left&#8220; video=&#8220;&#8220;][vc_column width=&#8220;1\/3&#8243;][vc_gallery interval=&#8220;3&#8243; images=&#8220;5577,5578,5579&#8243; img_size=&#8220;409\u00d7797&#8243; onclick=&#8220;link_no&#8220;][\/vc_column][vc_column width=&#8220;2\/3&#8243;][vc_separator type=&#8220;transparent&#8220;][vc_column_text css=&#8220;&#8220;] 1. Einfache Bedienung Eine in alle R\u00e4ume des Hauses integrierte Absaugung erspart das Herumschleppen eines Staubsaugers, mit der M\u00f6glichkeit eines in die Saugdose integrierten Schlaucheinzugs. &nbsp; 2&#8230;.<\/p>\n","protected":false},"author":2,"featured_media":0,"parent":0,"menu_order":38,"comment_status":"closed","ping_status":"closed","template":"full_width.php","meta":{"iawp_total_views":4,"footnotes":""},"class_list":["post-5576","page","type-page","status-publish","hentry"],"yoast_head":"<!-- This site is optimized with the Yoast SEO plugin v27.0 - https:\/\/yoast.com\/product\/yoast-seo-wordpress\/ -->\n<title>Die 7 Vorteile einer Zentralstaubsauganlage | Zentralstaubsauger<\/title>\n<meta name=\"description\" content=\"Entdecken Sie die 7 Vorteile eines Zentralstaubsaugers in Ihrem Zuhause: Komfort, Leistung, Effizienz, Ruhe, Gesundheit, Garantie, Preis...\" \/>\n<meta name=\"robots\" content=\"index, follow, max-snippet:-1, max-image-preview:large, max-video-preview:-1\" \/>\n<link rel=\"canonical\" href=\"https:\/\/aspirateur-cyclovac.ch\/de\/die-7-vorteile\/\" \/>\n<meta property=\"og:locale\" content=\"de_DE\" \/>\n<meta property=\"og:type\" content=\"article\" \/>\n<meta property=\"og:title\" content=\"Die 7 Vorteile einer Zentralstaubsauganlage | Zentralstaubsauger\" \/>\n<meta property=\"og:description\" content=\"Entdecken Sie die 7 Vorteile eines Zentralstaubsaugers in Ihrem Zuhause: Komfort, Leistung, Effizienz, Ruhe, Gesundheit, Garantie, Preis...\" \/>\n<meta property=\"og:url\" content=\"https:\/\/aspirateur-cyclovac.ch\/de\/die-7-vorteile\/\" \/>\n<meta property=\"og:site_name\" content=\"Aspirateur Central Cyclo Vac Suisse\" \/>\n<meta property=\"article:publisher\" content=\"https:\/\/www.facebook.com\/cyclovacsuisse\/\" \/>\n<meta property=\"article:modified_time\" content=\"2026-02-19T10:22:32+00:00\" \/>\n<meta property=\"og:image\" content=\"https:\/\/aspirateur-cyclovac.ch\/wp-content\/uploads\/2016\/12\/opengraph-facebook-cyclovac.jpg\" \/>\n\t<meta property=\"og:image:width\" content=\"1200\" \/>\n\t<meta property=\"og:image:height\" content=\"630\" \/>\n\t<meta property=\"og:image:type\" content=\"image\/jpeg\" \/>\n<meta name=\"twitter:card\" content=\"summary_large_image\" \/>\n<meta name=\"twitter:site\" content=\"@CycloVac_Suisse\" \/>\n<meta name=\"twitter:label1\" content=\"Gesch\u00e4tzte Lesezeit\" \/>\n\t<meta name=\"twitter:data1\" content=\"2 Minute\" \/>\n<!-- \/ Yoast SEO plugin. -->","yoast_head_json":{"title":"Die 7 Vorteile einer Zentralstaubsauganlage | Zentralstaubsauger","description":"Entdecken Sie die 7 Vorteile eines Zentralstaubsaugers in Ihrem Zuhause: Komfort, Leistung, Effizienz, Ruhe, Gesundheit, Garantie, Preis...","robots":{"index":"index","follow":"follow","max-snippet":"max-snippet:-1","max-image-preview":"max-image-preview:large","max-video-preview":"max-video-preview:-1"},"canonical":"https:\/\/aspirateur-cyclovac.ch\/de\/die-7-vorteile\/","og_locale":"de_DE","og_type":"article","og_title":"Die 7 Vorteile einer Zentralstaubsauganlage | Zentralstaubsauger","og_description":"Entdecken Sie die 7 Vorteile eines Zentralstaubsaugers in Ihrem Zuhause: Komfort, Leistung, Effizienz, Ruhe, Gesundheit, Garantie, Preis...","og_url":"https:\/\/aspirateur-cyclovac.ch\/de\/die-7-vorteile\/","og_site_name":"Aspirateur Central Cyclo Vac Suisse","article_publisher":"https:\/\/www.facebook.com\/cyclovacsuisse\/","article_modified_time":"2026-02-19T10:22:32+00:00","og_image":[{"width":1200,"height":630,"url":"https:\/\/aspirateur-cyclovac.ch\/wp-content\/uploads\/2016\/12\/opengraph-facebook-cyclovac.jpg","type":"image\/jpeg"}],"twitter_card":"summary_large_image","twitter_site":"@CycloVac_Suisse","twitter_misc":{"Gesch\u00e4tzte Lesezeit":"2 Minute"},"schema":{"@context":"https:\/\/schema.org","@graph":[{"@type":"WebPage","@id":"https:\/\/aspirateur-cyclovac.ch\/de\/die-7-vorteile\/","url":"https:\/\/aspirateur-cyclovac.ch\/de\/die-7-vorteile\/","name":"Die 7 Vorteile einer Zentralstaubsauganlage | Zentralstaubsauger","isPartOf":{"@id":"https:\/\/aspirateur-cyclovac.ch\/de\/#website"},"datePublished":"2014-07-10T10:00:52+00:00","dateModified":"2026-02-19T10:22:32+00:00","description":"Entdecken Sie die 7 Vorteile eines Zentralstaubsaugers in Ihrem Zuhause: Komfort, Leistung, Effizienz, Ruhe, Gesundheit, Garantie, Preis...","breadcrumb":{"@id":"https:\/\/aspirateur-cyclovac.ch\/de\/die-7-vorteile\/#breadcrumb"},"inLanguage":"de","potentialAction":[{"@type":"ReadAction","target":["https:\/\/aspirateur-cyclovac.ch\/de\/die-7-vorteile\/"]}]},{"@type":"BreadcrumbList","@id":"https:\/\/aspirateur-cyclovac.ch\/de\/die-7-vorteile\/#breadcrumb","itemListElement":[{"@type":"ListItem","position":1,"name":"Startseite","item":"https:\/\/aspirateur-cyclovac.ch\/de\/"},{"@type":"ListItem","position":2,"name":"Die 7 Vorteile"}]},{"@type":"WebSite","@id":"https:\/\/aspirateur-cyclovac.ch\/de\/#website","url":"https:\/\/aspirateur-cyclovac.ch\/de\/","name":"Aspirateur Central Cyclo Vac Suisse","description":"Aspiration centralis\u00e9e pour tous !","publisher":{"@id":"https:\/\/aspirateur-cyclovac.ch\/de\/#organization"},"potentialAction":[{"@type":"SearchAction","target":{"@type":"EntryPoint","urlTemplate":"https:\/\/aspirateur-cyclovac.ch\/de\/?s={search_term_string}"},"query-input":{"@type":"PropertyValueSpecification","valueRequired":true,"valueName":"search_term_string"}}],"inLanguage":"de"},{"@type":"Organization","@id":"https:\/\/aspirateur-cyclovac.ch\/de\/#organization","name":"SimplyVac S\u00e0rl","url":"https:\/\/aspirateur-cyclovac.ch\/de\/","logo":{"@type":"ImageObject","inLanguage":"de","@id":"https:\/\/aspirateur-cyclovac.ch\/de\/#\/schema\/logo\/image\/","url":"http:\/\/aspirateur-cyclovac.ch\/wp-content\/uploads\/2016\/11\/Logo-Bg_100.jpg","contentUrl":"http:\/\/aspirateur-cyclovac.ch\/wp-content\/uploads\/2016\/11\/Logo-Bg_100.jpg","width":100,"height":100,"caption":"SimplyVac S\u00e0rl"},"image":{"@id":"https:\/\/aspirateur-cyclovac.ch\/de\/#\/schema\/logo\/image\/"},"sameAs":["https:\/\/www.facebook.com\/cyclovacsuisse\/","https:\/\/x.com\/CycloVac_Suisse","https:\/\/www.instagram.com\/cyclo_vac_suisse\/","https:\/\/www.youtube.com\/channel\/UCXPmXj1HKX_o544r27GOL5w"]}]}},"_links":{"self":[{"href":"https:\/\/aspirateur-cyclovac.ch\/de\/wp-json\/wp\/v2\/pages\/5576","targetHints":{"allow":["GET"]}}],"collection":[{"href":"https:\/\/aspirateur-cyclovac.ch\/de\/wp-json\/wp\/v2\/pages"}],"about":[{"href":"https:\/\/aspirateur-cyclovac.ch\/de\/wp-json\/wp\/v2\/types\/page"}],"author":[{"embeddable":true,"href":"https:\/\/aspirateur-cyclovac.ch\/de\/wp-json\/wp\/v2\/users\/2"}],"replies":[{"embeddable":true,"href":"https:\/\/aspirateur-cyclovac.ch\/de\/wp-json\/wp\/v2\/comments?post=5576"}],"version-history":[{"count":8,"href":"https:\/\/aspirateur-cyclovac.ch\/de\/wp-json\/wp\/v2\/pages\/5576\/revisions"}],"predecessor-version":[{"id":6668,"href":"https:\/\/aspirateur-cyclovac.ch\/de\/wp-json\/wp\/v2\/pages\/5576\/revisions\/6668"}],"wp:attachment":[{"href":"https:\/\/aspirateur-cyclovac.ch\/de\/wp-json\/wp\/v2\/media?parent=5576"}],"curies":[{"name":"wp","href":"https:\/\/api.w.org\/{rel}","templated":true}]}}