{"id":5572,"date":"2014-08-15T12:13:42","date_gmt":"2014-08-15T10:13:42","guid":{"rendered":"https:\/\/aspirateur-cyclovac.ch\/angebote\/"},"modified":"2026-02-17T14:20:23","modified_gmt":"2026-02-17T13:20:23","slug":"angebote","status":"publish","type":"page","link":"https:\/\/aspirateur-cyclovac.ch\/de\/angebote\/","title":{"rendered":"Angebote"},"content":{"rendered":"<div class=\"wpb-content-wrapper\">[vc_row row_type=&#8220;section&#8220; type=&#8220;full_width&#8220; text_align=&#8220;left&#8220; video=&#8220;&#8220; background_color=&#8220;#d6d6d6&#8243;][vc_column]<span class=\"custom_font_holder\" style=\"font-family: boton-light; font-size: 15px; line-height: 15px; font-style: normal; font-weight: 300; color: #4d4d4d; text-decoration: none; text-align: center;\">\n<h2><\/h2>\n<\/span>[\/vc_column][\/vc_row][vc_row row_type=&#8220;section&#8220; type=&#8220;grid&#8220; text_align=&#8220;left&#8220; video=&#8220;&#8220;][vc_column width=&#8220;2\/3&#8243;][\/vc_column][\/vc_row][vc_row row_type=&#8220;row&#8220; text_align=&#8220;left&#8220; css_animation=&#8220;&#8220;][vc_column][vc_column_text]\n<h3 style=\"font-size: 37px; line-height: 37px; text-align: center;\">Derzeit keine Angebote verf\u00fcgbar<\/h3>\n[\/vc_column_text][\/vc_column][\/vc_row]\n<\/div>","protected":false},"excerpt":{"rendered":"<p>[vc_row row_type=&#8220;section&#8220; type=&#8220;full_width&#8220; text_align=&#8220;left&#8220; video=&#8220;&#8220; background_color=&#8220;#d6d6d6&#8243;][vc_column][\/vc_column][\/vc_row][vc_row row_type=&#8220;section&#8220; type=&#8220;grid&#8220; text_align=&#8220;left&#8220; video=&#8220;&#8220;][vc_column width=&#8220;2\/3&#8243;][\/vc_column][\/vc_row][vc_row row_type=&#8220;row&#8220; text_align=&#8220;left&#8220; css_animation=&#8220;&#8220;][vc_column][vc_column_text] Derzeit keine Angebote verf\u00fcgbar [\/vc_column_text][\/vc_column][\/vc_row]<\/p>\n","protected":false},"author":2,"featured_media":0,"parent":0,"menu_order":29,"comment_status":"closed","ping_status":"closed","template":"full_width.php","meta":{"iawp_total_views":0,"footnotes":""},"class_list":["post-5572","page","type-page","status-publish","hentry"],"yoast_head":"<!-- This site is optimized with the Yoast SEO plugin v27.0 - https:\/\/yoast.com\/product\/yoast-seo-wordpress\/ -->\n<title>Angebote f\u00fcr Cyclo Vac Zentralstaubsauger-Modelle<\/title>\n<meta name=\"description\" content=\"Entdecken und profitieren Sie von den Angeboten f\u00fcr Zentralstaubsauger-Modelle des Jahres 2017 f\u00fcr die gesamte Westschweiz.\" \/>\n<meta name=\"robots\" content=\"index, follow, max-snippet:-1, max-image-preview:large, max-video-preview:-1\" \/>\n<link rel=\"canonical\" href=\"https:\/\/aspirateur-cyclovac.ch\/de\/angebote\/\" \/>\n<meta property=\"og:locale\" content=\"de_DE\" \/>\n<meta property=\"og:type\" content=\"article\" \/>\n<meta property=\"og:title\" content=\"Angebote f\u00fcr Cyclo Vac Zentralstaubsauger-Modelle\" \/>\n<meta property=\"og:description\" content=\"Entdecken und profitieren Sie von den Angeboten f\u00fcr Zentralstaubsauger-Modelle des Jahres 2017 f\u00fcr die gesamte Westschweiz.\" \/>\n<meta property=\"og:url\" content=\"https:\/\/aspirateur-cyclovac.ch\/de\/angebote\/\" \/>\n<meta property=\"og:site_name\" content=\"Aspirateur Central Cyclo Vac Suisse\" \/>\n<meta property=\"article:publisher\" content=\"https:\/\/www.facebook.com\/cyclovacsuisse\/\" \/>\n<meta property=\"article:modified_time\" content=\"2026-02-17T13:20:23+00:00\" \/>\n<meta property=\"og:image\" content=\"https:\/\/aspirateur-cyclovac.ch\/wp-content\/uploads\/2016\/12\/opengraph-facebook-cyclovac.jpg\" \/>\n\t<meta property=\"og:image:width\" content=\"1200\" \/>\n\t<meta property=\"og:image:height\" content=\"630\" \/>\n\t<meta property=\"og:image:type\" content=\"image\/jpeg\" \/>\n<meta name=\"twitter:card\" content=\"summary_large_image\" \/>\n<meta name=\"twitter:site\" content=\"@CycloVac_Suisse\" \/>\n<!-- \/ Yoast SEO plugin. -->","yoast_head_json":{"title":"Angebote f\u00fcr Cyclo Vac Zentralstaubsauger-Modelle","description":"Entdecken und profitieren Sie von den Angeboten f\u00fcr Zentralstaubsauger-Modelle des Jahres 2017 f\u00fcr die gesamte Westschweiz.","robots":{"index":"index","follow":"follow","max-snippet":"max-snippet:-1","max-image-preview":"max-image-preview:large","max-video-preview":"max-video-preview:-1"},"canonical":"https:\/\/aspirateur-cyclovac.ch\/de\/angebote\/","og_locale":"de_DE","og_type":"article","og_title":"Angebote f\u00fcr Cyclo Vac Zentralstaubsauger-Modelle","og_description":"Entdecken und profitieren Sie von den Angeboten f\u00fcr Zentralstaubsauger-Modelle des Jahres 2017 f\u00fcr die gesamte Westschweiz.","og_url":"https:\/\/aspirateur-cyclovac.ch\/de\/angebote\/","og_site_name":"Aspirateur Central Cyclo Vac Suisse","article_publisher":"https:\/\/www.facebook.com\/cyclovacsuisse\/","article_modified_time":"2026-02-17T13:20:23+00:00","og_image":[{"width":1200,"height":630,"url":"https:\/\/aspirateur-cyclovac.ch\/wp-content\/uploads\/2016\/12\/opengraph-facebook-cyclovac.jpg","type":"image\/jpeg"}],"twitter_card":"summary_large_image","twitter_site":"@CycloVac_Suisse","schema":{"@context":"https:\/\/schema.org","@graph":[{"@type":"WebPage","@id":"https:\/\/aspirateur-cyclovac.ch\/de\/angebote\/","url":"https:\/\/aspirateur-cyclovac.ch\/de\/angebote\/","name":"Angebote f\u00fcr Cyclo Vac Zentralstaubsauger-Modelle","isPartOf":{"@id":"https:\/\/aspirateur-cyclovac.ch\/de\/#website"},"datePublished":"2014-08-15T10:13:42+00:00","dateModified":"2026-02-17T13:20:23+00:00","description":"Entdecken und profitieren Sie von den Angeboten f\u00fcr Zentralstaubsauger-Modelle des Jahres 2017 f\u00fcr die gesamte Westschweiz.","breadcrumb":{"@id":"https:\/\/aspirateur-cyclovac.ch\/de\/angebote\/#breadcrumb"},"inLanguage":"de","potentialAction":[{"@type":"ReadAction","target":["https:\/\/aspirateur-cyclovac.ch\/de\/angebote\/"]}]},{"@type":"BreadcrumbList","@id":"https:\/\/aspirateur-cyclovac.ch\/de\/angebote\/#breadcrumb","itemListElement":[{"@type":"ListItem","position":1,"name":"Startseite","item":"https:\/\/aspirateur-cyclovac.ch\/de\/"},{"@type":"ListItem","position":2,"name":"Angebote"}]},{"@type":"WebSite","@id":"https:\/\/aspirateur-cyclovac.ch\/de\/#website","url":"https:\/\/aspirateur-cyclovac.ch\/de\/","name":"Aspirateur Central Cyclo Vac Suisse","description":"Aspiration centralis\u00e9e pour tous !","publisher":{"@id":"https:\/\/aspirateur-cyclovac.ch\/de\/#organization"},"potentialAction":[{"@type":"SearchAction","target":{"@type":"EntryPoint","urlTemplate":"https:\/\/aspirateur-cyclovac.ch\/de\/?s={search_term_string}"},"query-input":{"@type":"PropertyValueSpecification","valueRequired":true,"valueName":"search_term_string"}}],"inLanguage":"de"},{"@type":"Organization","@id":"https:\/\/aspirateur-cyclovac.ch\/de\/#organization","name":"SimplyVac S\u00e0rl","url":"https:\/\/aspirateur-cyclovac.ch\/de\/","logo":{"@type":"ImageObject","inLanguage":"de","@id":"https:\/\/aspirateur-cyclovac.ch\/de\/#\/schema\/logo\/image\/","url":"http:\/\/aspirateur-cyclovac.ch\/wp-content\/uploads\/2016\/11\/Logo-Bg_100.jpg","contentUrl":"http:\/\/aspirateur-cyclovac.ch\/wp-content\/uploads\/2016\/11\/Logo-Bg_100.jpg","width":100,"height":100,"caption":"SimplyVac S\u00e0rl"},"image":{"@id":"https:\/\/aspirateur-cyclovac.ch\/de\/#\/schema\/logo\/image\/"},"sameAs":["https:\/\/www.facebook.com\/cyclovacsuisse\/","https:\/\/x.com\/CycloVac_Suisse","https:\/\/www.instagram.com\/cyclo_vac_suisse\/","https:\/\/www.youtube.com\/channel\/UCXPmXj1HKX_o544r27GOL5w"]}]}},"_links":{"self":[{"href":"https:\/\/aspirateur-cyclovac.ch\/de\/wp-json\/wp\/v2\/pages\/5572","targetHints":{"allow":["GET"]}}],"collection":[{"href":"https:\/\/aspirateur-cyclovac.ch\/de\/wp-json\/wp\/v2\/pages"}],"about":[{"href":"https:\/\/aspirateur-cyclovac.ch\/de\/wp-json\/wp\/v2\/types\/page"}],"author":[{"embeddable":true,"href":"https:\/\/aspirateur-cyclovac.ch\/de\/wp-json\/wp\/v2\/users\/2"}],"replies":[{"embeddable":true,"href":"https:\/\/aspirateur-cyclovac.ch\/de\/wp-json\/wp\/v2\/comments?post=5572"}],"version-history":[{"count":1,"href":"https:\/\/aspirateur-cyclovac.ch\/de\/wp-json\/wp\/v2\/pages\/5572\/revisions"}],"predecessor-version":[{"id":5575,"href":"https:\/\/aspirateur-cyclovac.ch\/de\/wp-json\/wp\/v2\/pages\/5572\/revisions\/5575"}],"wp:attachment":[{"href":"https:\/\/aspirateur-cyclovac.ch\/de\/wp-json\/wp\/v2\/media?parent=5572"}],"curies":[{"name":"wp","href":"https:\/\/api.w.org\/{rel}","templated":true}]}}