{"id":5566,"date":"2014-06-26T16:00:11","date_gmt":"2014-06-26T14:00:11","guid":{"rendered":"https:\/\/aspirateur-cyclovac.ch\/zentralstaubsauger-cyclo-vac\/"},"modified":"2026-02-19T11:16:47","modified_gmt":"2026-02-19T10:16:47","slug":"zentralstaubsauger-cyclo-vac","status":"publish","type":"page","link":"https:\/\/aspirateur-cyclovac.ch\/de\/zentralstaubsauger-cyclo-vac\/","title":{"rendered":"Cyclo Vac"},"content":{"rendered":"<div class=\"wpb-content-wrapper\">[vc_row row_type=&#8220;section&#8220; type=&#8220;full_width&#8220; text_align=&#8220;left&#8220; video_overlay=&#8220;&#8220; background_color=&#8220;#d6d6d6&#8243;][vc_column width=&#8220;1\/1&#8243;]<span class=\"custom_font_holder\" style=\"font-family: boton-light; font-size: 15px; line-height: 26px; font-style: normal; font-weight: 900; color: #4d4d4d; text-decoration: none; padding: 0; margin: 0; text-align: center;\">\n<h2>Cyclo Vac \u2013 eine ges\u00fcndere Luft f\u00fcr die ganze Familie<\/h2>\n<\/span>[\/vc_column][\/vc_row][vc_row row_type=&#8220;section&#8220; type=&#8220;grid&#8220; text_align=&#8220;left&#8220;][vc_column width=&#8220;1\/3&#8243;]<span class=\"q_font_awsome_icon fa-3x pull-left q_icon_animation\" style=\"margin: 10px; transition-delay: 200ms; -webkit-transition-delay: 200ms; -moz-transition-delay: 200ms; -o-transition-delay: 200ms;\"><i class=\"fa fa-thumbs-o-up\" style=\"\"><\/i><\/span>[vc_column_text]\n<h2 style=\"padding-top: 10px;\">Lebensqualit\u00e4t<\/h2>\n[\/vc_column_text][vc_column_text]\n<h3 style=\"font-size: 20px; padding-top: 15px; padding-bottom: 10px;\">Das Zentralstaubsaugersystem von Cyclo Vac sorgt bereits ab der ersten Anwendung f\u00fcr mehr Lebensqualit\u00e4t, Wohlbefinden und Gesundheit.<\/h3>\n<p>&nbsp;<\/p>\n<p>Die Leistung des Zentralstaubsaugers erm\u00f6glicht eine schnellere und gr\u00fcndlichere Reinigung der R\u00e4ume.<\/p>\n<p>&nbsp;<\/p>\n<p>Der gesamte Staub aus dem gereinigten Raum wird vollst\u00e4ndig abgesaugt, im Gegensatz zu herk\u00f6mmlichen Staubsaugern, deren Motor im Raum arbeitet und einen Teil des Staubes an einen anderen Ort verlagert.[\/vc_column_text][vc_row_inner row_type=&#8220;row&#8220; type=&#8220;grid&#8220; text_align=&#8220;left&#8220;][vc_column_inner width=&#8220;1\/1&#8243;][vc_gallery type=&#8220;flexslider_fade&#8220; interval=&#8220;3&#8243; images=&#8220;5448,5449&#8243; onclick=&#8220;link_image&#8220; custom_links_target=&#8220;_self&#8220; column_number=&#8220;2&#8243; img_size=&#8220;347&#215;300&#8243;][\/vc_column_inner][\/vc_row_inner][vc_row_inner][vc_column_inner width=&#8220;1\/1&#8243;][vc_column_text]Cyclo Vac leistet einen grossen Beitrag zur Verbesserung der Raumluftqualit\u00e4t.<\/p>\n<p>&nbsp;<\/p>\n<h3>Eine bessere Gesundheit<\/h3>\n<p>&nbsp;<\/p>\n<p>Der Komfort, den ein Zentralstaubsauger bietet, ist bereits ab der ersten Anwendung sp\u00fcrbar und f\u00fchrt langfristig zu einer besseren Gesundheit. Personen, die allergisch auf Staub oder Tierhaare reagieren, profitieren sofort davon&#8230;<\/p>\n<p>&nbsp;<\/p>\n<p>&nbsp;<\/p>\n<p><img loading=\"lazy\" decoding=\"async\" class=\"alignleft size-full wp-image-1244\" src=\"http:\/\/aspirateur-cyclovac.ch\/wp-content\/uploads\/2014\/06\/logo_afpral.png\" alt=\"AFPRAL-Logo\" width=\"100\" height=\"102\" \/><em>Der Zentralstaubsauger Cyclo Vac wird von der AFPRAL (Association Fran\u00e7aise pour la Pr\u00e9vention des Allergies) empfohlen.<\/em>[\/vc_column_text][\/vc_column_inner][\/vc_row_inner][\/vc_column][vc_column width=&#8220;2\/3&#8243;][vc_row_inner][vc_column_inner width=&#8220;1\/4&#8243;][\/vc_column_inner][vc_column_inner width=&#8220;3\/4&#8243;]<span class=\"q_font_awsome_icon fa-3x pull-left q_icon_animation\" style=\"margin: 10px; transition-delay: 200ms; -webkit-transition-delay: 200ms; -moz-transition-delay: 200ms; -o-transition-delay: 200ms;\"><i class=\"fa fa-globe\" style=\"\"><\/i><\/span>[vc_column_text]\n<h2 style=\"padding-top: 10px;\">Cyclo Vac<\/h2>\n[\/vc_column_text][vc_column_text]\n<h3 style=\"font-size: 20px; padding-top: 15px; padding-bottom: 10px;\">Ein weltweit anerkanntes Unternehmen f\u00fcr seine hochwertigen Produkte<\/h3>\n<p>Das starke Team von Cyclo Vac Kanada fertigt und vertreibt seit \u00fcber 45 Jahren eine breite Palette von Zentralstaubsaugern, um die Bed\u00fcrfnisse seiner Kunden zu erf\u00fcllen und deren Erwartungen zu \u00fcbertreffen.[\/vc_column_text][vc_separator type=&#8220;transparent&#8220; position=&#8220;center&#8220;][vc_video link=&#8220;https:\/\/www.youtube.com\/watch?v=hU0kAkDFhUQ&#8220;][vc_separator type=&#8220;transparent&#8220; position=&#8220;center&#8220;][vc_column_text]\n<h3>Geschichte<\/h3>\n<p>&nbsp;<\/p>\n<p>Industries Trovac Lt\u00e9e (ITL) wurde 1960 von Herrn Jacques Bruneau gegr\u00fcndet, einem erfahrenen Experten im Bereich der Zentralstaubsauger. Er plante damals die Entwicklung und den Vertrieb eines Zentralstaubsaugers, der alle damals auf dem Markt befindlichen Ger\u00e4te \u00fcbertreffen sollte.<\/p>\n<p>&nbsp;<\/p>\n<h3>Cyclo Vac in der Schweiz<\/h3>\n<p>&nbsp;<\/p>\n<p>Nach diesem in Nordamerika seit langem etablierten Standard freuen wir uns, Ihnen die Nutzung des Zentralstaubsaugers und diesen Qualit\u00e4tsservice hier in der Schweiz zu erm\u00f6glichen.<\/p>\n<p>&nbsp;<\/p>\n<p>St\u00e9phan Dinant<br \/>\nCyclo Vac H\u00e4ndler<br \/>\nTel. 079 155 99 88[\/vc_column_text][vc_separator type=&#8220;transparent&#8220; position=&#8220;center&#8220;]<div class='q_call_to_action normal' style='background-color: #d6d6d6;'><div class='two_columns_75_25 clearfix'><div class='column1'><div class='column_inner'>\n<h2 style=\"font-size: 20px;\"><i class=\"fa fa-envelope-o\"><\/i> contactez-nous <i class=\"fa fa-angle-right\"><\/i><\/h2>\n<\/div><\/div><div class='column2'><div class='column_inner'><a class='qbutton tiny' href='mailto:info@aspirateur-cyclovac.ch' target='' style=''>e-mail<\/a><\/div><\/div><\/div><\/div>[\/vc_column_inner][\/vc_row_inner][\/vc_column][\/vc_row]\n<\/div>","protected":false},"excerpt":{"rendered":"<p>[vc_row row_type=&#8220;section&#8220; type=&#8220;full_width&#8220; text_align=&#8220;left&#8220; video_overlay=&#8220;&#8220; background_color=&#8220;#d6d6d6&#8243;][vc_column width=&#8220;1\/1&#8243;][\/vc_column][\/vc_row][vc_row row_type=&#8220;section&#8220; type=&#8220;grid&#8220; text_align=&#8220;left&#8220;][vc_column width=&#8220;1\/3&#8243;][vc_column_text] Lebensqualit\u00e4t [\/vc_column_text][vc_column_text] Das Zentralstaubsaugersystem von Cyclo Vac sorgt bereits ab der ersten Anwendung f\u00fcr mehr Lebensqualit\u00e4t, Wohlbefinden und Gesundheit. &nbsp; Die Leistung des Zentralstaubsaugers erm\u00f6glicht eine schnellere und gr\u00fcndlichere Reinigung der R\u00e4ume. &nbsp; Der&#8230;<\/p>\n","protected":false},"author":2,"featured_media":0,"parent":0,"menu_order":42,"comment_status":"closed","ping_status":"closed","template":"full_width.php","meta":{"iawp_total_views":10,"footnotes":""},"class_list":["post-5566","page","type-page","status-publish","hentry"],"yoast_head":"<!-- This site is optimized with the Yoast SEO plugin v27.0 - https:\/\/yoast.com\/product\/yoast-seo-wordpress\/ -->\n<title>Cyclo Vac Schweiz | Zentralstaubsauger f\u00fcr Ihr Zuhause \u2013 ein Leben lang! | Der Zentralstaubsauger mit dem besten Preis-Leistungs-Verh\u00e4ltnis<\/title>\n<meta name=\"description\" content=\"Profitieren Sie von der Technologie der Produkte von Cyclo Vac Schweiz, einem kanadischen Unternehmen mit \u00fcber 50 Jahren Erfahrung im Bereich Zentralstaubsauger.\" \/>\n<meta name=\"robots\" content=\"index, follow, max-snippet:-1, max-image-preview:large, max-video-preview:-1\" \/>\n<link rel=\"canonical\" href=\"https:\/\/aspirateur-cyclovac.ch\/de\/zentralstaubsauger-cyclo-vac\/\" \/>\n<meta property=\"og:locale\" content=\"de_DE\" \/>\n<meta property=\"og:type\" content=\"article\" \/>\n<meta property=\"og:title\" content=\"Cyclo Vac Schweiz | Zentralstaubsauger f\u00fcr Ihr Zuhause \u2013 ein Leben lang! | Der Zentralstaubsauger mit dem besten Preis-Leistungs-Verh\u00e4ltnis\" \/>\n<meta property=\"og:description\" content=\"Profitieren Sie von der Technologie der Produkte von Cyclo Vac Schweiz, einem kanadischen Unternehmen mit \u00fcber 50 Jahren Erfahrung im Bereich Zentralstaubsauger.\" \/>\n<meta property=\"og:url\" content=\"https:\/\/aspirateur-cyclovac.ch\/de\/zentralstaubsauger-cyclo-vac\/\" \/>\n<meta property=\"og:site_name\" content=\"Aspirateur Central Cyclo Vac Suisse\" \/>\n<meta property=\"article:publisher\" content=\"https:\/\/www.facebook.com\/cyclovacsuisse\/\" \/>\n<meta property=\"article:modified_time\" content=\"2026-02-19T10:16:47+00:00\" \/>\n<meta property=\"og:image\" content=\"https:\/\/aspirateur-cyclovac.ch\/wp-content\/uploads\/2016\/12\/opengraph-facebook-cyclovac.jpg\" \/>\n<meta name=\"twitter:card\" content=\"summary_large_image\" \/>\n<meta name=\"twitter:site\" content=\"@CycloVac_Suisse\" \/>\n<meta name=\"twitter:label1\" content=\"Gesch\u00e4tzte Lesezeit\" \/>\n\t<meta name=\"twitter:data1\" content=\"3 Minute\" \/>\n<!-- \/ Yoast SEO plugin. -->","yoast_head_json":{"title":"Cyclo Vac Schweiz | Zentralstaubsauger f\u00fcr Ihr Zuhause \u2013 ein Leben lang! | Der Zentralstaubsauger mit dem besten Preis-Leistungs-Verh\u00e4ltnis","description":"Profitieren Sie von der Technologie der Produkte von Cyclo Vac Schweiz, einem kanadischen Unternehmen mit \u00fcber 50 Jahren Erfahrung im Bereich Zentralstaubsauger.","robots":{"index":"index","follow":"follow","max-snippet":"max-snippet:-1","max-image-preview":"max-image-preview:large","max-video-preview":"max-video-preview:-1"},"canonical":"https:\/\/aspirateur-cyclovac.ch\/de\/zentralstaubsauger-cyclo-vac\/","og_locale":"de_DE","og_type":"article","og_title":"Cyclo Vac Schweiz | Zentralstaubsauger f\u00fcr Ihr Zuhause \u2013 ein Leben lang! | Der Zentralstaubsauger mit dem besten Preis-Leistungs-Verh\u00e4ltnis","og_description":"Profitieren Sie von der Technologie der Produkte von Cyclo Vac Schweiz, einem kanadischen Unternehmen mit \u00fcber 50 Jahren Erfahrung im Bereich Zentralstaubsauger.","og_url":"https:\/\/aspirateur-cyclovac.ch\/de\/zentralstaubsauger-cyclo-vac\/","og_site_name":"Aspirateur Central Cyclo Vac Suisse","article_publisher":"https:\/\/www.facebook.com\/cyclovacsuisse\/","article_modified_time":"2026-02-19T10:16:47+00:00","og_image":[{"url":"https:\/\/aspirateur-cyclovac.ch\/wp-content\/uploads\/2016\/12\/opengraph-facebook-cyclovac.jpg","type":"","width":"","height":""}],"twitter_card":"summary_large_image","twitter_site":"@CycloVac_Suisse","twitter_misc":{"Gesch\u00e4tzte Lesezeit":"3 Minute"},"schema":{"@context":"https:\/\/schema.org","@graph":[{"@type":"WebPage","@id":"https:\/\/aspirateur-cyclovac.ch\/de\/zentralstaubsauger-cyclo-vac\/","url":"https:\/\/aspirateur-cyclovac.ch\/de\/zentralstaubsauger-cyclo-vac\/","name":"Cyclo Vac Schweiz | Zentralstaubsauger f\u00fcr Ihr Zuhause \u2013 ein Leben lang! | Der Zentralstaubsauger mit dem besten Preis-Leistungs-Verh\u00e4ltnis","isPartOf":{"@id":"https:\/\/aspirateur-cyclovac.ch\/de\/#website"},"primaryImageOfPage":{"@id":"https:\/\/aspirateur-cyclovac.ch\/de\/zentralstaubsauger-cyclo-vac\/#primaryimage"},"image":{"@id":"https:\/\/aspirateur-cyclovac.ch\/de\/zentralstaubsauger-cyclo-vac\/#primaryimage"},"thumbnailUrl":"http:\/\/aspirateur-cyclovac.ch\/wp-content\/uploads\/2014\/06\/logo_afpral.png","datePublished":"2014-06-26T14:00:11+00:00","dateModified":"2026-02-19T10:16:47+00:00","description":"Profitieren Sie von der Technologie der Produkte von Cyclo Vac Schweiz, einem kanadischen Unternehmen mit \u00fcber 50 Jahren Erfahrung im Bereich Zentralstaubsauger.","breadcrumb":{"@id":"https:\/\/aspirateur-cyclovac.ch\/de\/zentralstaubsauger-cyclo-vac\/#breadcrumb"},"inLanguage":"de","potentialAction":[{"@type":"ReadAction","target":["https:\/\/aspirateur-cyclovac.ch\/de\/zentralstaubsauger-cyclo-vac\/"]}]},{"@type":"ImageObject","inLanguage":"de","@id":"https:\/\/aspirateur-cyclovac.ch\/de\/zentralstaubsauger-cyclo-vac\/#primaryimage","url":"http:\/\/aspirateur-cyclovac.ch\/wp-content\/uploads\/2014\/06\/logo_afpral.png","contentUrl":"http:\/\/aspirateur-cyclovac.ch\/wp-content\/uploads\/2014\/06\/logo_afpral.png"},{"@type":"BreadcrumbList","@id":"https:\/\/aspirateur-cyclovac.ch\/de\/zentralstaubsauger-cyclo-vac\/#breadcrumb","itemListElement":[{"@type":"ListItem","position":1,"name":"Startseite","item":"https:\/\/aspirateur-cyclovac.ch\/de\/"},{"@type":"ListItem","position":2,"name":"Cyclo Vac"}]},{"@type":"WebSite","@id":"https:\/\/aspirateur-cyclovac.ch\/de\/#website","url":"https:\/\/aspirateur-cyclovac.ch\/de\/","name":"Aspirateur Central Cyclo Vac Suisse","description":"Aspiration centralis\u00e9e pour tous !","publisher":{"@id":"https:\/\/aspirateur-cyclovac.ch\/de\/#organization"},"potentialAction":[{"@type":"SearchAction","target":{"@type":"EntryPoint","urlTemplate":"https:\/\/aspirateur-cyclovac.ch\/de\/?s={search_term_string}"},"query-input":{"@type":"PropertyValueSpecification","valueRequired":true,"valueName":"search_term_string"}}],"inLanguage":"de"},{"@type":"Organization","@id":"https:\/\/aspirateur-cyclovac.ch\/de\/#organization","name":"SimplyVac S\u00e0rl","url":"https:\/\/aspirateur-cyclovac.ch\/de\/","logo":{"@type":"ImageObject","inLanguage":"de","@id":"https:\/\/aspirateur-cyclovac.ch\/de\/#\/schema\/logo\/image\/","url":"http:\/\/aspirateur-cyclovac.ch\/wp-content\/uploads\/2016\/11\/Logo-Bg_100.jpg","contentUrl":"http:\/\/aspirateur-cyclovac.ch\/wp-content\/uploads\/2016\/11\/Logo-Bg_100.jpg","width":100,"height":100,"caption":"SimplyVac S\u00e0rl"},"image":{"@id":"https:\/\/aspirateur-cyclovac.ch\/de\/#\/schema\/logo\/image\/"},"sameAs":["https:\/\/www.facebook.com\/cyclovacsuisse\/","https:\/\/x.com\/CycloVac_Suisse","https:\/\/www.instagram.com\/cyclo_vac_suisse\/","https:\/\/www.youtube.com\/channel\/UCXPmXj1HKX_o544r27GOL5w"]}]}},"_links":{"self":[{"href":"https:\/\/aspirateur-cyclovac.ch\/de\/wp-json\/wp\/v2\/pages\/5566","targetHints":{"allow":["GET"]}}],"collection":[{"href":"https:\/\/aspirateur-cyclovac.ch\/de\/wp-json\/wp\/v2\/pages"}],"about":[{"href":"https:\/\/aspirateur-cyclovac.ch\/de\/wp-json\/wp\/v2\/types\/page"}],"author":[{"embeddable":true,"href":"https:\/\/aspirateur-cyclovac.ch\/de\/wp-json\/wp\/v2\/users\/2"}],"replies":[{"embeddable":true,"href":"https:\/\/aspirateur-cyclovac.ch\/de\/wp-json\/wp\/v2\/comments?post=5566"}],"version-history":[{"count":6,"href":"https:\/\/aspirateur-cyclovac.ch\/de\/wp-json\/wp\/v2\/pages\/5566\/revisions"}],"predecessor-version":[{"id":6661,"href":"https:\/\/aspirateur-cyclovac.ch\/de\/wp-json\/wp\/v2\/pages\/5566\/revisions\/6661"}],"wp:attachment":[{"href":"https:\/\/aspirateur-cyclovac.ch\/de\/wp-json\/wp\/v2\/media?parent=5566"}],"curies":[{"name":"wp","href":"https:\/\/api.w.org\/{rel}","templated":true}]}}