{"id":5565,"date":"2014-08-21T12:00:17","date_gmt":"2014-08-21T10:00:17","guid":{"rendered":"https:\/\/aspirateur-cyclovac.ch\/empfehlungsprogramm\/"},"modified":"2026-02-17T14:20:22","modified_gmt":"2026-02-17T13:20:22","slug":"empfehlungsprogramm","status":"publish","type":"page","link":"https:\/\/aspirateur-cyclovac.ch\/de\/empfehlungsprogramm\/","title":{"rendered":"Empfehlungsprogramm"},"content":{"rendered":"<div class=\"wpb-content-wrapper\">[vc_row row_type=&#8220;section&#8220; type=&#8220;full_width&#8220; text_align=&#8220;left&#8220; video=&#8220;&#8220; background_color=&#8220;#d6d6d6&#8243;][vc_column]<span class=\"custom_font_holder\" style=\"font-family: boton-light; font-size: 15px; line-height: 15px; font-style: normal; font-weight: 300; color: #4d4d4d; text-decoration: none; text-align: center;\">\n<h2>Profitieren Sie von den Vorteilen, wenn Sie unsere Produkte bekannt machen!<\/h2>\n<\/span>[\/vc_column][\/vc_row][vc_row row_type=&#8220;section&#8220; type=&#8220;grid&#8220; text_align=&#8220;left&#8220; video=&#8220;&#8220;][vc_column width=&#8220;1\/3&#8243;][vc_row_inner row_type=&#8220;row&#8220; text_align=&#8220;left&#8220; css_animation=&#8220;&#8220;][vc_column_inner]<span class=\"q_font_awsome_icon fa-3x pull-left q_icon_animation\" style=\"margin: 10px; transition-delay: 200ms; -webkit-transition-delay: 200ms; -moz-transition-delay: 200ms; -o-transition-delay: 200ms;\"><i class=\"fa fa-comments-o\" style=\"\"><\/i><\/span>[vc_column_text]\n<h2 style=\"padding-top: 10px;\">Ihre Vorteile<\/h2>\n[\/vc_column_text][\/vc_column_inner][\/vc_row_inner][vc_column_text]\n<h3 style=\"font-size: 20px; padding-top: 15px; padding-bottom: 10px;\">Empfehlen Sie uns einem Verwandten, Nachbarn oder Bekannten weiter und profitieren Sie beide von 10 % Rabatt auf das gesamte Material ab einem Wert von CHF 1.500.\u2013<\/h3>\n<p>&nbsp;<\/p>\n<ul>\n<li>15 % bei 2 bis 3 geworbenen Personen<\/li>\n<li>20 % ab 4 geworbenen Personen<\/li>\n<\/ul>\n<p>&nbsp;<\/p>\n<p>Bei jeder Empfehlung durch Bestandskunden werden dieselben Vorteile auf deren n\u00e4chste Bestellung von Zubeh\u00f6r oder Verbrauchsmaterial angewendet.<\/p>\n<p>&nbsp;<\/p>\n<p>St\u00e9phan Dinant<br \/>\nCyclo Vac H\u00e4ndler<br \/>\nTel. 079 105 99 88[\/vc_column_text][vc_separator type=&#8220;transparent&#8220;]<div class='q_call_to_action normal' style='background-color: #d6d6d6;'><div class='two_columns_75_25 clearfix'><div class='column1'><div class='column_inner'>\n<h2 style=\"font-size: 20px;\"><i class=\"fa fa-envelope-o\"><\/i> contactez-nous <i class=\"fa fa-angle-right\"><\/i><\/h2>\n<\/div><\/div><div class='column2'><div class='column_inner'><a class='qbutton tiny' href='mailto:info@aspirateur-cyclovac.ch' target='' style=''>e-mail<\/a><\/div><\/div><\/div><\/div>[\/vc_column][vc_column width=&#8220;2\/3&#8243;][vc_row_inner row_type=&#8220;row&#8220; text_align=&#8220;left&#8220; css_animation=&#8220;&#8220;][vc_column_inner width=&#8220;1\/4&#8243;][\/vc_column_inner][vc_column_inner width=&#8220;3\/4&#8243;]<span class=\"q_font_awsome_icon fa-3x pull-left q_icon_animation\" style=\"margin: 10px; transition-delay: 200ms; -webkit-transition-delay: 200ms; -moz-transition-delay: 200ms; -o-transition-delay: 200ms;\"><i class=\"fa fa-users\" style=\"\"><\/i><\/span>[vc_column_text]\n<h2 style=\"padding-top: 10px;\">Gruppenpr\u00e4sentation<\/h2>\n[\/vc_column_text][vc_column_text]\n<h3 style=\"font-size: 20px; padding-top: 30px; padding-bottom: 10px;\">Die gute Idee: Organisieren Sie bei sich zu Hause eine Pr\u00e4sentation des Zentralstaubsaugersystems durch einen Cyclo Vac Spezialisten, die es Ihnen und Ihren Angeh\u00f6rigen erm\u00f6glicht, von den Empfehlungsangeboten zu profitieren.<\/h3>\n<p>&nbsp;<\/p>\n<p>Diese Begegnungen bei Gruppenpr\u00e4sentationen f\u00f6rdern den Austausch zwischen den Mitgliedern, welche die Gelegenheit erkennen, solche Produkte zu nutzen; denn wer einmal einen Zentralstaubsauger benutzt, kehrt nicht mehr zum herk\u00f6mmlichen Staubsauger zur\u00fcck.<\/p>\n<p>&nbsp;<\/p>\n<p>Oft werden Ideen lanciert, um die Zentralstaubsaugung bekannt zu machen, wie zum Beispiel, angehenden jungen Hauseigent\u00fcmern die Installation zu schenken.<\/p>\n<p>&nbsp;<\/p>\n<p>Die Einf\u00fchrung des neuen RetraFlex-Systems im Jahr 2015 steigert die Begeisterung der Nutzer dank der verbl\u00fcffend einfachen Handhabung zus\u00e4tzlich.<\/p>\n<p>&nbsp;<\/p>\n<p>&nbsp;<\/p>\n<blockquote>\n<h3>Kontaktieren Sie uns, um ein Zeitfenster mit verschiedenen Terminfunktionen zu reservieren<\/h3>\n<\/blockquote>\n[\/vc_column_text][\/vc_column_inner][\/vc_row_inner][\/vc_column][\/vc_row]\n<\/div>","protected":false},"excerpt":{"rendered":"<p>[vc_row row_type=&#8220;section&#8220; type=&#8220;full_width&#8220; text_align=&#8220;left&#8220; video=&#8220;&#8220; background_color=&#8220;#d6d6d6&#8243;][vc_column][\/vc_column][\/vc_row][vc_row row_type=&#8220;section&#8220; type=&#8220;grid&#8220; text_align=&#8220;left&#8220; video=&#8220;&#8220;][vc_column width=&#8220;1\/3&#8243;][vc_row_inner row_type=&#8220;row&#8220; text_align=&#8220;left&#8220; css_animation=&#8220;&#8220;][vc_column_inner][vc_column_text] Ihre Vorteile [\/vc_column_text][\/vc_column_inner][\/vc_row_inner][vc_column_text] Empfehlen Sie uns einem Verwandten, Nachbarn oder Bekannten weiter und profitieren Sie beide von 10 % Rabatt auf das gesamte Material ab einem Wert von CHF 1.500.\u2013 &nbsp;&#8230;<\/p>\n","protected":false},"author":2,"featured_media":0,"parent":0,"menu_order":17,"comment_status":"closed","ping_status":"closed","template":"full_width.php","meta":{"iawp_total_views":0,"footnotes":""},"class_list":["post-5565","page","type-page","status-publish","hentry"],"yoast_head":"<!-- This site is optimized with the Yoast SEO plugin v27.0 - https:\/\/yoast.com\/product\/yoast-seo-wordpress\/ -->\n<title>Empfehlungsprogramm und Vorteile bei der Weiterempfehlung von Cyclo Vac Produkten<\/title>\n<meta name=\"description\" content=\"Entdecken Sie die Vorteile, wenn Sie Cyclo Vac Produkte weiterempfehlen. Empfehlungsangebote und Gruppenpr\u00e4sentationen von Cyclo Vac Ger\u00e4ten.\" \/>\n<meta name=\"robots\" content=\"index, follow, max-snippet:-1, max-image-preview:large, max-video-preview:-1\" \/>\n<link rel=\"canonical\" href=\"https:\/\/aspirateur-cyclovac.ch\/de\/empfehlungsprogramm\/\" \/>\n<meta property=\"og:locale\" content=\"de_DE\" \/>\n<meta property=\"og:type\" content=\"article\" \/>\n<meta property=\"og:title\" content=\"Empfehlungsprogramm und Vorteile bei der Weiterempfehlung von Cyclo Vac Produkten\" \/>\n<meta property=\"og:description\" content=\"Entdecken Sie die Vorteile, wenn Sie Cyclo Vac Produkte weiterempfehlen. Empfehlungsangebote und Gruppenpr\u00e4sentationen von Cyclo Vac Ger\u00e4ten.\" \/>\n<meta property=\"og:url\" content=\"https:\/\/aspirateur-cyclovac.ch\/de\/empfehlungsprogramm\/\" \/>\n<meta property=\"og:site_name\" content=\"Aspirateur Central Cyclo Vac Suisse\" \/>\n<meta property=\"article:publisher\" content=\"https:\/\/www.facebook.com\/cyclovacsuisse\/\" \/>\n<meta property=\"article:modified_time\" content=\"2026-02-17T13:20:22+00:00\" \/>\n<meta property=\"og:image\" content=\"https:\/\/aspirateur-cyclovac.ch\/wp-content\/uploads\/2016\/12\/opengraph-facebook-cyclovac.jpg\" \/>\n\t<meta property=\"og:image:width\" content=\"1200\" \/>\n\t<meta property=\"og:image:height\" content=\"630\" \/>\n\t<meta property=\"og:image:type\" content=\"image\/jpeg\" \/>\n<meta name=\"twitter:card\" content=\"summary_large_image\" \/>\n<meta name=\"twitter:site\" content=\"@CycloVac_Suisse\" \/>\n<meta name=\"twitter:label1\" content=\"Gesch\u00e4tzte Lesezeit\" \/>\n\t<meta name=\"twitter:data1\" content=\"2 Minute\" \/>\n<!-- \/ Yoast SEO plugin. -->","yoast_head_json":{"title":"Empfehlungsprogramm und Vorteile bei der Weiterempfehlung von Cyclo Vac Produkten","description":"Entdecken Sie die Vorteile, wenn Sie Cyclo Vac Produkte weiterempfehlen. Empfehlungsangebote und Gruppenpr\u00e4sentationen von Cyclo Vac Ger\u00e4ten.","robots":{"index":"index","follow":"follow","max-snippet":"max-snippet:-1","max-image-preview":"max-image-preview:large","max-video-preview":"max-video-preview:-1"},"canonical":"https:\/\/aspirateur-cyclovac.ch\/de\/empfehlungsprogramm\/","og_locale":"de_DE","og_type":"article","og_title":"Empfehlungsprogramm und Vorteile bei der Weiterempfehlung von Cyclo Vac Produkten","og_description":"Entdecken Sie die Vorteile, wenn Sie Cyclo Vac Produkte weiterempfehlen. Empfehlungsangebote und Gruppenpr\u00e4sentationen von Cyclo Vac Ger\u00e4ten.","og_url":"https:\/\/aspirateur-cyclovac.ch\/de\/empfehlungsprogramm\/","og_site_name":"Aspirateur Central Cyclo Vac Suisse","article_publisher":"https:\/\/www.facebook.com\/cyclovacsuisse\/","article_modified_time":"2026-02-17T13:20:22+00:00","og_image":[{"width":1200,"height":630,"url":"https:\/\/aspirateur-cyclovac.ch\/wp-content\/uploads\/2016\/12\/opengraph-facebook-cyclovac.jpg","type":"image\/jpeg"}],"twitter_card":"summary_large_image","twitter_site":"@CycloVac_Suisse","twitter_misc":{"Gesch\u00e4tzte Lesezeit":"2 Minute"},"schema":{"@context":"https:\/\/schema.org","@graph":[{"@type":"WebPage","@id":"https:\/\/aspirateur-cyclovac.ch\/de\/empfehlungsprogramm\/","url":"https:\/\/aspirateur-cyclovac.ch\/de\/empfehlungsprogramm\/","name":"Empfehlungsprogramm und Vorteile bei der Weiterempfehlung von Cyclo Vac Produkten","isPartOf":{"@id":"https:\/\/aspirateur-cyclovac.ch\/de\/#website"},"datePublished":"2014-08-21T10:00:17+00:00","dateModified":"2026-02-17T13:20:22+00:00","description":"Entdecken Sie die Vorteile, wenn Sie Cyclo Vac Produkte weiterempfehlen. Empfehlungsangebote und Gruppenpr\u00e4sentationen von Cyclo Vac Ger\u00e4ten.","breadcrumb":{"@id":"https:\/\/aspirateur-cyclovac.ch\/de\/empfehlungsprogramm\/#breadcrumb"},"inLanguage":"de","potentialAction":[{"@type":"ReadAction","target":["https:\/\/aspirateur-cyclovac.ch\/de\/empfehlungsprogramm\/"]}]},{"@type":"BreadcrumbList","@id":"https:\/\/aspirateur-cyclovac.ch\/de\/empfehlungsprogramm\/#breadcrumb","itemListElement":[{"@type":"ListItem","position":1,"name":"Startseite","item":"https:\/\/aspirateur-cyclovac.ch\/de\/"},{"@type":"ListItem","position":2,"name":"Empfehlungsprogramm"}]},{"@type":"WebSite","@id":"https:\/\/aspirateur-cyclovac.ch\/de\/#website","url":"https:\/\/aspirateur-cyclovac.ch\/de\/","name":"Aspirateur Central Cyclo Vac Suisse","description":"Aspiration centralis\u00e9e pour tous !","publisher":{"@id":"https:\/\/aspirateur-cyclovac.ch\/de\/#organization"},"potentialAction":[{"@type":"SearchAction","target":{"@type":"EntryPoint","urlTemplate":"https:\/\/aspirateur-cyclovac.ch\/de\/?s={search_term_string}"},"query-input":{"@type":"PropertyValueSpecification","valueRequired":true,"valueName":"search_term_string"}}],"inLanguage":"de"},{"@type":"Organization","@id":"https:\/\/aspirateur-cyclovac.ch\/de\/#organization","name":"SimplyVac S\u00e0rl","url":"https:\/\/aspirateur-cyclovac.ch\/de\/","logo":{"@type":"ImageObject","inLanguage":"de","@id":"https:\/\/aspirateur-cyclovac.ch\/de\/#\/schema\/logo\/image\/","url":"http:\/\/aspirateur-cyclovac.ch\/wp-content\/uploads\/2016\/11\/Logo-Bg_100.jpg","contentUrl":"http:\/\/aspirateur-cyclovac.ch\/wp-content\/uploads\/2016\/11\/Logo-Bg_100.jpg","width":100,"height":100,"caption":"SimplyVac S\u00e0rl"},"image":{"@id":"https:\/\/aspirateur-cyclovac.ch\/de\/#\/schema\/logo\/image\/"},"sameAs":["https:\/\/www.facebook.com\/cyclovacsuisse\/","https:\/\/x.com\/CycloVac_Suisse","https:\/\/www.instagram.com\/cyclo_vac_suisse\/","https:\/\/www.youtube.com\/channel\/UCXPmXj1HKX_o544r27GOL5w"]}]}},"_links":{"self":[{"href":"https:\/\/aspirateur-cyclovac.ch\/de\/wp-json\/wp\/v2\/pages\/5565","targetHints":{"allow":["GET"]}}],"collection":[{"href":"https:\/\/aspirateur-cyclovac.ch\/de\/wp-json\/wp\/v2\/pages"}],"about":[{"href":"https:\/\/aspirateur-cyclovac.ch\/de\/wp-json\/wp\/v2\/types\/page"}],"author":[{"embeddable":true,"href":"https:\/\/aspirateur-cyclovac.ch\/de\/wp-json\/wp\/v2\/users\/2"}],"replies":[{"embeddable":true,"href":"https:\/\/aspirateur-cyclovac.ch\/de\/wp-json\/wp\/v2\/comments?post=5565"}],"version-history":[{"count":10,"href":"https:\/\/aspirateur-cyclovac.ch\/de\/wp-json\/wp\/v2\/pages\/5565\/revisions"}],"predecessor-version":[{"id":5599,"href":"https:\/\/aspirateur-cyclovac.ch\/de\/wp-json\/wp\/v2\/pages\/5565\/revisions\/5599"}],"wp:attachment":[{"href":"https:\/\/aspirateur-cyclovac.ch\/de\/wp-json\/wp\/v2\/media?parent=5565"}],"curies":[{"name":"wp","href":"https:\/\/api.w.org\/{rel}","templated":true}]}}