{"id":5555,"date":"2014-08-24T09:27:51","date_gmt":"2014-08-24T07:27:51","guid":{"rendered":"https:\/\/aspirateur-cyclovac.ch\/professionelle-partner\/"},"modified":"2026-02-17T14:20:16","modified_gmt":"2026-02-17T13:20:16","slug":"professionelle-partner","status":"publish","type":"page","link":"https:\/\/aspirateur-cyclovac.ch\/de\/professionelle-partner\/","title":{"rendered":"Professionelle Partner"},"content":{"rendered":"<div class=\"wpb-content-wrapper\">[vc_row row_type=&#8220;section&#8220; type=&#8220;full_width&#8220; text_align=&#8220;left&#8220; background_color=&#8220;#d6d6d6&#8243;][vc_column width=&#8220;1\/1&#8243;]<span class=\"custom_font_holder\" style=\"font-family: boton-light; font-size: 15px; line-height: 15px; font-style: normal; font-weight: 300; color: #4d4d4d; text-decoration: none; padding: 0; margin: 0; text-align: center;\">\n<h2>Lassen Sie Ihre Kunden von den Cyclo Vac Produkten profitieren!<\/h2>\n<\/span>[\/vc_column][\/vc_row][vc_row row_type=&#8220;section&#8220; type=&#8220;grid&#8220; text_align=&#8220;left&#8220;][vc_column width=&#8220;1\/2&#8243;]<span class=\"q_font_awsome_icon fa-3x pull-left q_icon_animation\" style=\"margin: 10px; transition-delay: 200ms; -webkit-transition-delay: 200ms; -moz-transition-delay: 200ms; -o-transition-delay: 200ms;\"><i class=\"fa fa-user\" style=\"\"><\/i><\/span>[vc_column_text]\n<h2 style=\"padding-top: 10px;\">Suche nach Fachleuten<\/h2>\n[\/vc_column_text][vc_column_text]\n<h3 style=\"font-size: 20px !important; padding-top: 15px; padding-bottom: 15px;\">Wir suchen Installateure und Handelspartner f\u00fcr Verkauf und Installation.<\/h3>\n<p>\u00dcbermitteln Sie uns die Pl\u00e4ne des Projekts Ihres Kunden und <strong>wir bieten Ihnen<\/strong> Zeit f\u00fcr Planung, Beratung und Schulung, um das Material selbst zu verkaufen und zu installieren <\/p>\n<h3 style=\"margin-top: 15px; margin-bottom: 15px;\">Eine anerkannte Qualit\u00e4t, die Sie Ihren Kunden bieten<\/h3>\n<p>Als Spezialist und Marktf\u00fchrer in diesem Bereich ist Cyclo Vac seit \u00fcber 50 Jahren der gr\u00f6\u00dfte Hersteller von Zentralstaubsaugern in Kanada.<\/p>\n<p>&nbsp;<\/p>\n<p><strong>Sie sind Elektriker<\/strong>, <strong>Sanit\u00e4rinstallateur<\/strong>, <strong>Bauunternehmer<\/strong>, <strong>Generalunternehmer<\/strong> oder ein anderer Fachmann im Wohnbereich und m\u00f6chten sich weiterentwickeln und von der Konkurrenz abheben?<\/p>\n<p>Wir bieten Ihnen ein innovatives und komfortables Produkt f\u00fcr Ihre Kunden:<\/p>\n<p>&nbsp;<\/p>\n<h3 style=\"text-align: center;\"><a href=\"https:\/\/retraflex.ch\/\">Das Retraflex<\/a><\/h3>\n<p>&nbsp;<\/p>\n<p>St\u00e9phan Dinant[\/vc_column_text][vc_separator type=&#8220;transparent&#8220; position=&#8220;center&#8220;][vc_row_inner row_type=&#8220;row&#8220; type=&#8220;grid&#8220; text_align=&#8220;left&#8220;][vc_column_inner width=&#8220;2\/3&#8243; css=&#8220;.vc_custom_1412876593589{padding-top: 15px !important;}&#8220;]<div class='q_call_to_action normal' style='background-color: #d6d6d6;'><div class='two_columns_75_25 clearfix'><div class='column1'><div class='column_inner'>\n<h2 style=\"font-size: 20px;\"><i class=\"fa fa-envelope-o\"><\/i>  kontaktieren Sie uns  <i class=\"fa fa-angle-right\"><\/i><\/h2>\n<\/div><\/div><div class='column2'><div class='column_inner'><a class='qbutton tiny' href='mailto:info@aspirateur-cyclovac.ch' target='_blank' style=''>e-mail<\/a><\/div><\/div><\/div><\/div>[\/vc_column_inner][vc_column_inner width=&#8220;1\/3&#8243;][\/vc_column_inner][\/vc_row_inner][\/vc_column][vc_column width=&#8220;1\/2&#8243;]<span class=\"q_font_awsome_icon fa-3x pull-left q_icon_animation\" style=\"margin: 10px; transition-delay: 200ms; -webkit-transition-delay: 200ms; -moz-transition-delay: 200ms; -o-transition-delay: 200ms;\"><i class=\"fa fa-exchange\" style=\"\"><\/i><\/span>[vc_column_text]\n<h2 style=\"padding-top: 10px;\">Vorteile der Partnerschaft<\/h2>\n[\/vc_column_text][vc_column_text]\n<h3 style=\"font-size: 20px !important; padding-top: 15px; padding-bottom: 10px;\">Sie sind ein Fachmann im Wohnbereich in der franz\u00f6sischen Schweiz und m\u00f6chten Ihre T\u00e4tigkeit entwickeln und diversifizieren<\/h3>\n<ul>\n<li>Erweitern Sie Ihre Dienstleistungen und Ihr professionelles Netzwerk durch den Verkauf und die Installation von Cyclo Vac Produkten<\/li>\n<li>Schlie\u00dfen Sie Ihre Vertr\u00e4ge mit Ihren Kunden in v\u00f6lliger Freiheit ab<\/li>\n<li>Profitieren Sie von unserer Netzwerkwerbung: Empfehlungen, Pr\u00e4sentation Ihres Unternehmens, Newsletter, soziale Medien<\/li>\n<\/ul>\n[\/vc_column_text][vc_separator type=&#8220;normal&#8220; position=&#8220;center&#8220;][vc_row_inner css=&#8220;.vc_custom_1412879584178{padding-top: 20px !important;}&#8220; row_type=&#8220;row&#8220; type=&#8220;grid&#8220; text_align=&#8220;left&#8220;][vc_column_inner width=&#8220;1\/1&#8243;]<span class=\"q_font_awsome_icon fa-3x pull-left q_icon_animation\" style=\"margin: 10px; transition-delay: 200ms; -webkit-transition-delay: 200ms; -moz-transition-delay: 200ms; -o-transition-delay: 200ms;\"><i class=\"fa fa-file-text-o\" style=\"\"><\/i><\/span>[vc_column_text]\n<h2 style=\"padding-top: 10px;\">Partnerschaft<\/h2>\n[\/vc_column_text][\/vc_column_inner][\/vc_row_inner][vc_row_inner row_type=&#8220;row&#8220; type=&#8220;grid&#8220; text_align=&#8220;left&#8220;][vc_column_inner width=&#8220;1\/2&#8243;][vc_column_text]\n<h4 style=\"margin: 20px 0px 10px;\">Wir stellen zur Verf\u00fcgung:<\/h4>\n<ol>\n<li>Das Material zu Vorzugspreisen<\/li>\n<li>Den Kundendienst: Garantie, Wartung und Betrieb<\/li>\n<li>Den technischen Support: Beratung, Schulung, Projektplanung<\/li>\n<li>Die Qualit\u00e4tsgarantie einer Marke mit \u00fcber 50 Jahren Herstellungserfahrung<\/li>\n<li>Die lebenslange Garantie f\u00fcr das Geh\u00e4use der Zentraleinheiten*, 10, 15 oder 25 Jahre f\u00fcr Motoren und Elektronik**, 5 Jahre f\u00fcr Cyclo Vac Zubeh\u00f6r<\/li>\n<li>Die Cyclo Vac Werbung: Flyer, Webseiten, Facebook-Seiten, Habitat et Jardin, Akquise usw.<\/li>\n<\/ol>\n<p>*f\u00fcr den privaten Gebrauch<\/p>\n<p>**je nach Modell oder Erweiterung[\/vc_column_text][\/vc_column_inner][vc_column_inner width=&#8220;1\/2&#8243;][vc_column_text]\n<h4 style=\"margin: 20px 0px 10px;\">Sie als Partner:<\/h4>\n<ol>\n<li>Bestellen Sie das Material zu g\u00fcnstigen Preisen<\/li>\n<li>Erstellen Sie Angebote, f\u00fchren Sie die Installation durch und verkaufen Sie<\/li>\n<li>Legen Sie die Preise frei fest<\/li>\n<li>Stellen Sie Rechnungen mit einer 3-j\u00e4hrigen Arbeitsgarantie aus (Cyclo Vac Garantievertrag)<\/li>\n<\/ol>\n[\/vc_column_text][\/vc_column_inner][\/vc_row_inner][\/vc_column][\/vc_row]\n<\/div>","protected":false},"excerpt":{"rendered":"<p>[vc_row row_type=&#8220;section&#8220; type=&#8220;full_width&#8220; text_align=&#8220;left&#8220; background_color=&#8220;#d6d6d6&#8243;][vc_column width=&#8220;1\/1&#8243;][\/vc_column][\/vc_row][vc_row row_type=&#8220;section&#8220; type=&#8220;grid&#8220; text_align=&#8220;left&#8220;][vc_column width=&#8220;1\/2&#8243;][vc_column_text] Suche nach Fachleuten [\/vc_column_text][vc_column_text] Wir suchen Installateure und Handelspartner f\u00fcr Verkauf und Installation. \u00dcbermitteln Sie uns die Pl\u00e4ne des Projekts Ihres Kunden und wir bieten Ihnen Zeit f\u00fcr Planung, Beratung und Schulung, um das Material&#8230;<\/p>\n","protected":false},"author":2,"featured_media":0,"parent":0,"menu_order":16,"comment_status":"closed","ping_status":"closed","template":"full_width.php","meta":{"iawp_total_views":5,"footnotes":""},"class_list":["post-5555","page","type-page","status-publish","hentry"],"yoast_head":"<!-- This site is optimized with the Yoast SEO plugin v27.0 - https:\/\/yoast.com\/product\/yoast-seo-wordpress\/ -->\n<title>Professionelle Partner | Zentralstaubsauger | Zentralstaubsauger Cyclo Vac Schweiz<\/title>\n<meta name=\"description\" content=\"Sie sind ein Fachmann im Wohnbereich und m\u00f6chten Ihre T\u00e4tigkeit entwickeln und diversifizieren? Wir suchen Partner.\" \/>\n<meta name=\"robots\" content=\"index, follow, max-snippet:-1, max-image-preview:large, max-video-preview:-1\" \/>\n<link rel=\"canonical\" href=\"https:\/\/aspirateur-cyclovac.ch\/de\/professionelle-partner\/\" \/>\n<meta property=\"og:locale\" content=\"de_DE\" \/>\n<meta property=\"og:type\" content=\"article\" \/>\n<meta property=\"og:title\" content=\"Professionelle Partner | Zentralstaubsauger | Zentralstaubsauger Cyclo Vac Schweiz\" \/>\n<meta property=\"og:description\" content=\"Sie sind ein Fachmann im Wohnbereich und m\u00f6chten Ihre T\u00e4tigkeit entwickeln und diversifizieren? Wir suchen Partner.\" \/>\n<meta property=\"og:url\" content=\"https:\/\/aspirateur-cyclovac.ch\/de\/professionelle-partner\/\" \/>\n<meta property=\"og:site_name\" content=\"Aspirateur Central Cyclo Vac Suisse\" \/>\n<meta property=\"article:publisher\" content=\"https:\/\/www.facebook.com\/cyclovacsuisse\/\" \/>\n<meta property=\"article:modified_time\" content=\"2026-02-17T13:20:16+00:00\" \/>\n<meta property=\"og:image\" content=\"https:\/\/aspirateur-cyclovac.ch\/wp-content\/uploads\/2016\/12\/opengraph-facebook-cyclovac.jpg\" \/>\n\t<meta property=\"og:image:width\" content=\"1200\" \/>\n\t<meta property=\"og:image:height\" content=\"630\" \/>\n\t<meta property=\"og:image:type\" content=\"image\/jpeg\" \/>\n<meta name=\"twitter:card\" content=\"summary_large_image\" \/>\n<meta name=\"twitter:site\" content=\"@CycloVac_Suisse\" \/>\n<meta name=\"twitter:label1\" content=\"Gesch\u00e4tzte Lesezeit\" \/>\n\t<meta name=\"twitter:data1\" content=\"3 Minute\" \/>\n<!-- \/ Yoast SEO plugin. -->","yoast_head_json":{"title":"Professionelle Partner | Zentralstaubsauger | Zentralstaubsauger Cyclo Vac Schweiz","description":"Sie sind ein Fachmann im Wohnbereich und m\u00f6chten Ihre T\u00e4tigkeit entwickeln und diversifizieren? Wir suchen Partner.","robots":{"index":"index","follow":"follow","max-snippet":"max-snippet:-1","max-image-preview":"max-image-preview:large","max-video-preview":"max-video-preview:-1"},"canonical":"https:\/\/aspirateur-cyclovac.ch\/de\/professionelle-partner\/","og_locale":"de_DE","og_type":"article","og_title":"Professionelle Partner | Zentralstaubsauger | Zentralstaubsauger Cyclo Vac Schweiz","og_description":"Sie sind ein Fachmann im Wohnbereich und m\u00f6chten Ihre T\u00e4tigkeit entwickeln und diversifizieren? Wir suchen Partner.","og_url":"https:\/\/aspirateur-cyclovac.ch\/de\/professionelle-partner\/","og_site_name":"Aspirateur Central Cyclo Vac Suisse","article_publisher":"https:\/\/www.facebook.com\/cyclovacsuisse\/","article_modified_time":"2026-02-17T13:20:16+00:00","og_image":[{"width":1200,"height":630,"url":"https:\/\/aspirateur-cyclovac.ch\/wp-content\/uploads\/2016\/12\/opengraph-facebook-cyclovac.jpg","type":"image\/jpeg"}],"twitter_card":"summary_large_image","twitter_site":"@CycloVac_Suisse","twitter_misc":{"Gesch\u00e4tzte Lesezeit":"3 Minute"},"schema":{"@context":"https:\/\/schema.org","@graph":[{"@type":"WebPage","@id":"https:\/\/aspirateur-cyclovac.ch\/de\/professionelle-partner\/","url":"https:\/\/aspirateur-cyclovac.ch\/de\/professionelle-partner\/","name":"Professionelle Partner | Zentralstaubsauger | Zentralstaubsauger Cyclo Vac Schweiz","isPartOf":{"@id":"https:\/\/aspirateur-cyclovac.ch\/de\/#website"},"datePublished":"2014-08-24T07:27:51+00:00","dateModified":"2026-02-17T13:20:16+00:00","description":"Sie sind ein Fachmann im Wohnbereich und m\u00f6chten Ihre T\u00e4tigkeit entwickeln und diversifizieren? Wir suchen Partner.","breadcrumb":{"@id":"https:\/\/aspirateur-cyclovac.ch\/de\/professionelle-partner\/#breadcrumb"},"inLanguage":"de","potentialAction":[{"@type":"ReadAction","target":["https:\/\/aspirateur-cyclovac.ch\/de\/professionelle-partner\/"]}]},{"@type":"BreadcrumbList","@id":"https:\/\/aspirateur-cyclovac.ch\/de\/professionelle-partner\/#breadcrumb","itemListElement":[{"@type":"ListItem","position":1,"name":"Startseite","item":"https:\/\/aspirateur-cyclovac.ch\/de\/"},{"@type":"ListItem","position":2,"name":"Professionelle Partner"}]},{"@type":"WebSite","@id":"https:\/\/aspirateur-cyclovac.ch\/de\/#website","url":"https:\/\/aspirateur-cyclovac.ch\/de\/","name":"Aspirateur Central Cyclo Vac Suisse","description":"Aspiration centralis\u00e9e pour tous !","publisher":{"@id":"https:\/\/aspirateur-cyclovac.ch\/de\/#organization"},"potentialAction":[{"@type":"SearchAction","target":{"@type":"EntryPoint","urlTemplate":"https:\/\/aspirateur-cyclovac.ch\/de\/?s={search_term_string}"},"query-input":{"@type":"PropertyValueSpecification","valueRequired":true,"valueName":"search_term_string"}}],"inLanguage":"de"},{"@type":"Organization","@id":"https:\/\/aspirateur-cyclovac.ch\/de\/#organization","name":"SimplyVac S\u00e0rl","url":"https:\/\/aspirateur-cyclovac.ch\/de\/","logo":{"@type":"ImageObject","inLanguage":"de","@id":"https:\/\/aspirateur-cyclovac.ch\/de\/#\/schema\/logo\/image\/","url":"http:\/\/aspirateur-cyclovac.ch\/wp-content\/uploads\/2016\/11\/Logo-Bg_100.jpg","contentUrl":"http:\/\/aspirateur-cyclovac.ch\/wp-content\/uploads\/2016\/11\/Logo-Bg_100.jpg","width":100,"height":100,"caption":"SimplyVac S\u00e0rl"},"image":{"@id":"https:\/\/aspirateur-cyclovac.ch\/de\/#\/schema\/logo\/image\/"},"sameAs":["https:\/\/www.facebook.com\/cyclovacsuisse\/","https:\/\/x.com\/CycloVac_Suisse","https:\/\/www.instagram.com\/cyclo_vac_suisse\/","https:\/\/www.youtube.com\/channel\/UCXPmXj1HKX_o544r27GOL5w"]}]}},"_links":{"self":[{"href":"https:\/\/aspirateur-cyclovac.ch\/de\/wp-json\/wp\/v2\/pages\/5555","targetHints":{"allow":["GET"]}}],"collection":[{"href":"https:\/\/aspirateur-cyclovac.ch\/de\/wp-json\/wp\/v2\/pages"}],"about":[{"href":"https:\/\/aspirateur-cyclovac.ch\/de\/wp-json\/wp\/v2\/types\/page"}],"author":[{"embeddable":true,"href":"https:\/\/aspirateur-cyclovac.ch\/de\/wp-json\/wp\/v2\/users\/2"}],"replies":[{"embeddable":true,"href":"https:\/\/aspirateur-cyclovac.ch\/de\/wp-json\/wp\/v2\/comments?post=5555"}],"version-history":[{"count":1,"href":"https:\/\/aspirateur-cyclovac.ch\/de\/wp-json\/wp\/v2\/pages\/5555\/revisions"}],"predecessor-version":[{"id":5558,"href":"https:\/\/aspirateur-cyclovac.ch\/de\/wp-json\/wp\/v2\/pages\/5555\/revisions\/5558"}],"wp:attachment":[{"href":"https:\/\/aspirateur-cyclovac.ch\/de\/wp-json\/wp\/v2\/media?parent=5555"}],"curies":[{"name":"wp","href":"https:\/\/api.w.org\/{rel}","templated":true}]}}