{"id":5550,"date":"2014-08-24T09:38:49","date_gmt":"2014-08-24T07:38:49","guid":{"rendered":"https:\/\/aspirateur-cyclovac.ch\/praesentation-planung-und-angebot\/"},"modified":"2026-02-19T11:22:31","modified_gmt":"2026-02-19T10:22:31","slug":"offerte","status":"publish","type":"page","link":"https:\/\/aspirateur-cyclovac.ch\/de\/offerte\/","title":{"rendered":"Offerte"},"content":{"rendered":"<div class=\"wpb-content-wrapper\">[vc_row row_type=&#8220;section&#8220; type=&#8220;full_width&#8220; text_align=&#8220;left&#8220; video=&#8220;&#8220; background_color=&#8220;#d6d6d6&#8243;][vc_column]<span class=\"custom_font_holder\" style=\"font-family: boton-light; font-size: 15px; line-height: 15px; font-style: normal; font-weight: 300; color: #4d4d4d; text-decoration: none; text-align: center;\">\n<h2>Erhalten Sie Ihr kostenloses, unverbindliches Angebot!<\/h2>\n<\/span>[\/vc_column][\/vc_row][vc_row row_type=&#8220;section&#8220; type=&#8220;grid&#8220; text_align=&#8220;left&#8220; video=&#8220;&#8220;][vc_column width=&#8220;1\/3&#8243;]<span class=\"q_font_awsome_icon fa-3x pull-left \" style=\"margin: 10px; \"><i class=\"fa fa-envelope-o\" style=\"\"><\/i><\/span>[vc_column_text]\n<h2 style=\"padding-top: 10px;\">Kostenloses Angebot<\/h2>\n[\/vc_column_text][vc_column_text]\n<h3 style=\"font-size: 20px; padding-top: 15px; padding-bottom: 10px;\">Treffen wir uns und profitieren Sie von der am besten geeigneten Installationsplanung \u2013 mit unverbindlicher Kostensch\u00e4tzung.<\/h3>\n<ol style=\"font-size: 20px; padding: 20px;\">\n<li>Pr\u00e4sentation der Ger\u00e4te<\/li>\n<li>Installationsplanung<\/li>\n<li>Systemauswahl<\/li>\n<\/ol>\n<p>&nbsp;<\/p>\n<blockquote>\n<h3>Nach unserem Treffen kennen Sie den Installationspreis, der zu Ihrem Budget passt.<\/h3>\n<\/blockquote>\n<p>&nbsp;<\/p>\n<p>&nbsp;<\/p>\n<p>Z\u00f6gern Sie nicht, uns f\u00fcr einen ersten Termin zur Produktpr\u00e4sentation zu kontaktieren, aber auch, um Ihr Projekt unter den besten Bedingungen zu planen.<\/p>\n<p>Zum Beispiel ist es bei einem Neubau in der Bauphase sinnvoll, die Verlegung der Leitungen von Anfang an einzuplanen, da dies nur ein kleines Budget ausmacht. So k\u00f6nnen Sie sp\u00e4ter, zum passenden Zeitpunkt, die Zentralstaubsaugeranlage und das Zubeh\u00f6r bestellen.<\/p>\n<p>&nbsp;<\/p>\n<p>SimplyVac S\u00e0rl<\/p>\n<p>Ste\u0301phan Dinant<\/p>\n<p>Cyclo Vac Konzession\u00e4r und Vertriebspartner in der Westschweiz<\/p>\n<p>Tel. 079 105 99 88[\/vc_column_text][vc_separator type=&#8220;normal&#8220;]<span class=\"q_font_awsome_icon fa-3x pull-center \" style=\"margin: 10px; \"><a href=\"https:\/\/aspirateur-cyclovac.ch\/parrainage\/\" target=\"_blank\"><i class=\"fa fa-arrow-down\" style=\"\"><\/i><\/a><\/span>[vc_column_text css=&#8220;&#8220;]\n<h4 style=\"text-align: center;\"><a title=\"Empfehlungsangebote\" href=\"https:\/\/aspirateur-cyclovac.ch\/de\/empfehlungsprogramm\/\" target=\"_blank\" rel=\"noopener noreferrer\">Gruppenpr\u00e4sentation<\/a><\/h4>\n<p style=\"text-align: center;\">Organisieren Sie bei sich zu Hause eine Pr\u00e4sentation des Zentralstaubsaugersystems durch einen Cyclo Vac Spezialisten und profitieren Sie von den <a href=\"https:\/\/aspirateur-cyclovac.ch\/de\/empfehlungsprogramm\/\" target=\"_blank\" rel=\"noopener noreferrer\">Empfehlungsangeboten [&#8230;]<\/a><\/p>\n[\/vc_column_text][vc_separator type=&#8220;small&#8220; position=&#8220;center&#8220; color=&#8220;#4d4d4d&#8220; thickness=&#8220;1&#8243;][vc_separator type=&#8220;transparent&#8220;]<div class='q_call_to_action normal' style='background-color: #d6d6d6;'><div class='two_columns_75_25 clearfix'><div class='column1'><div class='column_inner'>\n<h2 style=\"font-size: 20px;\"><i class=\"fa fa-envelope-o\"><\/i> contactez-nous <i class=\"fa fa-angle-right\"><\/i><\/h2>\n<\/div><\/div><div class='column2'><div class='column_inner'><a class='qbutton tiny' href='mailto:info@aspirateur-cyclovac.ch' target='_blank' style=''>e-mail<\/a><\/div><\/div><\/div><\/div>[\/vc_column][vc_column width=&#8220;2\/3&#8243;][vc_row_inner row_type=&#8220;row&#8220; text_align=&#8220;left&#8220; css_animation=&#8220;&#8220;][vc_column_inner width=&#8220;1\/4&#8243;][\/vc_column_inner][vc_column_inner width=&#8220;3\/4&#8243;]<span class=\"q_font_awsome_icon fa-3x pull-left \" style=\"margin: 10px; transition-delay: 10pxms; -webkit-transition-delay: 10pxms; -moz-transition-delay: 10pxms; -o-transition-delay: 10pxms;\"><i class=\"fa fa-file-text-o\" style=\"\"><\/i><\/span>[vc_column_text]\n<h2 style=\"padding-top: 10px;\">Planen Sie Ihre Installation<\/h2>\n[\/vc_column_text][vc_column_text]\n<h3 style=\"font-size: 20px; padding-top: 15px;\">Senden Sie uns Ihre Pl\u00e4ne und Fotos, damit wir unser Treffen vorbereiten k\u00f6nnen.<\/h3>\n[\/vc_column_text][vc_separator type=&#8220;transparent&#8220; thickness=&#8220;0&#8243;][vc_column_text]\n<div class=\"wpcf7 no-js\" id=\"wpcf7-f5849-o1\" lang=\"de-DE\" dir=\"ltr\" data-wpcf7-id=\"5849\">\n<div class=\"screen-reader-response\"><p role=\"status\" aria-live=\"polite\" aria-atomic=\"true\"><\/p> <ul><\/ul><\/div>\n<form action=\"\/de\/wp-json\/wp\/v2\/pages\/5550#wpcf7-f5849-o1\" method=\"post\" class=\"wpcf7-form init\" aria-label=\"Kontaktformular\" enctype=\"multipart\/form-data\" novalidate=\"novalidate\" data-status=\"init\">\n<fieldset class=\"hidden-fields-container\"><input type=\"hidden\" name=\"_wpcf7\" value=\"5849\" \/><input type=\"hidden\" name=\"_wpcf7_version\" value=\"6.1.5\" \/><input type=\"hidden\" name=\"_wpcf7_locale\" value=\"de_DE\" \/><input type=\"hidden\" name=\"_wpcf7_unit_tag\" value=\"wpcf7-f5849-o1\" \/><input type=\"hidden\" name=\"_wpcf7_container_post\" value=\"0\" \/><input type=\"hidden\" name=\"_wpcf7_posted_data_hash\" value=\"\" \/><input type=\"hidden\" name=\"_wpcf7_recaptcha_response\" value=\"\" \/>\n<\/fieldset>\n<h4>Erhalten Sie Ihr unverbindliches Angebot<br \/>\nSchreiben Sie uns hier...\n<\/h4>\n<p style=\"font-size: 20px;padding: 4px 0px;\"><i class=\"fa fa-angle-right\"><\/i> Ihr Kanton*\n<\/p>\n<p><span class=\"wpcf7-form-control-wrap\" data-name=\"Canton\"><span class=\"wpcf7-form-control wpcf7-checkbox wpcf7-validates-as-required wpcf7-exclusive-checkbox\"><span class=\"wpcf7-list-item first\"><label><span class=\"wpcf7-list-item-label\">Waadt<\/span><input type=\"checkbox\" name=\"Canton\" value=\"Waadt\" \/><\/label><\/span><span class=\"wpcf7-list-item\"><label><span class=\"wpcf7-list-item-label\">Genf<\/span><input type=\"checkbox\" name=\"Canton\" value=\"Genf\" \/><\/label><\/span><span class=\"wpcf7-list-item\"><label><span class=\"wpcf7-list-item-label\">Wallis<\/span><input type=\"checkbox\" name=\"Canton\" value=\"Wallis\" \/><\/label><\/span><span class=\"wpcf7-list-item\"><label><span class=\"wpcf7-list-item-label\">Freiburg<\/span><input type=\"checkbox\" name=\"Canton\" value=\"Freiburg\" \/><\/label><\/span><span class=\"wpcf7-list-item\"><label><span class=\"wpcf7-list-item-label\">Neuenburg<\/span><input type=\"checkbox\" name=\"Canton\" value=\"Neuenburg\" \/><\/label><\/span><span class=\"wpcf7-list-item last\"><label><span class=\"wpcf7-list-item-label\">Jura&quot;&quot; Bern&quot;&quot; Andere<\/span><input type=\"checkbox\" name=\"Canton\" value=\"Jura&quot;&quot; Bern&quot;&quot; Andere\" \/><\/label><\/span><\/span><\/span>\n<\/p>\n<p style=\"font-size: 20px;padding: 4px 0px;\"><i class=\"fa fa-angle-right\"><\/i> Ihr Projekt*\n<\/p>\n<p><span class=\"wpcf7-form-control-wrap\" data-name=\"Residence\"><span class=\"wpcf7-form-control wpcf7-checkbox wpcf7-validates-as-required wpcf7-exclusive-checkbox\"><span class=\"wpcf7-list-item first\"><label><span class=\"wpcf7-list-item-label\">Neubau<\/span><input type=\"checkbox\" name=\"Residence\" value=\"Neubau\" \/><\/label><\/span><span class=\"wpcf7-list-item\"><label><span class=\"wpcf7-list-item-label\">Bestehendes Geb\u00e4ude<\/span><input type=\"checkbox\" name=\"Residence\" value=\"Bestehendes Geb\u00e4ude\" \/><\/label><\/span><span class=\"wpcf7-list-item last\"><label><span class=\"wpcf7-list-item-label\">Renovierung<\/span><input type=\"checkbox\" name=\"Residence\" value=\"Renovierung\" \/><\/label><\/span><\/span><\/span>\n<\/p>\n<p style=\"font-size: 20px;padding: 4px 0px;\"><i class=\"fa fa-angle-right\"><\/i> Gew\u00fcnschte Installation*\n<\/p>\n<p><span class=\"wpcf7-form-control-wrap\" data-name=\"Installation\"><span class=\"wpcf7-form-control wpcf7-checkbox wpcf7-validates-as-required wpcf7-exclusive-checkbox\"><span class=\"wpcf7-list-item first\"><label><span class=\"wpcf7-list-item-label\">Cyclo Vac Spezialist<\/span><input type=\"checkbox\" name=\"Installation\" value=\"Cyclo Vac Spezialist\" \/><\/label><\/span><span class=\"wpcf7-list-item\"><label><span class=\"wpcf7-list-item-label\">Fachmann Ihrer Wahl<\/span><input type=\"checkbox\" name=\"Installation\" value=\"Fachmann Ihrer Wahl\" \/><\/label><\/span><span class=\"wpcf7-list-item last\"><label><span class=\"wpcf7-list-item-label\">Eigenmontage<\/span><input type=\"checkbox\" name=\"Installation\" value=\"Eigenmontage\" \/><\/label><\/span><\/span><\/span>\n<\/p>\n<p><i class=\"fa fa-envelope\"><\/i>\n<\/p>\n<p>Name*<br \/>\n<span class=\"wpcf7-form-control-wrap\" data-name=\"Nom\"><input size=\"40\" maxlength=\"400\" class=\"wpcf7-form-control wpcf7-text wpcf7-validates-as-required\" aria-required=\"true\" aria-invalid=\"false\" value=\"\" type=\"text\" name=\"Nom\" \/><\/span>\n<\/p>\n<p>Vorname*<br \/>\n<span class=\"wpcf7-form-control-wrap\" data-name=\"Prenom\"><input size=\"40\" maxlength=\"400\" class=\"wpcf7-form-control wpcf7-text wpcf7-validates-as-required\" aria-required=\"true\" aria-invalid=\"false\" value=\"\" type=\"text\" name=\"Prenom\" \/><\/span>\n<\/p>\n<p>E-Mail*<br \/>\n<span class=\"wpcf7-form-control-wrap\" data-name=\"E-mail\"><input size=\"40\" maxlength=\"400\" class=\"wpcf7-form-control wpcf7-email wpcf7-validates-as-required wpcf7-text wpcf7-validates-as-email\" aria-required=\"true\" aria-invalid=\"false\" value=\"\" type=\"email\" name=\"E-mail\" \/><\/span>\n<\/p>\n<p>Adresse*<br \/>\n<span class=\"wpcf7-form-control-wrap\" data-name=\"Adresse\"><input size=\"40\" maxlength=\"400\" class=\"wpcf7-form-control wpcf7-text wpcf7-validates-as-required\" aria-required=\"true\" aria-invalid=\"false\" value=\"\" type=\"text\" name=\"Adresse\" \/><\/span>\n<\/p>\n<p>Postleitzahl*<br \/>\n<span class=\"wpcf7-form-control-wrap\" data-name=\"CodePostal\"><input size=\"40\" maxlength=\"400\" class=\"wpcf7-form-control wpcf7-text wpcf7-validates-as-required\" aria-required=\"true\" aria-invalid=\"false\" value=\"\" type=\"text\" name=\"CodePostal\" \/><\/span>\n<\/p>\n<p>Ort*<br \/>\n<span class=\"wpcf7-form-control-wrap\" data-name=\"Commune\"><input size=\"40\" maxlength=\"400\" class=\"wpcf7-form-control wpcf7-text wpcf7-validates-as-required\" aria-required=\"true\" aria-invalid=\"false\" value=\"\" type=\"text\" name=\"Commune\" \/><\/span>\n<\/p>\n<p>Telefon*<br \/>\n<span class=\"wpcf7-form-control-wrap\" data-name=\"Telephone\"><input size=\"40\" maxlength=\"400\" class=\"wpcf7-form-control wpcf7-text wpcf7-validates-as-required\" aria-required=\"true\" aria-invalid=\"false\" value=\"\" type=\"text\" name=\"Telephone\" \/><\/span>\n<\/p>\n<p>Betreff*<br \/>\n<span class=\"wpcf7-form-control-wrap\" data-name=\"Sujet\"><input size=\"40\" maxlength=\"400\" class=\"wpcf7-form-control wpcf7-text wpcf7-validates-as-required\" aria-required=\"true\" aria-invalid=\"false\" value=\"\" type=\"text\" name=\"Sujet\" \/><\/span>\n<\/p>\n<p>Plan 1**\n<\/p>\n<p><span class=\"wpcf7-form-control-wrap\" data-name=\"Joindre-plan1\"><input size=\"40\" class=\"wpcf7-form-control wpcf7-file\" accept=\".doc,.docx,.pdf,.jpg,.png,.gif,.zip,.rar\" aria-invalid=\"false\" type=\"file\" name=\"Joindre-plan1\" \/><\/span>\n<\/p>\n<p>Plan 2**\n<\/p>\n<p><span class=\"wpcf7-form-control-wrap\" data-name=\"Joindre-plan2\"><input size=\"40\" class=\"wpcf7-form-control wpcf7-file\" accept=\".doc,.docx,.pdf,.jpg,.png,.gif,.zip,.rar\" aria-invalid=\"false\" type=\"file\" name=\"Joindre-plan2\" \/><\/span>\n<\/p>\n<p>Plan 3**\n<\/p>\n<p><span class=\"wpcf7-form-control-wrap\" data-name=\"Joindre-plan3\"><input size=\"40\" class=\"wpcf7-form-control wpcf7-file\" accept=\".doc,.docx,.pdf,.jpg,.png,.gif,.zip,.rar\" aria-invalid=\"false\" type=\"file\" name=\"Joindre-plan3\" \/><\/span>\n<\/p>\n<p>Plan 4**\n<\/p>\n<p><span class=\"wpcf7-form-control-wrap\" data-name=\"Joindre-plan4\"><input size=\"40\" class=\"wpcf7-form-control wpcf7-file\" accept=\".doc,.docx,.pdf,.jpg,.png,.gif,.zip,.rar\" aria-invalid=\"false\" type=\"file\" name=\"Joindre-plan4\" \/><\/span>\n<\/p>\n<p>Foto**\n<\/p>\n<p><span class=\"wpcf7-form-control-wrap\" data-name=\"Joindre-photo\"><input size=\"40\" class=\"wpcf7-form-control wpcf7-file\" accept=\".doc,.docx,.pdf,.jpg,.png,.gif,.zip,.rar\" aria-invalid=\"false\" type=\"file\" name=\"Joindre-photo\" \/><\/span>\n<\/p>\n<p>Ihre Nachricht<br \/>\n<span class=\"wpcf7-form-control-wrap\" data-name=\"your-message\"><textarea cols=\"40\" rows=\"10\" maxlength=\"2000\" class=\"wpcf7-form-control wpcf7-textarea\" aria-invalid=\"false\" name=\"your-message\"><\/textarea><\/span>\n<\/p>\n<p><input class=\"wpcf7-form-control wpcf7-submit has-spinner\" type=\"submit\" value=\"Senden\" \/>\n<\/p>\n<p><em>* Bitte f\u00fcllen Sie die erforderlichen Felder aus<\/em><br \/>\n<em>** Gesamtgr\u00f6\u00dfe der Anh\u00e4nge: max. 10 MB \u2013 Formate: doc, docx, pdf, jpg, png, gif, zip, rar<\/em>\n<\/p><div class=\"wpcf7-response-output\" aria-hidden=\"true\"><\/div>\n<\/form>\n<\/div>\n[\/vc_column_text][\/vc_column_inner][\/vc_row_inner][\/vc_column][\/vc_row]\n<\/div>","protected":false},"excerpt":{"rendered":"<p>[vc_row row_type=&#8220;section&#8220; type=&#8220;full_width&#8220; text_align=&#8220;left&#8220; video=&#8220;&#8220; background_color=&#8220;#d6d6d6&#8243;][vc_column][\/vc_column][\/vc_row][vc_row row_type=&#8220;section&#8220; type=&#8220;grid&#8220; text_align=&#8220;left&#8220; video=&#8220;&#8220;][vc_column width=&#8220;1\/3&#8243;][vc_column_text] Kostenloses Angebot [\/vc_column_text][vc_column_text] Treffen wir uns und profitieren Sie von der am besten geeigneten Installationsplanung \u2013 mit unverbindlicher Kostensch\u00e4tzung. Pr\u00e4sentation der Ger\u00e4te Installationsplanung Systemauswahl &nbsp; Nach unserem Treffen kennen Sie den Installationspreis, der zu&#8230;<\/p>\n","protected":false},"author":2,"featured_media":0,"parent":0,"menu_order":14,"comment_status":"closed","ping_status":"closed","template":"full_width.php","meta":{"iawp_total_views":2,"footnotes":""},"class_list":["post-5550","page","type-page","status-publish","hentry"],"yoast_head":"<!-- This site is optimized with the Yoast SEO plugin v27.0 - https:\/\/yoast.com\/product\/yoast-seo-wordpress\/ -->\n<title>Kostenloses Angebot | Cyclo Vac Installation einer Zentralstaubsaugeranlage | Zentralstaubsaugen<\/title>\n<meta name=\"description\" content=\"Planen Sie Ihre Installation, indem Sie eine Produktvorf\u00fchrung von Cyclo Vac erhalten \u2013 mit einer Analyse und einem sofortigen, auf Ihr Budget abgestimmten Angebot.\" \/>\n<meta name=\"robots\" content=\"index, follow, max-snippet:-1, max-image-preview:large, max-video-preview:-1\" \/>\n<link rel=\"canonical\" href=\"https:\/\/aspirateur-cyclovac.ch\/de\/offerte\/\" \/>\n<meta property=\"og:locale\" content=\"de_DE\" \/>\n<meta property=\"og:type\" content=\"article\" \/>\n<meta property=\"og:title\" content=\"Kostenloses Angebot | Cyclo Vac Installation einer Zentralstaubsaugeranlage | Zentralstaubsaugen\" \/>\n<meta property=\"og:description\" content=\"Planen Sie Ihre Installation, indem Sie eine Produktvorf\u00fchrung von Cyclo Vac erhalten \u2013 mit einer Analyse und einem sofortigen, auf Ihr Budget abgestimmten Angebot.\" \/>\n<meta property=\"og:url\" content=\"https:\/\/aspirateur-cyclovac.ch\/de\/offerte\/\" \/>\n<meta property=\"og:site_name\" content=\"Aspirateur Central Cyclo Vac Suisse\" \/>\n<meta property=\"article:publisher\" content=\"https:\/\/www.facebook.com\/cyclovacsuisse\/\" \/>\n<meta property=\"article:modified_time\" content=\"2026-02-19T10:22:31+00:00\" \/>\n<meta property=\"og:image\" content=\"https:\/\/aspirateur-cyclovac.ch\/wp-content\/uploads\/2016\/12\/opengraph-facebook-cyclovac.jpg\" \/>\n\t<meta property=\"og:image:width\" content=\"1200\" \/>\n\t<meta property=\"og:image:height\" content=\"630\" \/>\n\t<meta property=\"og:image:type\" content=\"image\/jpeg\" \/>\n<meta name=\"twitter:card\" content=\"summary_large_image\" \/>\n<meta name=\"twitter:site\" content=\"@CycloVac_Suisse\" \/>\n<meta name=\"twitter:label1\" content=\"Gesch\u00e4tzte Lesezeit\" \/>\n\t<meta name=\"twitter:data1\" content=\"2 Minute\" \/>\n<!-- \/ Yoast SEO plugin. -->","yoast_head_json":{"title":"Kostenloses Angebot | Cyclo Vac Installation einer Zentralstaubsaugeranlage | Zentralstaubsaugen","description":"Planen Sie Ihre Installation, indem Sie eine Produktvorf\u00fchrung von Cyclo Vac erhalten \u2013 mit einer Analyse und einem sofortigen, auf Ihr Budget abgestimmten Angebot.","robots":{"index":"index","follow":"follow","max-snippet":"max-snippet:-1","max-image-preview":"max-image-preview:large","max-video-preview":"max-video-preview:-1"},"canonical":"https:\/\/aspirateur-cyclovac.ch\/de\/offerte\/","og_locale":"de_DE","og_type":"article","og_title":"Kostenloses Angebot | Cyclo Vac Installation einer Zentralstaubsaugeranlage | Zentralstaubsaugen","og_description":"Planen Sie Ihre Installation, indem Sie eine Produktvorf\u00fchrung von Cyclo Vac erhalten \u2013 mit einer Analyse und einem sofortigen, auf Ihr Budget abgestimmten Angebot.","og_url":"https:\/\/aspirateur-cyclovac.ch\/de\/offerte\/","og_site_name":"Aspirateur Central Cyclo Vac Suisse","article_publisher":"https:\/\/www.facebook.com\/cyclovacsuisse\/","article_modified_time":"2026-02-19T10:22:31+00:00","og_image":[{"width":1200,"height":630,"url":"https:\/\/aspirateur-cyclovac.ch\/wp-content\/uploads\/2016\/12\/opengraph-facebook-cyclovac.jpg","type":"image\/jpeg"}],"twitter_card":"summary_large_image","twitter_site":"@CycloVac_Suisse","twitter_misc":{"Gesch\u00e4tzte Lesezeit":"2 Minute"},"schema":{"@context":"https:\/\/schema.org","@graph":[{"@type":"WebPage","@id":"https:\/\/aspirateur-cyclovac.ch\/de\/offerte\/","url":"https:\/\/aspirateur-cyclovac.ch\/de\/offerte\/","name":"Kostenloses Angebot | Cyclo Vac Installation einer Zentralstaubsaugeranlage | Zentralstaubsaugen","isPartOf":{"@id":"https:\/\/aspirateur-cyclovac.ch\/de\/#website"},"datePublished":"2014-08-24T07:38:49+00:00","dateModified":"2026-02-19T10:22:31+00:00","description":"Planen Sie Ihre Installation, indem Sie eine Produktvorf\u00fchrung von Cyclo Vac erhalten \u2013 mit einer Analyse und einem sofortigen, auf Ihr Budget abgestimmten Angebot.","breadcrumb":{"@id":"https:\/\/aspirateur-cyclovac.ch\/de\/offerte\/#breadcrumb"},"inLanguage":"de","potentialAction":[{"@type":"ReadAction","target":["https:\/\/aspirateur-cyclovac.ch\/de\/offerte\/"]}]},{"@type":"BreadcrumbList","@id":"https:\/\/aspirateur-cyclovac.ch\/de\/offerte\/#breadcrumb","itemListElement":[{"@type":"ListItem","position":1,"name":"Startseite","item":"https:\/\/aspirateur-cyclovac.ch\/de\/"},{"@type":"ListItem","position":2,"name":"Offerte"}]},{"@type":"WebSite","@id":"https:\/\/aspirateur-cyclovac.ch\/de\/#website","url":"https:\/\/aspirateur-cyclovac.ch\/de\/","name":"Aspirateur Central Cyclo Vac Suisse","description":"Aspiration centralis\u00e9e pour tous !","publisher":{"@id":"https:\/\/aspirateur-cyclovac.ch\/de\/#organization"},"potentialAction":[{"@type":"SearchAction","target":{"@type":"EntryPoint","urlTemplate":"https:\/\/aspirateur-cyclovac.ch\/de\/?s={search_term_string}"},"query-input":{"@type":"PropertyValueSpecification","valueRequired":true,"valueName":"search_term_string"}}],"inLanguage":"de"},{"@type":"Organization","@id":"https:\/\/aspirateur-cyclovac.ch\/de\/#organization","name":"SimplyVac S\u00e0rl","url":"https:\/\/aspirateur-cyclovac.ch\/de\/","logo":{"@type":"ImageObject","inLanguage":"de","@id":"https:\/\/aspirateur-cyclovac.ch\/de\/#\/schema\/logo\/image\/","url":"http:\/\/aspirateur-cyclovac.ch\/wp-content\/uploads\/2016\/11\/Logo-Bg_100.jpg","contentUrl":"http:\/\/aspirateur-cyclovac.ch\/wp-content\/uploads\/2016\/11\/Logo-Bg_100.jpg","width":100,"height":100,"caption":"SimplyVac S\u00e0rl"},"image":{"@id":"https:\/\/aspirateur-cyclovac.ch\/de\/#\/schema\/logo\/image\/"},"sameAs":["https:\/\/www.facebook.com\/cyclovacsuisse\/","https:\/\/x.com\/CycloVac_Suisse","https:\/\/www.instagram.com\/cyclo_vac_suisse\/","https:\/\/www.youtube.com\/channel\/UCXPmXj1HKX_o544r27GOL5w"]}]}},"_links":{"self":[{"href":"https:\/\/aspirateur-cyclovac.ch\/de\/wp-json\/wp\/v2\/pages\/5550","targetHints":{"allow":["GET"]}}],"collection":[{"href":"https:\/\/aspirateur-cyclovac.ch\/de\/wp-json\/wp\/v2\/pages"}],"about":[{"href":"https:\/\/aspirateur-cyclovac.ch\/de\/wp-json\/wp\/v2\/types\/page"}],"author":[{"embeddable":true,"href":"https:\/\/aspirateur-cyclovac.ch\/de\/wp-json\/wp\/v2\/users\/2"}],"replies":[{"embeddable":true,"href":"https:\/\/aspirateur-cyclovac.ch\/de\/wp-json\/wp\/v2\/comments?post=5550"}],"version-history":[{"count":4,"href":"https:\/\/aspirateur-cyclovac.ch\/de\/wp-json\/wp\/v2\/pages\/5550\/revisions"}],"predecessor-version":[{"id":6665,"href":"https:\/\/aspirateur-cyclovac.ch\/de\/wp-json\/wp\/v2\/pages\/5550\/revisions\/6665"}],"wp:attachment":[{"href":"https:\/\/aspirateur-cyclovac.ch\/de\/wp-json\/wp\/v2\/media?parent=5550"}],"curies":[{"name":"wp","href":"https:\/\/api.w.org\/{rel}","templated":true}]}}