{"id":5549,"date":"2017-02-06T10:46:12","date_gmt":"2017-02-06T09:46:12","guid":{"rendered":"https:\/\/aspirateur-cyclovac.ch\/kontakt\/"},"modified":"2026-02-19T01:02:54","modified_gmt":"2026-02-19T00:02:54","slug":"kontakt","status":"publish","type":"page","link":"https:\/\/aspirateur-cyclovac.ch\/de\/kontakt\/","title":{"rendered":"Kontakt"},"content":{"rendered":"<div class=\"wpb-content-wrapper\">[vc_row row_type=&#8220;row&#8220; text_align=&#8220;left&#8220; css_animation=&#8220;&#8220;][vc_column width=&#8220;1\/6&#8243;][\/vc_column][vc_column width=&#8220;2\/3&#8243;][vc_column_text css=&#8220;&#8220;]\n<div class=\"wpcf7 no-js\" id=\"wpcf7-f5849-o1\" lang=\"de-DE\" dir=\"ltr\" data-wpcf7-id=\"5849\">\n<div class=\"screen-reader-response\"><p role=\"status\" aria-live=\"polite\" aria-atomic=\"true\"><\/p> <ul><\/ul><\/div>\n<form action=\"\/de\/wp-json\/wp\/v2\/pages\/5549#wpcf7-f5849-o1\" method=\"post\" class=\"wpcf7-form init\" aria-label=\"Kontaktformular\" enctype=\"multipart\/form-data\" novalidate=\"novalidate\" data-status=\"init\">\n<fieldset class=\"hidden-fields-container\"><input type=\"hidden\" name=\"_wpcf7\" value=\"5849\" \/><input type=\"hidden\" name=\"_wpcf7_version\" value=\"6.1.5\" \/><input type=\"hidden\" name=\"_wpcf7_locale\" value=\"de_DE\" \/><input type=\"hidden\" name=\"_wpcf7_unit_tag\" value=\"wpcf7-f5849-o1\" \/><input type=\"hidden\" name=\"_wpcf7_container_post\" value=\"0\" \/><input type=\"hidden\" name=\"_wpcf7_posted_data_hash\" value=\"\" \/><input type=\"hidden\" name=\"_wpcf7_recaptcha_response\" value=\"\" \/>\n<\/fieldset>\n<h4>Erhalten Sie Ihr unverbindliches Angebot<br \/>\nSchreiben Sie uns hier...\n<\/h4>\n<p style=\"font-size: 20px;padding: 4px 0px;\"><i class=\"fa fa-angle-right\"><\/i> Ihr Kanton*\n<\/p>\n<p><span class=\"wpcf7-form-control-wrap\" data-name=\"Canton\"><span class=\"wpcf7-form-control wpcf7-checkbox wpcf7-validates-as-required wpcf7-exclusive-checkbox\"><span class=\"wpcf7-list-item first\"><label><span class=\"wpcf7-list-item-label\">Waadt<\/span><input type=\"checkbox\" name=\"Canton\" value=\"Waadt\" \/><\/label><\/span><span class=\"wpcf7-list-item\"><label><span class=\"wpcf7-list-item-label\">Genf<\/span><input type=\"checkbox\" name=\"Canton\" value=\"Genf\" \/><\/label><\/span><span class=\"wpcf7-list-item\"><label><span class=\"wpcf7-list-item-label\">Wallis<\/span><input type=\"checkbox\" name=\"Canton\" value=\"Wallis\" \/><\/label><\/span><span class=\"wpcf7-list-item\"><label><span class=\"wpcf7-list-item-label\">Freiburg<\/span><input type=\"checkbox\" name=\"Canton\" value=\"Freiburg\" \/><\/label><\/span><span class=\"wpcf7-list-item\"><label><span class=\"wpcf7-list-item-label\">Neuenburg<\/span><input type=\"checkbox\" name=\"Canton\" value=\"Neuenburg\" \/><\/label><\/span><span class=\"wpcf7-list-item last\"><label><span class=\"wpcf7-list-item-label\">Jura&quot;&quot; Bern&quot;&quot; Andere<\/span><input type=\"checkbox\" name=\"Canton\" value=\"Jura&quot;&quot; Bern&quot;&quot; Andere\" \/><\/label><\/span><\/span><\/span>\n<\/p>\n<p style=\"font-size: 20px;padding: 4px 0px;\"><i class=\"fa fa-angle-right\"><\/i> Ihr Projekt*\n<\/p>\n<p><span class=\"wpcf7-form-control-wrap\" data-name=\"Residence\"><span class=\"wpcf7-form-control wpcf7-checkbox wpcf7-validates-as-required wpcf7-exclusive-checkbox\"><span class=\"wpcf7-list-item first\"><label><span class=\"wpcf7-list-item-label\">Neubau<\/span><input type=\"checkbox\" name=\"Residence\" value=\"Neubau\" \/><\/label><\/span><span class=\"wpcf7-list-item\"><label><span class=\"wpcf7-list-item-label\">Bestehendes Geb\u00e4ude<\/span><input type=\"checkbox\" name=\"Residence\" value=\"Bestehendes Geb\u00e4ude\" \/><\/label><\/span><span class=\"wpcf7-list-item last\"><label><span class=\"wpcf7-list-item-label\">Renovierung<\/span><input type=\"checkbox\" name=\"Residence\" value=\"Renovierung\" \/><\/label><\/span><\/span><\/span>\n<\/p>\n<p style=\"font-size: 20px;padding: 4px 0px;\"><i class=\"fa fa-angle-right\"><\/i> Gew\u00fcnschte Installation*\n<\/p>\n<p><span class=\"wpcf7-form-control-wrap\" data-name=\"Installation\"><span class=\"wpcf7-form-control wpcf7-checkbox wpcf7-validates-as-required wpcf7-exclusive-checkbox\"><span class=\"wpcf7-list-item first\"><label><span class=\"wpcf7-list-item-label\">Cyclo Vac Spezialist<\/span><input type=\"checkbox\" name=\"Installation\" value=\"Cyclo Vac Spezialist\" \/><\/label><\/span><span class=\"wpcf7-list-item\"><label><span class=\"wpcf7-list-item-label\">Fachmann Ihrer Wahl<\/span><input type=\"checkbox\" name=\"Installation\" value=\"Fachmann Ihrer Wahl\" \/><\/label><\/span><span class=\"wpcf7-list-item last\"><label><span class=\"wpcf7-list-item-label\">Eigenmontage<\/span><input type=\"checkbox\" name=\"Installation\" value=\"Eigenmontage\" \/><\/label><\/span><\/span><\/span>\n<\/p>\n<p><i class=\"fa fa-envelope\"><\/i>\n<\/p>\n<p>Name*<br \/>\n<span class=\"wpcf7-form-control-wrap\" data-name=\"Nom\"><input size=\"40\" maxlength=\"400\" class=\"wpcf7-form-control wpcf7-text wpcf7-validates-as-required\" aria-required=\"true\" aria-invalid=\"false\" value=\"\" type=\"text\" name=\"Nom\" \/><\/span>\n<\/p>\n<p>Vorname*<br \/>\n<span class=\"wpcf7-form-control-wrap\" data-name=\"Prenom\"><input size=\"40\" maxlength=\"400\" class=\"wpcf7-form-control wpcf7-text wpcf7-validates-as-required\" aria-required=\"true\" aria-invalid=\"false\" value=\"\" type=\"text\" name=\"Prenom\" \/><\/span>\n<\/p>\n<p>E-Mail*<br \/>\n<span class=\"wpcf7-form-control-wrap\" data-name=\"E-mail\"><input size=\"40\" maxlength=\"400\" class=\"wpcf7-form-control wpcf7-email wpcf7-validates-as-required wpcf7-text wpcf7-validates-as-email\" aria-required=\"true\" aria-invalid=\"false\" value=\"\" type=\"email\" name=\"E-mail\" \/><\/span>\n<\/p>\n<p>Adresse*<br \/>\n<span class=\"wpcf7-form-control-wrap\" data-name=\"Adresse\"><input size=\"40\" maxlength=\"400\" class=\"wpcf7-form-control wpcf7-text wpcf7-validates-as-required\" aria-required=\"true\" aria-invalid=\"false\" value=\"\" type=\"text\" name=\"Adresse\" \/><\/span>\n<\/p>\n<p>Postleitzahl*<br \/>\n<span class=\"wpcf7-form-control-wrap\" data-name=\"CodePostal\"><input size=\"40\" maxlength=\"400\" class=\"wpcf7-form-control wpcf7-text wpcf7-validates-as-required\" aria-required=\"true\" aria-invalid=\"false\" value=\"\" type=\"text\" name=\"CodePostal\" \/><\/span>\n<\/p>\n<p>Ort*<br \/>\n<span class=\"wpcf7-form-control-wrap\" data-name=\"Commune\"><input size=\"40\" maxlength=\"400\" class=\"wpcf7-form-control wpcf7-text wpcf7-validates-as-required\" aria-required=\"true\" aria-invalid=\"false\" value=\"\" type=\"text\" name=\"Commune\" \/><\/span>\n<\/p>\n<p>Telefon*<br \/>\n<span class=\"wpcf7-form-control-wrap\" data-name=\"Telephone\"><input size=\"40\" maxlength=\"400\" class=\"wpcf7-form-control wpcf7-text wpcf7-validates-as-required\" aria-required=\"true\" aria-invalid=\"false\" value=\"\" type=\"text\" name=\"Telephone\" \/><\/span>\n<\/p>\n<p>Betreff*<br \/>\n<span class=\"wpcf7-form-control-wrap\" data-name=\"Sujet\"><input size=\"40\" maxlength=\"400\" class=\"wpcf7-form-control wpcf7-text wpcf7-validates-as-required\" aria-required=\"true\" aria-invalid=\"false\" value=\"\" type=\"text\" name=\"Sujet\" \/><\/span>\n<\/p>\n<p>Plan 1**\n<\/p>\n<p><span class=\"wpcf7-form-control-wrap\" data-name=\"Joindre-plan1\"><input size=\"40\" class=\"wpcf7-form-control wpcf7-file\" accept=\".doc,.docx,.pdf,.jpg,.png,.gif,.zip,.rar\" aria-invalid=\"false\" type=\"file\" name=\"Joindre-plan1\" \/><\/span>\n<\/p>\n<p>Plan 2**\n<\/p>\n<p><span class=\"wpcf7-form-control-wrap\" data-name=\"Joindre-plan2\"><input size=\"40\" class=\"wpcf7-form-control wpcf7-file\" accept=\".doc,.docx,.pdf,.jpg,.png,.gif,.zip,.rar\" aria-invalid=\"false\" type=\"file\" name=\"Joindre-plan2\" \/><\/span>\n<\/p>\n<p>Plan 3**\n<\/p>\n<p><span class=\"wpcf7-form-control-wrap\" data-name=\"Joindre-plan3\"><input size=\"40\" class=\"wpcf7-form-control wpcf7-file\" accept=\".doc,.docx,.pdf,.jpg,.png,.gif,.zip,.rar\" aria-invalid=\"false\" type=\"file\" name=\"Joindre-plan3\" \/><\/span>\n<\/p>\n<p>Plan 4**\n<\/p>\n<p><span class=\"wpcf7-form-control-wrap\" data-name=\"Joindre-plan4\"><input size=\"40\" class=\"wpcf7-form-control wpcf7-file\" accept=\".doc,.docx,.pdf,.jpg,.png,.gif,.zip,.rar\" aria-invalid=\"false\" type=\"file\" name=\"Joindre-plan4\" \/><\/span>\n<\/p>\n<p>Foto**\n<\/p>\n<p><span class=\"wpcf7-form-control-wrap\" data-name=\"Joindre-photo\"><input size=\"40\" class=\"wpcf7-form-control wpcf7-file\" accept=\".doc,.docx,.pdf,.jpg,.png,.gif,.zip,.rar\" aria-invalid=\"false\" type=\"file\" name=\"Joindre-photo\" \/><\/span>\n<\/p>\n<p>Ihre Nachricht<br \/>\n<span class=\"wpcf7-form-control-wrap\" data-name=\"your-message\"><textarea cols=\"40\" rows=\"10\" maxlength=\"2000\" class=\"wpcf7-form-control wpcf7-textarea\" aria-invalid=\"false\" name=\"your-message\"><\/textarea><\/span>\n<\/p>\n<p><input class=\"wpcf7-form-control wpcf7-submit has-spinner\" type=\"submit\" value=\"Senden\" \/>\n<\/p>\n<p><em>* Bitte f\u00fcllen Sie die erforderlichen Felder aus<\/em><br \/>\n<em>** Gesamtgr\u00f6\u00dfe der Anh\u00e4nge: max. 10 MB \u2013 Formate: doc, docx, pdf, jpg, png, gif, zip, rar<\/em>\n<\/p><div class=\"wpcf7-response-output\" aria-hidden=\"true\"><\/div>\n<\/form>\n<\/div>\n[\/vc_column_text][\/vc_column][vc_column width=&#8220;1\/6&#8243;][\/vc_column][\/vc_row]\n<\/div>","protected":false},"excerpt":{"rendered":"<p>[vc_row row_type=&#8220;row&#8220; text_align=&#8220;left&#8220; css_animation=&#8220;&#8220;][vc_column width=&#8220;1\/6&#8243;][\/vc_column][vc_column width=&#8220;2\/3&#8243;][vc_column_text css=&#8220;&#8220;][\/vc_column_text][\/vc_column][vc_column width=&#8220;1\/6&#8243;][\/vc_column][\/vc_row]<\/p>\n","protected":false},"author":1,"featured_media":0,"parent":0,"menu_order":6,"comment_status":"closed","ping_status":"closed","template":"","meta":{"iawp_total_views":7,"footnotes":""},"class_list":["post-5549","page","type-page","status-publish","hentry"],"yoast_head":"<!-- This site is optimized with the Yoast SEO plugin v27.0 - https:\/\/yoast.com\/product\/yoast-seo-wordpress\/ -->\n<title>Kontakt | Zentralstaubsauger | Zentralstaubsauganlage Cyclo Vac Schweiz<\/title>\n<meta name=\"description\" content=\"Kontakt | Zentralstaubsauger | Zentralstaubsauganlage Cyclo Vac Schweiz \u2013 Kostenlose Pr\u00fcfung all Ihrer Anfragen. Senden Sie uns die Pl\u00e4ne Ihres Projekts!\" \/>\n<meta name=\"robots\" content=\"index, follow, max-snippet:-1, max-image-preview:large, max-video-preview:-1\" \/>\n<link rel=\"canonical\" href=\"https:\/\/aspirateur-cyclovac.ch\/de\/kontakt\/\" \/>\n<meta property=\"og:locale\" content=\"de_DE\" \/>\n<meta property=\"og:type\" content=\"article\" \/>\n<meta property=\"og:title\" content=\"Kontakt | Zentralstaubsauger | Zentralstaubsauganlage Cyclo Vac Schweiz\" \/>\n<meta property=\"og:description\" content=\"Kontakt | Zentralstaubsauger | Zentralstaubsauganlage Cyclo Vac Schweiz \u2013 Kostenlose Pr\u00fcfung all Ihrer Anfragen. Senden Sie uns die Pl\u00e4ne Ihres Projekts!\" \/>\n<meta property=\"og:url\" content=\"https:\/\/aspirateur-cyclovac.ch\/de\/kontakt\/\" \/>\n<meta property=\"og:site_name\" content=\"Aspirateur Central Cyclo Vac Suisse\" \/>\n<meta property=\"article:publisher\" content=\"https:\/\/www.facebook.com\/cyclovacsuisse\/\" \/>\n<meta property=\"article:modified_time\" content=\"2026-02-19T00:02:54+00:00\" \/>\n<meta property=\"og:image\" content=\"https:\/\/aspirateur-cyclovac.ch\/wp-content\/uploads\/2016\/12\/opengraph-facebook-cyclovac.jpg\" \/>\n\t<meta property=\"og:image:width\" content=\"1200\" \/>\n\t<meta property=\"og:image:height\" content=\"630\" \/>\n\t<meta property=\"og:image:type\" content=\"image\/jpeg\" \/>\n<meta name=\"twitter:card\" content=\"summary_large_image\" \/>\n<meta name=\"twitter:site\" content=\"@CycloVac_Suisse\" \/>\n<meta name=\"twitter:label1\" content=\"Gesch\u00e4tzte Lesezeit\" \/>\n\t<meta name=\"twitter:data1\" content=\"1 Minute\" \/>\n<!-- \/ Yoast SEO plugin. -->","yoast_head_json":{"title":"Kontakt | Zentralstaubsauger | Zentralstaubsauganlage Cyclo Vac Schweiz","description":"Kontakt | Zentralstaubsauger | Zentralstaubsauganlage Cyclo Vac Schweiz \u2013 Kostenlose Pr\u00fcfung all Ihrer Anfragen. Senden Sie uns die Pl\u00e4ne Ihres Projekts!","robots":{"index":"index","follow":"follow","max-snippet":"max-snippet:-1","max-image-preview":"max-image-preview:large","max-video-preview":"max-video-preview:-1"},"canonical":"https:\/\/aspirateur-cyclovac.ch\/de\/kontakt\/","og_locale":"de_DE","og_type":"article","og_title":"Kontakt | Zentralstaubsauger | Zentralstaubsauganlage Cyclo Vac Schweiz","og_description":"Kontakt | Zentralstaubsauger | Zentralstaubsauganlage Cyclo Vac Schweiz \u2013 Kostenlose Pr\u00fcfung all Ihrer Anfragen. Senden Sie uns die Pl\u00e4ne Ihres Projekts!","og_url":"https:\/\/aspirateur-cyclovac.ch\/de\/kontakt\/","og_site_name":"Aspirateur Central Cyclo Vac Suisse","article_publisher":"https:\/\/www.facebook.com\/cyclovacsuisse\/","article_modified_time":"2026-02-19T00:02:54+00:00","og_image":[{"width":1200,"height":630,"url":"https:\/\/aspirateur-cyclovac.ch\/wp-content\/uploads\/2016\/12\/opengraph-facebook-cyclovac.jpg","type":"image\/jpeg"}],"twitter_card":"summary_large_image","twitter_site":"@CycloVac_Suisse","twitter_misc":{"Gesch\u00e4tzte Lesezeit":"1 Minute"},"schema":{"@context":"https:\/\/schema.org","@graph":[{"@type":"WebPage","@id":"https:\/\/aspirateur-cyclovac.ch\/de\/kontakt\/","url":"https:\/\/aspirateur-cyclovac.ch\/de\/kontakt\/","name":"Kontakt | Zentralstaubsauger | Zentralstaubsauganlage Cyclo Vac Schweiz","isPartOf":{"@id":"https:\/\/aspirateur-cyclovac.ch\/de\/#website"},"datePublished":"2017-02-06T09:46:12+00:00","dateModified":"2026-02-19T00:02:54+00:00","description":"Kontakt | Zentralstaubsauger | Zentralstaubsauganlage Cyclo Vac Schweiz \u2013 Kostenlose Pr\u00fcfung all Ihrer Anfragen. Senden Sie uns die Pl\u00e4ne Ihres Projekts!","breadcrumb":{"@id":"https:\/\/aspirateur-cyclovac.ch\/de\/kontakt\/#breadcrumb"},"inLanguage":"de","potentialAction":[{"@type":"ReadAction","target":["https:\/\/aspirateur-cyclovac.ch\/de\/kontakt\/"]}]},{"@type":"BreadcrumbList","@id":"https:\/\/aspirateur-cyclovac.ch\/de\/kontakt\/#breadcrumb","itemListElement":[{"@type":"ListItem","position":1,"name":"Startseite","item":"https:\/\/aspirateur-cyclovac.ch\/de\/"},{"@type":"ListItem","position":2,"name":"Kontakt"}]},{"@type":"WebSite","@id":"https:\/\/aspirateur-cyclovac.ch\/de\/#website","url":"https:\/\/aspirateur-cyclovac.ch\/de\/","name":"Aspirateur Central Cyclo Vac Suisse","description":"Aspiration centralis\u00e9e pour tous !","publisher":{"@id":"https:\/\/aspirateur-cyclovac.ch\/de\/#organization"},"potentialAction":[{"@type":"SearchAction","target":{"@type":"EntryPoint","urlTemplate":"https:\/\/aspirateur-cyclovac.ch\/de\/?s={search_term_string}"},"query-input":{"@type":"PropertyValueSpecification","valueRequired":true,"valueName":"search_term_string"}}],"inLanguage":"de"},{"@type":"Organization","@id":"https:\/\/aspirateur-cyclovac.ch\/de\/#organization","name":"SimplyVac S\u00e0rl","url":"https:\/\/aspirateur-cyclovac.ch\/de\/","logo":{"@type":"ImageObject","inLanguage":"de","@id":"https:\/\/aspirateur-cyclovac.ch\/de\/#\/schema\/logo\/image\/","url":"http:\/\/aspirateur-cyclovac.ch\/wp-content\/uploads\/2016\/11\/Logo-Bg_100.jpg","contentUrl":"http:\/\/aspirateur-cyclovac.ch\/wp-content\/uploads\/2016\/11\/Logo-Bg_100.jpg","width":100,"height":100,"caption":"SimplyVac S\u00e0rl"},"image":{"@id":"https:\/\/aspirateur-cyclovac.ch\/de\/#\/schema\/logo\/image\/"},"sameAs":["https:\/\/www.facebook.com\/cyclovacsuisse\/","https:\/\/x.com\/CycloVac_Suisse","https:\/\/www.instagram.com\/cyclo_vac_suisse\/","https:\/\/www.youtube.com\/channel\/UCXPmXj1HKX_o544r27GOL5w"]}]}},"_links":{"self":[{"href":"https:\/\/aspirateur-cyclovac.ch\/de\/wp-json\/wp\/v2\/pages\/5549","targetHints":{"allow":["GET"]}}],"collection":[{"href":"https:\/\/aspirateur-cyclovac.ch\/de\/wp-json\/wp\/v2\/pages"}],"about":[{"href":"https:\/\/aspirateur-cyclovac.ch\/de\/wp-json\/wp\/v2\/types\/page"}],"author":[{"embeddable":true,"href":"https:\/\/aspirateur-cyclovac.ch\/de\/wp-json\/wp\/v2\/users\/1"}],"replies":[{"embeddable":true,"href":"https:\/\/aspirateur-cyclovac.ch\/de\/wp-json\/wp\/v2\/comments?post=5549"}],"version-history":[{"count":8,"href":"https:\/\/aspirateur-cyclovac.ch\/de\/wp-json\/wp\/v2\/pages\/5549\/revisions"}],"predecessor-version":[{"id":6521,"href":"https:\/\/aspirateur-cyclovac.ch\/de\/wp-json\/wp\/v2\/pages\/5549\/revisions\/6521"}],"wp:attachment":[{"href":"https:\/\/aspirateur-cyclovac.ch\/de\/wp-json\/wp\/v2\/media?parent=5549"}],"curies":[{"name":"wp","href":"https:\/\/api.w.org\/{rel}","templated":true}]}}