{"id":5548,"date":"2018-05-25T09:20:02","date_gmt":"2018-05-25T07:20:02","guid":{"rendered":"https:\/\/aspirateur-cyclovac.ch\/cookies\/"},"modified":"2026-02-18T14:10:22","modified_gmt":"2026-02-18T13:10:22","slug":"cookies","status":"publish","type":"page","link":"https:\/\/aspirateur-cyclovac.ch\/de\/cookies\/","title":{"rendered":"Cookies"},"content":{"rendered":"<div class=\"wpb-content-wrapper\">[vc_row row_type=&#8220;row&#8220; text_align=&#8220;left&#8220; css_animation=&#8220;&#8220;][vc_column][vc_column_text css=&#8220;&#8220;]\n<p>Um Ihre Nutzererfahrung zu verbessern und Besucherstatistiken zu erstellen, stimmen Sie der Verwendung von Cookies auf dieser Website zu.<\/p>\n<div style=\"font-size: 120%; padding-left: 20px; padding-right: 20px;\">\n<p><strong>Cookies<\/strong> sind tempor\u00e4re Textdateien, die auf Ihrem Computer, Tablet oder Smartphone gespeichert werden, wenn Sie unsere Website besuchen. Mithilfe der in diesen Dateien enthaltenen Informationen k\u00f6nnen Sie z. B. automatisch auf Ihr Kundenkonto zugreifen oder eine unterbrochene Bestellung fortsetzen. Wir verwenden Cookies au\u00dferdem, um zu verstehen, wie Sie unsere Website nutzen, damit wir uns kontinuierlich verbessern k\u00f6nnen. Der Inhalt der Cookies kann variieren; wir verwenden vier Varianten: <strong>funktionale Cookies, Authentifizierungs-, Performance- und Targeting-Cookies<\/strong>.<\/p>\n<p>&nbsp;<\/p>\n<p><strong>Funktionale Cookies<\/strong> erm\u00f6glichen es, die Anmeldedaten des Nutzers zu speichern und die Verbindung des Nutzers zu den Websites von &#8222;aspirateur-cyclovac.ch&#8220; zu sichern. Diese Cookies erfassen keine Informationen \u00fcber den Nutzer, die zu Marketingzwecken verwendet werden k\u00f6nnten. Diese Cookies sind von der Einwilligungspflicht ausgenommen.<\/p>\n<p><strong>Authentifizierungs-Cookies<\/strong> erm\u00f6glichen es Nutzern, sich zu identifizieren und auf gesch\u00fctzte Inhalte zuzugreifen. Diese Cookies erfassen keine Informationen \u00fcber den Nutzer, die zu Marketingzwecken verwendet werden k\u00f6nnten. Diese Cookies sind von der Einwilligungspflicht ausgenommen.<\/p>\n<p><strong>Performance-Cookies<\/strong> erm\u00f6glichen es &#8222;aspirateur-cyclovac.ch&#8220;, Informationen dar\u00fcber zu sammeln, wie Nutzer auf den Websites von &#8222;aspirateur-cyclovac.ch&#8220; navigieren, und die Websites gegebenenfalls anzupassen und zu verbessern. &#8222;aspirateur-cyclovac.ch&#8220; ist nicht in der Lage, Nutzer zu identifizieren, die diese Art von Cookies verwenden, und alle durch diese Cookies erhobenen Daten werden anonym verarbeitet. Diese Cookies erfassen keine Informationen \u00fcber den Nutzer, die zu Marketingzwecken verwendet werden k\u00f6nnten. Diese Cookies werden auf Grundlage der vom Nutzer erteilten Einwilligung gesetzt und verwendet.<\/p>\n<p><strong>Targeting-\/Drittanbieter-Cookies<\/strong>. Es kommt vor, dass &#8222;aspirateur-cyclovac.ch&#8220; Werbekampagnen durchf\u00fchrt, insbesondere unter Einbezug von Dritten, die manchmal Cookies (oder \u00e4hnliche Technologien) setzen k\u00f6nnen, um den Erfolg der Kampagne zu bewerten, zielgerichtete Werbung anzuzeigen, die an die Interessen der Nutzer angepasst ist, oder die Anzahl der Einblendungen pro Nutzer zu begrenzen. Beispielsweise k\u00f6nnen Links zu sozialen Netzwerken oder zu auf YouTube gehosteten Videos Dritte sein, die gegebenenfalls Cookies auf den Websites von &#8222;aspirateur-cyclovac.ch&#8220; setzen. Diese Cookies werden auf Grundlage der vom Nutzer erteilten Einwilligung gesetzt und verwendet.<\/p>\n<p>Wenn <strong>ein Nutzer die Verwendung dieser Art von Cookies ablehnt<\/strong>, k\u00f6nnen nur Seiten und Dienste angezeigt, aufgerufen und genutzt werden, die diese Cookies nicht ben\u00f6tigen. Die Bereiche der Websites von &#8222;aspirateur-cyclovac.ch&#8220;, die technisch die Einbindung von Drittinhalten \u2013 und damit von Drittanbieter-Cookies \u2013 erm\u00f6glichen, sind dann nicht mehr zug\u00e4nglich, und eine Meldung informiert die Nutzer dar\u00fcber.<\/p>\n<p>Es ist au\u00dferdem zwischen <strong>Session-Cookies<\/strong> und <strong>dauerhaften Cookies<\/strong> zu unterscheiden.<\/p>\n<p><strong>Session-Cookies<\/strong> werden automatisch von der Festplatte des Computers bzw. aus dem Speicher des Browsers des Nutzers gel\u00f6scht, wenn er sich abmeldet und\/oder seinen Browser schlie\u00dft.<\/p>\n<p><strong>Dauerhafte Cookies<\/strong> werden nach dem Abmelden oder Schlie\u00dfen des Browsers f\u00fcr einen begrenzten Zeitraum (Minuten, Tage oder Jahre) auf der Festplatte des Computers oder im Speicher des Browsers des Nutzers gespeichert.<\/p>\n<p>Sie k\u00f6nnen <strong>einige oder alle Cookies<\/strong> blockieren oder auch bereits installierte Cookies l\u00f6schen; bitte beachten Sie jedoch, dass dies Ihren Besuch auf unseren Seiten weniger angenehm machen kann.<\/p>\n<p><strong>Um Cookies zu blockieren, konsultieren Sie je nach Browser diese Seiten<\/strong><\/p>\n<ul class=\"ul1\">\n<li class=\"li1\"><span class=\"s1\"><a href=\"https:\/\/support.google.com\/chrome\/answer\/95647?hl=de\"><span class=\"s2\">Chrome<\/span><\/a><\/span><\/li>\n<li class=\"li1\"><span class=\"s1\"><a href=\"https:\/\/www.firefox.com\/de\/privacy\/websites\/cookie-settings\/\"><span class=\"s2\">Firefox<\/span><\/a><\/span><\/li>\n<li class=\"li1\"><span class=\"s1\"><a href=\"https:\/\/support.apple.com\/de-de\/guide\/safari\/sfri11471\/mac\"><span class=\"s2\">Safari<\/span><\/a><\/span><\/li>\n<li class=\"li1\"><span class=\"s1\"><a href=\"https:\/\/support.microsoft.com\/de-de\/windows\/verwalten-von-cookies-in-microsoft-edge-anzeigen-zulassen-blockieren-l%C3%B6schen-und-verwenden-168dab11-0753-043d-7c16-ede5947fc64d#ie=ie-9\"><span class=\"s2\">Explorer<\/span><\/a><\/span><\/li>\n<li class=\"li1\"><span class=\"s1\"><a href=\"https:\/\/help.opera.com\/de\/latest\/web-preferences\/#cookies\"><span class=\"s2\">Opera<\/span><\/a><\/span><\/li>\n<li class=\"li2\"><span class=\"s3\"><a href=\"https:\/\/support.apple.com\/de-de\/105082\"><span class=\"s2\">iOS<\/span><\/a><\/span><\/li>\n<li class=\"li1\"><span class=\"s1\"><a href=\"http:\/\/www.wikihow.com\/Disable-Cookies#Android_Devices\"><span class=\"s2\">Android<\/span><\/a><\/span><\/li>\n<\/ul>\n<p>&nbsp;<\/p>\n<p>Die nachstehende Tabelle zeigt detailliert die auf den Websites von &#8222;aspirateur-cyclovac.ch&#8220; verwendeten Cookies sowie die Cookies, die von Dritten verwendet werden und von denen &#8222;aspirateur-cyclovac.ch&#8220; Kenntnis hat.<\/p>\n<table>\n<thead>\n<tr class=\"row-1\">\n<th class=\"column-1\"><strong>Name des Cookies<\/strong><\/th>\n<th class=\"column-2\"><strong>Domain, die das Cookie verwendet<\/strong><\/th>\n<th class=\"column-3\"><strong>Zweck des Cookies<\/strong><\/th>\n<th class=\"column-4\"><strong>Speicherdauer des Cookies<\/strong><\/th>\n<th class=\"column-5\"><strong>Kategorie<\/strong><\/th>\n<\/tr>\n<\/thead>\n<tbody>\n<tr class=\"row-2\">\n<td class=\"column-1\">Consent<\/td>\n<td class=\"column-2\">&#8222;aspirateur-cyclovac.ch&#8220;<\/td>\n<td class=\"column-3\">Dieses Cookie dient dazu, die Online-Einwilligung des Nutzers zu speichern<\/td>\n<td class=\"column-4\"><\/td>\n<td class=\"column-5\">Authentifizierung<\/td>\n<\/tr>\n<tr class=\"row-3\">\n<td class=\"column-1\">NID<\/td>\n<td class=\"column-2\">Google<\/td>\n<td class=\"column-3\">Das NID-Cookie enth\u00e4lt eine eindeutige ID, mit der Google Ihre Einstellungen und weitere Informationen, insbesondere Ihre bevorzugte Sprache (z. B. Franz\u00f6sisch), speichern kann.<\/td>\n<td class=\"column-4\">Google setzt dieses Cookie \u00fcber unsere Website. Die Lebensdauer betr\u00e4gt 6 Monate.<\/td>\n<td class=\"column-5\">Targeting \/ Drittanbieter<\/td>\n<\/tr>\n<tr class=\"row-4\">\n<td class=\"column-1\">IDE<\/td>\n<td class=\"column-2\">Google \/ Doublclick<\/td>\n<td class=\"column-3\">Dieses Cookie verfolgt alle aufgerufenen Seiten und erm\u00f6glicht es, relevante Anzeigen vorzuschlagen.<\/td>\n<td class=\"column-4\">Google setzt dieses Cookie \u00fcber unsere Website. Die Lebensdauer betr\u00e4gt 18 Monate.<\/td>\n<td class=\"column-5\">Targeting \/ Drittanbieter<\/td>\n<\/tr>\n<tr class=\"row-5\">\n<td class=\"column-1\">DISDE<\/td>\n<td class=\"column-2\">Google<\/td>\n<td class=\"column-3\">Dieses Cookie dient dazu, ger\u00e4te\u00fcbergreifende Aktivit\u00e4ten zu verfolgen, wenn Sie in Ihrem Google-Konto angemeldet sind<\/td>\n<td class=\"column-4\"><\/td>\n<td class=\"column-5\">Targeting \/ Drittanbieter<\/td>\n<\/tr>\n<tr class=\"row-6\">\n<td class=\"column-1\">_ga<\/td>\n<td class=\"column-2\">Google Analytics<\/td>\n<td class=\"column-3\">Dieses Cookie sammelt analytische Informationen \u00fcber Online-Nutzer, ohne sie identifizieren zu k\u00f6nnen.<\/td>\n<td class=\"column-4\">Google setzt dieses Cookie \u00fcber unsere Website. Die Lebensdauer betr\u00e4gt 24 Monate.<\/td>\n<td class=\"column-5\">Targeting \/ Drittanbieter<\/td>\n<\/tr>\n<tr class=\"row-7\">\n<td class=\"column-1\">_gid<\/td>\n<td class=\"column-2\">Google Analytics<\/td>\n<td class=\"column-3\">Dieses Cookie sammelt analytische Informationen \u00fcber Online-Nutzer, ohne sie identifizieren zu k\u00f6nnen.<\/td>\n<td class=\"column-4\">Google setzt dieses Cookie \u00fcber unsere Website. Die Lebensdauer betr\u00e4gt 24 Monate.<\/td>\n<td class=\"column-5\">Targeting \/ Drittanbieter<\/td>\n<\/tr>\n<tr class=\"row-8\">\n<td class=\"column-1\">_gat<\/td>\n<td class=\"column-2\">Google Analytics<\/td>\n<td class=\"column-3\">Dieses Cookie sammelt analytische Informationen \u00fcber Online-Nutzer, ohne sie identifizieren zu k\u00f6nnen.<\/td>\n<td class=\"column-4\">Google setzt dieses Cookie \u00fcber unsere Website. Die Lebensdauer betr\u00e4gt 1 Minute.<\/td>\n<td class=\"column-5\">Targeting \/ Drittanbieter<\/td>\n<\/tr>\n<tr class=\"row-9\">\n<td class=\"column-1\">_zlcmid und _zlcprivacy<\/td>\n<td class=\"column-2\">Zendesk (WPServeur)<\/td>\n<td class=\"column-3\">Verbindungs-Cookies zur Aktivierung des Live-Chats und des Support-Services<\/td>\n<td class=\"column-4\">Dieses Cookie hat eine Lebensdauer von 1 Jahr.<\/td>\n<td class=\"column-5\"><\/td>\n<\/tr>\n<tr class=\"row-10\">\n<td class=\"column-1\">wordpress_test_cookie<\/td>\n<td class=\"column-2\">WordPress<\/td>\n<td class=\"column-3\">Dieses Cookie dient der Authentifizierung und Identifizierung<\/td>\n<td class=\"column-4\"><\/td>\n<td class=\"column-5\">Authentifizierung<\/td>\n<\/tr>\n<\/tbody>\n<\/table>\n<p>&nbsp;<\/p>\n<p>Bitte beachten Sie, dass Dritte (Werbenetzwerke und externe Dienstleister, z. B. <strong>Facebook<\/strong> oder <strong>MailChimp<\/strong>) ebenfalls Cookies verwenden k\u00f6nnen, auf die wir keinen Einfluss haben. Sehr wahrscheinlich handelt es sich dabei um Analyse-\/Performance- oder Targeting-Cookies.<\/p>\n<\/div>\n[\/vc_column_text][\/vc_column][\/vc_row]\n<\/div>","protected":false},"excerpt":{"rendered":"<p>[vc_row row_type=&#8220;row&#8220; text_align=&#8220;left&#8220; css_animation=&#8220;&#8220;][vc_column][vc_column_text css=&#8220;&#8220;] Um Ihre Nutzererfahrung zu verbessern und Besucherstatistiken zu erstellen, stimmen Sie der Verwendung von Cookies auf dieser Website zu. Cookies sind tempor\u00e4re Textdateien, die auf Ihrem Computer, Tablet oder Smartphone gespeichert werden, wenn Sie unsere Website besuchen. Mithilfe der in&#8230;<\/p>\n","protected":false},"author":1,"featured_media":0,"parent":0,"menu_order":4,"comment_status":"closed","ping_status":"closed","template":"","meta":{"iawp_total_views":3,"footnotes":""},"class_list":["post-5548","page","type-page","status-publish","hentry"],"yoast_head":"<!-- This site is optimized with the Yoast SEO plugin v27.0 - https:\/\/yoast.com\/product\/yoast-seo-wordpress\/ -->\n<title>Cookies - Aspirateur Central Cyclo Vac Suisse<\/title>\n<meta name=\"description\" content=\"Um Ihre Nutzererfahrung zu verbessern und Besucherstatistiken zu erstellen, stimmen Sie der Verwendung von Cookies auf dieser Website zu. Cookies sind\" \/>\n<meta name=\"robots\" content=\"noindex, nofollow\" \/>\n<meta property=\"og:locale\" content=\"de_DE\" \/>\n<meta property=\"og:type\" content=\"article\" \/>\n<meta property=\"og:title\" content=\"Cookies - Aspirateur Central Cyclo Vac Suisse\" \/>\n<meta property=\"og:description\" content=\"Um Ihre Nutzererfahrung zu verbessern und Besucherstatistiken zu erstellen, stimmen Sie der Verwendung von Cookies auf dieser Website zu. Cookies sind\" \/>\n<meta property=\"og:url\" content=\"https:\/\/aspirateur-cyclovac.ch\/de\/cookies\/\" \/>\n<meta property=\"og:site_name\" content=\"Aspirateur Central Cyclo Vac Suisse\" \/>\n<meta property=\"article:publisher\" content=\"https:\/\/www.facebook.com\/cyclovacsuisse\/\" \/>\n<meta property=\"article:modified_time\" content=\"2026-02-18T13:10:22+00:00\" \/>\n<meta property=\"og:image\" content=\"https:\/\/aspirateur-cyclovac.ch\/wp-content\/uploads\/2016\/12\/opengraph-facebook-cyclovac.jpg\" \/>\n\t<meta property=\"og:image:width\" content=\"1200\" \/>\n\t<meta property=\"og:image:height\" content=\"630\" \/>\n\t<meta property=\"og:image:type\" content=\"image\/jpeg\" \/>\n<meta name=\"twitter:card\" content=\"summary_large_image\" \/>\n<meta name=\"twitter:site\" content=\"@CycloVac_Suisse\" \/>\n<meta name=\"twitter:label1\" content=\"Gesch\u00e4tzte Lesezeit\" \/>\n\t<meta name=\"twitter:data1\" content=\"5 Minute\" \/>\n<!-- \/ Yoast SEO plugin. -->","yoast_head_json":{"title":"Cookies - Aspirateur Central Cyclo Vac Suisse","description":"Um Ihre Nutzererfahrung zu verbessern und Besucherstatistiken zu erstellen, stimmen Sie der Verwendung von Cookies auf dieser Website zu. Cookies sind","robots":{"index":"noindex","follow":"nofollow"},"og_locale":"de_DE","og_type":"article","og_title":"Cookies - Aspirateur Central Cyclo Vac Suisse","og_description":"Um Ihre Nutzererfahrung zu verbessern und Besucherstatistiken zu erstellen, stimmen Sie der Verwendung von Cookies auf dieser Website zu. Cookies sind","og_url":"https:\/\/aspirateur-cyclovac.ch\/de\/cookies\/","og_site_name":"Aspirateur Central Cyclo Vac Suisse","article_publisher":"https:\/\/www.facebook.com\/cyclovacsuisse\/","article_modified_time":"2026-02-18T13:10:22+00:00","og_image":[{"width":1200,"height":630,"url":"https:\/\/aspirateur-cyclovac.ch\/wp-content\/uploads\/2016\/12\/opengraph-facebook-cyclovac.jpg","type":"image\/jpeg"}],"twitter_card":"summary_large_image","twitter_site":"@CycloVac_Suisse","twitter_misc":{"Gesch\u00e4tzte Lesezeit":"5 Minute"},"schema":{"@context":"https:\/\/schema.org","@graph":[{"@type":"WebPage","@id":"https:\/\/aspirateur-cyclovac.ch\/de\/cookies\/","url":"https:\/\/aspirateur-cyclovac.ch\/de\/cookies\/","name":"Cookies - Aspirateur Central Cyclo Vac Suisse","isPartOf":{"@id":"https:\/\/aspirateur-cyclovac.ch\/de\/#website"},"datePublished":"2018-05-25T07:20:02+00:00","dateModified":"2026-02-18T13:10:22+00:00","description":"Um Ihre Nutzererfahrung zu verbessern und Besucherstatistiken zu erstellen, stimmen Sie der Verwendung von Cookies auf dieser Website zu. Cookies sind","breadcrumb":{"@id":"https:\/\/aspirateur-cyclovac.ch\/de\/cookies\/#breadcrumb"},"inLanguage":"de","potentialAction":[{"@type":"ReadAction","target":["https:\/\/aspirateur-cyclovac.ch\/de\/cookies\/"]}]},{"@type":"BreadcrumbList","@id":"https:\/\/aspirateur-cyclovac.ch\/de\/cookies\/#breadcrumb","itemListElement":[{"@type":"ListItem","position":1,"name":"Startseite","item":"https:\/\/aspirateur-cyclovac.ch\/de\/"},{"@type":"ListItem","position":2,"name":"Cookies"}]},{"@type":"WebSite","@id":"https:\/\/aspirateur-cyclovac.ch\/de\/#website","url":"https:\/\/aspirateur-cyclovac.ch\/de\/","name":"Aspirateur Central Cyclo Vac Suisse","description":"Aspiration centralis\u00e9e pour tous !","publisher":{"@id":"https:\/\/aspirateur-cyclovac.ch\/de\/#organization"},"potentialAction":[{"@type":"SearchAction","target":{"@type":"EntryPoint","urlTemplate":"https:\/\/aspirateur-cyclovac.ch\/de\/?s={search_term_string}"},"query-input":{"@type":"PropertyValueSpecification","valueRequired":true,"valueName":"search_term_string"}}],"inLanguage":"de"},{"@type":"Organization","@id":"https:\/\/aspirateur-cyclovac.ch\/de\/#organization","name":"SimplyVac S\u00e0rl","url":"https:\/\/aspirateur-cyclovac.ch\/de\/","logo":{"@type":"ImageObject","inLanguage":"de","@id":"https:\/\/aspirateur-cyclovac.ch\/de\/#\/schema\/logo\/image\/","url":"http:\/\/aspirateur-cyclovac.ch\/wp-content\/uploads\/2016\/11\/Logo-Bg_100.jpg","contentUrl":"http:\/\/aspirateur-cyclovac.ch\/wp-content\/uploads\/2016\/11\/Logo-Bg_100.jpg","width":100,"height":100,"caption":"SimplyVac S\u00e0rl"},"image":{"@id":"https:\/\/aspirateur-cyclovac.ch\/de\/#\/schema\/logo\/image\/"},"sameAs":["https:\/\/www.facebook.com\/cyclovacsuisse\/","https:\/\/x.com\/CycloVac_Suisse","https:\/\/www.instagram.com\/cyclo_vac_suisse\/","https:\/\/www.youtube.com\/channel\/UCXPmXj1HKX_o544r27GOL5w"]}]}},"_links":{"self":[{"href":"https:\/\/aspirateur-cyclovac.ch\/de\/wp-json\/wp\/v2\/pages\/5548","targetHints":{"allow":["GET"]}}],"collection":[{"href":"https:\/\/aspirateur-cyclovac.ch\/de\/wp-json\/wp\/v2\/pages"}],"about":[{"href":"https:\/\/aspirateur-cyclovac.ch\/de\/wp-json\/wp\/v2\/types\/page"}],"author":[{"embeddable":true,"href":"https:\/\/aspirateur-cyclovac.ch\/de\/wp-json\/wp\/v2\/users\/1"}],"replies":[{"embeddable":true,"href":"https:\/\/aspirateur-cyclovac.ch\/de\/wp-json\/wp\/v2\/comments?post=5548"}],"version-history":[{"count":1,"href":"https:\/\/aspirateur-cyclovac.ch\/de\/wp-json\/wp\/v2\/pages\/5548\/revisions"}],"predecessor-version":[{"id":6497,"href":"https:\/\/aspirateur-cyclovac.ch\/de\/wp-json\/wp\/v2\/pages\/5548\/revisions\/6497"}],"wp:attachment":[{"href":"https:\/\/aspirateur-cyclovac.ch\/de\/wp-json\/wp\/v2\/media?parent=5548"}],"curies":[{"name":"wp","href":"https:\/\/api.w.org\/{rel}","templated":true}]}}